{"id":484,"date":"2017-06-22T06:49:18","date_gmt":"2017-06-22T06:49:18","guid":{"rendered":"http:\/\/disseny-test.uoc.edu\/recursos\/dis-marca\/?page_id=484"},"modified":"2017-07-26T09:32:40","modified_gmt":"2017-07-26T09:32:40","slug":"8-el-arte-final-6","status":"publish","type":"page","link":"http:\/\/disseny-test.uoc.edu\/recursos\/dis-marca\/8-el-arte-final-6\/","title":{"rendered":"8. El arte final"},"content":{"rendered":"<p><\/p>\n<h3>8.4. Qu\u00e9 es un ferro. Oc\u00e9 de imprenta<\/h3>\n<p>Se denomina <em>ferro<\/em> a la prueba de impresi\u00f3n que hace la imprenta de cada uno de los pliegos, ya montados y completos para imposici\u00f3n. En estas muestras de impresi\u00f3n, tanto textos como im\u00e1genes aparecen con un tono azul, ya que el papel es fotosensible. El ferro puede cortarse y plegarse tal cual se har\u00e1 en la publicaci\u00f3n, para comprobar que corresponde con lo que se ha ideado. Su funci\u00f3n es poder llevar a cabo f\u00edsicamente una comprobaci\u00f3n del producto final, sobre todo del orden de las p\u00e1ginas.<\/p>\n<p>Actualmente, el proceso de revisi\u00f3n del ferro se ha sustituido por el repaso a lo que se denomina <em>oc\u00e9<\/em>, que se trata de una prueba digital de lo que antiguamente era un ferro. Al ser un archivo digital, se acortan bastante los tiempos. No todas las revistas revisan estas oc\u00e9s antes de su impresi\u00f3n, aunque es una parte del proceso bastante aconsejable, ya que resulta un buen sistema de seguridad y nos ayuda a comprobar que lo que va a salir impreso es lo correcto, as\u00ed como que no ha habido alg\u00fan tipo de error por el camino. Es posible hacer cambios sobre estas oc\u00e9s, ya que la imprenta no lleva a cabo la filmaci\u00f3n de las planchas hasta que se confirma que estas pruebas son correctas. Esta \u00faltima revisi\u00f3n es un buen control de calidad.<\/p>\n<p><div id=\"attachment_845\" style=\"width: 649px\" class=\"wp-caption alignnone\"><img aria-describedby=\"caption-attachment-845\" loading=\"lazy\" class=\"img-responsive wp-image-845 size-full\" src=\"http:\/\/disseny-test.uoc.edu\/recursos\/dis-marca\/wp-content\/uploads\/sites\/22\/2017\/06\/20118_a8_006-1.jpg\" alt=\"\" width=\"639\" height=\"895\" srcset=\"http:\/\/disseny-test.uoc.edu\/recursos\/dis-marca\/wp-content\/uploads\/sites\/22\/2017\/06\/20118_a8_006-1.jpg 639w, http:\/\/disseny-test.uoc.edu\/recursos\/dis-marca\/wp-content\/uploads\/sites\/22\/2017\/06\/20118_a8_006-1-214x300.jpg 214w\" sizes=\"(max-width: 639px) 100vw, 639px\" \/><p id=\"caption-attachment-845\" class=\"wp-caption-text\">En la imagen, podemos ver un ejemplo de oc\u00e9 de imprenta de la revista <em>Lecturas<\/em>. En esta prueba de impresi\u00f3n, se puede comprobar que todo est\u00e1 correcto. Si nos fijamos, podemos observar que se incluye la informaci\u00f3n del documento y las l\u00edneas de margen y corte alrededor.<\/p><\/div><\/p>","protected":false},"excerpt":{"rendered":"<p>8.4. Qu\u00e9 es un ferro. Oc\u00e9 de imprenta Se denomina ferro a la prueba de impresi\u00f3n que hace la imprenta de cada uno de los pliegos, ya montados y completos para imposici\u00f3n. En estas muestras de impresi\u00f3n, tanto textos como im\u00e1genes aparecen con un tono azul, ya que el papel es fotosensible. El ferro puede [&hellip;]<\/p>\n","protected":false},"author":1,"featured_media":0,"parent":0,"menu_order":0,"comment_status":"closed","ping_status":"closed","template":"","meta":[],"acf":[],"_links":{"self":[{"href":"http:\/\/disseny-test.uoc.edu\/recursos\/dis-marca\/wp-json\/wp\/v2\/pages\/484"}],"collection":[{"href":"http:\/\/disseny-test.uoc.edu\/recursos\/dis-marca\/wp-json\/wp\/v2\/pages"}],"about":[{"href":"http:\/\/disseny-test.uoc.edu\/recursos\/dis-marca\/wp-json\/wp\/v2\/types\/page"}],"author":[{"embeddable":true,"href":"http:\/\/disseny-test.uoc.edu\/recursos\/dis-marca\/wp-json\/wp\/v2\/users\/1"}],"replies":[{"embeddable":true,"href":"http:\/\/disseny-test.uoc.edu\/recursos\/dis-marca\/wp-json\/wp\/v2\/comments?post=484"}],"version-history":[{"count":4,"href":"http:\/\/disseny-test.uoc.edu\/recursos\/dis-marca\/wp-json\/wp\/v2\/pages\/484\/revisions"}],"predecessor-version":[{"id":858,"href":"http:\/\/disseny-test.uoc.edu\/recursos\/dis-marca\/wp-json\/wp\/v2\/pages\/484\/revisions\/858"}],"wp:attachment":[{"href":"http:\/\/disseny-test.uoc.edu\/recursos\/dis-marca\/wp-json\/wp\/v2\/media?parent=484"}],"curies":[{"name":"wp","href":"https:\/\/api.w.org\/{rel}","templated":true}]}}