{"id":66,"date":"2017-06-21T06:48:09","date_gmt":"2017-06-21T06:48:09","guid":{"rendered":"http:\/\/disseny-test.uoc.edu\/recursos\/dis-marca\/?page_id=66"},"modified":"2017-07-11T12:41:51","modified_gmt":"2017-07-11T12:41:51","slug":"1-introduccion-al-proceso-de-diseno-editorial-5","status":"publish","type":"page","link":"http:\/\/disseny-test.uoc.edu\/recursos\/dis-marca\/1-introduccion-al-proceso-de-diseno-editorial-5\/","title":{"rendered":"1. Introducci\u00f3n al proceso de dise\u00f1o editorial"},"content":{"rendered":"<p><\/p>\n<h3>1.2. Introducci\u00f3n a los distintos formatos<\/h3>\n<h3>1.2.4. Folletos<\/h3>\n<p>Es un impreso de tama\u00f1o reducido con un fin b\u00e1sicamente publicitario o de divulgaci\u00f3n de alg\u00fan tipo de informaci\u00f3n considerada de inter\u00e9s. En t\u00e9rminos generales, su dise\u00f1o suele ser mucho m\u00e1s libre y abierto que en otras publicaciones ya que lo que se busca es el impacto y la comunicaci\u00f3n directa de un mensaje. De hecho, existen muchos formatos, algunos m\u00e1s convencionales que otros. El dise\u00f1ador puede valerse de estas distintas formas para apoyar una idea.<\/p>\n<p>Encontramos diferentes tipos seg\u00fan el n\u00famero de p\u00e1ginas, que en este formato suelen denominarse <em>cuerpos<\/em>:<\/p>\n<ul>\n<li><em>Flyers<\/em>: una sola hoja sin plegar. El tama\u00f1o habitual oscila entre A6, A5 y A4. Suelen distribuirse libremente, o ir incluidos dentro de otras publicaciones, como libros o revistas.<\/li>\n<li>D\u00edpticos: folletos plegados en dos cuerpos, por lo que contienen cuatro p\u00e1ginas.<\/li>\n<li>Tr\u00edpticos: folletos plegados en tres cuerpos, por lo que contienen seis p\u00e1ginas.<\/li>\n<li>Cuadr\u00edpticos: folletos plegados en cuatro cuerpos, por lo que contienen ocho p\u00e1ginas.<\/li>\n<li>Pol\u00edpticos: folletos de m\u00e1s de cuatro cuerpos.<\/li>\n<\/ul>\n<p>Tambi\u00e9n existen diferentes formas de plegado como en ventana, en acorde\u00f3n, en cilindro, en cruz, etc. En este tipo de formatos hay que tener muy en cuenta que el contenido sea coherente, tanto abierto como cerrado.<\/p>\n<p>Los encartes son un tipo espec\u00edfico de folletos que van insertados dentro de peri\u00f3dicos o revistas. Pueden tener varias p\u00e1ginas y contener mensajes publicitarios.<\/p>\n<div id=\"attachment_69\" style=\"width: 650px\" class=\"wp-caption alignnone\"><img aria-describedby=\"caption-attachment-69\" loading=\"lazy\" class=\"img-responsive wp-image-69 size-full\" src=\"http:\/\/disseny-test.uoc.edu\/recursos\/dis-marca\/wp-content\/uploads\/sites\/22\/2017\/06\/20118_a1_015.jpg\" alt=\"\" width=\"640\" height=\"360\" srcset=\"http:\/\/disseny-test.uoc.edu\/recursos\/dis-marca\/wp-content\/uploads\/sites\/22\/2017\/06\/20118_a1_015.jpg 640w, http:\/\/disseny-test.uoc.edu\/recursos\/dis-marca\/wp-content\/uploads\/sites\/22\/2017\/06\/20118_a1_015-300x169.jpg 300w\" sizes=\"(max-width: 640px) 100vw, 640px\" \/><p id=\"caption-attachment-69\" class=\"wp-caption-text\">Ejemplo de d\u00edptico (cuatro caras) dise\u00f1ado por el estudio Galerna.<\/p><\/div>\n<p><div id=\"attachment_71\" style=\"width: 650px\" class=\"wp-caption alignnone\"><img aria-describedby=\"caption-attachment-71\" loading=\"lazy\" class=\"img-responsive wp-image-71 size-full\" src=\"http:\/\/disseny-test.uoc.edu\/recursos\/dis-marca\/wp-content\/uploads\/sites\/22\/2017\/06\/20118_a1_016.jpg\" alt=\"\" width=\"640\" height=\"537\" srcset=\"http:\/\/disseny-test.uoc.edu\/recursos\/dis-marca\/wp-content\/uploads\/sites\/22\/2017\/06\/20118_a1_016.jpg 640w, http:\/\/disseny-test.uoc.edu\/recursos\/dis-marca\/wp-content\/uploads\/sites\/22\/2017\/06\/20118_a1_016-300x252.jpg 300w\" sizes=\"(max-width: 640px) 100vw, 640px\" \/><p id=\"caption-attachment-71\" class=\"wp-caption-text\">Ejemplo de tr\u00edptico (seis caras) dise\u00f1ado por el estudio Trama.<\/p><\/div><\/p>","protected":false},"excerpt":{"rendered":"<p>1.2. Introducci\u00f3n a los distintos formatos 1.2.4. Folletos Es un impreso de tama\u00f1o reducido con un fin b\u00e1sicamente publicitario o de divulgaci\u00f3n de alg\u00fan tipo de informaci\u00f3n considerada de inter\u00e9s. En t\u00e9rminos generales, su dise\u00f1o suele ser mucho m\u00e1s libre y abierto que en otras publicaciones ya que lo que se busca es el impacto [&hellip;]<\/p>\n","protected":false},"author":1,"featured_media":0,"parent":0,"menu_order":0,"comment_status":"closed","ping_status":"closed","template":"","meta":[],"acf":[],"_links":{"self":[{"href":"http:\/\/disseny-test.uoc.edu\/recursos\/dis-marca\/wp-json\/wp\/v2\/pages\/66"}],"collection":[{"href":"http:\/\/disseny-test.uoc.edu\/recursos\/dis-marca\/wp-json\/wp\/v2\/pages"}],"about":[{"href":"http:\/\/disseny-test.uoc.edu\/recursos\/dis-marca\/wp-json\/wp\/v2\/types\/page"}],"author":[{"embeddable":true,"href":"http:\/\/disseny-test.uoc.edu\/recursos\/dis-marca\/wp-json\/wp\/v2\/users\/1"}],"replies":[{"embeddable":true,"href":"http:\/\/disseny-test.uoc.edu\/recursos\/dis-marca\/wp-json\/wp\/v2\/comments?post=66"}],"version-history":[{"count":5,"href":"http:\/\/disseny-test.uoc.edu\/recursos\/dis-marca\/wp-json\/wp\/v2\/pages\/66\/revisions"}],"predecessor-version":[{"id":629,"href":"http:\/\/disseny-test.uoc.edu\/recursos\/dis-marca\/wp-json\/wp\/v2\/pages\/66\/revisions\/629"}],"wp:attachment":[{"href":"http:\/\/disseny-test.uoc.edu\/recursos\/dis-marca\/wp-json\/wp\/v2\/media?parent=66"}],"curies":[{"name":"wp","href":"https:\/\/api.w.org\/{rel}","templated":true}]}}