{"id":73,"date":"2017-06-21T06:53:39","date_gmt":"2017-06-21T06:53:39","guid":{"rendered":"http:\/\/disseny-test.uoc.edu\/recursos\/dis-marca\/?page_id=73"},"modified":"2017-06-29T06:38:03","modified_gmt":"2017-06-29T06:38:03","slug":"1-introduccion-al-proceso-de-diseno-editorial-6","status":"publish","type":"page","link":"http:\/\/disseny-test.uoc.edu\/recursos\/dis-marca\/1-introduccion-al-proceso-de-diseno-editorial-6\/","title":{"rendered":"1. Introducci\u00f3n al proceso de dise\u00f1o editorial"},"content":{"rendered":"<p><\/p>\n<h3>1.2. Introducci\u00f3n a los distintos formatos<\/h3>\n<h3>1.2.5. Varios<\/h3>\n<p>Definir todos los tipos de formatos que existen ser\u00eda casi imposible, ya que m\u00e1s all\u00e1 de los est\u00e1ndares, podemos decir que la imaginaci\u00f3n del dise\u00f1ador tiene el poder de construir lo que se le ocurra, siempre y cuando sirva como medio para transmitir lo que el cliente desea. Podemos hablar de carteles de gran tama\u00f1o, postales, tarjetas o formatos m\u00e1s experimentales creados ex profeso para un proyecto. La imaginaci\u00f3n no tiene l\u00edmites, siempre y cuando el uso de los recursos sea el adecuado.<\/p>\n<p><div id=\"attachment_76\" style=\"width: 650px\" class=\"wp-caption alignnone\"><img aria-describedby=\"caption-attachment-76\" loading=\"lazy\" class=\"img-responsive wp-image-76 size-full\" src=\"http:\/\/disseny-test.uoc.edu\/recursos\/dis-marca\/wp-content\/uploads\/sites\/22\/2017\/06\/20118_a1_017.jpg\" alt=\"\" width=\"640\" height=\"434\" srcset=\"http:\/\/disseny-test.uoc.edu\/recursos\/dis-marca\/wp-content\/uploads\/sites\/22\/2017\/06\/20118_a1_017.jpg 640w, http:\/\/disseny-test.uoc.edu\/recursos\/dis-marca\/wp-content\/uploads\/sites\/22\/2017\/06\/20118_a1_017-300x203.jpg 300w\" sizes=\"(max-width: 640px) 100vw, 640px\" \/><p id=\"caption-attachment-76\" class=\"wp-caption-text\">En la imagen, vemos un ejemplo de un dise\u00f1o libre para un argumentario editorial de la revista <em>Cuore<\/em>. Se ha elaborado un troquel en forma de coraz\u00f3n en la portada, y papeles de alto gramaje y efecto espejado. En los interiores, se utilizaron reservas UVI. El encuadernado se hizo con una espiral. Es un formato sencillo, pero vistoso y efectivo: su fin es servir de herramienta a los equipos de marketing para presentar un producto (en este caso, la revista <em>Cuore<\/em>) a posibles anunciantes.<\/p><\/div><\/p>","protected":false},"excerpt":{"rendered":"<p>1.2. Introducci\u00f3n a los distintos formatos 1.2.5. Varios Definir todos los tipos de formatos que existen ser\u00eda casi imposible, ya que m\u00e1s all\u00e1 de los est\u00e1ndares, podemos decir que la imaginaci\u00f3n del dise\u00f1ador tiene el poder de construir lo que se le ocurra, siempre y cuando sirva como medio para transmitir lo que el cliente [&hellip;]<\/p>\n","protected":false},"author":1,"featured_media":0,"parent":0,"menu_order":0,"comment_status":"closed","ping_status":"closed","template":"","meta":[],"acf":[],"_links":{"self":[{"href":"http:\/\/disseny-test.uoc.edu\/recursos\/dis-marca\/wp-json\/wp\/v2\/pages\/73"}],"collection":[{"href":"http:\/\/disseny-test.uoc.edu\/recursos\/dis-marca\/wp-json\/wp\/v2\/pages"}],"about":[{"href":"http:\/\/disseny-test.uoc.edu\/recursos\/dis-marca\/wp-json\/wp\/v2\/types\/page"}],"author":[{"embeddable":true,"href":"http:\/\/disseny-test.uoc.edu\/recursos\/dis-marca\/wp-json\/wp\/v2\/users\/1"}],"replies":[{"embeddable":true,"href":"http:\/\/disseny-test.uoc.edu\/recursos\/dis-marca\/wp-json\/wp\/v2\/comments?post=73"}],"version-history":[{"count":4,"href":"http:\/\/disseny-test.uoc.edu\/recursos\/dis-marca\/wp-json\/wp\/v2\/pages\/73\/revisions"}],"predecessor-version":[{"id":1089,"href":"http:\/\/disseny-test.uoc.edu\/recursos\/dis-marca\/wp-json\/wp\/v2\/pages\/73\/revisions\/1089"}],"wp:attachment":[{"href":"http:\/\/disseny-test.uoc.edu\/recursos\/dis-marca\/wp-json\/wp\/v2\/media?parent=73"}],"curies":[{"name":"wp","href":"https:\/\/api.w.org\/{rel}","templated":true}]}}