{"id":95,"date":"2017-06-21T07:55:07","date_gmt":"2017-06-21T07:55:07","guid":{"rendered":"http:\/\/disseny-test.uoc.edu\/recursos\/dis-marca\/?page_id=95"},"modified":"2017-06-29T06:51:14","modified_gmt":"2017-06-29T06:51:14","slug":"1-introduccion-al-proceso-de-diseno-editorial-8","status":"publish","type":"page","link":"http:\/\/disseny-test.uoc.edu\/recursos\/dis-marca\/1-introduccion-al-proceso-de-diseno-editorial-8\/","title":{"rendered":"1. Introducci\u00f3n al proceso de dise\u00f1o editorial"},"content":{"rendered":"<p><\/p>\n<h3>1.4. Fases en la creaci\u00f3n de un producto editorial: un ejemplo pr\u00e1ctico<\/h3>\n<p>Para entender de manera clara todos los puntos del proceso de creaci\u00f3n de un producto editorial, vamos a plantear un ejemplo: pondremos en marcha una revista.<\/p>\n<p>Si entendemos bien todos los resortes gr\u00e1ficos que conforman una revista, ser\u00e1 muy f\u00e1cil aplicarlos a otros formatos. Creatividad y l\u00f3gica son dos premisas muy importantes en cualquier proceso de dise\u00f1o.<\/p>\n<h3>1.4.1. El cliente: el origen del encargo<\/h3>\n<p>Una importante editorial nos ha encargado llevar a cabo un proyecto para una futura revista corporativa para una l\u00ednea a\u00e9rea. Durante la reuni\u00f3n en la que nos plantean el trabajo que hay que hacer, no nos dar\u00e1n una informaci\u00f3n demasiado espec\u00edfica, pero es muy importante que tratemos de entender todo lo que nos pedir\u00e1n. Debemos estar atentos a los detalles e intentar que nos respondan a unas breves indicaciones b\u00e1sicas. Si conseguimos contestar a los puntos que vamos a enunciar a continuaci\u00f3n, podremos considerar que nos encontramos en disposici\u00f3n de empezar a trabajar.<\/p>\n<div class=\"cita\">\n<p>\u00abSe supone que los clientes no tienen ideas, ellos tienen problemas\u00bb (Erik Spiekermann, tip\u00f3grafo y dise\u00f1ador alem\u00e1n).<\/p>\n<\/div>\n<p><\/p>","protected":false},"excerpt":{"rendered":"<p>1.4. Fases en la creaci\u00f3n de un producto editorial: un ejemplo pr\u00e1ctico Para entender de manera clara todos los puntos del proceso de creaci\u00f3n de un producto editorial, vamos a plantear un ejemplo: pondremos en marcha una revista. Si entendemos bien todos los resortes gr\u00e1ficos que conforman una revista, ser\u00e1 muy f\u00e1cil aplicarlos a otros [&hellip;]<\/p>\n","protected":false},"author":1,"featured_media":0,"parent":0,"menu_order":0,"comment_status":"closed","ping_status":"closed","template":"","meta":[],"acf":[],"_links":{"self":[{"href":"http:\/\/disseny-test.uoc.edu\/recursos\/dis-marca\/wp-json\/wp\/v2\/pages\/95"}],"collection":[{"href":"http:\/\/disseny-test.uoc.edu\/recursos\/dis-marca\/wp-json\/wp\/v2\/pages"}],"about":[{"href":"http:\/\/disseny-test.uoc.edu\/recursos\/dis-marca\/wp-json\/wp\/v2\/types\/page"}],"author":[{"embeddable":true,"href":"http:\/\/disseny-test.uoc.edu\/recursos\/dis-marca\/wp-json\/wp\/v2\/users\/1"}],"replies":[{"embeddable":true,"href":"http:\/\/disseny-test.uoc.edu\/recursos\/dis-marca\/wp-json\/wp\/v2\/comments?post=95"}],"version-history":[{"count":3,"href":"http:\/\/disseny-test.uoc.edu\/recursos\/dis-marca\/wp-json\/wp\/v2\/pages\/95\/revisions"}],"predecessor-version":[{"id":532,"href":"http:\/\/disseny-test.uoc.edu\/recursos\/dis-marca\/wp-json\/wp\/v2\/pages\/95\/revisions\/532"}],"wp:attachment":[{"href":"http:\/\/disseny-test.uoc.edu\/recursos\/dis-marca\/wp-json\/wp\/v2\/media?parent=95"}],"curies":[{"name":"wp","href":"https:\/\/api.w.org\/{rel}","templated":true}]}}