{"id":968,"date":"2019-07-09T09:00:56","date_gmt":"2019-07-09T09:00:56","guid":{"rendered":"http:\/\/disseny-test.uoc.edu\/recursos\/dis-marca\/?page_id=968"},"modified":"2019-08-02T08:42:36","modified_gmt":"2019-08-02T08:42:36","slug":"9-tipos-de-publicaciones-digitales-2","status":"publish","type":"page","link":"http:\/\/disseny-test.uoc.edu\/recursos\/dis-marca\/9-tipos-de-publicaciones-digitales-2\/","title":{"rendered":"9. Tipos de publicaciones digitales"},"content":{"rendered":"<p><\/p>\n<h3>9.3. Tipos de publicaciones digitales<\/h3>\n<h3>9.3.1. Pdf simple<\/h3>\n<p>En su origen, las publicaciones digitales ven\u00edan a ser la visualizaci\u00f3n de un archivo PDF simple, exactamente igual al impreso en papel y sobre el que solo se pod\u00edan aplicar acciones de zoom sin ninguna otra interactividad. Muchas de las revistas del mercado, en la actualidad, tienen una versi\u00f3n digital descargable desde las aplicaciones de quiosco que son solo los PDF finales de lo que hay impreso.<\/p>\n<p>A d\u00eda de hoy, las publicaciones que mantienen su versi\u00f3n digital de esta manera pueden resultar altamente frustrantes al usuario, ya que estamos acostumbrados a que en la pantalla todo sea interactivo, todo tenga una funci\u00f3n o sirva para algo. Este formato puede resultar inc\u00f3modo en la visualizaci\u00f3n, ya que los tama\u00f1os usados en su dise\u00f1o no est\u00e1n pensados para ser vistos en un entorno digital: este PDF es solo una versi\u00f3n digital de algo que est\u00e1 pensado para leer y ojear impreso. No es un formato espec\u00edficamente pensado para cada dispositivo m\u00f3vil, por lo que su dise\u00f1o y usabilidad no est\u00e1n adaptados al entorno digital.<\/p>","protected":false},"excerpt":{"rendered":"<p>9.3. Tipos de publicaciones digitales 9.3.1. Pdf simple En su origen, las publicaciones digitales ven\u00edan a ser la visualizaci\u00f3n de un archivo PDF simple, exactamente igual al impreso en papel y sobre el que solo se pod\u00edan aplicar acciones de zoom sin ninguna otra interactividad. Muchas de las revistas del mercado, en la actualidad, tienen [&hellip;]<\/p>\n","protected":false},"author":1,"featured_media":0,"parent":0,"menu_order":0,"comment_status":"closed","ping_status":"closed","template":"","meta":[],"acf":[],"_links":{"self":[{"href":"http:\/\/disseny-test.uoc.edu\/recursos\/dis-marca\/wp-json\/wp\/v2\/pages\/968"}],"collection":[{"href":"http:\/\/disseny-test.uoc.edu\/recursos\/dis-marca\/wp-json\/wp\/v2\/pages"}],"about":[{"href":"http:\/\/disseny-test.uoc.edu\/recursos\/dis-marca\/wp-json\/wp\/v2\/types\/page"}],"author":[{"embeddable":true,"href":"http:\/\/disseny-test.uoc.edu\/recursos\/dis-marca\/wp-json\/wp\/v2\/users\/1"}],"replies":[{"embeddable":true,"href":"http:\/\/disseny-test.uoc.edu\/recursos\/dis-marca\/wp-json\/wp\/v2\/comments?post=968"}],"version-history":[{"count":9,"href":"http:\/\/disseny-test.uoc.edu\/recursos\/dis-marca\/wp-json\/wp\/v2\/pages\/968\/revisions"}],"predecessor-version":[{"id":1192,"href":"http:\/\/disseny-test.uoc.edu\/recursos\/dis-marca\/wp-json\/wp\/v2\/pages\/968\/revisions\/1192"}],"wp:attachment":[{"href":"http:\/\/disseny-test.uoc.edu\/recursos\/dis-marca\/wp-json\/wp\/v2\/media?parent=968"}],"curies":[{"name":"wp","href":"https:\/\/api.w.org\/{rel}","templated":true}]}}