{"id":972,"date":"2019-07-09T09:03:19","date_gmt":"2019-07-09T09:03:19","guid":{"rendered":"http:\/\/disseny-test.uoc.edu\/recursos\/dis-marca\/?page_id=972"},"modified":"2019-07-10T09:16:59","modified_gmt":"2019-07-10T09:16:59","slug":"9-tipos-de-publicaciones-digitales-3","status":"publish","type":"page","link":"http:\/\/disseny-test.uoc.edu\/recursos\/dis-marca\/9-tipos-de-publicaciones-digitales-3\/","title":{"rendered":"9. Tipos de publicaciones digitales"},"content":{"rendered":"<p><\/p>\n<div class=\"contenet-header\">\n<div class=\"row\">\n<div class=\"col-md-10\">\n<h3 class=\"content-title\">9.3. Tipos de publicaciones digitales<\/h3>\n<h3>9.3.2. Pdf interactivo<\/h3>\n<p>Con el desarrollo de <em>softwares<\/em> espec\u00edficos para esta labor o con la actualizaci\u00f3n de los programas habituales de dise\u00f1o, comenzaron a aparecer opciones que daban la posibilidad de introducir interactividades b\u00e1sicas en los pdf. Se pod\u00edan poner enlaces a p\u00e1ginas de internet, reproducir audios y videos, la posibilidad de introducir galer\u00edas de fotos, a\u00f1adir botones, dise\u00f1ar formularios, etc. Este fue el primer paso para un nuevo mundo de posibilidades que permit\u00eda romper con el pensamiento est\u00e1tico del formato original. M\u00e1s all\u00e1 de productos editoriales, otros formatos han podido beneficiarse de esta aportaci\u00f3n, sumando originalidad y dise\u00f1o a formularios, porfolios o productos corporativos. <\/p>\n<p>En el inicio de las publicaciones digitales, supuso un gran paso adelante, pero ahora hay que considerarlo un formato que puede ser adecuado para productos espec\u00edficos, donde su usabilidad es un plus, aunque no deja de estar anticuado.<\/p>\n<\/div>\n<\/div>\n<\/div>\n<div class=\"content-wp\"><\/div>\n<p><\/p>","protected":false},"excerpt":{"rendered":"<p>9.3. Tipos de publicaciones digitales 9.3.2. Pdf interactivo Con el desarrollo de softwares espec\u00edficos para esta labor o con la actualizaci\u00f3n de los programas habituales de dise\u00f1o, comenzaron a aparecer opciones que daban la posibilidad de introducir interactividades b\u00e1sicas en los pdf. Se pod\u00edan poner enlaces a p\u00e1ginas de internet, reproducir audios y videos, la [&hellip;]<\/p>\n","protected":false},"author":1,"featured_media":0,"parent":0,"menu_order":0,"comment_status":"closed","ping_status":"closed","template":"","meta":[],"acf":[],"_links":{"self":[{"href":"http:\/\/disseny-test.uoc.edu\/recursos\/dis-marca\/wp-json\/wp\/v2\/pages\/972"}],"collection":[{"href":"http:\/\/disseny-test.uoc.edu\/recursos\/dis-marca\/wp-json\/wp\/v2\/pages"}],"about":[{"href":"http:\/\/disseny-test.uoc.edu\/recursos\/dis-marca\/wp-json\/wp\/v2\/types\/page"}],"author":[{"embeddable":true,"href":"http:\/\/disseny-test.uoc.edu\/recursos\/dis-marca\/wp-json\/wp\/v2\/users\/1"}],"replies":[{"embeddable":true,"href":"http:\/\/disseny-test.uoc.edu\/recursos\/dis-marca\/wp-json\/wp\/v2\/comments?post=972"}],"version-history":[{"count":4,"href":"http:\/\/disseny-test.uoc.edu\/recursos\/dis-marca\/wp-json\/wp\/v2\/pages\/972\/revisions"}],"predecessor-version":[{"id":1150,"href":"http:\/\/disseny-test.uoc.edu\/recursos\/dis-marca\/wp-json\/wp\/v2\/pages\/972\/revisions\/1150"}],"wp:attachment":[{"href":"http:\/\/disseny-test.uoc.edu\/recursos\/dis-marca\/wp-json\/wp\/v2\/media?parent=972"}],"curies":[{"name":"wp","href":"https:\/\/api.w.org\/{rel}","templated":true}]}}