{"id":977,"date":"2019-07-09T09:08:25","date_gmt":"2019-07-09T09:08:25","guid":{"rendered":"http:\/\/disseny-test.uoc.edu\/recursos\/dis-marca\/?page_id=977"},"modified":"2019-08-02T08:43:53","modified_gmt":"2019-08-02T08:43:53","slug":"9-tipus-de-publicacions-digitals-4","status":"publish","type":"page","link":"http:\/\/disseny-test.uoc.edu\/recursos\/dis-marca\/9-tipus-de-publicacions-digitals-4\/","title":{"rendered":"9. Tipos de publicaciones digitales"},"content":{"rendered":"<p><\/p>\n<h3 class=\"content-title\">9.3. Tipos de publicaciones digitales<\/h3>\n<h3>9.3.3. <em>E-books<\/em><\/h3>\n<p>Un <em>e-book<\/em> o libro electr\u00f3nico es un libro de texto corrido que est\u00e1 pensado para que sea le\u00eddo a trav\u00e9s de un eReader. Los eReaders son dispositivos que est\u00e1n especialmente pensados para que sean c\u00f3modos para la lectura, gracias a sus pantallas retroiluminadas que ayudan a que la vista no se canse, incluso cuando la luz ambiental no es la adecuada para leer. Otro de los beneficios de los <em>e-books<\/em> es que puedes guardar numerosos libros en tu dispositivo y evitar que ocupen espacio f\u00edsico. El formato m\u00e1s habitual es el PDF, aunque las editoriales suelen preferir el EPUB. Hay algunas marcas como Kindle de Amazon que tienen un formato propio (en este caso ser\u00eda .mobi\/awz).<\/p>\n<p>El formato EPUB 3.0 es una evoluci\u00f3n del formato original y permite la inclusi\u00f3n de videos, sonidos o animaciones, por lo que es un formato ideal para libros infantiles o did\u00e1cticos.<\/p>\n<p>Para crear un <em>e-book<\/em>, bastar\u00eda con tener una herramienta adecuada para el formato que queremos, en funci\u00f3n del dispositivo de destino. La forma de crearlo es similar a la maquetaci\u00f3n de una web: se inserta el texto y, si hubiera alguna imagen y el <em>software<\/em> nos lo permitiera, la exportar\u00edamos a uno de los formatos compatibles. En el campo del dise\u00f1o, los <em>e-books<\/em> son muy b\u00e1sicos, ya que simplemente son un texto corrido, y el tipo de letra o el tama\u00f1o se adapta, con posterioridad, a cada dispositivo de lectura.<\/p>\n<p>Adobe inDesign sigue siendo una herramienta fundamental para crear cualquier tipo de documentos, incluidos estos, pero hay otros programas que permiten tambi\u00e9n hacerlos como Sketch (disponible solo para Mac), Gimp o Inkscape. Como suele ser habitual en dise\u00f1o, no hay un solo camino para hacer un <em>e-book<\/em>, a veces hay que conjugar distintas herramientas y luego juntarlo todo en un mismo documento.<\/p>\n<p>Los <em>iBooks<\/em> son libros electr\u00f3nicos solo compatibles con dispositivos de Apple. Apple cuenta con un <em>software<\/em> gratuito llamado iBooks Author, que permite a\u00f1adir muchas funciones de interactividad, pero solo podremos distribuir este producto a trav\u00e9s de la Apple Store.<\/p>","protected":false},"excerpt":{"rendered":"<p>9.3. Tipos de publicaciones digitales 9.3.3. E-books Un e-book o libro electr\u00f3nico es un libro de texto corrido que est\u00e1 pensado para que sea le\u00eddo a trav\u00e9s de un eReader. Los eReaders son dispositivos que est\u00e1n especialmente pensados para que sean c\u00f3modos para la lectura, gracias a sus pantallas retroiluminadas que ayudan a que la [&hellip;]<\/p>\n","protected":false},"author":1,"featured_media":0,"parent":0,"menu_order":0,"comment_status":"closed","ping_status":"closed","template":"","meta":[],"acf":[],"_links":{"self":[{"href":"http:\/\/disseny-test.uoc.edu\/recursos\/dis-marca\/wp-json\/wp\/v2\/pages\/977"}],"collection":[{"href":"http:\/\/disseny-test.uoc.edu\/recursos\/dis-marca\/wp-json\/wp\/v2\/pages"}],"about":[{"href":"http:\/\/disseny-test.uoc.edu\/recursos\/dis-marca\/wp-json\/wp\/v2\/types\/page"}],"author":[{"embeddable":true,"href":"http:\/\/disseny-test.uoc.edu\/recursos\/dis-marca\/wp-json\/wp\/v2\/users\/1"}],"replies":[{"embeddable":true,"href":"http:\/\/disseny-test.uoc.edu\/recursos\/dis-marca\/wp-json\/wp\/v2\/comments?post=977"}],"version-history":[{"count":4,"href":"http:\/\/disseny-test.uoc.edu\/recursos\/dis-marca\/wp-json\/wp\/v2\/pages\/977\/revisions"}],"predecessor-version":[{"id":1193,"href":"http:\/\/disseny-test.uoc.edu\/recursos\/dis-marca\/wp-json\/wp\/v2\/pages\/977\/revisions\/1193"}],"wp:attachment":[{"href":"http:\/\/disseny-test.uoc.edu\/recursos\/dis-marca\/wp-json\/wp\/v2\/media?parent=977"}],"curies":[{"name":"wp","href":"https:\/\/api.w.org\/{rel}","templated":true}]}}