{"id":989,"date":"2019-07-09T10:22:09","date_gmt":"2019-07-09T10:22:09","guid":{"rendered":"http:\/\/disseny-test.uoc.edu\/recursos\/dis-marca\/?page_id=989"},"modified":"2019-07-10T09:26:52","modified_gmt":"2019-07-10T09:26:52","slug":"9-tipus-de-publicacions-digitals-7","status":"publish","type":"page","link":"http:\/\/disseny-test.uoc.edu\/recursos\/dis-marca\/9-tipus-de-publicacions-digitals-7\/","title":{"rendered":"9. Tipos de publicaciones digitales"},"content":{"rendered":"<p><\/p>\n<h3 class=\"p1\">9.3. Tipos de publicaciones digitales<\/h3>\n<h3 class=\"p1\">9.3.6. <i>Newsletters<\/i><\/h3>\n<p>Una <em>newsletter<\/em> es un bolet\u00edn de informaci\u00f3n que, de manera peri\u00f3dica, se distribuye a trav\u00e9s de correo electr\u00f3nico. El objetivo de una <em>newsletter<\/em> es fidelizar a los clientes ofreci\u00e9ndoles informaci\u00f3n actualizada acerca de un producto. En realidad, una <em>newsletter<\/em> es un producto de marketing que se puede utilizar en muchos sentidos. Hay <em>newsletters<\/em> de empresas comerciales que peri\u00f3dicamente env\u00edan a sus clientes novedades u ofertas, tambi\u00e9n las hay que informan de una actualizaci\u00f3n o contenido nuevo (por ejemplo, una revista digital puede utilizar la <em>newsletter<\/em> de gancho, mostrando contenidos o promociones). Una ventaja de este tipo de comunicaci\u00f3n es que tiene un coste muy bajo y que suele ser f\u00e1cil de dise\u00f1ar: suele ser un PDF anclado en el cuerpo de un correo o una interfaz web.<\/p>","protected":false},"excerpt":{"rendered":"<p>9.3. Tipos de publicaciones digitales 9.3.6. Newsletters Una newsletter es un bolet\u00edn de informaci\u00f3n que, de manera peri\u00f3dica, se distribuye a trav\u00e9s de correo electr\u00f3nico. El objetivo de una newsletter es fidelizar a los clientes ofreci\u00e9ndoles informaci\u00f3n actualizada acerca de un producto. En realidad, una newsletter es un producto de marketing que se puede utilizar [&hellip;]<\/p>\n","protected":false},"author":1,"featured_media":0,"parent":0,"menu_order":0,"comment_status":"closed","ping_status":"closed","template":"","meta":[],"acf":[],"_links":{"self":[{"href":"http:\/\/disseny-test.uoc.edu\/recursos\/dis-marca\/wp-json\/wp\/v2\/pages\/989"}],"collection":[{"href":"http:\/\/disseny-test.uoc.edu\/recursos\/dis-marca\/wp-json\/wp\/v2\/pages"}],"about":[{"href":"http:\/\/disseny-test.uoc.edu\/recursos\/dis-marca\/wp-json\/wp\/v2\/types\/page"}],"author":[{"embeddable":true,"href":"http:\/\/disseny-test.uoc.edu\/recursos\/dis-marca\/wp-json\/wp\/v2\/users\/1"}],"replies":[{"embeddable":true,"href":"http:\/\/disseny-test.uoc.edu\/recursos\/dis-marca\/wp-json\/wp\/v2\/comments?post=989"}],"version-history":[{"count":5,"href":"http:\/\/disseny-test.uoc.edu\/recursos\/dis-marca\/wp-json\/wp\/v2\/pages\/989\/revisions"}],"predecessor-version":[{"id":1156,"href":"http:\/\/disseny-test.uoc.edu\/recursos\/dis-marca\/wp-json\/wp\/v2\/pages\/989\/revisions\/1156"}],"wp:attachment":[{"href":"http:\/\/disseny-test.uoc.edu\/recursos\/dis-marca\/wp-json\/wp\/v2\/media?parent=989"}],"curies":[{"name":"wp","href":"https:\/\/api.w.org\/{rel}","templated":true}]}}