{"id":121,"date":"2017-02-02T11:54:12","date_gmt":"2017-02-02T11:54:12","guid":{"rendered":"http:\/\/disseny-test.uoc.edu\/recursos\/form-comp\/?page_id=121"},"modified":"2017-03-06T15:42:46","modified_gmt":"2017-03-06T15:42:46","slug":"6-2-2-composicion-vertical","status":"publish","type":"page","link":"http:\/\/disseny-test.uoc.edu\/recursos\/form-comp\/ca\/6-2-2-composicion-vertical\/","title":{"rendered":"6. Moviment"},"content":{"rendered":"<p><\/p>\n<h3>6.2. Estabilitat, dinamisme i ritme<\/h3>\n<h3>6.2.2. Composici\u00f3 vertical<\/h3>\n<div class=\"fondo-fila\">\n<p><div class='content-column one_half'>D\u2019altra banda, si acompanyem la composici\u00f3 vertical \u2013que t\u00e9 m\u00e9s dinamisme que l\u2019horitzontal\u2013 de les direccions de les mirades, se\u2019n produeix un moviment cap amunt, com en el cartell seg\u00fcent, que anuncia una marca hongaresa de bombetes.<\/div><div class='content-column one_half last_column'><div id=\"attachment_122\" style=\"width: 510px\" class=\"wp-caption alignnone\"><img aria-describedby=\"caption-attachment-122\" loading=\"lazy\" class=\"size-full wp-image-122 img-responsive\" src=\"http:\/\/disseny-test.uoc.edu\/recursos\/form-comp\/wp-content\/uploads\/sites\/19\/2017\/02\/20106_m1_031.png\" alt=\"Anunci de bombetes Tungsram, G\u00e9za Farag\u00f3, Museu Nacional Hongar\u00e8s, domini p\u00fablic.\" width=\"500\" height=\"787\" srcset=\"http:\/\/disseny-test.uoc.edu\/recursos\/form-comp\/wp-content\/uploads\/sites\/19\/2017\/02\/20106_m1_031.png 500w, http:\/\/disseny-test.uoc.edu\/recursos\/form-comp\/wp-content\/uploads\/sites\/19\/2017\/02\/20106_m1_031-191x300.png 191w\" sizes=\"(max-width: 500px) 100vw, 500px\" \/><p id=\"caption-attachment-122\" class=\"wp-caption-text\">Anunci de bombetes Tungsram, G\u00e9za Farag\u00f3, Museu Nacional Hongar\u00e8s, <a href=\"https:\/\/commons.wikimedia.org\/w\/index.php?curid=19191675\" target=\"\">domini p\u00fablic<\/a>.<\/p><\/div><\/div><div class='clear_column'><\/div><\/p>\n<\/div>\n<p><\/p>","protected":false},"excerpt":{"rendered":"<p>6.2. Estabilitat, dinamisme i ritme 6.2.2. Composici\u00f3 vertical<\/p>\n","protected":false},"author":1,"featured_media":0,"parent":0,"menu_order":0,"comment_status":"closed","ping_status":"closed","template":"","meta":[],"acf":[],"_links":{"self":[{"href":"http:\/\/disseny-test.uoc.edu\/recursos\/form-comp\/ca\/wp-json\/wp\/v2\/pages\/121"}],"collection":[{"href":"http:\/\/disseny-test.uoc.edu\/recursos\/form-comp\/ca\/wp-json\/wp\/v2\/pages"}],"about":[{"href":"http:\/\/disseny-test.uoc.edu\/recursos\/form-comp\/ca\/wp-json\/wp\/v2\/types\/page"}],"author":[{"embeddable":true,"href":"http:\/\/disseny-test.uoc.edu\/recursos\/form-comp\/ca\/wp-json\/wp\/v2\/users\/1"}],"replies":[{"embeddable":true,"href":"http:\/\/disseny-test.uoc.edu\/recursos\/form-comp\/ca\/wp-json\/wp\/v2\/comments?post=121"}],"version-history":[{"count":8,"href":"http:\/\/disseny-test.uoc.edu\/recursos\/form-comp\/ca\/wp-json\/wp\/v2\/pages\/121\/revisions"}],"predecessor-version":[{"id":427,"href":"http:\/\/disseny-test.uoc.edu\/recursos\/form-comp\/ca\/wp-json\/wp\/v2\/pages\/121\/revisions\/427"}],"wp:attachment":[{"href":"http:\/\/disseny-test.uoc.edu\/recursos\/form-comp\/ca\/wp-json\/wp\/v2\/media?parent=121"}],"curies":[{"name":"wp","href":"https:\/\/api.w.org\/{rel}","templated":true}]}}