{"id":125,"date":"2017-02-02T12:02:40","date_gmt":"2017-02-02T12:02:40","guid":{"rendered":"http:\/\/disseny-test.uoc.edu\/recursos\/form-comp\/?page_id=125"},"modified":"2017-03-06T15:43:22","modified_gmt":"2017-03-06T15:43:22","slug":"6-2-3-composicion-en-diagonal","status":"publish","type":"page","link":"http:\/\/disseny-test.uoc.edu\/recursos\/form-comp\/ca\/6-2-3-composicion-en-diagonal\/","title":{"rendered":"6. Moviment"},"content":{"rendered":"<p><\/p>\n<h3>6.2. Estabilitat, dinamisme i ritme<\/h3>\n<h3>6.2.3. Composici\u00f3 en diagonal<\/h3>\n<p>Sens dubte, la composici\u00f3 en diagonal \u00e9s la m\u00e9s din\u00e0mica i, en alguns casos, a m\u00e9s de generar il\u00b7lusi\u00f3 de moviment, genera desassossec. La composici\u00f3 en diagonal va ser \u00e0mpliament utilitzada per artistes com ara Ribera, que destacava les figures en posicions for\u00e7ades en alguns casos.<\/p>\n<div class=\"fondo-fila\">\n<p><div class='content-column one_half'>Altres autors, com ara Modigliani, han utilitzat aquest recurs que atorga dinamisme. En aquest cas, tamb\u00e9 acompanyat per la pres\u00e8ncia de corbes que exageren i donen for\u00e7a.<\/div><div class='content-column one_half last_column'><div id=\"attachment_220\" style=\"width: 610px\" class=\"wp-caption alignnone\"><img aria-describedby=\"caption-attachment-220\" loading=\"lazy\" class=\"size-full wp-image-220 img-responsive\" src=\"http:\/\/disseny-test.uoc.edu\/recursos\/form-comp\/wp-content\/uploads\/sites\/19\/2017\/02\/20106_m1_032.png\" alt=\"Reclining Nude, Amedeo Modigliani, 1917, Open Access for Scholarly Content (OASC) via Met website.\" width=\"600\" height=\"389\" srcset=\"http:\/\/disseny-test.uoc.edu\/recursos\/form-comp\/wp-content\/uploads\/sites\/19\/2017\/02\/20106_m1_032.png 600w, http:\/\/disseny-test.uoc.edu\/recursos\/form-comp\/wp-content\/uploads\/sites\/19\/2017\/02\/20106_m1_032-300x195.png 300w\" sizes=\"(max-width: 600px) 100vw, 600px\" \/><p id=\"caption-attachment-220\" class=\"wp-caption-text\"><em>Reclining Nude<\/em>, Amedeo Modigliani, 1917, Open Access for Scholarly Content (OASC) via <a href=\"http:\/\/www.metmuseum.org\/art\/collection\/search\/486847?sortBy=Relevance&amp;ft=modigliani&amp;offset=0&amp;rpp=20&amp;pos=1\" target=\"_blank\">Met website<\/a>.<\/p><\/div><\/div><div class='clear_column'><\/div><\/p>\n<\/div>\n<p>&nbsp;<\/p>\n<div class=\"fondo-fila\">\n<p><div class='content-column one_half'>En aquesta fotografia s\u2019utilitza com a refer\u00e8ncia la diagonal refor\u00e7ada pel bra\u00e7, tot i que amb l\u00ednies m\u00e9s rectes.<\/div><div class='content-column one_half last_column'><div id=\"attachment_221\" style=\"width: 610px\" class=\"wp-caption alignnone\"><img aria-describedby=\"caption-attachment-221\" loading=\"lazy\" class=\"size-full wp-image-221 img-responsive\" src=\"http:\/\/disseny-test.uoc.edu\/recursos\/form-comp\/wp-content\/uploads\/sites\/19\/2017\/02\/20106_m1_033.png\" alt=\"Cartes, Gemma San Cornelio, 1997.\" width=\"600\" height=\"475\" srcset=\"http:\/\/disseny-test.uoc.edu\/recursos\/form-comp\/wp-content\/uploads\/sites\/19\/2017\/02\/20106_m1_033.png 600w, http:\/\/disseny-test.uoc.edu\/recursos\/form-comp\/wp-content\/uploads\/sites\/19\/2017\/02\/20106_m1_033-300x238.png 300w\" sizes=\"(max-width: 600px) 100vw, 600px\" \/><p id=\"caption-attachment-221\" class=\"wp-caption-text\"><em>Cartes<\/em>, Gemma San Cornelio, 1997.<\/p><\/div><\/div><div class='clear_column'><\/div><\/p>\n<\/div>\n<p>&nbsp;<\/p>\n<div class=\"fondo-fila\">\n<p><div class='content-column one_half'>En aquest cas, gaireb\u00e9 abstracci\u00f3 geom\u00e8trica, fa la sensaci\u00f3 que l\u2019edifici hagi de caure.<\/div><div class='content-column one_half last_column'><div id=\"attachment_222\" style=\"width: 610px\" class=\"wp-caption alignnone\"><img aria-describedby=\"caption-attachment-222\" loading=\"lazy\" class=\"size-full wp-image-222 img-responsive\" src=\"http:\/\/disseny-test.uoc.edu\/recursos\/form-comp\/wp-content\/uploads\/sites\/19\/2017\/02\/20106_m1_034.png\" alt=\"Mesquita X\u00faquer, Gemma San Cornelio, 1996.\" width=\"600\" height=\"404\" srcset=\"http:\/\/disseny-test.uoc.edu\/recursos\/form-comp\/wp-content\/uploads\/sites\/19\/2017\/02\/20106_m1_034.png 600w, http:\/\/disseny-test.uoc.edu\/recursos\/form-comp\/wp-content\/uploads\/sites\/19\/2017\/02\/20106_m1_034-300x202.png 300w\" sizes=\"(max-width: 600px) 100vw, 600px\" \/><p id=\"caption-attachment-222\" class=\"wp-caption-text\"><em>Mesquita X\u00faquer<\/em>, Gemma San Cornelio, 1996.<\/p><\/div><\/div><div class='clear_column'><\/div><\/p>\n<\/div>\n<p><\/p>","protected":false},"excerpt":{"rendered":"<p>6.2. Estabilitat, dinamisme i ritme 6.2.3. Composici\u00f3 en diagonal Sens dubte, la composici\u00f3 en diagonal \u00e9s la m\u00e9s din\u00e0mica i, en alguns casos, a m\u00e9s de generar il\u00b7lusi\u00f3 de moviment, genera desassossec. La composici\u00f3 en diagonal va ser \u00e0mpliament utilitzada per artistes com ara Ribera, que destacava les figures en posicions for\u00e7ades en alguns casos. [&hellip;]<\/p>\n","protected":false},"author":1,"featured_media":0,"parent":0,"menu_order":0,"comment_status":"closed","ping_status":"closed","template":"","meta":[],"acf":[],"_links":{"self":[{"href":"http:\/\/disseny-test.uoc.edu\/recursos\/form-comp\/ca\/wp-json\/wp\/v2\/pages\/125"}],"collection":[{"href":"http:\/\/disseny-test.uoc.edu\/recursos\/form-comp\/ca\/wp-json\/wp\/v2\/pages"}],"about":[{"href":"http:\/\/disseny-test.uoc.edu\/recursos\/form-comp\/ca\/wp-json\/wp\/v2\/types\/page"}],"author":[{"embeddable":true,"href":"http:\/\/disseny-test.uoc.edu\/recursos\/form-comp\/ca\/wp-json\/wp\/v2\/users\/1"}],"replies":[{"embeddable":true,"href":"http:\/\/disseny-test.uoc.edu\/recursos\/form-comp\/ca\/wp-json\/wp\/v2\/comments?post=125"}],"version-history":[{"count":9,"href":"http:\/\/disseny-test.uoc.edu\/recursos\/form-comp\/ca\/wp-json\/wp\/v2\/pages\/125\/revisions"}],"predecessor-version":[{"id":428,"href":"http:\/\/disseny-test.uoc.edu\/recursos\/form-comp\/ca\/wp-json\/wp\/v2\/pages\/125\/revisions\/428"}],"wp:attachment":[{"href":"http:\/\/disseny-test.uoc.edu\/recursos\/form-comp\/ca\/wp-json\/wp\/v2\/media?parent=125"}],"curies":[{"name":"wp","href":"https:\/\/api.w.org\/{rel}","templated":true}]}}