{"id":135,"date":"2017-02-02T12:13:12","date_gmt":"2017-02-02T12:13:12","guid":{"rendered":"http:\/\/disseny-test.uoc.edu\/recursos\/form-comp\/?page_id=135"},"modified":"2017-03-06T15:47:25","modified_gmt":"2017-03-06T15:47:25","slug":"6-3-repeticiones","status":"publish","type":"page","link":"http:\/\/disseny-test.uoc.edu\/recursos\/form-comp\/ca\/6-3-repeticiones\/","title":{"rendered":"6. Moviment"},"content":{"rendered":"<p><\/p>\n<h3>6.3. Repeticions<\/h3>\n<div class=\"fondo-fila\">\n<p><div class='content-column one_half'>La repetici\u00f3 d\u2019elements gr\u00e0fics crea un ritme que agrupa els elements en una entitat m\u00e9s gran. A m\u00e9s, el ritme afavoreix el moviment, la sensaci\u00f3 cin\u00e8tica. Aix\u00f2 tindria relaci\u00f3 amb la llei de dos principis de Gestalt que postula que la semblan\u00e7a afavoreix l\u2019agrupaci\u00f3.<\/div><div class='content-column one_half last_column'><div id=\"attachment_136\" style=\"width: 610px\" class=\"wp-caption alignnone\"><img aria-describedby=\"caption-attachment-136\" loading=\"lazy\" class=\"img-responsive wp-image-136 size-full\" src=\"http:\/\/disseny-test.uoc.edu\/recursos\/form-comp\/wp-content\/uploads\/sites\/19\/2017\/02\/20106_m1_036.png\" alt=\"Cactus, Huerto del Cura, Gemma San Cornelio, 1996.\" width=\"600\" height=\"417\" srcset=\"http:\/\/disseny-test.uoc.edu\/recursos\/form-comp\/wp-content\/uploads\/sites\/19\/2017\/02\/20106_m1_036.png 600w, http:\/\/disseny-test.uoc.edu\/recursos\/form-comp\/wp-content\/uploads\/sites\/19\/2017\/02\/20106_m1_036-300x209.png 300w\" sizes=\"(max-width: 600px) 100vw, 600px\" \/><p id=\"caption-attachment-136\" class=\"wp-caption-text\"><em>Cactus, Huerto del Cura<\/em>, Gemma San Cornelio, 1996.<\/p><\/div><\/div><div class='clear_column'><\/div><\/p>\n<\/div>\n<p>&nbsp;<\/p>\n<div class=\"fondo-fila\">\n<p><div class='content-column one_half'>La repetici\u00f3 \u00e9s, sens dubte, un dels recursos m\u00e9s utilitzats en el treball de disseny amb m\u00f2duls <a href=\"#\" class=\"pop\" data-html=\"true\" data-toggle=\"popover\" data-content=\"Vegeu Wong.\" data-placement=\"top\">[1]<\/a> que, al seu torn, t\u00e9 una traducci\u00f3 pr\u00e0ctica en un gran nombre d\u2019aplicacions de disseny gr\u00e0fic i t\u00e8xtil. En l\u2019estil <em>art d\u00e9co<\/em>, la repetici\u00f3 d\u2019elements decoratius en el marc i estampat de la imatge hi \u00e9s molt present, tal com podem observar en el treball de Mucha sobre la base de la repetici\u00f3 del triangle.<\/p><\/div><div class='content-column one_half last_column'><div id=\"attachment_137\" style=\"width: 510px\" class=\"wp-caption alignnone\"><img aria-describedby=\"caption-attachment-137\" loading=\"lazy\" class=\"size-full wp-image-137 img-responsive\" src=\"http:\/\/disseny-test.uoc.edu\/recursos\/form-comp\/wp-content\/uploads\/sites\/19\/2017\/02\/20106_m1_037.png\" alt=\"Anunci de cigarros Job, Alphonse Mucha, http:\/\/masterpieceart.net\/alphonse-mucha\/, domini p\u00fablic.\" width=\"500\" height=\"702\" srcset=\"http:\/\/disseny-test.uoc.edu\/recursos\/form-comp\/wp-content\/uploads\/sites\/19\/2017\/02\/20106_m1_037.png 500w, http:\/\/disseny-test.uoc.edu\/recursos\/form-comp\/wp-content\/uploads\/sites\/19\/2017\/02\/20106_m1_037-214x300.png 214w\" sizes=\"(max-width: 500px) 100vw, 500px\" \/><p id=\"caption-attachment-137\" class=\"wp-caption-text\">Anunci de cigarros Job, Alphonse Mucha, <a href=\"http:\/\/masterpieceart.net\/alphonse-mucha\/\" target=\"_blank\">http:\/\/masterpieceart.net\/alphonse-mucha\/<\/a>, <a href=\"https:\/\/commons.wikimedia.org\/w\/index.php?curid=19106308\" target=\"_blank\">domini p\u00fablic<\/a>.<\/p><\/div><\/div><div class='clear_column'><\/div><\/p>\n<\/div>\n<p><\/p>","protected":false},"excerpt":{"rendered":"<p>6.3. Repeticions &nbsp;<\/p>\n","protected":false},"author":1,"featured_media":0,"parent":0,"menu_order":0,"comment_status":"closed","ping_status":"closed","template":"","meta":[],"acf":[],"_links":{"self":[{"href":"http:\/\/disseny-test.uoc.edu\/recursos\/form-comp\/ca\/wp-json\/wp\/v2\/pages\/135"}],"collection":[{"href":"http:\/\/disseny-test.uoc.edu\/recursos\/form-comp\/ca\/wp-json\/wp\/v2\/pages"}],"about":[{"href":"http:\/\/disseny-test.uoc.edu\/recursos\/form-comp\/ca\/wp-json\/wp\/v2\/types\/page"}],"author":[{"embeddable":true,"href":"http:\/\/disseny-test.uoc.edu\/recursos\/form-comp\/ca\/wp-json\/wp\/v2\/users\/1"}],"replies":[{"embeddable":true,"href":"http:\/\/disseny-test.uoc.edu\/recursos\/form-comp\/ca\/wp-json\/wp\/v2\/comments?post=135"}],"version-history":[{"count":14,"href":"http:\/\/disseny-test.uoc.edu\/recursos\/form-comp\/ca\/wp-json\/wp\/v2\/pages\/135\/revisions"}],"predecessor-version":[{"id":429,"href":"http:\/\/disseny-test.uoc.edu\/recursos\/form-comp\/ca\/wp-json\/wp\/v2\/pages\/135\/revisions\/429"}],"wp:attachment":[{"href":"http:\/\/disseny-test.uoc.edu\/recursos\/form-comp\/ca\/wp-json\/wp\/v2\/media?parent=135"}],"curies":[{"name":"wp","href":"https:\/\/api.w.org\/{rel}","templated":true}]}}