{"id":155,"date":"2017-02-02T12:35:45","date_gmt":"2017-02-02T12:35:45","guid":{"rendered":"http:\/\/disseny-test.uoc.edu\/recursos\/form-comp\/?page_id=155"},"modified":"2017-03-07T12:58:50","modified_gmt":"2017-03-07T12:58:50","slug":"referencias","status":"publish","type":"page","link":"http:\/\/disseny-test.uoc.edu\/recursos\/form-comp\/ca\/referencias\/","title":{"rendered":"Refer\u00e8ncies"},"content":{"rendered":"<p><strong>Arrillaga, J. M.; Marino, R. A.<\/strong> (2000). <em>La composici\u00f3n visual<\/em>. Madrid: Universidad Nacional de Educaci\u00f3n a Distancia.<br \/>\n&lt;<a href=\"http:\/\/www2.uned.es\/ntedu\/espanol\/master\/primero\/modulos\/teoria-de-la-representacion\/fundamentos-composicion.htm\" target=\"_blank\">http:\/\/www2.uned.es\/ntedu\/espanol\/master\/primero\/modulos\/teoria-de-la-representacion\/fundamentos-composicion.htm<\/a>&gt;<\/p>\n<p><strong>Bamford, A.<\/strong> (2003). <em>The Visual Literacy White Paper.<\/em><br \/>\n&lt;<a href=\"http:\/\/www.adobe.com\/uk\/education\/pdf\/adobe_visual_literacy_paper.pdf\" target=\"_blank\">http:\/\/www.adobe.com\/uk\/education\/pdf\/adobe_visual_literacy_paper.pdf<\/a>&gt;<\/p>\n<p><strong>Berger, R.<\/strong> (1969). <em>D\u00e9couverte de la peinture<\/em>. Verviers: Marabout.<\/p>\n<p><strong>Dondis, D. A.<\/strong> (1973).<em> A Primer of Visual Literacy<\/em>. Cambridge: The MIT Press.<\/p>\n<p><strong>Hocks, M. E.; Kendrick, M. R.<\/strong> (2005). <em>Eloquent Images: Word and Image in the Age of New Media<\/em>. Cambridge: The MIT Press.<\/p>\n<p><strong>March Leuba, M. E.<\/strong> (2011). <em>Lenguaje visual y animaci\u00f3n 3D. Propuesta educativa de desarrollo de la alfabetizaci\u00f3n visual para el disfrute del producto 3D.<\/em> Tesi doctoral presentada a la Universitat Polit\u00e8cnica de Val\u00e8ncia.<\/p>\n<p><strong>Marcolli, A.<\/strong> (1978). <em>Teoria del campo. Corso di educazione alla visione.<\/em> Flor\u00e8ncia: G. C. Sansoni.<\/p>\n<p><strong>Mitchell, W. J. T.<\/strong> (1995). <em>Picture Theory: Essays on Verbal and Visual Representation<\/em>. Chicago: University of Chicago Press.<\/p>\n<p><strong>Mu\u00f1oz, P.; Coronel, J. L.; Castellano, L.; Calvimonte, R.<\/strong> (1999). <em>Acerca de la pureza de las formas.<\/em><br \/>\n&lt;<a href=\"http:\/\/www.jlopezcoronel.com.ar\/pdf\/pdfpureza.pdf\" target=\"_blank\">http:\/\/www.jlopezcoronel.com.ar\/pdf\/pdfpureza.pdf<\/a>&gt;<\/p>\n<p><strong>Puerta, F.<\/strong> (2005). <em>An\u00e1lisis de la forma y sistemas de representaci\u00f3n<\/em>. Val\u00e8ncia: Universitat Polit\u00e8cnica de Val\u00e8ncia.<\/p>\n<p><strong>R\u00e0fols, R.; Colomer, A.<\/strong> (2003). <em>El dise\u00f1o audiovisual<\/em>. Barcelona: Gustavo Gili.<\/p>\n<p><strong>R\u00e0fols, R.<\/strong> (2016). <em>Tecnolog\u00eda y est\u00e9tica. Los motion graphics como exponente de la imagen interfaz<\/em>. Tesi doctoral.<\/p>\n<p><strong>Rancillac, B.<\/strong> (2003). <em>Voir \u00abet comprendre\u00bb la peinture<\/em>. Dessain et Tolra.<\/p>\n<p><strong>San Cornelio, G.<\/strong> (2015). \u00abDise\u00f1o, coreograf\u00edas y montaje en los clips de Michel Gondry\u00bb. Revista <em>ComeIn. <\/em>Barcelona: Universitat Oberta de Catalunya.<br \/>\n&lt;http:\/\/comein.uoc.edu\/divulgacio\/comein\/es\/numero47\/articles\/Article-Gemma-San-Cornelio.html&gt;<\/p>\n<p><strong>Sherin, A. <\/strong>(2012). <em>Design<\/em> <em>Elements: Color Fundamentals<\/em>. Beverly: Rockport Publishers.<\/p>\n<p><strong>Wong, W. <\/strong>(1993). <em>Principles of Form and Design<\/em>. Van Nostrand Reinhold.<\/p>","protected":false},"excerpt":{"rendered":"<p>Arrillaga, J. M.; Marino, R. A. (2000). La composici\u00f3n visual. Madrid: Universidad Nacional de Educaci\u00f3n a Distancia. &lt;http:\/\/www2.uned.es\/ntedu\/espanol\/master\/primero\/modulos\/teoria-de-la-representacion\/fundamentos-composicion.htm&gt; Bamford, A. (2003). The Visual Literacy White Paper. &lt;http:\/\/www.adobe.com\/uk\/education\/pdf\/adobe_visual_literacy_paper.pdf&gt; Berger, R. (1969). D\u00e9couverte de la peinture. Verviers: Marabout. Dondis, D. A. (1973). A Primer of Visual Literacy. Cambridge: The MIT Press. Hocks, M. E.; Kendrick, M. R. [&hellip;]<\/p>\n","protected":false},"author":1,"featured_media":0,"parent":0,"menu_order":0,"comment_status":"closed","ping_status":"closed","template":"","meta":[],"acf":[],"_links":{"self":[{"href":"http:\/\/disseny-test.uoc.edu\/recursos\/form-comp\/ca\/wp-json\/wp\/v2\/pages\/155"}],"collection":[{"href":"http:\/\/disseny-test.uoc.edu\/recursos\/form-comp\/ca\/wp-json\/wp\/v2\/pages"}],"about":[{"href":"http:\/\/disseny-test.uoc.edu\/recursos\/form-comp\/ca\/wp-json\/wp\/v2\/types\/page"}],"author":[{"embeddable":true,"href":"http:\/\/disseny-test.uoc.edu\/recursos\/form-comp\/ca\/wp-json\/wp\/v2\/users\/1"}],"replies":[{"embeddable":true,"href":"http:\/\/disseny-test.uoc.edu\/recursos\/form-comp\/ca\/wp-json\/wp\/v2\/comments?post=155"}],"version-history":[{"count":9,"href":"http:\/\/disseny-test.uoc.edu\/recursos\/form-comp\/ca\/wp-json\/wp\/v2\/pages\/155\/revisions"}],"predecessor-version":[{"id":436,"href":"http:\/\/disseny-test.uoc.edu\/recursos\/form-comp\/ca\/wp-json\/wp\/v2\/pages\/155\/revisions\/436"}],"wp:attachment":[{"href":"http:\/\/disseny-test.uoc.edu\/recursos\/form-comp\/ca\/wp-json\/wp\/v2\/media?parent=155"}],"curies":[{"name":"wp","href":"https:\/\/api.w.org\/{rel}","templated":true}]}}