{"id":30,"date":"2017-02-02T07:38:58","date_gmt":"2017-02-02T07:38:58","guid":{"rendered":"http:\/\/disseny-test.uoc.edu\/recursos\/form-comp\/?page_id=30"},"modified":"2017-03-06T15:02:24","modified_gmt":"2017-03-06T15:02:24","slug":"2-2-forma-simple-forma-compleja","status":"publish","type":"page","link":"http:\/\/disseny-test.uoc.edu\/recursos\/form-comp\/ca\/2-2-forma-simple-forma-compleja\/","title":{"rendered":"2. Forma i estructura"},"content":{"rendered":"<p><\/p>\n<h2>2.2. Forma simple, forma complexa<\/h2>\n<p class=\"Normal1\">Aqu\u00ed cal destacar l\u2019aportaci\u00f3 de la Gestalt denominada llei de la bona forma o de la pregn\u00e0ncia, que determina que les formes simples es perceben millor i m\u00e9s f\u00e0cilment que les complexes. Es tracta, doncs, de la recerca visual de l\u2019estructura m\u00e9s senzilla.<\/p>\n<p class=\"Normal1\">No obstant aix\u00f2, segons Marcolli:<\/p>\n<div class=\"cita\">\n<p class=\"CITAS\">La paradoxa que planteja [la Gestalt] \u00e9s que per un costat tendim a percebre amb m\u00e9s facilitat les formes geom\u00e8triques simples, elementals, tancades, sim\u00e8triques, per\u00f2 despr\u00e9s veiem de manera m\u00e9s llegible, interessant i significativa les formes no sim\u00e8triques, m\u00e9s complexes, obertes, articulades. (Marcolli, 1978, p\u00e0gs. 111-112)<\/p>\n<\/div>\n<p>En aquest sentit, Mu\u00f1oz i altres (1999) ens recorden Foucault:<\/p>\n<div class=\"cita\">\n<p>Aix\u00ed doncs, observar \u00e9s acontentar-se a veure. Veure sistem\u00e0ticament poques coses. Veure all\u00f2 que, en la riquesa una mica confusa de la representaci\u00f3, pot ser analitzat, reconegut per tots i rebre aix\u00ed un nom que qualsevol podr\u00e0 entendre [&#8230;]. (Foucault, 1966, p\u00e0g. 134)<\/p>\n<\/div>\n<p>Segons aquests autors, en l\u2019actualitat la forma s\u2019associa poc o gens amb les possibilitats generatives, com a sistema ordenador i potenciador de la producci\u00f3 de formes i com a suport de les operacions morfol\u00f2giques complexes. Aix\u00ed doncs, ells proposen ampliar la mirada sobre la geometria, lligada a les seves potencialitats generatives i estructuradores, a partir de la noci\u00f3 de morfologia, des de la concepci\u00f3 espacial de les formes, que moltes vegades voreja els l\u00edmits del que la geometria pot brindar (Mu\u00f1oz i altres, 1999).<\/p>","protected":false},"excerpt":{"rendered":"<p>2.2. Forma simple, forma complexa Aqu\u00ed cal destacar l\u2019aportaci\u00f3 de la Gestalt denominada llei de la bona forma o de la pregn\u00e0ncia, que determina que les formes simples es perceben millor i m\u00e9s f\u00e0cilment que les complexes. Es tracta, doncs, de la recerca visual de l\u2019estructura m\u00e9s senzilla. No obstant aix\u00f2, segons Marcolli: La paradoxa [&hellip;]<\/p>\n","protected":false},"author":1,"featured_media":0,"parent":0,"menu_order":0,"comment_status":"closed","ping_status":"closed","template":"","meta":[],"acf":[],"_links":{"self":[{"href":"http:\/\/disseny-test.uoc.edu\/recursos\/form-comp\/ca\/wp-json\/wp\/v2\/pages\/30"}],"collection":[{"href":"http:\/\/disseny-test.uoc.edu\/recursos\/form-comp\/ca\/wp-json\/wp\/v2\/pages"}],"about":[{"href":"http:\/\/disseny-test.uoc.edu\/recursos\/form-comp\/ca\/wp-json\/wp\/v2\/types\/page"}],"author":[{"embeddable":true,"href":"http:\/\/disseny-test.uoc.edu\/recursos\/form-comp\/ca\/wp-json\/wp\/v2\/users\/1"}],"replies":[{"embeddable":true,"href":"http:\/\/disseny-test.uoc.edu\/recursos\/form-comp\/ca\/wp-json\/wp\/v2\/comments?post=30"}],"version-history":[{"count":5,"href":"http:\/\/disseny-test.uoc.edu\/recursos\/form-comp\/ca\/wp-json\/wp\/v2\/pages\/30\/revisions"}],"predecessor-version":[{"id":413,"href":"http:\/\/disseny-test.uoc.edu\/recursos\/form-comp\/ca\/wp-json\/wp\/v2\/pages\/30\/revisions\/413"}],"wp:attachment":[{"href":"http:\/\/disseny-test.uoc.edu\/recursos\/form-comp\/ca\/wp-json\/wp\/v2\/media?parent=30"}],"curies":[{"name":"wp","href":"https:\/\/api.w.org\/{rel}","templated":true}]}}