{"id":304,"date":"2017-02-22T08:33:25","date_gmt":"2017-02-22T08:33:25","guid":{"rendered":"http:\/\/disseny-test.uoc.edu\/recursos\/form-comp\/?page_id=304"},"modified":"2017-03-06T15:47:55","modified_gmt":"2017-03-06T15:47:55","slug":"6-movimiento","status":"publish","type":"page","link":"http:\/\/disseny-test.uoc.edu\/recursos\/form-comp\/ca\/6-movimiento\/","title":{"rendered":"6. Moviment"},"content":{"rendered":"<p><\/p>\n<h3><strong>6.4<\/strong> Conclusi\u00f3<\/h3>\n<p>La composici\u00f3 \u00e9s un concepte present en m\u00faltiples disciplines, no nom\u00e9s l\u2019art o el disseny: resulta fonamental en la m\u00fasica i tamb\u00e9 en la dansa, per exemple, a partir del concepte de <a href=\"http:\/\/composicion-coreografica-2012.blogspot.com.es\"><strong>composici\u00f3 coreogr\u00e0fica<\/strong><\/a>. I tamb\u00e9 ho \u00e9s en el context audiovisual, refor\u00e7at per tot el desenvolupament del <em>software<\/em> compositiu (R\u00e0fols, 2016). En aquest m\u00f2dul ens hem centrat solament en la composici\u00f3 en l\u2019\u00e0mbit bidimensional, per\u00f2 l\u2019espai tridimensional tamb\u00e9 es regeix per par\u00e0metres similars, si b\u00e9 amb m\u00e9s complexitat.<\/p>\n<p>Observar la composici\u00f3 en altres disciplines pot enriquir de manera abrumadora el treball creatiu, tal com succeeix amb creadors com ara Michel Gondry, que utilitza nocions com la simetria, la repetici\u00f3 i les gradacions per dur a terme els seus <a href=\"http:\/\/comein.uoc.edu\/divulgacio\/comein\/es\/numero47\/articles\/Article-Gemma-San-Cornelio.html\"><strong>videoclips musicals<\/strong><\/a>.<\/p>","protected":false},"excerpt":{"rendered":"<p>6.4 Conclusi\u00f3 La composici\u00f3 \u00e9s un concepte present en m\u00faltiples disciplines, no nom\u00e9s l\u2019art o el disseny: resulta fonamental en la m\u00fasica i tamb\u00e9 en la dansa, per exemple, a partir del concepte de composici\u00f3 coreogr\u00e0fica. I tamb\u00e9 ho \u00e9s en el context audiovisual, refor\u00e7at per tot el desenvolupament del software compositiu (R\u00e0fols, 2016). En [&hellip;]<\/p>\n","protected":false},"author":1,"featured_media":0,"parent":0,"menu_order":0,"comment_status":"closed","ping_status":"closed","template":"","meta":[],"acf":[],"_links":{"self":[{"href":"http:\/\/disseny-test.uoc.edu\/recursos\/form-comp\/ca\/wp-json\/wp\/v2\/pages\/304"}],"collection":[{"href":"http:\/\/disseny-test.uoc.edu\/recursos\/form-comp\/ca\/wp-json\/wp\/v2\/pages"}],"about":[{"href":"http:\/\/disseny-test.uoc.edu\/recursos\/form-comp\/ca\/wp-json\/wp\/v2\/types\/page"}],"author":[{"embeddable":true,"href":"http:\/\/disseny-test.uoc.edu\/recursos\/form-comp\/ca\/wp-json\/wp\/v2\/users\/1"}],"replies":[{"embeddable":true,"href":"http:\/\/disseny-test.uoc.edu\/recursos\/form-comp\/ca\/wp-json\/wp\/v2\/comments?post=304"}],"version-history":[{"count":7,"href":"http:\/\/disseny-test.uoc.edu\/recursos\/form-comp\/ca\/wp-json\/wp\/v2\/pages\/304\/revisions"}],"predecessor-version":[{"id":430,"href":"http:\/\/disseny-test.uoc.edu\/recursos\/form-comp\/ca\/wp-json\/wp\/v2\/pages\/304\/revisions\/430"}],"wp:attachment":[{"href":"http:\/\/disseny-test.uoc.edu\/recursos\/form-comp\/ca\/wp-json\/wp\/v2\/media?parent=304"}],"curies":[{"name":"wp","href":"https:\/\/api.w.org\/{rel}","templated":true}]}}