{"id":69,"date":"2017-02-02T08:42:50","date_gmt":"2017-02-02T08:42:50","guid":{"rendered":"http:\/\/disseny-test.uoc.edu\/recursos\/form-comp\/?page_id=69"},"modified":"2017-02-23T10:57:12","modified_gmt":"2017-02-23T10:57:12","slug":"4-2-forma-color-y-espacio-en-la-composicion","status":"publish","type":"page","link":"http:\/\/disseny-test.uoc.edu\/recursos\/form-comp\/ca\/4-2-forma-color-y-espacio-en-la-composicion\/","title":{"rendered":"4. Jerarquia visual"},"content":{"rendered":"<p><\/p>\n<h3>4.2. Forma, color i espai en la composici\u00f3<\/h3>\n<p>D\u2019acord amb Sherin, all\u00f2 que determina com apareix un element dins d\u2019una composici\u00f3 n\u2019\u00e9s la col\u00b7locaci\u00f3, la grand\u00e0ria, el color, l\u2019equilibri, la repetici\u00f3 i altres variables visuals. Manipulant la forma \u00e9s possible crear una il\u00b7lusi\u00f3 \u00f2ptica i fer que un espai bidimensional tingui profunditat, que els elements s\u2019apropin o s\u2019allunyin, i puguin ser aix\u00ed est\u00e0tics i din\u00e0mics (Sherin, 2012, p\u00e0g. 50).<\/p>\n<div class=\"fondo-fila\">\n<div class='content-column one_half'>A la imatge seg\u00fcent, pertanyent al cartell de la pel\u00b7l\u00edcula <em>La gata sobre la teulada de zinc<\/em>, la figura d\u2019Elizabeth Taylor en primer pla, fent que la seva m\u00e0 esquerra se surti de l\u2019enquadrament, marca una profunditat espacial que tamb\u00e9 es refor\u00e7a per la textura del foc situada en un tercer pla en el fons.<\/div>\n<div class='content-column one_half last_column'><div id=\"attachment_188\" style=\"width: 610px\" class=\"wp-caption alignnone\"><img aria-describedby=\"caption-attachment-188\" loading=\"lazy\" class=\"size-full wp-image-188 img-responsive\" src=\"http:\/\/disseny-test.uoc.edu\/recursos\/form-comp\/wp-content\/uploads\/sites\/19\/2017\/02\/20106_m1_011.png\" alt=\"Cat on a Hot Tin Roof, Reynold Brown, 1958, dominio p\u00fablico.\" width=\"600\" height=\"921\" srcset=\"http:\/\/disseny-test.uoc.edu\/recursos\/form-comp\/wp-content\/uploads\/sites\/19\/2017\/02\/20106_m1_011.png 600w, http:\/\/disseny-test.uoc.edu\/recursos\/form-comp\/wp-content\/uploads\/sites\/19\/2017\/02\/20106_m1_011-195x300.png 195w\" sizes=\"(max-width: 600px) 100vw, 600px\" \/><p id=\"caption-attachment-188\" class=\"wp-caption-text\"><em>Cat on a Hot Tin Roof<\/em>, Reynold Brown, 1958, <a href=\"https:\/\/commons.wikimedia.org\/w\/index.php?curid=24801037\" target=\"&quot;_blank\">dominio p\u00fablico<\/a>.<\/p><\/div><\/div><div class='clear_column'><\/div>\n<\/div>\n<p><\/p>","protected":false},"excerpt":{"rendered":"<p>4.2. Forma, color i espai en la composici\u00f3 D\u2019acord amb Sherin, all\u00f2 que determina com apareix un element dins d\u2019una composici\u00f3 n\u2019\u00e9s la col\u00b7locaci\u00f3, la grand\u00e0ria, el color, l\u2019equilibri, la repetici\u00f3 i altres variables visuals. Manipulant la forma \u00e9s possible crear una il\u00b7lusi\u00f3 \u00f2ptica i fer que un espai bidimensional tingui profunditat, que els elements [&hellip;]<\/p>\n","protected":false},"author":1,"featured_media":0,"parent":0,"menu_order":0,"comment_status":"closed","ping_status":"closed","template":"","meta":[],"acf":[],"_links":{"self":[{"href":"http:\/\/disseny-test.uoc.edu\/recursos\/form-comp\/ca\/wp-json\/wp\/v2\/pages\/69"}],"collection":[{"href":"http:\/\/disseny-test.uoc.edu\/recursos\/form-comp\/ca\/wp-json\/wp\/v2\/pages"}],"about":[{"href":"http:\/\/disseny-test.uoc.edu\/recursos\/form-comp\/ca\/wp-json\/wp\/v2\/types\/page"}],"author":[{"embeddable":true,"href":"http:\/\/disseny-test.uoc.edu\/recursos\/form-comp\/ca\/wp-json\/wp\/v2\/users\/1"}],"replies":[{"embeddable":true,"href":"http:\/\/disseny-test.uoc.edu\/recursos\/form-comp\/ca\/wp-json\/wp\/v2\/comments?post=69"}],"version-history":[{"count":9,"href":"http:\/\/disseny-test.uoc.edu\/recursos\/form-comp\/ca\/wp-json\/wp\/v2\/pages\/69\/revisions"}],"predecessor-version":[{"id":382,"href":"http:\/\/disseny-test.uoc.edu\/recursos\/form-comp\/ca\/wp-json\/wp\/v2\/pages\/69\/revisions\/382"}],"wp:attachment":[{"href":"http:\/\/disseny-test.uoc.edu\/recursos\/form-comp\/ca\/wp-json\/wp\/v2\/media?parent=69"}],"curies":[{"name":"wp","href":"https:\/\/api.w.org\/{rel}","templated":true}]}}