{"id":94,"date":"2017-02-02T10:32:26","date_gmt":"2017-02-02T10:32:26","guid":{"rendered":"http:\/\/disseny-test.uoc.edu\/recursos\/form-comp\/?page_id=94"},"modified":"2017-03-06T15:32:21","modified_gmt":"2017-03-06T15:32:21","slug":"5-3-1-simetria","status":"publish","type":"page","link":"http:\/\/disseny-test.uoc.edu\/recursos\/form-comp\/ca\/5-3-1-simetria\/","title":{"rendered":"5. Equilibri i tensi\u00f3"},"content":{"rendered":"<p><\/p>\n<h3>5.3. Simetria \/ asimetria<\/h3>\n<p>La simetria i l\u2019abs\u00e8ncia d\u2019aquesta \u00e9s, sens dubte, una forma d\u2019organitzar l\u2019espai que t\u00e9 una gran influ\u00e8ncia en termes d\u2019equilibri, tensi\u00f3 i contrast. De forma simplificada, podr\u00edem distingir dos tipus d\u2019equilibri principals:<strong> l\u2019est\u00e0tic i el din\u00e0mic<\/strong>.<\/p>\n<p>L\u2019equilibri est\u00e0tic sol identificar-se amb la <strong>simetria<\/strong>, dins de les dues tipologies existents: la <strong>simetria axial i la radial<\/strong>.<\/p>\n<h3>5.3.1. Simetria<\/h3>\n<div class=\"definicio\">\n<p>Una composici\u00f3 posseeix una simetria axial quan els seus elements es distribueixen entre els dos costats d\u2019un eix imaginari situat a la meitat del suport. El pes dels elements ha de ser el mateix a ambd\u00f3s costats de l\u2019eix. \u00c9s el tipus de composici\u00f3 m\u00e9s simple i el resultat sol ser est\u00e0tic.<\/p>\n<\/div>\n<div class=\"fondo-fila\">\n<p><div class='content-column one_half'>A continuaci\u00f3 tenim dos exemples fotogr\u00e0fics on la simetria regeix la composici\u00f3 de forma absoluta, tant en disposici\u00f3 vertical com en disposici\u00f3 horitzontal. En aquest cas, s\u2019utilitza com a refer\u00e8ncia l\u2019eix vertical i se situen els elements a cada un dels costats.<\/div><div class='content-column one_half last_column'><div id=\"attachment_213\" style=\"width: 610px\" class=\"wp-caption alignnone\"><img aria-describedby=\"caption-attachment-213\" loading=\"lazy\" class=\"size-full wp-image-213 img-responsive\" src=\"http:\/\/disseny-test.uoc.edu\/recursos\/form-comp\/wp-content\/uploads\/sites\/19\/2017\/02\/20106_m1_021.png\" alt=\"A l\u2019esquerra, Mesquita X\u00faquer, Gemma San Cornelio, 1996. A la dreta, A tale of two windows, Ruben Alexander, 2016, CC.\" width=\"600\" height=\"278\" srcset=\"http:\/\/disseny-test.uoc.edu\/recursos\/form-comp\/wp-content\/uploads\/sites\/19\/2017\/02\/20106_m1_021.png 600w, http:\/\/disseny-test.uoc.edu\/recursos\/form-comp\/wp-content\/uploads\/sites\/19\/2017\/02\/20106_m1_021-300x139.png 300w\" sizes=\"(max-width: 600px) 100vw, 600px\" \/><p id=\"caption-attachment-213\" class=\"wp-caption-text\">A l\u2019esquerra, <em>Mesquita<\/em> <em>X\u00faquer<\/em>, Gemma San Cornelio, 1996. A la dreta, <em>A tale of two windows<\/em>, Ruben Alexander, 2016, <a href=\"https:\/\/www.flickr.com\/photos\/8997331@N04\/30020753152\/\" target=\"_blank\">CC<\/a>.<\/p><\/div><\/div><div class='clear_column'><\/div><\/p>\n<\/div>\n<p>&nbsp;<\/p>\n<div class=\"fondo-fila\">\n<p><div class='content-column one_half'>D\u2019altra banda, en l\u2019ordenaci\u00f3 per simetria radial els elements es distribueixen al voltant d\u2019un punt, centre de la composici\u00f3, de manera que existeixen diferents eixos que s\u2019estructuren com els radis d\u2019una bicicleta.<\/div><div class='content-column one_half last_column'><div id=\"attachment_95\" style=\"width: 610px\" class=\"wp-caption alignnone\"><img aria-describedby=\"caption-attachment-95\" loading=\"lazy\" class=\"img-responsive wp-image-95 size-full\" src=\"http:\/\/disseny-test.uoc.edu\/recursos\/form-comp\/wp-content\/uploads\/sites\/19\/2017\/02\/20106_m1_022.png\" alt=\"Simetria radial, Alexandre Hamada Possi, 2010, CC.\" width=\"600\" height=\"451\" srcset=\"http:\/\/disseny-test.uoc.edu\/recursos\/form-comp\/wp-content\/uploads\/sites\/19\/2017\/02\/20106_m1_022.png 600w, http:\/\/disseny-test.uoc.edu\/recursos\/form-comp\/wp-content\/uploads\/sites\/19\/2017\/02\/20106_m1_022-300x226.png 300w\" sizes=\"(max-width: 600px) 100vw, 600px\" \/><p id=\"caption-attachment-95\" class=\"wp-caption-text\"><em>Simetria radial<\/em>, Alexandre Hamada Possi, 2010, <a href=\"https:\/\/www.flickr.com\/photos\/grandexandi\/\" target=\"_blank\">CC<\/a>.<\/p><\/div><\/div><div class='clear_column'><\/div><\/p>\n<\/div>\n<p>&nbsp;<\/p>\n<div class=\"fondo-fila\">\n<p><div class='content-column one_half'>No \u00e9s un tipus de composici\u00f3 gaire freq\u00fcent, tot i que fa uns anys es va fer bastant popular en el camp del disseny gr\u00e0fic, especialment en el camp de la imatge corporativa.<\/div><div class='content-column one_half last_column'><img loading=\"lazy\" class=\"alignnone size-full wp-image-269 img-responsive\" src=\"http:\/\/disseny-test.uoc.edu\/recursos\/form-comp\/wp-content\/uploads\/sites\/19\/2017\/02\/20106_m1_040.png\" alt=\"20106_m1_040\" width=\"350\" height=\"360\" srcset=\"http:\/\/disseny-test.uoc.edu\/recursos\/form-comp\/wp-content\/uploads\/sites\/19\/2017\/02\/20106_m1_040.png 350w, http:\/\/disseny-test.uoc.edu\/recursos\/form-comp\/wp-content\/uploads\/sites\/19\/2017\/02\/20106_m1_040-292x300.png 292w\" sizes=\"(max-width: 350px) 100vw, 350px\" \/><\/div><div class='clear_column'><\/div><\/p>\n<\/div>\n<p><\/p>","protected":false},"excerpt":{"rendered":"<p>5.3. Simetria \/ asimetria La simetria i l\u2019abs\u00e8ncia d\u2019aquesta \u00e9s, sens dubte, una forma d\u2019organitzar l\u2019espai que t\u00e9 una gran influ\u00e8ncia en termes d\u2019equilibri, tensi\u00f3 i contrast. De forma simplificada, podr\u00edem distingir dos tipus d\u2019equilibri principals: l\u2019est\u00e0tic i el din\u00e0mic. L\u2019equilibri est\u00e0tic sol identificar-se amb la simetria, dins de les dues tipologies existents: la simetria [&hellip;]<\/p>\n","protected":false},"author":1,"featured_media":0,"parent":0,"menu_order":0,"comment_status":"closed","ping_status":"closed","template":"","meta":[],"acf":[],"_links":{"self":[{"href":"http:\/\/disseny-test.uoc.edu\/recursos\/form-comp\/ca\/wp-json\/wp\/v2\/pages\/94"}],"collection":[{"href":"http:\/\/disseny-test.uoc.edu\/recursos\/form-comp\/ca\/wp-json\/wp\/v2\/pages"}],"about":[{"href":"http:\/\/disseny-test.uoc.edu\/recursos\/form-comp\/ca\/wp-json\/wp\/v2\/types\/page"}],"author":[{"embeddable":true,"href":"http:\/\/disseny-test.uoc.edu\/recursos\/form-comp\/ca\/wp-json\/wp\/v2\/users\/1"}],"replies":[{"embeddable":true,"href":"http:\/\/disseny-test.uoc.edu\/recursos\/form-comp\/ca\/wp-json\/wp\/v2\/comments?post=94"}],"version-history":[{"count":17,"href":"http:\/\/disseny-test.uoc.edu\/recursos\/form-comp\/ca\/wp-json\/wp\/v2\/pages\/94\/revisions"}],"predecessor-version":[{"id":424,"href":"http:\/\/disseny-test.uoc.edu\/recursos\/form-comp\/ca\/wp-json\/wp\/v2\/pages\/94\/revisions\/424"}],"wp:attachment":[{"href":"http:\/\/disseny-test.uoc.edu\/recursos\/form-comp\/ca\/wp-json\/wp\/v2\/media?parent=94"}],"curies":[{"name":"wp","href":"https:\/\/api.w.org\/{rel}","templated":true}]}}