{"id":11,"date":"2017-01-30T11:17:08","date_gmt":"2017-01-30T11:17:08","guid":{"rendered":"http:\/\/disseny-test.uoc.edu\/recursos\/form-comp\/?page_id=11"},"modified":"2017-03-06T14:49:41","modified_gmt":"2017-03-06T14:49:41","slug":"2-forma-y-estructura","status":"publish","type":"page","link":"http:\/\/disseny-test.uoc.edu\/recursos\/form-comp\/2-forma-y-estructura\/","title":{"rendered":"2. Forma y estructura"},"content":{"rendered":"<p><\/p>\n<h3><strong>2.1. Introducci\u00f3n<\/strong><\/h3>\n<p>En este m\u00f3dulo trataremos la noci\u00f3n de forma de un modo complementario al trabajo realizado por W. Wong y que se toma como base en esta asignatura a partir de su libro <em>Fundamentos del dise\u00f1o<\/em>, donde se aborda la forma de un modo exhaustivo.<\/p>\n<p>As\u00ed pues, recordando los or\u00edgenes de la relaci\u00f3n entre forma, estructura y composici\u00f3n, cabe se\u00f1alar que para Rancillac las leyes matem\u00e1ticas regulan la ordenaci\u00f3n de la imagen pict\u00f3rica.<\/p>\n<div class=\"cita\">\n<p>\u00abTodas las formas corresponden, m\u00e1s o menos, a figuras geom\u00e9tricas que constituyen el fondo, com\u00fan a toda la humanidad, de los esquemas de representaci\u00f3n. Rubens define muy claramente el m\u00e9todo: se pueden reducir los elementos o principios de la figura humana al cuadrado, al c\u00edrculo y al tri\u00e1ngulo, y C\u00e9zanne, generalizando esta ley a todo el espacio pict\u00f3rico: hay que tratar la naturaleza mediante el cilindro, la esfera y el cono\u00bb (Rancillac, 1992, p\u00e1g. 50).<\/p>\n<\/div>\n<p>Especialmente en el contexto del dise\u00f1o industrial y la arquitectura adquiere bastante importancia la teor\u00eda del campo de Marcolli (1978), que tambi\u00e9n se centra en la s\u00edntesis de los elementos geom\u00e9tricos fundamentales.<\/p>\n<div class=\"definicio\">\n<p>El campo es un espacio que presenta algunas caracter\u00edsticas constantes en cada uno de sus puntos, porque tienen en su interior ciertas caracter\u00edsticas homog\u00e9neas (colores, materiales, forma y funci\u00f3n). La composici\u00f3n modifica el campo, es decir, el espacio, hasta crear un nuevo campo, un nuevo espacio.<\/p>\n<\/div>\n<p>Seg\u00fan la teor\u00eda del campo, geom\u00e9tricamente\u00a0hablando, <strong>todas las formas pueden reducirse a las m\u00e1s simples: circunferencia, cuadrado y tri\u00e1ngulo<\/strong> en el campo bidimensional y sus proyecciones tridimensionales. As\u00ed mismo, cada una de estas formas consta de tres tipos de estructuras: estructura portadora, estructura modular y estructura proyectiva, a partir de las cuales pueden desarrollarse m\u00faltiples formas:<\/p>\n<ol>\n<li><strong> Estructura portadora<\/strong>. Est\u00e1 formada por los puntos y las l\u00edneas de m\u00e1xima caracterizaci\u00f3n formal y por su relativa articulaci\u00f3n. Cada forma posee una estructura propia m\u00e1s o menos visible. La estructura es lo que caracteriza la esencia formal de un espacio.<img loading=\"lazy\" class=\"img-responsive alignnone wp-image-256 size-full\" src=\"http:\/\/disseny-test.uoc.edu\/recursos\/form-comp\/wp-content\/uploads\/sites\/19\/2017\/01\/20106_m1_002-1.png\" alt=\"20106_m1_002\" width=\"885\" height=\"318\" srcset=\"http:\/\/disseny-test.uoc.edu\/recursos\/form-comp\/wp-content\/uploads\/sites\/19\/2017\/01\/20106_m1_002-1.png 885w, http:\/\/disseny-test.uoc.edu\/recursos\/form-comp\/wp-content\/uploads\/sites\/19\/2017\/01\/20106_m1_002-1-300x108.png 300w, http:\/\/disseny-test.uoc.edu\/recursos\/form-comp\/wp-content\/uploads\/sites\/19\/2017\/01\/20106_m1_002-1-768x276.png 768w\" sizes=\"(max-width: 885px) 100vw, 885px\" \/>\n<p><div id=\"attachment_16\" style=\"width: 398px\" class=\"wp-caption aligncenter\"><img aria-describedby=\"caption-attachment-16\" loading=\"lazy\" class=\"img-responsive wp-image-16 size-full\" src=\"http:\/\/disseny-test.uoc.edu\/recursos\/form-comp\/wp-content\/uploads\/sites\/19\/2017\/01\/20106_m1_003.png\" alt=\"20106_m1_003\" width=\"388\" height=\"130\" srcset=\"http:\/\/disseny-test.uoc.edu\/recursos\/form-comp\/wp-content\/uploads\/sites\/19\/2017\/01\/20106_m1_003.png 388w, http:\/\/disseny-test.uoc.edu\/recursos\/form-comp\/wp-content\/uploads\/sites\/19\/2017\/01\/20106_m1_003-300x101.png 300w\" sizes=\"(max-width: 388px) 100vw, 388px\" \/><p id=\"caption-attachment-16\" class=\"wp-caption-text\">Obtenci\u00f3n de formas a partir de la estructura portadora del cuadrado.<\/p><\/div><\/li>\n<li><strong>Estructura modular<\/strong>. Est\u00e1 basada en subm\u00faltiplos que constituyen una ret\u00edcula orientada seg\u00fan los lados del per\u00edmetro del campo. La estructura modula el espacio o campo geom\u00e9trico.<img loading=\"lazy\" class=\"img-responsive alignnone wp-image-258 size-full\" src=\"http:\/\/disseny-test.uoc.edu\/recursos\/form-comp\/wp-content\/uploads\/sites\/19\/2017\/01\/20106_m1_004-1.png\" width=\"300\" height=\"286\" \/><\/li>\n<li><strong>Estructura proyectiva<\/strong> (de proyecci\u00f3n interior). Da m\u00e1xima tensi\u00f3n espacial y su relativa articulaci\u00f3n. Posee la estructura de un espacio; significa no solo conocer su esencia, sino tambi\u00e9n todas sus articulaciones posibles.\n<p><div id=\"attachment_259\" style=\"width: 310px\" class=\"wp-caption alignnone\"><img aria-describedby=\"caption-attachment-259\" loading=\"lazy\" class=\"img-responsive wp-image-259 size-full\" src=\"http:\/\/disseny-test.uoc.edu\/recursos\/form-comp\/wp-content\/uploads\/sites\/19\/2017\/01\/20106_m1_005-1.png\" width=\"300\" height=\"299\" srcset=\"http:\/\/disseny-test.uoc.edu\/recursos\/form-comp\/wp-content\/uploads\/sites\/19\/2017\/01\/20106_m1_005-1.png 300w, http:\/\/disseny-test.uoc.edu\/recursos\/form-comp\/wp-content\/uploads\/sites\/19\/2017\/01\/20106_m1_005-1-150x150.png 150w\" sizes=\"(max-width: 300px) 100vw, 300px\" \/><p id=\"caption-attachment-259\" class=\"wp-caption-text\">La forma interna de los cristales de estaurolita se puede conseguir a partir de las m\u00faltiples combinaciones de la estructura modular y proyectiva del cuadrado.<\/p><\/div><\/li>\n<\/ol>\n<p><\/p>","protected":false},"excerpt":{"rendered":"<p>2.1. Introducci\u00f3n En este m\u00f3dulo trataremos la noci\u00f3n de forma de un modo complementario al trabajo realizado por W. Wong y que se toma como base en esta asignatura a partir de su libro Fundamentos del dise\u00f1o, donde se aborda la forma de un modo exhaustivo. As\u00ed pues, recordando los or\u00edgenes de la relaci\u00f3n entre [&hellip;]<\/p>\n","protected":false},"author":1,"featured_media":0,"parent":0,"menu_order":0,"comment_status":"closed","ping_status":"closed","template":"","meta":[],"acf":[],"_links":{"self":[{"href":"http:\/\/disseny-test.uoc.edu\/recursos\/form-comp\/wp-json\/wp\/v2\/pages\/11"}],"collection":[{"href":"http:\/\/disseny-test.uoc.edu\/recursos\/form-comp\/wp-json\/wp\/v2\/pages"}],"about":[{"href":"http:\/\/disseny-test.uoc.edu\/recursos\/form-comp\/wp-json\/wp\/v2\/types\/page"}],"author":[{"embeddable":true,"href":"http:\/\/disseny-test.uoc.edu\/recursos\/form-comp\/wp-json\/wp\/v2\/users\/1"}],"replies":[{"embeddable":true,"href":"http:\/\/disseny-test.uoc.edu\/recursos\/form-comp\/wp-json\/wp\/v2\/comments?post=11"}],"version-history":[{"count":35,"href":"http:\/\/disseny-test.uoc.edu\/recursos\/form-comp\/wp-json\/wp\/v2\/pages\/11\/revisions"}],"predecessor-version":[{"id":412,"href":"http:\/\/disseny-test.uoc.edu\/recursos\/form-comp\/wp-json\/wp\/v2\/pages\/11\/revisions\/412"}],"wp:attachment":[{"href":"http:\/\/disseny-test.uoc.edu\/recursos\/form-comp\/wp-json\/wp\/v2\/media?parent=11"}],"curies":[{"name":"wp","href":"https:\/\/api.w.org\/{rel}","templated":true}]}}