{"id":110,"date":"2017-02-02T11:33:50","date_gmt":"2017-02-02T11:33:50","guid":{"rendered":"http:\/\/disseny-test.uoc.edu\/recursos\/form-comp\/?page_id=110"},"modified":"2017-03-06T15:40:48","modified_gmt":"2017-03-06T15:40:48","slug":"6-1-introduccion","status":"publish","type":"page","link":"http:\/\/disseny-test.uoc.edu\/recursos\/form-comp\/6-1-introduccion\/","title":{"rendered":"6. Movimiento"},"content":{"rendered":"<p><\/p>\n<h3><strong>6.1. Introducci\u00f3n<\/strong><\/h3>\n<p>Para Dondis el movimiento es probablemente una de las fuerzas visuales m\u00e1s predominantes en la experiencia humana, siendo la percepci\u00f3n del movimiento algo presente en todo lo que vemos, incluyendo las im\u00e1genes est\u00e1ticas (p\u00e1g. 79). De la misma manera, Bruce Block coincide con Dondis en la idea de que el movimiento es el primer elemento que atrae la atenci\u00f3n. El movimiento se produce m\u00e1s literalmente en el campo audiovisual por desplazamiento de la c\u00e1mara, pero no debe olvidarse el movimiento producido por el recorrido que realizan los ojos del espectador al mirar la imagen, tal y como hemos visto hasta ahora.<\/p>\n<p>Adem\u00e1s, como explican R\u00e0fols y Colomer (2016), el movimiento en el audiovisual se expresa por medio del tiempo. En una imagen est\u00e1tica el tiempo permite profundizar en la lectura, mientras que en una imagen en movimiento el tiempo implica transformaci\u00f3n (March, 2011).<\/p>\n<div class=\"fondo-fila\">\n<div class='content-column one_half'>En el cuadro de Van Gogh, el movimiento se produce a partir de la direcci\u00f3n de las pinceladas en cada uno de los elementos representados; adem\u00e1s, la repetici\u00f3n de las pinceladas y los patrones de color confieren ritmo a la pintura.<\/div>\n<div class='content-column one_half last_column'><div id=\"attachment_217\" style=\"width: 610px\" class=\"wp-caption alignnone\"><img aria-describedby=\"caption-attachment-217\" loading=\"lazy\" class=\"size-full wp-image-217 img-responsive\" src=\"http:\/\/disseny-test.uoc.edu\/recursos\/form-comp\/wp-content\/uploads\/sites\/19\/2017\/02\/20106_m1_027.png\" alt=\"Wheat Field with Cypresses, V. van Gogh, 1889, Open Access for Scholarly Content (OASC) via Met website.\" width=\"600\" height=\"475\" srcset=\"http:\/\/disseny-test.uoc.edu\/recursos\/form-comp\/wp-content\/uploads\/sites\/19\/2017\/02\/20106_m1_027.png 600w, http:\/\/disseny-test.uoc.edu\/recursos\/form-comp\/wp-content\/uploads\/sites\/19\/2017\/02\/20106_m1_027-300x238.png 300w\" sizes=\"(max-width: 600px) 100vw, 600px\" \/><p id=\"caption-attachment-217\" class=\"wp-caption-text\"><em>Wheat Field with Cypresses<\/em>, V. van Gogh, 1889, Open Access for Scholarly Content (OASC) via <a href=\"http:\/\/www.metmuseum.org\/art\/collection\/search\/436535\" target=\"_blank\">Met website<\/a>.<\/p><\/div><\/div><div class='clear_column'><\/div>\n<\/div>\n<p>&nbsp;<\/p>\n<div class=\"fondo-fila\">\n<div class='content-column one_half'>En el caso de la fotograf\u00eda, la captura del movimiento resulta m\u00e1s evidente. En este caso la posici\u00f3n de los delfines marca el movimiento vertical.<\/div>\n<div class='content-column one_half last_column'><div id=\"attachment_218\" style=\"width: 610px\" class=\"wp-caption alignnone\"><img aria-describedby=\"caption-attachment-218\" loading=\"lazy\" class=\"size-full wp-image-218 img-responsive\" src=\"http:\/\/disseny-test.uoc.edu\/recursos\/form-comp\/wp-content\/uploads\/sites\/19\/2017\/02\/20106_m1_028.png\" alt=\"Oceanogr\u00e0fic, Gemma San Cornelio, 2014.\" width=\"600\" height=\"355\" srcset=\"http:\/\/disseny-test.uoc.edu\/recursos\/form-comp\/wp-content\/uploads\/sites\/19\/2017\/02\/20106_m1_028.png 600w, http:\/\/disseny-test.uoc.edu\/recursos\/form-comp\/wp-content\/uploads\/sites\/19\/2017\/02\/20106_m1_028-300x178.png 300w\" sizes=\"(max-width: 600px) 100vw, 600px\" \/><p id=\"caption-attachment-218\" class=\"wp-caption-text\"><em>Oceanogr\u00e0fic<\/em>, Gemma San Cornelio, 2014.<\/p><\/div><\/div><div class='clear_column'><\/div>\n<\/div>\n<p><\/p>","protected":false},"excerpt":{"rendered":"<p>6.1. Introducci\u00f3n Para Dondis el movimiento es probablemente una de las fuerzas visuales m\u00e1s predominantes en la experiencia humana, siendo la percepci\u00f3n del movimiento algo presente en todo lo que vemos, incluyendo las im\u00e1genes est\u00e1ticas (p\u00e1g. 79). De la misma manera, Bruce Block coincide con Dondis en la idea de que el movimiento es el [&hellip;]<\/p>\n","protected":false},"author":1,"featured_media":0,"parent":0,"menu_order":0,"comment_status":"closed","ping_status":"closed","template":"","meta":[],"acf":[],"_links":{"self":[{"href":"http:\/\/disseny-test.uoc.edu\/recursos\/form-comp\/wp-json\/wp\/v2\/pages\/110"}],"collection":[{"href":"http:\/\/disseny-test.uoc.edu\/recursos\/form-comp\/wp-json\/wp\/v2\/pages"}],"about":[{"href":"http:\/\/disseny-test.uoc.edu\/recursos\/form-comp\/wp-json\/wp\/v2\/types\/page"}],"author":[{"embeddable":true,"href":"http:\/\/disseny-test.uoc.edu\/recursos\/form-comp\/wp-json\/wp\/v2\/users\/1"}],"replies":[{"embeddable":true,"href":"http:\/\/disseny-test.uoc.edu\/recursos\/form-comp\/wp-json\/wp\/v2\/comments?post=110"}],"version-history":[{"count":8,"href":"http:\/\/disseny-test.uoc.edu\/recursos\/form-comp\/wp-json\/wp\/v2\/pages\/110\/revisions"}],"predecessor-version":[{"id":426,"href":"http:\/\/disseny-test.uoc.edu\/recursos\/form-comp\/wp-json\/wp\/v2\/pages\/110\/revisions\/426"}],"wp:attachment":[{"href":"http:\/\/disseny-test.uoc.edu\/recursos\/form-comp\/wp-json\/wp\/v2\/media?parent=110"}],"curies":[{"name":"wp","href":"https:\/\/api.w.org\/{rel}","templated":true}]}}