{"id":116,"date":"2017-02-02T11:51:13","date_gmt":"2017-02-02T11:51:13","guid":{"rendered":"http:\/\/disseny-test.uoc.edu\/recursos\/form-comp\/?page_id=116"},"modified":"2017-02-23T11:08:36","modified_gmt":"2017-02-23T11:08:36","slug":"6-2-1-composicion-horizontal","status":"publish","type":"page","link":"http:\/\/disseny-test.uoc.edu\/recursos\/form-comp\/6-2-1-composicion-horizontal\/","title":{"rendered":"6. Movimiento"},"content":{"rendered":"<p><\/p>\n<h3><strong>6.2. Estabilidad, dinamismo y ritmo<\/strong><\/h3>\n<p>As\u00ed pues, podemos abordar la cuesti\u00f3n del movimiento en la composici\u00f3n a partir de las nociones de estatismo, estabilidad o dinamismo que est\u00e1n presentes en determinadas estructuras. A grandes rasgos podr\u00eda decirse que las composiciones cuya estructura predominante es horizontal tienden a la estabilidad. El ejemplo m\u00e1s conocido ser\u00edan los bodegones de Zurbar\u00e1n.<\/p>\n<h3><strong>6.2.1. Composici\u00f3n horizontal<\/strong><\/h3>\n<div class=\"fondo-fila\">\n<div class='content-column one_half'>Sin embargo, en esta composici\u00f3n de C\u00e9zanne, predominantemente horizontal, hay dinamismo presente en el movimiento de las frutas y tambi\u00e9n por la vertical del jarr\u00f3n de la derecha, as\u00ed como en los colores. Podr\u00edamos decir que equilibrio no es incompatible con estabilidad, aunque no al rev\u00e9s: algo desequilibrado no podr\u00e1 ser est\u00e1tico.<\/div>\n<div class='content-column one_half last_column'><div id=\"attachment_219\" style=\"width: 610px\" class=\"wp-caption alignnone\"><img aria-describedby=\"caption-attachment-219\" loading=\"lazy\" class=\"size-full wp-image-219 img-responsive\" src=\"http:\/\/disseny-test.uoc.edu\/recursos\/form-comp\/wp-content\/uploads\/sites\/19\/2017\/02\/20106_m1_029.png\" alt=\"Still Life with Apples and a Pot of Primroses, Paul C\u00e9zanne, 1890, Open Access for Scholarly Content (OASC) via Met website.\" width=\"600\" height=\"474\" srcset=\"http:\/\/disseny-test.uoc.edu\/recursos\/form-comp\/wp-content\/uploads\/sites\/19\/2017\/02\/20106_m1_029.png 600w, http:\/\/disseny-test.uoc.edu\/recursos\/form-comp\/wp-content\/uploads\/sites\/19\/2017\/02\/20106_m1_029-300x237.png 300w\" sizes=\"(max-width: 600px) 100vw, 600px\" \/><p id=\"caption-attachment-219\" class=\"wp-caption-text\"><em>Still Life with Apples and a Pot of Primroses<\/em>, Paul C\u00e9zanne, 1890, Open Access for Scholarly Content (OASC) via <a href=\"http:\/\/www.metmuseum.org\/art\/collection\/search\/435882?sortBy=Relevance&amp;amp;ft=cezanne&amp;amp;offset=0&amp;amp;rpp=20&amp;amp;pos=5\" target=\"_blank\">Met website<\/a>.<\/p><\/div><\/div><div class='clear_column'><\/div>\n<\/div>\n<div class=\"fondo-fila\">\n<div class='content-column one_half'>En el caso concreto de la fotograf\u00eda, respecto a las composiciones horizontales rige la denominada ley del horizonte. No solo sirve para fotograf\u00edas de paisajes en las que tengamos un horizonte, sino tambi\u00e9n para cualquier l\u00ednea de la imagen que nos ayude a dividir la composici\u00f3n en dos partes diferenciadas. De la misma manera, mantener rectas las horizontales contribuir\u00e1 a que la composici\u00f3n sea m\u00e1s est\u00e1tica.<\/div>\n<div class='content-column one_half last_column'><div id=\"attachment_119\" style=\"width: 610px\" class=\"wp-caption alignnone\"><img aria-describedby=\"caption-attachment-119\" loading=\"lazy\" class=\"img-responsive wp-image-119 size-full\" src=\"http:\/\/disseny-test.uoc.edu\/recursos\/form-comp\/wp-content\/uploads\/sites\/19\/2017\/02\/20106_m1_030.png\" alt=\"20106_m1_030\" width=\"600\" height=\"438\" srcset=\"http:\/\/disseny-test.uoc.edu\/recursos\/form-comp\/wp-content\/uploads\/sites\/19\/2017\/02\/20106_m1_030.png 600w, http:\/\/disseny-test.uoc.edu\/recursos\/form-comp\/wp-content\/uploads\/sites\/19\/2017\/02\/20106_m1_030-300x219.png 300w\" sizes=\"(max-width: 600px) 100vw, 600px\" \/><p id=\"caption-attachment-119\" class=\"wp-caption-text\"><em>Barri Carme<\/em>, Gemma San Cornelio, 1996.<\/p><\/div><\/div><div class='clear_column'><\/div>\n<\/div>\n<p><\/p>","protected":false},"excerpt":{"rendered":"<p>6.2. Estabilidad, dinamismo y ritmo As\u00ed pues, podemos abordar la cuesti\u00f3n del movimiento en la composici\u00f3n a partir de las nociones de estatismo, estabilidad o dinamismo que est\u00e1n presentes en determinadas estructuras. A grandes rasgos podr\u00eda decirse que las composiciones cuya estructura predominante es horizontal tienden a la estabilidad. El ejemplo m\u00e1s conocido ser\u00edan los [&hellip;]<\/p>\n","protected":false},"author":1,"featured_media":0,"parent":0,"menu_order":0,"comment_status":"closed","ping_status":"closed","template":"","meta":[],"acf":[],"_links":{"self":[{"href":"http:\/\/disseny-test.uoc.edu\/recursos\/form-comp\/wp-json\/wp\/v2\/pages\/116"}],"collection":[{"href":"http:\/\/disseny-test.uoc.edu\/recursos\/form-comp\/wp-json\/wp\/v2\/pages"}],"about":[{"href":"http:\/\/disseny-test.uoc.edu\/recursos\/form-comp\/wp-json\/wp\/v2\/types\/page"}],"author":[{"embeddable":true,"href":"http:\/\/disseny-test.uoc.edu\/recursos\/form-comp\/wp-json\/wp\/v2\/users\/1"}],"replies":[{"embeddable":true,"href":"http:\/\/disseny-test.uoc.edu\/recursos\/form-comp\/wp-json\/wp\/v2\/comments?post=116"}],"version-history":[{"count":7,"href":"http:\/\/disseny-test.uoc.edu\/recursos\/form-comp\/wp-json\/wp\/v2\/pages\/116\/revisions"}],"predecessor-version":[{"id":389,"href":"http:\/\/disseny-test.uoc.edu\/recursos\/form-comp\/wp-json\/wp\/v2\/pages\/116\/revisions\/389"}],"wp:attachment":[{"href":"http:\/\/disseny-test.uoc.edu\/recursos\/form-comp\/wp-json\/wp\/v2\/media?parent=116"}],"curies":[{"name":"wp","href":"https:\/\/api.w.org\/{rel}","templated":true}]}}