{"id":135,"date":"2017-02-02T12:13:12","date_gmt":"2017-02-02T12:13:12","guid":{"rendered":"http:\/\/disseny-test.uoc.edu\/recursos\/form-comp\/?page_id=135"},"modified":"2017-03-06T15:47:25","modified_gmt":"2017-03-06T15:47:25","slug":"6-3-repeticiones","status":"publish","type":"page","link":"http:\/\/disseny-test.uoc.edu\/recursos\/form-comp\/6-3-repeticiones\/","title":{"rendered":"6. Movimiento"},"content":{"rendered":"<p><\/p>\n<h3><strong>6.3. Repeticiones<\/strong><\/h3>\n<div class=\"fondo-fila\">\n<div class='content-column one_half'>La repetici\u00f3n de elementos gr\u00e1ficos crea un ritmo que agrupa los elementos en una entidad mayor. Adem\u00e1s, el ritmo favorece el movimiento, la sensaci\u00f3n cin\u00e9tica. Esto tendr\u00eda relaci\u00f3n con la ley de dos principios de la Gestalt que postula que la semejanza favorece la agrupaci\u00f3n.<\/div>\n<div class='content-column one_half last_column'><div id=\"attachment_136\" style=\"width: 610px\" class=\"wp-caption alignnone\"><img aria-describedby=\"caption-attachment-136\" loading=\"lazy\" class=\"img-responsive wp-image-136 size-full\" src=\"http:\/\/disseny-test.uoc.edu\/recursos\/form-comp\/wp-content\/uploads\/sites\/19\/2017\/02\/20106_m1_036.png\" alt=\"20106_m1_036\" width=\"600\" height=\"417\" srcset=\"http:\/\/disseny-test.uoc.edu\/recursos\/form-comp\/wp-content\/uploads\/sites\/19\/2017\/02\/20106_m1_036.png 600w, http:\/\/disseny-test.uoc.edu\/recursos\/form-comp\/wp-content\/uploads\/sites\/19\/2017\/02\/20106_m1_036-300x209.png 300w\" sizes=\"(max-width: 600px) 100vw, 600px\" \/><p id=\"caption-attachment-136\" class=\"wp-caption-text\"><em>Cactus, Huerto del cura<\/em>, Gemma San Cornelio, 1996.<\/p><\/div><\/div><div class='clear_column'><\/div>\n<\/div>\n<div class=\"fondo-fila\">\n<div class='content-column one_half'>La repetici\u00f3n es, sin duda, uno de los recursos m\u00e1s utilizados en el trabajo de dise\u00f1o con m\u00f3dulos <a href=\"#\" class=\"pop\" data-html=\"true\" data-toggle=\"popover\" data-content=\"V\u00e9ase Wong.\" data-placement=\"top\">[1]<\/a> que, a su vez, tiene una traducci\u00f3n pr\u00e1ctica en un gran n\u00famero de aplicaciones de dise\u00f1o gr\u00e1fico y textil. En el estilo <em>art d\u00e9co<\/em>, la repetici\u00f3n de elementos decorativos en el marco y estampado de la imagen est\u00e1 muy presente, tal y como podemos observar en el trabajo de Mucha sobre la base de la repetici\u00f3n del tri\u00e1ngulo.<\/div>\n<div class='content-column one_half last_column'><div id=\"attachment_137\" style=\"width: 510px\" class=\"wp-caption alignnone\"><img aria-describedby=\"caption-attachment-137\" loading=\"lazy\" class=\"img-responsive wp-image-137 size-full\" src=\"http:\/\/disseny-test.uoc.edu\/recursos\/form-comp\/wp-content\/uploads\/sites\/19\/2017\/02\/20106_m1_037.png\" alt=\"20106_m1_037\" width=\"500\" height=\"702\" srcset=\"http:\/\/disseny-test.uoc.edu\/recursos\/form-comp\/wp-content\/uploads\/sites\/19\/2017\/02\/20106_m1_037.png 500w, http:\/\/disseny-test.uoc.edu\/recursos\/form-comp\/wp-content\/uploads\/sites\/19\/2017\/02\/20106_m1_037-214x300.png 214w\" sizes=\"(max-width: 500px) 100vw, 500px\" \/><p id=\"caption-attachment-137\" class=\"wp-caption-text\">Anuncio de cigarrillos Job, Alphonse Mucha, <a href=\"http:\/\/masterpieceart.net\/alphonse-mucha\/\" target=\"_blank\">http:\/\/masterpieceart.net\/alphonse-mucha\/<\/a>, <a href=\"https:\/\/commons.wikimedia.org\/w\/index.php?curid=19106308\" target=\"_blank\">dominio p\u00fablico<\/a>.<\/p><\/div><\/div><div class='clear_column'><\/div>\n<\/div>\n<p><\/p>","protected":false},"excerpt":{"rendered":"<p>6.3. Repeticiones<\/p>\n","protected":false},"author":1,"featured_media":0,"parent":0,"menu_order":0,"comment_status":"closed","ping_status":"closed","template":"","meta":[],"acf":[],"_links":{"self":[{"href":"http:\/\/disseny-test.uoc.edu\/recursos\/form-comp\/wp-json\/wp\/v2\/pages\/135"}],"collection":[{"href":"http:\/\/disseny-test.uoc.edu\/recursos\/form-comp\/wp-json\/wp\/v2\/pages"}],"about":[{"href":"http:\/\/disseny-test.uoc.edu\/recursos\/form-comp\/wp-json\/wp\/v2\/types\/page"}],"author":[{"embeddable":true,"href":"http:\/\/disseny-test.uoc.edu\/recursos\/form-comp\/wp-json\/wp\/v2\/users\/1"}],"replies":[{"embeddable":true,"href":"http:\/\/disseny-test.uoc.edu\/recursos\/form-comp\/wp-json\/wp\/v2\/comments?post=135"}],"version-history":[{"count":14,"href":"http:\/\/disseny-test.uoc.edu\/recursos\/form-comp\/wp-json\/wp\/v2\/pages\/135\/revisions"}],"predecessor-version":[{"id":429,"href":"http:\/\/disseny-test.uoc.edu\/recursos\/form-comp\/wp-json\/wp\/v2\/pages\/135\/revisions\/429"}],"wp:attachment":[{"href":"http:\/\/disseny-test.uoc.edu\/recursos\/form-comp\/wp-json\/wp\/v2\/media?parent=135"}],"curies":[{"name":"wp","href":"https:\/\/api.w.org\/{rel}","templated":true}]}}