{"id":30,"date":"2017-02-02T07:38:58","date_gmt":"2017-02-02T07:38:58","guid":{"rendered":"http:\/\/disseny-test.uoc.edu\/recursos\/form-comp\/?page_id=30"},"modified":"2017-03-06T15:02:24","modified_gmt":"2017-03-06T15:02:24","slug":"2-2-forma-simple-forma-compleja","status":"publish","type":"page","link":"http:\/\/disseny-test.uoc.edu\/recursos\/form-comp\/2-2-forma-simple-forma-compleja\/","title":{"rendered":"2. Forma y estructura"},"content":{"rendered":"<p><\/p>\n<h3><strong>2.2. Forma simple, forma compleja<\/strong><\/h3>\n<p>Cabe destacar aqu\u00ed la aportaci\u00f3n de la Gestalt denominada ley de la buena forma o de la pregnancia, que determina que las formas simples se perciben mejor y m\u00e1s f\u00e1cilmente que las complejas. Se trata, pues, de la b\u00fasqueda visual de la estructura m\u00e1s sencilla.<\/p>\n<p>No obstante, seg\u00fan Marcolli:<\/p>\n<div class=\"cita\">\n<p>\u00abLa paradoja que plantea [la Gestalt] es que por un lado tendemos a percibir con mayor facilidad las formas geom\u00e9tricas simples, elementales, cerradas, sim\u00e9tricas, pero despu\u00e9s vemos de modo m\u00e1s legible, interesante y significativo las formas no sim\u00e9tricas, m\u00e1s complejas, abiertas, articuladas\u00bb (Marcolli, 1978, p\u00e1gs. 111-112).<\/p>\n<\/div>\n<p>En este sentido, Mu\u00f1oz y otros (1999) nos recuerdan a Foucault:<\/p>\n<div class=\"cita\">\n<p>\u00abAs\u00ed pues, observar es contentarse con ver. Ver sistem\u00e1ticamente pocas cosas. Ver aquello que, en la riqueza un tanto confusa de la representaci\u00f3n, puede ser analizado, reconocido por todos y recibir as\u00ed un nombre que cualquiera podr\u00e1 entender [&#8230;]\u00bb (Foucault, 1966, p\u00e1g. 134).<\/p>\n<\/div>\n<p>Seg\u00fan estos autores, en la actualidad la forma se asocia poco o nada con las posibilidades generativas, como sistema ordenador y potenciador de la producci\u00f3n de formas y como soporte de las operaciones morfol\u00f3gicas complejas. As\u00ed pues, ellos proponen ampliar la mirada sobre la geometr\u00eda, ligada a sus potencialidades generativas y estructuradoras, a partir de la noci\u00f3n de morfolog\u00eda, desde la concepci\u00f3n espacial de las formas, que muchas veces bordea los l\u00edmites de lo que la geometr\u00eda puede brindar (Mu\u00f1oz y otros, 1999).<\/p>","protected":false},"excerpt":{"rendered":"<p>2.2. Forma simple, forma compleja Cabe destacar aqu\u00ed la aportaci\u00f3n de la Gestalt denominada ley de la buena forma o de la pregnancia, que determina que las formas simples se perciben mejor y m\u00e1s f\u00e1cilmente que las complejas. Se trata, pues, de la b\u00fasqueda visual de la estructura m\u00e1s sencilla. No obstante, seg\u00fan Marcolli: \u00abLa [&hellip;]<\/p>\n","protected":false},"author":1,"featured_media":0,"parent":0,"menu_order":0,"comment_status":"closed","ping_status":"closed","template":"","meta":[],"acf":[],"_links":{"self":[{"href":"http:\/\/disseny-test.uoc.edu\/recursos\/form-comp\/wp-json\/wp\/v2\/pages\/30"}],"collection":[{"href":"http:\/\/disseny-test.uoc.edu\/recursos\/form-comp\/wp-json\/wp\/v2\/pages"}],"about":[{"href":"http:\/\/disseny-test.uoc.edu\/recursos\/form-comp\/wp-json\/wp\/v2\/types\/page"}],"author":[{"embeddable":true,"href":"http:\/\/disseny-test.uoc.edu\/recursos\/form-comp\/wp-json\/wp\/v2\/users\/1"}],"replies":[{"embeddable":true,"href":"http:\/\/disseny-test.uoc.edu\/recursos\/form-comp\/wp-json\/wp\/v2\/comments?post=30"}],"version-history":[{"count":5,"href":"http:\/\/disseny-test.uoc.edu\/recursos\/form-comp\/wp-json\/wp\/v2\/pages\/30\/revisions"}],"predecessor-version":[{"id":413,"href":"http:\/\/disseny-test.uoc.edu\/recursos\/form-comp\/wp-json\/wp\/v2\/pages\/30\/revisions\/413"}],"wp:attachment":[{"href":"http:\/\/disseny-test.uoc.edu\/recursos\/form-comp\/wp-json\/wp\/v2\/media?parent=30"}],"curies":[{"name":"wp","href":"https:\/\/api.w.org\/{rel}","templated":true}]}}