{"id":304,"date":"2017-02-22T08:33:25","date_gmt":"2017-02-22T08:33:25","guid":{"rendered":"http:\/\/disseny-test.uoc.edu\/recursos\/form-comp\/?page_id=304"},"modified":"2017-03-06T15:47:55","modified_gmt":"2017-03-06T15:47:55","slug":"6-movimiento","status":"publish","type":"page","link":"http:\/\/disseny-test.uoc.edu\/recursos\/form-comp\/6-movimiento\/","title":{"rendered":"6. Movimiento"},"content":{"rendered":"<p><\/p>\n<h3><strong>6.4. Conclusi\u00f3n<\/strong><\/h3>\n<p>La composici\u00f3n es un concepto presente en m\u00faltiples disciplinas, no solo el arte o el dise\u00f1o: resulta fundamental en la m\u00fasica y tambi\u00e9n en la danza, por ejemplo, a partir del concepto de <a href=\"http:\/\/composicion-coreografica-2012.blogspot.com.es\/\" target=\"_blank\">composici\u00f3n coreogr\u00e1fica<\/a>. Y tambi\u00e9n lo es en el contexto audiovisual, reforzado por todo el desarrollo del <em>software<\/em> compositivo (R\u00e0fols, 2016). En este m\u00f3dulo solo nos hemos centrado en la composici\u00f3n en el \u00e1mbito bidimensional, pero el espacio tridimensional tambi\u00e9n se rige por par\u00e1metros similares, si bien con m\u00e1s complejidad.<\/p>\n<p>Observar la composici\u00f3n en otras disciplinas puede enriquecer de un modo abrumador el trabajo creativo, tal y como sucede con creadores como Michel Gondry, que utiliza nociones como la simetr\u00eda, la repetici\u00f3n y las gradaciones para llevar a cabo sus <a href=\"http:\/\/comein.uoc.edu\/divulgacio\/comein\/es\/numero47\/articles\/Article-Gemma-San-Cornelio.html\" target=\"_blank\">videoclips musicales<\/a>.<\/p>","protected":false},"excerpt":{"rendered":"<p>6.4. Conclusi\u00f3n La composici\u00f3n es un concepto presente en m\u00faltiples disciplinas, no solo el arte o el dise\u00f1o: resulta fundamental en la m\u00fasica y tambi\u00e9n en la danza, por ejemplo, a partir del concepto de composici\u00f3n coreogr\u00e1fica. Y tambi\u00e9n lo es en el contexto audiovisual, reforzado por todo el desarrollo del software compositivo (R\u00e0fols, 2016). [&hellip;]<\/p>\n","protected":false},"author":1,"featured_media":0,"parent":0,"menu_order":0,"comment_status":"closed","ping_status":"closed","template":"","meta":[],"acf":[],"_links":{"self":[{"href":"http:\/\/disseny-test.uoc.edu\/recursos\/form-comp\/wp-json\/wp\/v2\/pages\/304"}],"collection":[{"href":"http:\/\/disseny-test.uoc.edu\/recursos\/form-comp\/wp-json\/wp\/v2\/pages"}],"about":[{"href":"http:\/\/disseny-test.uoc.edu\/recursos\/form-comp\/wp-json\/wp\/v2\/types\/page"}],"author":[{"embeddable":true,"href":"http:\/\/disseny-test.uoc.edu\/recursos\/form-comp\/wp-json\/wp\/v2\/users\/1"}],"replies":[{"embeddable":true,"href":"http:\/\/disseny-test.uoc.edu\/recursos\/form-comp\/wp-json\/wp\/v2\/comments?post=304"}],"version-history":[{"count":7,"href":"http:\/\/disseny-test.uoc.edu\/recursos\/form-comp\/wp-json\/wp\/v2\/pages\/304\/revisions"}],"predecessor-version":[{"id":430,"href":"http:\/\/disseny-test.uoc.edu\/recursos\/form-comp\/wp-json\/wp\/v2\/pages\/304\/revisions\/430"}],"wp:attachment":[{"href":"http:\/\/disseny-test.uoc.edu\/recursos\/form-comp\/wp-json\/wp\/v2\/media?parent=304"}],"curies":[{"name":"wp","href":"https:\/\/api.w.org\/{rel}","templated":true}]}}