{"id":36,"date":"2017-02-02T07:48:02","date_gmt":"2017-02-02T07:48:02","guid":{"rendered":"http:\/\/disseny-test.uoc.edu\/recursos\/form-comp\/?page_id=36"},"modified":"2017-03-06T15:03:06","modified_gmt":"2017-03-06T15:03:06","slug":"2-3-estructura-o-esquema-compositivo","status":"publish","type":"page","link":"http:\/\/disseny-test.uoc.edu\/recursos\/form-comp\/2-3-estructura-o-esquema-compositivo\/","title":{"rendered":"2. Forma y estructura"},"content":{"rendered":"<p><\/p>\n<h3><strong>2.3. Estructura o esquema compositivo<\/strong><\/h3>\n<p>La estructura, como hemos visto antes en Marcolli, es inherente a la forma de modo fundamental, pero tambi\u00e9n al conjunto de la composici\u00f3n. Volviendo al mundo del arte, observamos los diferentes tipos de estructuras que han regido en los periodos hist\u00f3ricos. Seg\u00fan Rancillac (1992), el arte cl\u00e1sico, originario de Egipto y Grecia, busca un equilibrio armonioso, a imagen del funcionamiento universal. La simetr\u00eda y la estabilidad obtenidas en la conjunci\u00f3n de las verticales y las horizontales caracterizan la expresi\u00f3n de una sociedad basada en el respeto a un orden establecido de naturaleza divina y una jerarqu\u00eda incontestable. La pir\u00e1mide simboliza bien este sistema social (Rancillac, 1992, p\u00e1g. 51).<\/p>\n<p>A partir del siglo <span class=\"versalita\">XVI<\/span> esta estructura va a liberarse, a ponerse en movimiento. La era del Barroco se abre con la conquista del mundo, la investigaci\u00f3n cient\u00edfica y la expresi\u00f3n de los sentimientos personales. El uso del oblicuo traduce el desequilibrio que se instaura. La curva y la espiral introducen el movimiento. Las formas se aligeran. Dos tipos de estructura van a determinar dos estilos de pintura: el Cl\u00e1sico y el Barroco.<\/p>\n<div class=\"definicio\">\n<p>La estructura se resiente sin ser percibida formalmente. Es la composici\u00f3n la que organiza la disposici\u00f3n de los elementos pl\u00e1sticos en la superficie del cuadro, respetando el esquema de la estructura (Rancillac, 1992, p\u00e1g. 52).<\/p>\n<\/div>\n<p>Otra forma de denominar la estructura interna de organizaci\u00f3n es la noci\u00f3n de esqueleto o esquema compositivo. El esquema compositivo es un conjunto de l\u00edneas maestras sobre el que se construye el cuerpo del tema elegido. Este trazado regulador esta\u0301 formado normalmente por figuras geom\u00e9tricas \u2013pol\u00edgonos, c\u00edrculos, \u00f3valos\u2013, redes modulares simples o complejas o l\u00edneas rectas y curvas relacionadas entre s\u00ed. Hay una gran variedad de esquemas compositivos. Los m\u00e1s usuales son: diagonal, triangular, sim\u00e9trico, circular, radial, en ese, en ele o formado por una combinaci\u00f3n de dos o m\u00e1s esquemas simples. Como veremos m\u00e1s adelante, la estructura o esquema puede coincidir con la composici\u00f3n cuando sus elementos se disponen de un modo m\u00e1s evidente en torno a la estructura. Trataremos numerosos ejemplos de cada uno de estos tipos de estructura compositiva predominante.<\/p>","protected":false},"excerpt":{"rendered":"<p>2.3. Estructura o esquema compositivo La estructura, como hemos visto antes en Marcolli, es inherente a la forma de modo fundamental, pero tambi\u00e9n al conjunto de la composici\u00f3n. Volviendo al mundo del arte, observamos los diferentes tipos de estructuras que han regido en los periodos hist\u00f3ricos. Seg\u00fan Rancillac (1992), el arte cl\u00e1sico, originario de Egipto [&hellip;]<\/p>\n","protected":false},"author":1,"featured_media":0,"parent":0,"menu_order":0,"comment_status":"closed","ping_status":"closed","template":"","meta":[],"acf":[],"_links":{"self":[{"href":"http:\/\/disseny-test.uoc.edu\/recursos\/form-comp\/wp-json\/wp\/v2\/pages\/36"}],"collection":[{"href":"http:\/\/disseny-test.uoc.edu\/recursos\/form-comp\/wp-json\/wp\/v2\/pages"}],"about":[{"href":"http:\/\/disseny-test.uoc.edu\/recursos\/form-comp\/wp-json\/wp\/v2\/types\/page"}],"author":[{"embeddable":true,"href":"http:\/\/disseny-test.uoc.edu\/recursos\/form-comp\/wp-json\/wp\/v2\/users\/1"}],"replies":[{"embeddable":true,"href":"http:\/\/disseny-test.uoc.edu\/recursos\/form-comp\/wp-json\/wp\/v2\/comments?post=36"}],"version-history":[{"count":6,"href":"http:\/\/disseny-test.uoc.edu\/recursos\/form-comp\/wp-json\/wp\/v2\/pages\/36\/revisions"}],"predecessor-version":[{"id":414,"href":"http:\/\/disseny-test.uoc.edu\/recursos\/form-comp\/wp-json\/wp\/v2\/pages\/36\/revisions\/414"}],"wp:attachment":[{"href":"http:\/\/disseny-test.uoc.edu\/recursos\/form-comp\/wp-json\/wp\/v2\/media?parent=36"}],"curies":[{"name":"wp","href":"https:\/\/api.w.org\/{rel}","templated":true}]}}