{"id":69,"date":"2017-02-02T08:42:50","date_gmt":"2017-02-02T08:42:50","guid":{"rendered":"http:\/\/disseny-test.uoc.edu\/recursos\/form-comp\/?page_id=69"},"modified":"2017-02-23T10:57:12","modified_gmt":"2017-02-23T10:57:12","slug":"4-2-forma-color-y-espacio-en-la-composicion","status":"publish","type":"page","link":"http:\/\/disseny-test.uoc.edu\/recursos\/form-comp\/4-2-forma-color-y-espacio-en-la-composicion\/","title":{"rendered":"4. Jerarqu\u00eda visual"},"content":{"rendered":"<p><\/p>\n<h3><strong>4.2. Forma, color y espacio en la composici\u00f3n<\/strong><\/h3>\n<p>De acuerdo con Sherin, lo que determina c\u00f3mo aparece un elemento dentro de una composici\u00f3n es su colocaci\u00f3n, el tama\u00f1o, el color, el equilibrio, la repetici\u00f3n y otras variables visuales. Manipulando la forma es posible crear una ilusi\u00f3n \u00f3ptica y hacer que un espacio bidimensional tenga profundidad, que los elementos se acerquen o se alejen, pudiendo ser est\u00e1ticos y din\u00e1micos (Sherin, 2012, p\u00e1g. 50).<\/p>\n<div class=\"fondo-fila\">\n<div class='content-column one_half'>En la siguiente imagen, perteneciente al cartel de la pel\u00edcula <em>La gata sobre el tejado de zinc<\/em>, la figura de Elisabeth Taylor en primer plano, haciendo que su mano izquierda se salga del encuadre, marca una profundidad espacial que tambi\u00e9n se refuerza por la textura de fuego situada en un tercer plano al fondo.<\/div>\n<div class='content-column one_half last_column'><div id=\"attachment_188\" style=\"width: 610px\" class=\"wp-caption alignright\"><img aria-describedby=\"caption-attachment-188\" loading=\"lazy\" class=\"size-full wp-image-188 img-responsive\" src=\"http:\/\/disseny-test.uoc.edu\/recursos\/form-comp\/wp-content\/uploads\/sites\/19\/2017\/02\/20106_m1_011.png\" alt=\"Cat on a Hot Tin Roof, Reynold Brown, 1958, dominio p\u00fablico.\" width=\"600\" height=\"921\" srcset=\"http:\/\/disseny-test.uoc.edu\/recursos\/form-comp\/wp-content\/uploads\/sites\/19\/2017\/02\/20106_m1_011.png 600w, http:\/\/disseny-test.uoc.edu\/recursos\/form-comp\/wp-content\/uploads\/sites\/19\/2017\/02\/20106_m1_011-195x300.png 195w\" sizes=\"(max-width: 600px) 100vw, 600px\" \/><p id=\"caption-attachment-188\" class=\"wp-caption-text\"><em>Cat on a Hot Tin Roof<\/em>, Reynold Brown, 1958, <a href=\"https:\/\/commons.wikimedia.org\/w\/index.php?curid=24801037\">dominio p\u00fablico<\/a>.<\/p><\/div><\/div><div class='clear_column'><\/div>\n<\/div>\n<p><\/p>","protected":false},"excerpt":{"rendered":"<p>4.2. Forma, color y espacio en la composici\u00f3n De acuerdo con Sherin, lo que determina c\u00f3mo aparece un elemento dentro de una composici\u00f3n es su colocaci\u00f3n, el tama\u00f1o, el color, el equilibrio, la repetici\u00f3n y otras variables visuales. Manipulando la forma es posible crear una ilusi\u00f3n \u00f3ptica y hacer que un espacio bidimensional tenga profundidad, [&hellip;]<\/p>\n","protected":false},"author":1,"featured_media":0,"parent":0,"menu_order":0,"comment_status":"closed","ping_status":"closed","template":"","meta":[],"acf":[],"_links":{"self":[{"href":"http:\/\/disseny-test.uoc.edu\/recursos\/form-comp\/wp-json\/wp\/v2\/pages\/69"}],"collection":[{"href":"http:\/\/disseny-test.uoc.edu\/recursos\/form-comp\/wp-json\/wp\/v2\/pages"}],"about":[{"href":"http:\/\/disseny-test.uoc.edu\/recursos\/form-comp\/wp-json\/wp\/v2\/types\/page"}],"author":[{"embeddable":true,"href":"http:\/\/disseny-test.uoc.edu\/recursos\/form-comp\/wp-json\/wp\/v2\/users\/1"}],"replies":[{"embeddable":true,"href":"http:\/\/disseny-test.uoc.edu\/recursos\/form-comp\/wp-json\/wp\/v2\/comments?post=69"}],"version-history":[{"count":9,"href":"http:\/\/disseny-test.uoc.edu\/recursos\/form-comp\/wp-json\/wp\/v2\/pages\/69\/revisions"}],"predecessor-version":[{"id":382,"href":"http:\/\/disseny-test.uoc.edu\/recursos\/form-comp\/wp-json\/wp\/v2\/pages\/69\/revisions\/382"}],"wp:attachment":[{"href":"http:\/\/disseny-test.uoc.edu\/recursos\/form-comp\/wp-json\/wp\/v2\/media?parent=69"}],"curies":[{"name":"wp","href":"https:\/\/api.w.org\/{rel}","templated":true}]}}