{"id":85,"date":"2017-02-02T10:12:28","date_gmt":"2017-02-02T10:12:28","guid":{"rendered":"http:\/\/disseny-test.uoc.edu\/recursos\/form-comp\/?page_id=85"},"modified":"2017-03-06T15:27:35","modified_gmt":"2017-03-06T15:27:35","slug":"5-2-peso-visual-y-espacio-compositivo","status":"publish","type":"page","link":"http:\/\/disseny-test.uoc.edu\/recursos\/form-comp\/5-2-peso-visual-y-espacio-compositivo\/","title":{"rendered":"5. Equilibrio y tensi\u00f3n"},"content":{"rendered":"<p><\/p>\n<h3><strong>5.2. Peso visual y espacio compositivo<\/strong><\/h3>\n<p>Otra forma de abordar el equilibro y la tensi\u00f3n es a partir de la noci\u00f3n de peso visual dentro del espacio compositivo. Esta consideraci\u00f3n se basa en que el espacio compositivo se rige por la fuerza de la gravedad. Por ejemplo, en el mundo natural estamos acostumbrados a que haya m\u00e1s peso abajo que arriba, y tendemos a trasladar esta tendencia no solo al dise\u00f1o de los objetos que construimos, sino al modo de percibir todo aquello que nos rodea. La relaci\u00f3n superior-inferior se establece, pues, seg\u00fan la orientaci\u00f3n espacial de la imagen, con independencia de que esta se encuentre en posici\u00f3n vertical o en posici\u00f3n horizontal.<\/p>\n<p>Por otra parte, la relaci\u00f3n izquierda-derecha se establece sobre la base de nuestros h\u00e1bitos culturales. En la cultura occidental la escritura \u2013y la lectura\u2013 es responsable del poderoso vector din\u00e1mico que recorre toda imagen de izquierda a derecha. La combinaci\u00f3n de este vector con el superior-inferior de la gravedad da origen a las naturalezas contrapuestas de las dos diagonales de una composici\u00f3n enmarcada en un cuadrado o rect\u00e1ngulo: la descendente y principal, que va del v\u00e9rtice superior izquierdo al inferior derecho, y la ascendente y secundaria, del v\u00e9rtice inferior izquierdo al superior derecho (Arrillaga, 2000).<\/p>\n<div class=\"fondo-fila\">\n<div class='content-column one_half'>En el siguiente ejemplo del cuadro de Daumier podemos observar esta estructura en aspa que determina la diagonal izquierda descendiente con diagonal ascendente.<\/div>\n<div class='content-column one_half last_column'><div id=\"attachment_193\" style=\"width: 610px\" class=\"wp-caption alignnone\"><img aria-describedby=\"caption-attachment-193\" loading=\"lazy\" class=\"size-full wp-image-193 img-responsive\" src=\"http:\/\/disseny-test.uoc.edu\/recursos\/form-comp\/wp-content\/uploads\/sites\/19\/2017\/02\/20106_m1_016.png\" alt=\"The Connoisseur, Honor\u00e9 Daumier, ca. 1860-65, Open Access for Scholarly Content (OASC) via Met website.\" width=\"600\" height=\"742\" srcset=\"http:\/\/disseny-test.uoc.edu\/recursos\/form-comp\/wp-content\/uploads\/sites\/19\/2017\/02\/20106_m1_016.png 600w, http:\/\/disseny-test.uoc.edu\/recursos\/form-comp\/wp-content\/uploads\/sites\/19\/2017\/02\/20106_m1_016-243x300.png 243w\" sizes=\"(max-width: 600px) 100vw, 600px\" \/><p id=\"caption-attachment-193\" class=\"wp-caption-text\"><em>The Connoisseur<\/em>, Honor\u00e9 Daumier, ca. 1860-65, Open Access for Scholarly Content (OASC) via <a href=\"http:\/\/www.metmuseum.org\/art\/collection\/search\/333915?sortBy=Relevance&amp;amp;ft=daumier&amp;amp;offset=0&amp;amp;rpp=20&amp;amp;pos=4\" target=\"_blank\">Met website<\/a>.<\/p><\/div><\/div><div class='clear_column'><\/div>\n<\/div>\n<p>Adem\u00e1s, el peso visual es el que determina dentro de una composici\u00f3n el poder de atracci\u00f3n gravitatoria de cada uno de los elementos. As\u00ed pues, aunque el peso visual es una cualidad del objeto que dif\u00edcilmente puede medirse, act\u00faan en \u00e9l los siguientes factores:<\/p>\n<table class=\" personal_table\" style=\"width: 100%;\">\n<tbody style=\"border: 1px solid #eee;\">\n<tr>\n<td style=\"font-weight: bold; background: #ecf4f6;\" width=\"140\">Tama\u00f1o<\/td>\n<td width=\"472\">A mayor tama\u00f1o corresponde mayor peso.<\/td>\n<\/tr>\n<tr>\n<td style=\"font-weight: bold; background: #ecf4f6;\" width=\"140\">Color<\/td>\n<td width=\"472\">Los colores c\u00e1lidos, como el rojo, pesan m\u00e1s que los fr\u00edos, como el azul.<\/td>\n<\/tr>\n<tr>\n<td style=\"font-weight: bold; background: #ecf4f6;\" width=\"140\">Ubicaci\u00f3n<\/td>\n<td width=\"472\">\n<ul>\n<li>El centro pesa m\u00e1s que los laterales.<\/li>\n<li>La coincidencia con alguno de los ejes principales horizontal-vertical y las diagonales pesa m\u00e1s que otra descentrada o alejada de dichos ejes.<\/li>\n<li>Arriba pesa m\u00e1s que abajo.<\/li>\n<li>A la derecha pesa m\u00e1s que a la izquierda.<\/li>\n<\/ul>\n<p>&nbsp;<\/td>\n<\/tr>\n<tr>\n<td style=\"font-weight: bold; background: #ecf4f6;\" width=\"140\">Tono<\/td>\n<td width=\"472\">\n<ul>\n<li>Los tonos claros sobre fondo oscuro pesan m\u00e1s que los oscuros sobre fondo claro.<\/li>\n<li>A igualdad de fondo, es m\u00e1s pesado el tono que m\u00e1s contraste.<\/li>\n<li>Una zona negra tiene que ser mayor que otra blanca para contrapesarla.<\/li>\n<\/ul>\n<\/td>\n<\/tr>\n<tr>\n<td style=\"font-weight: bold; background: #ecf4f6;\" width=\"140\">Forma<\/td>\n<td width=\"472\">\n<ul>\n<li>La forma regular es m\u00e1s pesada que la irregular. Aqu\u00ed vale la pena recordar la ley de la pregnancia o la buena forma, que determina que las formas simples son m\u00e1s f\u00e1ciles de identificar que las complejas.<\/li>\n<li>La compacidad de la forma respecto a su centro es m\u00e1s pesada que su dispersi\u00f3n. Esto tambi\u00e9n tiene relaci\u00f3n con la ley de la proximidad, que favorece la integraci\u00f3n en una unidad mayor en la que los elementos se perciben como integrantes de esta.<\/li>\n<li>Cierre. Se tiende a cerrar las formas buscando una m\u00e1s estable y sencilla. Esto tiene que ver con la ley de la continuidad. La unidad lineal tiende a ser continua.<\/li>\n<li>La orientaci\u00f3n vertical es m\u00e1s pesada que la oblicua, y esta, a su vez, es m\u00e1s pesada que la horizontal.<\/li>\n<li>Textura. Las manchas de color cuya configuraci\u00f3n sea geom\u00e9trica y su textura compacta y densa pesan m\u00e1s que otras formas, de configuraci\u00f3n m\u00e1s libre y textura porosa, que dejan entrever la superficie del soporte.<\/li>\n<\/ul>\n<\/td>\n<\/tr>\n<\/tbody>\n<\/table>\n<p><strong>\u00a0<\/strong><\/p>\n<div class=\"fondo-fila\">\n<div class='content-column one_half'>En esta fotograf\u00eda las texturas aportan complejidad a la visi\u00f3n y dificultan encontrar el centro de la composici\u00f3n.<\/div>\n<div class='content-column one_half last_column'><div id=\"attachment_194\" style=\"width: 610px\" class=\"wp-caption alignnone\"><img aria-describedby=\"caption-attachment-194\" loading=\"lazy\" class=\"size-full wp-image-194 img-responsive\" src=\"http:\/\/disseny-test.uoc.edu\/recursos\/form-comp\/wp-content\/uploads\/sites\/19\/2017\/02\/20106_m1_017.png\" alt=\"Casa abandonada, Gemma San Cornelio, 1996.\" width=\"600\" height=\"405\" srcset=\"http:\/\/disseny-test.uoc.edu\/recursos\/form-comp\/wp-content\/uploads\/sites\/19\/2017\/02\/20106_m1_017.png 600w, http:\/\/disseny-test.uoc.edu\/recursos\/form-comp\/wp-content\/uploads\/sites\/19\/2017\/02\/20106_m1_017-300x203.png 300w\" sizes=\"(max-width: 600px) 100vw, 600px\" \/><p id=\"caption-attachment-194\" class=\"wp-caption-text\"><em>Casa abandonada<\/em>, Gemma San Cornelio, 1996.<\/p><\/div><\/div><div class='clear_column'><\/div>\n<\/div>\n<p>&nbsp;<\/p>\n<p>Seg\u00fan Arrillaga, lo que diferencia el peso del resto de las fuerzas visuales es que se trata de una caracter\u00edstica intr\u00ednseca de cada elemento de la composici\u00f3n, mientras que otras fuerzas \u2013como la direcci\u00f3n o el movimiento\u2013 pueden actuar sobre la composici\u00f3n con independencia del objeto que las produce o sobre el que se aplican. No obstante, es dif\u00edcil separar el efecto de cada uno de los elementos que act\u00faan en la composici\u00f3n. As\u00ed pues, la tensi\u00f3n, por ejemplo, tendr\u00eda una clara relaci\u00f3n \u2013o a veces resulta coincidente\u2013 con la direcci\u00f3n izquierda-derecha de lectura de la imagen o las direcciones de mirada de los personajes representados. En este sentido, Dondis (p\u00e1g. 42) afirma m\u00e1s concretamente que el ojo favorece la zona inferior izquierda de cualquier campo visual. Esto tiene que ver, como hemos dicho, con los h\u00e1bitos de lectura, pero tambi\u00e9n con esquemas de escudri\u00f1amiento que hace el ojo ante una composici\u00f3n. Todo ello est\u00e1 siendo ampliamente estudiado por la neurociencia cognitiva y no es un comportamiento igual para cada persona, pero vale la pena tenerlo en cuenta.<\/p>\n<div class=\"fondo-fila\">\n<div class='content-column one_half'>En el siguiente bodeg\u00f3n, donde el peso visual est\u00e1 muy centrado en el plato con el pastel, hay una entrada de ojo por el \u00e1ngulo izquierdo inferior que viene marcado por la inclinaci\u00f3n del racimo de uvas y que nos dirige hacia la copa de vino.<\/div>\n<div class='content-column one_half last_column'><div id=\"attachment_195\" style=\"width: 610px\" class=\"wp-caption alignnone\"><img aria-describedby=\"caption-attachment-195\" loading=\"lazy\" class=\"size-full wp-image-195 img-responsive\" src=\"http:\/\/disseny-test.uoc.edu\/recursos\/form-comp\/wp-content\/uploads\/sites\/19\/2017\/02\/20106_m1_018.png\" alt=\"Still Life with Cake, Raphaelle Peale, 1818, Open Access for Scholarly Content (OASC) via Met website.\" width=\"600\" height=\"424\" srcset=\"http:\/\/disseny-test.uoc.edu\/recursos\/form-comp\/wp-content\/uploads\/sites\/19\/2017\/02\/20106_m1_018.png 600w, http:\/\/disseny-test.uoc.edu\/recursos\/form-comp\/wp-content\/uploads\/sites\/19\/2017\/02\/20106_m1_018-300x212.png 300w\" sizes=\"(max-width: 600px) 100vw, 600px\" \/><p id=\"caption-attachment-195\" class=\"wp-caption-text\"><em>Still Life with Cake<\/em>, Raphaelle Peale, 1818, Open Access for Scholarly Content (OASC) via <a href=\"http:\/\/www.metmuseum.org\/art\/collection\/search\/11737?sortBy=Relevance&amp;amp;ft=raphaelle+peale&amp;amp;offset=0&amp;amp;rpp=20&amp;amp;pos=1\" target=\"_blank\">Met website<\/a>.<\/p><\/div><\/div><div class='clear_column'><\/div>\n<\/div>\n<div class=\"fondo-fila\">\n<p><div class='content-column one_half'>Caravaggio, que fue un gran maestro de las composiciones complejas, determina en <em>Los m\u00fasicos<\/em> un recorrido del ojo a partir de las miradas de los personajes en forma de <em>M<\/em> produciendo un gran dinamismo en el recorrido visual del cuadro.<\/div><div class='content-column one_half last_column'><div id=\"attachment_88\" style=\"width: 610px\" class=\"wp-caption alignnone\"><img aria-describedby=\"caption-attachment-88\" loading=\"lazy\" class=\"img-responsive wp-image-88 size-full\" src=\"http:\/\/disseny-test.uoc.edu\/recursos\/form-comp\/wp-content\/uploads\/sites\/19\/2017\/02\/20106_m1_019.png\" alt=\"20106_m1_019\" width=\"600\" height=\"464\" srcset=\"http:\/\/disseny-test.uoc.edu\/recursos\/form-comp\/wp-content\/uploads\/sites\/19\/2017\/02\/20106_m1_019.png 600w, http:\/\/disseny-test.uoc.edu\/recursos\/form-comp\/wp-content\/uploads\/sites\/19\/2017\/02\/20106_m1_019-300x232.png 300w\" sizes=\"(max-width: 600px) 100vw, 600px\" \/><p id=\"caption-attachment-88\" class=\"wp-caption-text\"><em>Los m\u00fasicos<\/em>, Caravaggio, 1595, Open Access for Scholarly Content (OASC) via <a href=\"http:\/\/www.metmuseum.org\/art\/collection\/search\/435844?sortBy=Relevance&amp;amp;ft=caravaggio&amp;amp;offset=0&amp;amp;rpp=20&amp;amp;pos=2\" target=\"_blank\">Met website<\/a>.<\/p><\/div><\/div><div class='clear_column'><\/div><\/p>\n<\/div>\n<div class=\"fondo-fila\">\n<p><div class='content-column one_half'>M\u00e1s concretamente en el \u00e1mbito de la fotograf\u00eda existe la denominada ley de la mirada, que consiste en dejar un espacio en el lado a donde se dirige la mirada del retratado. Se considera que dejar aire en el lado donde mira el personaje lo hace \u00abrespirar\u00bb, no quedar constre\u00f1ido.<\/div><div class='content-column one_half last_column'><div id=\"attachment_212\" style=\"width: 610px\" class=\"wp-caption alignnone\"><img aria-describedby=\"caption-attachment-212\" loading=\"lazy\" class=\"img-responsive wp-image-212 size-full\" src=\"http:\/\/disseny-test.uoc.edu\/recursos\/form-comp\/wp-content\/uploads\/sites\/19\/2017\/02\/20106_m1_020.png\" alt=\"Cartes, Gemma San Cornelio, 1996.\" width=\"600\" height=\"427\" srcset=\"http:\/\/disseny-test.uoc.edu\/recursos\/form-comp\/wp-content\/uploads\/sites\/19\/2017\/02\/20106_m1_020.png 600w, http:\/\/disseny-test.uoc.edu\/recursos\/form-comp\/wp-content\/uploads\/sites\/19\/2017\/02\/20106_m1_020-300x214.png 300w\" sizes=\"(max-width: 600px) 100vw, 600px\" \/><p id=\"caption-attachment-212\" class=\"wp-caption-text\"><em>Cartes<\/em>, Gemma San Cornelio, 1996.<\/p><\/div><\/div><div class='clear_column'><\/div><\/p>\n<\/div>\n<p><\/p>","protected":false},"excerpt":{"rendered":"<p>5.2. Peso visual y espacio compositivo Otra forma de abordar el equilibro y la tensi\u00f3n es a partir de la noci\u00f3n de peso visual dentro del espacio compositivo. Esta consideraci\u00f3n se basa en que el espacio compositivo se rige por la fuerza de la gravedad. Por ejemplo, en el mundo natural estamos acostumbrados a que [&hellip;]<\/p>\n","protected":false},"author":1,"featured_media":0,"parent":0,"menu_order":0,"comment_status":"closed","ping_status":"closed","template":"","meta":[],"acf":[],"_links":{"self":[{"href":"http:\/\/disseny-test.uoc.edu\/recursos\/form-comp\/wp-json\/wp\/v2\/pages\/85"}],"collection":[{"href":"http:\/\/disseny-test.uoc.edu\/recursos\/form-comp\/wp-json\/wp\/v2\/pages"}],"about":[{"href":"http:\/\/disseny-test.uoc.edu\/recursos\/form-comp\/wp-json\/wp\/v2\/types\/page"}],"author":[{"embeddable":true,"href":"http:\/\/disseny-test.uoc.edu\/recursos\/form-comp\/wp-json\/wp\/v2\/users\/1"}],"replies":[{"embeddable":true,"href":"http:\/\/disseny-test.uoc.edu\/recursos\/form-comp\/wp-json\/wp\/v2\/comments?post=85"}],"version-history":[{"count":35,"href":"http:\/\/disseny-test.uoc.edu\/recursos\/form-comp\/wp-json\/wp\/v2\/pages\/85\/revisions"}],"predecessor-version":[{"id":423,"href":"http:\/\/disseny-test.uoc.edu\/recursos\/form-comp\/wp-json\/wp\/v2\/pages\/85\/revisions\/423"}],"wp:attachment":[{"href":"http:\/\/disseny-test.uoc.edu\/recursos\/form-comp\/wp-json\/wp\/v2\/media?parent=85"}],"curies":[{"name":"wp","href":"https:\/\/api.w.org\/{rel}","templated":true}]}}