{"id":94,"date":"2017-02-02T10:32:26","date_gmt":"2017-02-02T10:32:26","guid":{"rendered":"http:\/\/disseny-test.uoc.edu\/recursos\/form-comp\/?page_id=94"},"modified":"2017-03-06T15:32:21","modified_gmt":"2017-03-06T15:32:21","slug":"5-3-1-simetria","status":"publish","type":"page","link":"http:\/\/disseny-test.uoc.edu\/recursos\/form-comp\/5-3-1-simetria\/","title":{"rendered":"5. Equilibrio y tensi\u00f3n"},"content":{"rendered":"<p><\/p>\n<h3><strong>5.3. Simetr\u00eda \/ asimetr\u00eda<\/strong><\/h3>\n<p>La simetr\u00eda y la ausencia de ella es, sin duda, una forma de organizar el espacio que tiene una gran influencia en t\u00e9rminos de equilibrio, tensi\u00f3n y contraste. De forma simplificada, podr\u00edamos distinguir dos tipos principales de equilibrio:<strong> el est\u00e1tico y el din\u00e1mico<\/strong>.<\/p>\n<p>El equilibrio est\u00e1tico suele identificarse con la <strong>simetr\u00eda<\/strong>, dentro de las dos tipolog\u00edas existentes: la <strong>simetr\u00eda axial y la radial<\/strong>.<\/p>\n<h3><strong>5.3.1. Simetr\u00eda<\/strong><\/h3>\n<div class=\"definicio\">\n<p>Una composici\u00f3n posee una simetr\u00eda axial cuando los elementos se distribuyen a ambos lados de un eje imaginario situado en la mitad del soporte. El peso de los elementos debe ser el mismo a ambos lados de dicho eje. Es el tipo de composici\u00f3n m\u00e1s simple y el resultado suele ser est\u00e1tico.<\/p>\n<\/div>\n<p>&nbsp;<\/p>\n<div class=\"fondo-fila\">\n<div class='content-column one_half'>A continuaci\u00f3n tenemos dos ejemplos fotogr\u00e1ficos donde la simetr\u00eda rige la composici\u00f3n de forma absoluta, tanto en disposici\u00f3n vertical como en disposici\u00f3n horizontal. En este caso, se utiliza como referencia el eje vertical y se sit\u00faan los elementos a cada uno de los lados.<\/div>\n<div class='content-column one_half last_column'><div id=\"attachment_213\" style=\"width: 610px\" class=\"wp-caption alignnone\"><img aria-describedby=\"caption-attachment-213\" loading=\"lazy\" class=\"size-full wp-image-213 img-responsive\" src=\"http:\/\/disseny-test.uoc.edu\/recursos\/form-comp\/wp-content\/uploads\/sites\/19\/2017\/02\/20106_m1_021.png\" alt=\"A la izquierda, Mezquita X\u00faquer, Gemma San Cornelio, 1996. A la derecha, A tale of two windows, Ruben Alexander, 2016, CC.\" width=\"600\" height=\"278\" srcset=\"http:\/\/disseny-test.uoc.edu\/recursos\/form-comp\/wp-content\/uploads\/sites\/19\/2017\/02\/20106_m1_021.png 600w, http:\/\/disseny-test.uoc.edu\/recursos\/form-comp\/wp-content\/uploads\/sites\/19\/2017\/02\/20106_m1_021-300x139.png 300w\" sizes=\"(max-width: 600px) 100vw, 600px\" \/><p id=\"caption-attachment-213\" class=\"wp-caption-text\">A la izquierda, <em>Mezquita X\u00faquer<\/em>, Gemma San Cornelio, 1996. A la derecha, <em>A tale of two windows<\/em>, Ruben Alexander, 2016, <a href=\"https:\/\/www.flickr.com\/photos\/8997331@N04\/30020753152\/\" target=\"_blank\">CC<\/a>.<\/p><\/div><\/div><div class='clear_column'><\/div>\n<\/div>\n<div class=\"fondo-fila\">\n<div class='content-column one_half'>Por otra parte, en la ordenaci\u00f3n por simetr\u00eda radial los elementos se distribuyen en torno a un punto, centro de la composici\u00f3n, existiendo diferentes ejes que se estructuran como los radios de una bicicleta.<\/div>\n<div class='content-column one_half last_column'><div id=\"attachment_95\" style=\"width: 610px\" class=\"wp-caption alignnone\"><img aria-describedby=\"caption-attachment-95\" loading=\"lazy\" class=\"img-responsive wp-image-95 size-full\" src=\"http:\/\/disseny-test.uoc.edu\/recursos\/form-comp\/wp-content\/uploads\/sites\/19\/2017\/02\/20106_m1_022.png\" alt=\"20106_m1_022\" width=\"600\" height=\"451\" srcset=\"http:\/\/disseny-test.uoc.edu\/recursos\/form-comp\/wp-content\/uploads\/sites\/19\/2017\/02\/20106_m1_022.png 600w, http:\/\/disseny-test.uoc.edu\/recursos\/form-comp\/wp-content\/uploads\/sites\/19\/2017\/02\/20106_m1_022-300x226.png 300w\" sizes=\"(max-width: 600px) 100vw, 600px\" \/><p id=\"caption-attachment-95\" class=\"wp-caption-text\"><em>Simetria radial<\/em>, Alexandre Hamada Possi, 2010, <a href=\"https:\/\/www.flickr.com\/photos\/grandexandi\/\" target=\"_blank\">CC<\/a>.<\/p><\/div><\/div><div class='clear_column'><\/div>\n<\/div>\n<div class=\"fondo-fila\">\n<div class='content-column one_half'>No es un tipo de composici\u00f3n muy frecuente, aunque hace unos a\u00f1os se hizo bastante popular en el campo del dise\u00f1o gr\u00e1fico, especialmente en el campo de la imagen corporativa.<\/div>\n<div class='content-column one_half last_column'><p><img loading=\"lazy\" class=\"alignnone size-full wp-image-269 img-responsive\" src=\"http:\/\/disseny-test.uoc.edu\/recursos\/form-comp\/wp-content\/uploads\/sites\/19\/2017\/02\/20106_m1_040.png\" alt=\"20106_m1_040\" width=\"350\" height=\"360\" srcset=\"http:\/\/disseny-test.uoc.edu\/recursos\/form-comp\/wp-content\/uploads\/sites\/19\/2017\/02\/20106_m1_040.png 350w, http:\/\/disseny-test.uoc.edu\/recursos\/form-comp\/wp-content\/uploads\/sites\/19\/2017\/02\/20106_m1_040-292x300.png 292w\" sizes=\"(max-width: 350px) 100vw, 350px\" \/><\/p><\/div><div class='clear_column'><\/div>\n<\/div>\n<p><\/p>","protected":false},"excerpt":{"rendered":"<p>5.3. Simetr\u00eda \/ asimetr\u00eda La simetr\u00eda y la ausencia de ella es, sin duda, una forma de organizar el espacio que tiene una gran influencia en t\u00e9rminos de equilibrio, tensi\u00f3n y contraste. De forma simplificada, podr\u00edamos distinguir dos tipos principales de equilibrio: el est\u00e1tico y el din\u00e1mico. El equilibrio est\u00e1tico suele identificarse con la simetr\u00eda, [&hellip;]<\/p>\n","protected":false},"author":1,"featured_media":0,"parent":0,"menu_order":0,"comment_status":"closed","ping_status":"closed","template":"","meta":[],"acf":[],"_links":{"self":[{"href":"http:\/\/disseny-test.uoc.edu\/recursos\/form-comp\/wp-json\/wp\/v2\/pages\/94"}],"collection":[{"href":"http:\/\/disseny-test.uoc.edu\/recursos\/form-comp\/wp-json\/wp\/v2\/pages"}],"about":[{"href":"http:\/\/disseny-test.uoc.edu\/recursos\/form-comp\/wp-json\/wp\/v2\/types\/page"}],"author":[{"embeddable":true,"href":"http:\/\/disseny-test.uoc.edu\/recursos\/form-comp\/wp-json\/wp\/v2\/users\/1"}],"replies":[{"embeddable":true,"href":"http:\/\/disseny-test.uoc.edu\/recursos\/form-comp\/wp-json\/wp\/v2\/comments?post=94"}],"version-history":[{"count":17,"href":"http:\/\/disseny-test.uoc.edu\/recursos\/form-comp\/wp-json\/wp\/v2\/pages\/94\/revisions"}],"predecessor-version":[{"id":424,"href":"http:\/\/disseny-test.uoc.edu\/recursos\/form-comp\/wp-json\/wp\/v2\/pages\/94\/revisions\/424"}],"wp:attachment":[{"href":"http:\/\/disseny-test.uoc.edu\/recursos\/form-comp\/wp-json\/wp\/v2\/media?parent=94"}],"curies":[{"name":"wp","href":"https:\/\/api.w.org\/{rel}","templated":true}]}}