{"id":19,"date":"2017-02-02T16:34:14","date_gmt":"2017-02-02T16:34:14","guid":{"rendered":"http:\/\/disseny-test.uoc.edu\/recursos\/prod-graf\/?page_id=19"},"modified":"2017-02-03T11:38:57","modified_gmt":"2017-02-03T11:38:57","slug":"2-impresion-digital-2","status":"publish","type":"page","link":"http:\/\/disseny-test.uoc.edu\/recursos\/prod-graf\/ca\/2-impresion-digital-2\/","title":{"rendered":"2. Impressi\u00f3 digital"},"content":{"rendered":"<p><\/p>\n<h3><strong>2.2. V\u00eddeos d\u2019inter\u00e8s<\/strong><\/h3>\n<p>&nbsp;<\/p>\n<h4><strong>Comparaci\u00f3 entre impressi\u00f3 digital i impressi\u00f3 \u00f2fset<\/strong><\/h4>\n<p>Animaci\u00f3 (en castell\u00e0) for\u00e7a il\u00b7lustrativa de comparaci\u00f3 dels dos sistemes d\u2019impressi\u00f3 en relaci\u00f3 amb diversos par\u00e0metres.<\/p>\n<p><iframe loading=\"lazy\" src=\"https:\/\/www.youtube.com\/embed\/-r2kjuyrWO0\" width=\"560\" height=\"315\" frameborder=\"0\" allowfullscreen=\"allowfullscreen\"><\/iframe><\/p>\n<p>V\u00eddeo (en angl\u00e8s) on es comparen ambd\u00f3s processos des del punt de vista productiu i de qualitat.<\/p>\n<p><iframe loading=\"lazy\" src=\"https:\/\/www.youtube.com\/embed\/m21aaF-E4i4\" width=\"560\" height=\"315\" frameborder=\"0\" allowfullscreen=\"allowfullscreen\"><\/iframe><\/p>\n<p>&nbsp;<\/p>\n<h4><strong>La impressora d\u2019injecci\u00f3 (inkjet)<\/strong><\/h4>\n<p>V\u00eddeo divulgatiu (en castell\u00e0) de presentaci\u00f3 de com funciona una impressora digital d\u2019injecci\u00f3 de tinta.<\/p>\n<p><iframe loading=\"lazy\" src=\"https:\/\/www.youtube.com\/embed\/s2V4ICbqUm4\" width=\"560\" height=\"315\" frameborder=\"0\" allowfullscreen=\"allowfullscreen\"><\/iframe><\/p>\n<p>V\u00eddeo promocional (en angl\u00e8s) d\u2019HP sobre el funcionament i els avantatges d\u2019un cartutx de tinta HP.<\/p>\n<p><iframe loading=\"lazy\" src=\"https:\/\/www.youtube.com\/embed\/tuhKEKW4j0Q\" width=\"560\" height=\"315\" frameborder=\"0\" allowfullscreen=\"allowfullscreen\"><\/iframe><\/p>\n<p>&nbsp;<\/p>\n<h4><strong>La impressora digital (l\u00e0ser o de t\u00f2ner)<\/strong><\/h4>\n<p>V\u00eddeo divulgatiu (en castell\u00e0) de presentaci\u00f3 de com funciona una impressora digital de t\u00f2ner.<\/p>\n<p><iframe loading=\"lazy\" src=\"https:\/\/www.youtube.com\/embed\/99CUorxtyAs\" width=\"560\" height=\"315\" frameborder=\"0\" allowfullscreen=\"allowfullscreen\"><\/iframe><\/p>\n<p>V\u00eddeo divulgatiu (en angl\u00e8s) de presentaci\u00f3 de com funciona una impressora digital de t\u00f2ner.<\/p>\n<p><iframe loading=\"lazy\" src=\"https:\/\/www.youtube.com\/embed\/WB0HnXcW8qQ\" width=\"560\" height=\"315\" frameborder=\"0\" allowfullscreen=\"allowfullscreen\"><\/iframe><\/p>\n<p>V\u00eddeo promocional (en castell\u00e0) d\u2019HP sobre el funcionament i els avantatges d\u2019una impressora digital de t\u00f2ner HP.<\/p>\n<p><iframe loading=\"lazy\" src=\"https:\/\/www.youtube.com\/embed\/Abk6v_OwXiE\" width=\"560\" height=\"315\" frameborder=\"0\" allowfullscreen=\"allowfullscreen\"><\/iframe><\/p>\n<p>&nbsp;<\/p>\n<h4><strong>Impressi\u00f3 digital mitjan\u00e7ant pl\u00f2ter<\/strong><\/h4>\n<p>V\u00eddeo de presentaci\u00f3 (comercial) d\u2019HP on es mostren diversos dispositius de la marca, i les possibilitats gr\u00e0fiques de la impressi\u00f3 digital.<\/p>\n<p><iframe loading=\"lazy\" src=\"https:\/\/www.youtube.com\/embed\/n-dMwtpPccw\" width=\"560\" height=\"315\" frameborder=\"0\" allowfullscreen=\"allowfullscreen\"><\/iframe><\/p>\n<p>&nbsp;<\/p>\n<h4><strong>Impressi\u00f3 digital directa sobre t\u00e8xtil<\/strong><\/h4>\n<p>V\u00eddeo de presentaci\u00f3 (comercial) d\u2019un impressor digital t\u00e8xtil. Permet observar diferents dispositius i la impressi\u00f3 dels productes corresponents.<\/p>\n<p><iframe loading=\"lazy\" src=\"https:\/\/www.youtube.com\/embed\/Edklcw2bif4\" width=\"560\" height=\"315\" frameborder=\"0\" allowfullscreen=\"allowfullscreen\"><\/iframe><\/p>\n<p>V\u00eddeo de presentaci\u00f3 (comercial) d\u2019un impressor digital t\u00e8xtil una mica m\u00e9s detallat.<\/p>\n<p>Permet observar el proc\u00e9s de preparaci\u00f3 del suport i la impressi\u00f3 dels productes corresponents.<\/p>\n<p><iframe loading=\"lazy\" src=\"https:\/\/www.youtube.com\/embed\/E9__mAEDjmA\" width=\"560\" height=\"315\" frameborder=\"0\" allowfullscreen=\"allowfullscreen\"><\/iframe><\/p>\n<p>&nbsp;<\/p>\n<h4><strong>Termoestampaci\u00f3 sobre t\u00e8xtil mitjan\u00e7ant vinil<\/strong><\/h4>\n<p>V\u00eddeo complet de presentaci\u00f3 del proc\u00e9s de generaci\u00f3 digital, i tall de la pel\u2022l\u00edcula de vinil, preparaci\u00f3 de suport i col\u2022locaci\u00f3 de la pel\u00b7l\u00edcula i impressi\u00f3 final.<\/p>\n<p><iframe loading=\"lazy\" src=\"https:\/\/www.youtube.com\/embed\/aEzThoFYipU\" width=\"560\" height=\"315\" frameborder=\"0\" allowfullscreen=\"allowfullscreen\"><\/iframe><\/p>\n<p>&nbsp;<\/p>\n<h4><strong><em>Digital wrapping<\/em> (vinil)<\/strong><\/h4>\n<p>V\u00eddeo de presentaci\u00f3 d\u2019HP (en angl\u00e8s, subtitulat en castell\u00e0) sobre aplicacions del vinil i la t\u00e8cnica d\u2019instal\u00b7laci\u00f3 coneguda com a <em>wrapping.<\/em><\/p>\n<p><iframe loading=\"lazy\" src=\"https:\/\/www.youtube.com\/embed\/wRNmyuP8Tfo\" width=\"560\" height=\"315\" frameborder=\"0\" allowfullscreen=\"allowfullscreen\"><\/iframe><\/p>\n<p>&nbsp;<\/p>","protected":false},"excerpt":{"rendered":"<p>2.2. V\u00eddeos d\u2019inter\u00e8s &nbsp; Comparaci\u00f3 entre impressi\u00f3 digital i impressi\u00f3 \u00f2fset Animaci\u00f3 (en castell\u00e0) for\u00e7a il\u00b7lustrativa de comparaci\u00f3 dels dos sistemes d\u2019impressi\u00f3 en relaci\u00f3 amb diversos par\u00e0metres. V\u00eddeo (en angl\u00e8s) on es comparen ambd\u00f3s processos des del punt de vista productiu i de qualitat. &nbsp; La impressora d\u2019injecci\u00f3 (inkjet) V\u00eddeo divulgatiu (en castell\u00e0) de presentaci\u00f3 [&hellip;]<\/p>\n","protected":false},"author":1,"featured_media":0,"parent":0,"menu_order":0,"comment_status":"closed","ping_status":"closed","template":"","meta":[],"acf":[],"_links":{"self":[{"href":"http:\/\/disseny-test.uoc.edu\/recursos\/prod-graf\/ca\/wp-json\/wp\/v2\/pages\/19"}],"collection":[{"href":"http:\/\/disseny-test.uoc.edu\/recursos\/prod-graf\/ca\/wp-json\/wp\/v2\/pages"}],"about":[{"href":"http:\/\/disseny-test.uoc.edu\/recursos\/prod-graf\/ca\/wp-json\/wp\/v2\/types\/page"}],"author":[{"embeddable":true,"href":"http:\/\/disseny-test.uoc.edu\/recursos\/prod-graf\/ca\/wp-json\/wp\/v2\/users\/1"}],"replies":[{"embeddable":true,"href":"http:\/\/disseny-test.uoc.edu\/recursos\/prod-graf\/ca\/wp-json\/wp\/v2\/comments?post=19"}],"version-history":[{"count":7,"href":"http:\/\/disseny-test.uoc.edu\/recursos\/prod-graf\/ca\/wp-json\/wp\/v2\/pages\/19\/revisions"}],"predecessor-version":[{"id":65,"href":"http:\/\/disseny-test.uoc.edu\/recursos\/prod-graf\/ca\/wp-json\/wp\/v2\/pages\/19\/revisions\/65"}],"wp:attachment":[{"href":"http:\/\/disseny-test.uoc.edu\/recursos\/prod-graf\/ca\/wp-json\/wp\/v2\/media?parent=19"}],"curies":[{"name":"wp","href":"https:\/\/api.w.org\/{rel}","templated":true}]}}