{"id":13,"date":"2017-02-02T15:53:42","date_gmt":"2017-02-02T15:53:42","guid":{"rendered":"http:\/\/disseny-test.uoc.edu\/recursos\/prod-graf\/?page_id=13"},"modified":"2017-02-03T11:31:58","modified_gmt":"2017-02-03T11:31:58","slug":"2-impresion-digital-1","status":"publish","type":"page","link":"http:\/\/disseny-test.uoc.edu\/recursos\/prod-graf\/2-impresion-digital-1\/","title":{"rendered":"2. Impresi\u00f3n digital"},"content":{"rendered":"<p><\/p>\n<h3><strong>2.1. Enlaces interesantes <\/strong><\/h3>\n<p>&nbsp;<\/p>\n<h4><strong>Impresi\u00f3n digital u \u00f3fset<\/strong><\/h4>\n<p>Comparaci\u00f3n y consejos de elecci\u00f3n de uno u otro sistema en funci\u00f3n del proyecto<\/p>\n<p><a href=\"https:\/\/www.laimprentacg.com\/diferencias-entre-impresion-offset-y-digital\/\" target=\"_blank\">https:\/\/www.laimprentacg.com\/diferencias-entre-impresion-offset-y-digital\/<\/a><\/p>\n<p>Consideraciones sobre impresi\u00f3n digital<\/p>\n<p><a href=\"http:\/\/www.kwdoggett.com.au\/2014\/08\/top-10-digital-printing-tips\/\" target=\"_blank\">http:\/\/www.kwdoggett.com.au\/2014\/08\/top-10-digital-printing-tips\/<\/a> (en ingl\u00e9s)<\/p>\n<p>&nbsp;<\/p>\n<h4><strong>Impresi\u00f3n digital o serigraf\u00eda (impresi\u00f3n textil)<\/strong><\/h4>\n<p><a href=\"https:\/\/www.fespa.com\/news\/features\/screen-vs-digital-the-print-debatecontinues.html\" target=\"_blank\">https:\/\/www.fespa.com\/news\/features\/screen-vs-digital-the-print-debatecontinues.html<\/a> (en ingl\u00e9s)<\/p>\n<p>&nbsp;<\/p>\n<h4><strong>Tecnolog\u00edas de impresi\u00f3n digital<\/strong><\/h4>\n<p><a href=\"http:\/\/www.sigmaaldrich.com\/technical-documents\/articles\/material-matters\/inkjetprinting-as.html\" target=\"_blank\">http:\/\/www.sigmaaldrich.com\/technical-documents\/articles\/material-matters\/inkjetprinting-as.html<\/a> (en ingl\u00e9s)<\/p>\n<p>&nbsp;<\/p>\n<h4><strong>Impresi\u00f3n inkjet<\/strong><\/h4>\n<p><a href=\"http:\/\/www.image-specialists.com\/ink_int_injet_printer.aspxh\" target=\"_blank\">http:\/\/www.image-specialists.com\/ink_int_injet_printer.aspxh<\/a> (en ingl\u00e9s)<\/p>\n<p><a href=\"https:\/\/www.fespa.com\/news\/features\/mastering-the-art-of-inkjet-printing.html\" target=\"_blank\">https:\/\/www.fespa.com\/news\/features\/mastering-the-art-of-inkjet-printing.html<\/a> (en ingl\u00e9s)<\/p>\n<p>&nbsp;<\/p>\n<h4><strong>Cabezales de tinta<\/strong><\/h4>\n<p><a href=\"https:\/\/www.fespa.com\/news\/features\/understanding-printhead-technologies.html\" target=\"_blank\">https:\/\/www.fespa.com\/news\/features\/understanding-printhead-technologies.html<\/a> (en ingl\u00e9s)<\/p>\n<p>&nbsp;<\/p>\n<h4><strong>Impresi\u00f3n l\u00e1ser (t\u00f3ner)<\/strong><\/h4>\n<p><a href=\"https:\/\/ciscoskills.net\/2011\/03\/08\/laser-printing-process\/\" target=\"_blank\">https:\/\/ciscoskills.net\/2011\/03\/08\/laser-printing-process\/<\/a> (en ingl\u00e9s)<\/p>\n<p><a href=\"http:\/\/www.alphr.com\/innovation-at-work\/1001254\/how-does-a-laser-printer-work\" target=\"_blank\">http:\/\/www.alphr.com\/innovation-at-work\/1001254\/how-does-a-laser-printer-work<\/a> (en ingl\u00e9s)<\/p>\n<p>&nbsp;<\/p>\n<h4><strong>Impresi\u00f3n digital e impresi\u00f3n de gran formato<\/strong><\/h4>\n<p><a href=\"https:\/\/www.fespa.com\/news\/features\/understanding-the-basics-of-inkjet-and-wideformat-printing.html\" target=\"_blank\">https:\/\/www.fespa.com\/news\/features\/understanding-the-basics-of-inkjet-and-wideformat-printing.html<\/a> (en ingl\u00e9s)<\/p>\n<p>&nbsp;<\/p>\n<h4><strong>Impresi\u00f3n textil digital mediante sublimaci\u00f3n<\/strong><\/h4>\n<p><a href=\"https:\/\/www.brildor.com\/blog\/sublimacion\/consejos-tecnicos-parasublimacion\/preguntas-basicas-sobre-sublimacion.html\" target=\"_blank\">https:\/\/www.brildor.com\/blog\/sublimacion\/consejos-tecnicos-parasublimacion\/preguntas-basicas-sobre-sublimacion.html<\/a> (en ingl\u00e9s)<\/p>\n<p>&nbsp;<\/p>\n<h4><strong>Impresi\u00f3n textil mediante termotransferencia por vinilo<\/strong><\/h4>\n<p><a href=\"https:\/\/blog.signwarehouse.com\/basic-guide-to-t-shirt-vinyl-and-heat-transfer-film\/\" target=\"_blank\">https:\/\/blog.signwarehouse.com\/basic-guide-to-t-shirt-vinyl-and-heat-transfer-film\/<\/a> (en ingl\u00e9s)<\/p>\n<p>&nbsp;<\/p>","protected":false},"excerpt":{"rendered":"<p>2.1. Enlaces interesantes &nbsp; Impresi\u00f3n digital u \u00f3fset Comparaci\u00f3n y consejos de elecci\u00f3n de uno u otro sistema en funci\u00f3n del proyecto https:\/\/www.laimprentacg.com\/diferencias-entre-impresion-offset-y-digital\/ Consideraciones sobre impresi\u00f3n digital http:\/\/www.kwdoggett.com.au\/2014\/08\/top-10-digital-printing-tips\/ (en ingl\u00e9s) &nbsp; Impresi\u00f3n digital o serigraf\u00eda (impresi\u00f3n textil) https:\/\/www.fespa.com\/news\/features\/screen-vs-digital-the-print-debatecontinues.html (en ingl\u00e9s) &nbsp; Tecnolog\u00edas de impresi\u00f3n digital http:\/\/www.sigmaaldrich.com\/technical-documents\/articles\/material-matters\/inkjetprinting-as.html (en ingl\u00e9s) &nbsp; Impresi\u00f3n inkjet http:\/\/www.image-specialists.com\/ink_int_injet_printer.aspxh (en ingl\u00e9s) https:\/\/www.fespa.com\/news\/features\/mastering-the-art-of-inkjet-printing.html [&hellip;]<\/p>\n","protected":false},"author":1,"featured_media":0,"parent":0,"menu_order":0,"comment_status":"closed","ping_status":"closed","template":"","meta":[],"acf":[],"_links":{"self":[{"href":"http:\/\/disseny-test.uoc.edu\/recursos\/prod-graf\/wp-json\/wp\/v2\/pages\/13"}],"collection":[{"href":"http:\/\/disseny-test.uoc.edu\/recursos\/prod-graf\/wp-json\/wp\/v2\/pages"}],"about":[{"href":"http:\/\/disseny-test.uoc.edu\/recursos\/prod-graf\/wp-json\/wp\/v2\/types\/page"}],"author":[{"embeddable":true,"href":"http:\/\/disseny-test.uoc.edu\/recursos\/prod-graf\/wp-json\/wp\/v2\/users\/1"}],"replies":[{"embeddable":true,"href":"http:\/\/disseny-test.uoc.edu\/recursos\/prod-graf\/wp-json\/wp\/v2\/comments?post=13"}],"version-history":[{"count":7,"href":"http:\/\/disseny-test.uoc.edu\/recursos\/prod-graf\/wp-json\/wp\/v2\/pages\/13\/revisions"}],"predecessor-version":[{"id":61,"href":"http:\/\/disseny-test.uoc.edu\/recursos\/prod-graf\/wp-json\/wp\/v2\/pages\/13\/revisions\/61"}],"wp:attachment":[{"href":"http:\/\/disseny-test.uoc.edu\/recursos\/prod-graf\/wp-json\/wp\/v2\/media?parent=13"}],"curies":[{"name":"wp","href":"https:\/\/api.w.org\/{rel}","templated":true}]}}