{"id":19,"date":"2017-02-02T16:34:14","date_gmt":"2017-02-02T16:34:14","guid":{"rendered":"http:\/\/disseny-test.uoc.edu\/recursos\/prod-graf\/?page_id=19"},"modified":"2017-02-03T11:38:57","modified_gmt":"2017-02-03T11:38:57","slug":"2-impresion-digital-2","status":"publish","type":"page","link":"http:\/\/disseny-test.uoc.edu\/recursos\/prod-graf\/2-impresion-digital-2\/","title":{"rendered":"2. Impresi\u00f3n digital"},"content":{"rendered":"<p><\/p>\n<h3><strong>2.2. V\u00eddeos de inter\u00e9s <\/strong><\/h3>\n<p>&nbsp;<\/p>\n<h4><strong>Comparaci\u00f3n entre impresi\u00f3n digital e impresi\u00f3n \u00f3fset<\/strong><\/h4>\n<p>Animaci\u00f3n (en castellano) bastante ilustrativa de comparaci\u00f3n de los dos sistemas de impresi\u00f3n en relaci\u00f3n con varios par\u00e1metros.<\/p>\n<p><iframe loading=\"lazy\" src=\"https:\/\/www.youtube.com\/embed\/-r2kjuyrWO0\" width=\"560\" height=\"315\" frameborder=\"0\" allowfullscreen=\"allowfullscreen\"><\/iframe><\/p>\n<p>V\u00eddeo (en \u00e1ngulos) donde se compara ambos procesos desde el punto de vista productivo y de calidad.<\/p>\n<p><iframe loading=\"lazy\" src=\"https:\/\/www.youtube.com\/embed\/m21aaF-E4i4\" width=\"560\" height=\"315\" frameborder=\"0\" allowfullscreen=\"allowfullscreen\"><\/iframe><\/p>\n<p>&nbsp;<\/p>\n<h4><strong>La impresora digital (l\u00e1ser o de t\u00f3ner)<\/strong><\/h4>\n<p>V\u00eddeo divulgativo (en castellano) de presentaci\u00f3n de c\u00f3mo funciona una impresora digital de t\u00f3ner.<\/p>\n<p><iframe loading=\"lazy\" src=\"https:\/\/www.youtube.com\/embed\/s2V4ICbqUm4\" width=\"560\" height=\"315\" frameborder=\"0\" allowfullscreen=\"allowfullscreen\"><\/iframe><\/p>\n<p>V\u00eddeo promocional (en \u00e1ngulos) de HP de explicaci\u00f3n del funcionamiento y ventajas de un cartucho de tinta HP.<\/p>\n<p><iframe loading=\"lazy\" src=\"https:\/\/www.youtube.com\/embed\/tuhKEKW4j0Q\" width=\"560\" height=\"315\" frameborder=\"0\" allowfullscreen=\"allowfullscreen\"><\/iframe><\/p>\n<p>&nbsp;<\/p>\n<h4><strong>La impresora digital (l\u00e1ser o de t\u00f3ner)<\/strong><\/h4>\n<p>V\u00eddeo divulgativo (en castellano) de presentaci\u00f3n de c\u00f3mo funciona una impresora digital de t\u00f3ner.<\/p>\n<p><iframe loading=\"lazy\" src=\"https:\/\/www.youtube.com\/embed\/99CUorxtyAs\" width=\"560\" height=\"315\" frameborder=\"0\" allowfullscreen=\"allowfullscreen\"><\/iframe><\/p>\n<p>V\u00eddeo divulgativo (en ingl\u00e9s) de presentaci\u00f3n de c\u00f3mo funciona una impresora digital de t\u00f3ner.<\/p>\n<p><iframe loading=\"lazy\" src=\"https:\/\/www.youtube.com\/embed\/WB0HnXcW8qQ\" width=\"560\" height=\"315\" frameborder=\"0\" allowfullscreen=\"allowfullscreen\"><\/iframe><\/p>\n<p>V\u00eddeo promocional (en castellano) de HP de explicaci\u00f3n del funcionamiento y ventajas de una impresora digital de t\u00f3ner del fabricante.<\/p>\n<p><iframe loading=\"lazy\" src=\"https:\/\/www.youtube.com\/embed\/Abk6v_OwXiE\" width=\"560\" height=\"315\" frameborder=\"0\" allowfullscreen=\"allowfullscreen\"><\/iframe><\/p>\n<p>&nbsp;<\/p>\n<h4><strong>Impresi\u00f3n digital mediante pl\u00f3ter<\/strong><\/h4>\n<p>V\u00eddeo de presentaci\u00f3n (comercial) de HP donde se muestran varios dispositivos de la marca y las posibilidades gr\u00e1ficas de la impresi\u00f3n digital.<\/p>\n<p><iframe loading=\"lazy\" src=\"https:\/\/www.youtube.com\/embed\/n-dMwtpPccw\" width=\"560\" height=\"315\" frameborder=\"0\" allowfullscreen=\"allowfullscreen\"><\/iframe><\/p>\n<p>&nbsp;<\/p>\n<h4><strong>Impresi\u00f3n digital directa sobre textil<\/strong><\/h4>\n<p>V\u00eddeo de presentaci\u00f3n (comercial) de un impresor digital textil. Permite sin embargo observar diferentes dispositivos y la impresi\u00f3n de los productos correspondientes.<\/p>\n<p><iframe loading=\"lazy\" src=\"https:\/\/www.youtube.com\/embed\/Edklcw2bif4\" width=\"560\" height=\"315\" frameborder=\"0\" allowfullscreen=\"allowfullscreen\"><\/iframe><\/p>\n<p>V\u00eddeo de presentaci\u00f3n (comercial) de un impresor digital textil un poco m\u00e1s detallado.<\/p>\n<p>Permite observar el proceso de preparaci\u00f3n del soporte y la impresi\u00f3n de los productos correspondientes.<\/p>\n<p><iframe loading=\"lazy\" src=\"https:\/\/www.youtube.com\/embed\/E9__mAEDjmA\" width=\"560\" height=\"315\" frameborder=\"0\" allowfullscreen=\"allowfullscreen\"><\/iframe><\/p>\n<p>&nbsp;<\/p>\n<h4><strong>Termoestampaci\u00f3n sobre textil mediante vinilo<\/strong><\/h4>\n<p>V\u00eddeo de presentaci\u00f3n completo del proceso de generaci\u00f3n digital y corte de la pel\u00edcula de vinilo, preparaci\u00f3n de soporte y colocaci\u00f3n de pel\u00edcula e impresi\u00f3n final.<\/p>\n<p><iframe loading=\"lazy\" src=\"https:\/\/www.youtube.com\/embed\/aEzThoFYipU\" width=\"560\" height=\"315\" frameborder=\"0\" allowfullscreen=\"allowfullscreen\"><\/iframe><\/p>\n<p>&nbsp;<\/p>\n<h4><strong><em>Digital wrapping<\/em><\/strong><strong> (vinilo)<\/strong><\/h4>\n<p>V\u00eddeo de presentaci\u00f3n de HP en ingl\u00e9s (subtitulado en castellano) sobre aplicaciones del vinilo y la t\u00e9cnica de instalaci\u00f3n conocida como <em>wrapping.<\/em><\/p>\n<p><iframe loading=\"lazy\" src=\"https:\/\/www.youtube.com\/embed\/wRNmyuP8Tfo\" width=\"560\" height=\"315\" frameborder=\"0\" allowfullscreen=\"allowfullscreen\"><\/iframe><\/p>\n<p>&nbsp;<\/p>","protected":false},"excerpt":{"rendered":"<p>2.2. V\u00eddeos de inter\u00e9s &nbsp; Comparaci\u00f3n entre impresi\u00f3n digital e impresi\u00f3n \u00f3fset Animaci\u00f3n (en castellano) bastante ilustrativa de comparaci\u00f3n de los dos sistemas de impresi\u00f3n en relaci\u00f3n con varios par\u00e1metros. V\u00eddeo (en \u00e1ngulos) donde se compara ambos procesos desde el punto de vista productivo y de calidad. &nbsp; La impresora digital (l\u00e1ser o de t\u00f3ner) [&hellip;]<\/p>\n","protected":false},"author":1,"featured_media":0,"parent":0,"menu_order":0,"comment_status":"closed","ping_status":"closed","template":"","meta":[],"acf":[],"_links":{"self":[{"href":"http:\/\/disseny-test.uoc.edu\/recursos\/prod-graf\/wp-json\/wp\/v2\/pages\/19"}],"collection":[{"href":"http:\/\/disseny-test.uoc.edu\/recursos\/prod-graf\/wp-json\/wp\/v2\/pages"}],"about":[{"href":"http:\/\/disseny-test.uoc.edu\/recursos\/prod-graf\/wp-json\/wp\/v2\/types\/page"}],"author":[{"embeddable":true,"href":"http:\/\/disseny-test.uoc.edu\/recursos\/prod-graf\/wp-json\/wp\/v2\/users\/1"}],"replies":[{"embeddable":true,"href":"http:\/\/disseny-test.uoc.edu\/recursos\/prod-graf\/wp-json\/wp\/v2\/comments?post=19"}],"version-history":[{"count":7,"href":"http:\/\/disseny-test.uoc.edu\/recursos\/prod-graf\/wp-json\/wp\/v2\/pages\/19\/revisions"}],"predecessor-version":[{"id":65,"href":"http:\/\/disseny-test.uoc.edu\/recursos\/prod-graf\/wp-json\/wp\/v2\/pages\/19\/revisions\/65"}],"wp:attachment":[{"href":"http:\/\/disseny-test.uoc.edu\/recursos\/prod-graf\/wp-json\/wp\/v2\/media?parent=19"}],"curies":[{"name":"wp","href":"https:\/\/api.w.org\/{rel}","templated":true}]}}