{"id":2,"date":"2017-02-01T15:18:16","date_gmt":"2017-02-01T15:18:16","guid":{"rendered":"http:\/\/disseny-test.uoc.edu\/recursos\/prod-graf\/?page_id=2"},"modified":"2017-03-21T10:24:37","modified_gmt":"2017-03-21T10:24:37","slug":"1-impresion-analogica","status":"publish","type":"page","link":"http:\/\/disseny-test.uoc.edu\/recursos\/prod-graf\/","title":{"rendered":"1. Impresi\u00f3n anal\u00f3gica"},"content":{"rendered":"<p><\/p>\n<h3><strong>1.1. Enlaces interesantes<\/strong><\/h3>\n<p>&nbsp;<\/p>\n<h4><strong>Introducci\u00f3n a sistemas de impresi\u00f3n<\/strong><\/h4>\n<p><a href=\"https:\/\/www.prepressure.com\/printing\/processes\" target=\"_blank\">https:\/\/www.prepressure.com\/printing\/processes<\/a> (en ingl\u00e9s)<\/p>\n<p>&nbsp;<\/p>\n<h4><strong>Impresi\u00f3n \u00f3fset<\/strong><\/h4>\n<p><a href=\"http:\/\/www.printyourcolor.es\/item\/184-todo-sobre-la-impresion-offset.html\" target=\"_blank\">http:\/\/www.printyourcolor.es\/item\/184-todo-sobre-la-impresion-offset.html<\/a><\/p>\n<p><a href=\"https:\/\/www.prepressure.com\/printing\/processes\/offset\" target=\"_blank\">https:\/\/www.prepressure.com\/printing\/processes\/offset<\/a> (en ingl\u00e9s)<\/p>\n<p>&nbsp;<\/p>\n<h4>incidencias en la impresi\u00f3n<\/h4>\n<p><a href=\"http:\/\/www.comunigraf.net\/articulosyreportes\/repintado-offset\/repintado-offset1.html\" target=\"_blank\">http:\/\/www.comunigraf.net\/articulosyreportes\/repintado-offset\/repintado-offset1.html<\/a><\/p>\n<p>&nbsp;<\/p>\n<h4><strong>Impresi\u00f3n \u00f3fset rotativa<\/strong><\/h4>\n<p><a href=\"https:\/\/www.saxoprint.co.uk\/blog\/web-offset-rotary-printing-process\/\" target=\"_blank\">https:\/\/www.saxoprint.co.uk\/blog\/web-offset-rotary-printing-process\/<\/a> (en ingl\u00e9s)<\/p>\n<p>&nbsp;<\/p>\n<h4><strong>Planchas \u00f3fset<\/strong><\/h4>\n<p><a href=\"https:\/\/dynodan.com\/magazine-printing\/process\/lithography\/lithography-offset-platetechnology\/\" target=\"_blank\">https:\/\/dynodan.com\/magazine-printing\/process\/lithography\/lithography-offset-platetechnology\/<\/a><\/p>\n<p>(en ingl\u00e9s)<\/p>\n<p>&nbsp;<\/p>\n<h4><strong>Filmaci\u00f3n de planchas (CTP, Computer-To-Plate)<\/strong><\/h4>\n<p><a href=\"https:\/\/www.eap.gr\/images\/stories\/pdf\/2008_Computertoplate_Berchtold(broschuere)_F7793.pdfh\" target=\"_blank\">https:\/\/www.eap.gr\/images\/stories\/pdf\/2008_Computertoplate_Berchtold(broschuere)_F7793.pdfh<\/a><\/p>\n<p><a href=\"http:\/\/redgrafica.com\/CTP-del-computador-a-la-plancha\" target=\"_blank\">http:\/\/redgrafica.com\/CTP-del-computador-a-la-plancha<\/a><\/p>\n<p>&nbsp;<\/p>\n<h4><strong>Impresi\u00f3n en rotograbado<\/strong><\/h4>\n<p><a href=\"http:\/\/www.bobst.com\/eses\/productos\/huecograbado\/proceso\/\" target=\"_blank\">http:\/\/www.bobst.com\/eses\/productos\/huecograbado\/proceso\/<\/a><\/p>\n<p><a href=\"http:\/\/redgrafica.com\/Principios-basicos-sobre-el\" target=\"_blank\">http:\/\/redgrafica.com\/Principios-basicos-sobre-el<\/a><br \/>\n<a href=\"http:\/\/www.janoschka.com\/know-how\/encyclopedia\/gravure\/\" target=\"_blank\">http:\/\/www.janoschka.com\/know-how\/encyclopedia\/gravure\/<\/a> (en ingl\u00e9s)<\/p>\n<p>&nbsp;<\/p>\n<h4><strong>Cilindro de rotograbado<\/strong><\/h4>\n<p><a href=\"http:\/\/www.janoschka.com\/know-how\/encyclopedia\/gravure-cylinder\/\" target=\"_blank\">http:\/\/www.janoschka.com\/know-how\/encyclopedia\/gravure-cylinder\/<\/a> (en ingl\u00e9s)<\/p>\n<p>&nbsp;<\/p>\n<h4><strong>Grabado del cilindro<\/strong><\/h4>\n<p><a href=\"http:\/\/www.janoschka.com\/know-how\/encyclopedia\/gravure-cylinder\/\" target=\"_blank\">http:\/\/www.janoschka.com\/know-how\/encyclopedia\/gravure-cylinder\/<\/a> (en ingl\u00e9s)<\/p>\n<p>&nbsp;<\/p>\n<h4><strong>Celda del cilindro<\/strong><\/h4>\n<p><a href=\"http:\/\/www.janoschka.com\/know-how\/encyclopedia\/cell\/\" target=\"_blank\">http:\/\/www.janoschka.com\/know-how\/encyclopedia\/cell\/<\/a> (en ingl\u00e9s)<\/p>\n<p>&nbsp;<\/p>\n<h4><strong>Impresi\u00f3n en flexograf\u00eda<\/strong><\/h4>\n<p><a href=\"http:\/\/www.flexografia.com\/blank-n1gwy\" target=\"_blank\">http:\/\/www.flexografia.com\/blank-n1gwy<\/a><\/p>\n<p><a href=\"https:\/\/laprestampa.wordpress.com\/2015\/04\/20\/sistemas-de-impresion-en-alto-relieve\/\" target=\"_blank\">https:\/\/laprestampa.wordpress.com\/2015\/04\/20\/sistemas-de-impresion-en-alto-relieve\/<\/a><\/p>\n<p>&nbsp;<\/p>\n<h4><strong>Fotopol\u00edmero flexogr\u00e1fico<\/strong><\/h4>\n<p><a href=\"http:\/\/www.janoschka.com\/know-how\/encyclopedia\/flexo-printing-form\/\" target=\"_blank\">http:\/\/www.janoschka.com\/know-how\/encyclopedia\/flexo-printing-form\/<\/a> (en ingl\u00e9s)<\/p>\n<p>&nbsp;<\/p>\n<h4><strong>Serigraf\u00eda<\/strong><\/h4>\n<p><a href=\"http:\/\/www.vostokshop.eu\/triunfar-en-el-estampado-serigrafico-paso-a-paso\/\" target=\"_blank\">http:\/\/www.vostokshop.eu\/triunfar-en-el-estampado-serigrafico-paso-a-paso\/<\/a><\/p>\n<p>&nbsp;<\/p>","protected":false},"excerpt":{"rendered":"<p>1.1. Enlaces interesantes &nbsp; Introducci\u00f3n a sistemas de impresi\u00f3n https:\/\/www.prepressure.com\/printing\/processes (en ingl\u00e9s) &nbsp; Impresi\u00f3n \u00f3fset http:\/\/www.printyourcolor.es\/item\/184-todo-sobre-la-impresion-offset.html https:\/\/www.prepressure.com\/printing\/processes\/offset (en ingl\u00e9s) &nbsp; incidencias en la impresi\u00f3n http:\/\/www.comunigraf.net\/articulosyreportes\/repintado-offset\/repintado-offset1.html &nbsp; Impresi\u00f3n \u00f3fset rotativa https:\/\/www.saxoprint.co.uk\/blog\/web-offset-rotary-printing-process\/ (en ingl\u00e9s) &nbsp; Planchas \u00f3fset https:\/\/dynodan.com\/magazine-printing\/process\/lithography\/lithography-offset-platetechnology\/ (en ingl\u00e9s) &nbsp; Filmaci\u00f3n de planchas (CTP, Computer-To-Plate) https:\/\/www.eap.gr\/images\/stories\/pdf\/2008_Computertoplate_Berchtold(broschuere)_F7793.pdfh http:\/\/redgrafica.com\/CTP-del-computador-a-la-plancha &nbsp; Impresi\u00f3n en rotograbado http:\/\/www.bobst.com\/eses\/productos\/huecograbado\/proceso\/ http:\/\/redgrafica.com\/Principios-basicos-sobre-el http:\/\/www.janoschka.com\/know-how\/encyclopedia\/gravure\/ (en ingl\u00e9s) [&hellip;]<\/p>\n","protected":false},"author":1,"featured_media":0,"parent":0,"menu_order":0,"comment_status":"closed","ping_status":"open","template":"","meta":[],"acf":[],"_links":{"self":[{"href":"http:\/\/disseny-test.uoc.edu\/recursos\/prod-graf\/wp-json\/wp\/v2\/pages\/2"}],"collection":[{"href":"http:\/\/disseny-test.uoc.edu\/recursos\/prod-graf\/wp-json\/wp\/v2\/pages"}],"about":[{"href":"http:\/\/disseny-test.uoc.edu\/recursos\/prod-graf\/wp-json\/wp\/v2\/types\/page"}],"author":[{"embeddable":true,"href":"http:\/\/disseny-test.uoc.edu\/recursos\/prod-graf\/wp-json\/wp\/v2\/users\/1"}],"replies":[{"embeddable":true,"href":"http:\/\/disseny-test.uoc.edu\/recursos\/prod-graf\/wp-json\/wp\/v2\/comments?post=2"}],"version-history":[{"count":14,"href":"http:\/\/disseny-test.uoc.edu\/recursos\/prod-graf\/wp-json\/wp\/v2\/pages\/2\/revisions"}],"predecessor-version":[{"id":104,"href":"http:\/\/disseny-test.uoc.edu\/recursos\/prod-graf\/wp-json\/wp\/v2\/pages\/2\/revisions\/104"}],"wp:attachment":[{"href":"http:\/\/disseny-test.uoc.edu\/recursos\/prod-graf\/wp-json\/wp\/v2\/media?parent=2"}],"curies":[{"name":"wp","href":"https:\/\/api.w.org\/{rel}","templated":true}]}}