{"id":8,"date":"2017-02-01T15:48:35","date_gmt":"2017-02-01T15:48:35","guid":{"rendered":"http:\/\/disseny-test.uoc.edu\/recursos\/prod-graf\/?page_id=8"},"modified":"2017-03-21T10:12:48","modified_gmt":"2017-03-21T10:12:48","slug":"1-impresion-analogica-2","status":"publish","type":"page","link":"http:\/\/disseny-test.uoc.edu\/recursos\/prod-graf\/1-impresion-analogica-2\/","title":{"rendered":"1. Impresi\u00f3n anal\u00f3gica"},"content":{"rendered":"<p><\/p>\n<h3><strong>1.2. V\u00eddeos de inter\u00e9s<\/strong><\/h3>\n<p>&nbsp;<\/p>\n<h4><strong>Flujo de trabajo<\/strong><\/h4>\n<p>Flujo introductorio por completo con grafismos (cast.)<\/p>\n<p>Una introducci\u00f3n al flujo de trabajo. Habr\u00eda que matizar algunos par\u00e1metros, pero la aproximaci\u00f3n puede ser \u00fatil como visi\u00f3n panor\u00e1mica del proceso.<\/p>\n<p>Explica el proceso de creaci\u00f3n gr\u00e1fica desde la autoedici\u00f3n digital hasta la obtenci\u00f3n del producto gr\u00e1fico f\u00edsico final.<\/p>\n<p>Proceso de autoedici\u00f3n interesante, presentando fases como los diferentes tipos de originales, el <em>layout<\/em> y la maquetaci\u00f3n, la imposici\u00f3n. Tambi\u00e9n se abordan par\u00e1metros como el arte final, la resoluci\u00f3n, el <em>trapping<\/em> o el sangrado.<\/p>\n<p>Se aborda la preimpresi\u00f3n desde el flujo CtFilm seguida de una explicaci\u00f3n esquem\u00e1tica del proceso \u00f3fset. El ejemplo propuesto se cierra con el guillotinado y la encuadernaci\u00f3n que dar\u00e1 lugar a un libro.<\/p>\n<p><iframe loading=\"lazy\" src=\"https:\/\/www.youtube.com\/embed\/N02_piL1nO8\" width=\"560\" height=\"315\" frameborder=\"0\" allowfullscreen=\"allowfullscreen\"><\/iframe><\/p>\n<p>Explicaci\u00f3n menos detallada (en ingl\u00e9s) pero interesante porque muestra im\u00e1genes de los dispositivos y de los resultados de cada proceso en relaci\u00f3n con la impresi\u00f3n \u00f3fset (pliego y bobina) detallando especialmente la postimpresi\u00f3n, en revistas.<\/p>\n<p><iframe loading=\"lazy\" src=\"https:\/\/www.youtube.com\/embed\/P_odLV5sAJM\" width=\"560\" height=\"315\" frameborder=\"0\" allowfullscreen=\"allowfullscreen\"><\/iframe><\/p>\n<p>&nbsp;<\/p>\n<h4><strong>Explicaci\u00f3n proceso \u00f3fset (en ingl\u00e9s)<\/strong><\/h4>\n<p>Animaci\u00f3n sint\u00e9tica del proceso b\u00e1sico de impresi\u00f3n \u00f3fset. La parte final muestra una interesante reflexi\u00f3n sobre este sistema. Los costes de impresi\u00f3n disminuyen a medida que se incrementa la tirada.<\/p>\n<p><iframe loading=\"lazy\" src=\"https:\/\/www.youtube.com\/embed\/5LMU-zB8Sro\" width=\"560\" height=\"315\" frameborder=\"0\" allowfullscreen=\"allowfullscreen\"><\/iframe><\/p>\n<p>Una animaci\u00f3n breve de un fabricante de mantillas que muestra el proceso de impresi\u00f3n \u00f3fset.<\/p>\n<p><iframe loading=\"lazy\" src=\"https:\/\/www.youtube.com\/embed\/XIp0PC47Ky4\" width=\"560\" height=\"315\" frameborder=\"0\" allowfullscreen=\"allowfullscreen\"><\/iframe><\/p>\n<p>V\u00eddeo de muestra del proceso que presenta un dispositivo CTP seguido de una m\u00e1quina de 6 cuerpos. A continuaci\u00f3n presenta una animaci\u00f3n de la impresi\u00f3n que realiza un cuerpo de impresi\u00f3n \u00f3fset.<\/p>\n<p><iframe loading=\"lazy\" src=\"https:\/\/www.youtube.com\/embed\/pNZb7CXUjs0\" width=\"560\" height=\"315\" frameborder=\"0\" allowfullscreen=\"allowfullscreen\"><\/iframe><\/p>\n<p>Animaci\u00f3n de muestra del proceso que presenta un dispositivo CTP de filmaci\u00f3n de plancha t\u00e9rmica directa y la siguiente impresi\u00f3n \u00f3fset.<\/p>\n<p><iframe loading=\"lazy\" src=\"https:\/\/www.youtube.com\/embed\/videoseries?list=PLPXKEQzep1T0TLqS0YFMHKvmjtEd9hJn4\" width=\"560\" height=\"315\" frameborder=\"0\" allowfullscreen=\"allowfullscreen\"><\/iframe><\/p>\n<p>&nbsp;<\/p>\n<h4><strong>\u00d3fset pliego (comercial = folletos publicitarios). El proceso<\/strong><\/h4>\n<p>Muestra del proceso sin voz, solo m\u00fasica. Se inicia la panor\u00e1mica desde la imposici\u00f3n para seguir el filmado de planchas. A continuaci\u00f3n se muestra el montaje de planchas, el ajuste de la m\u00e1quina y el inicio de la impresi\u00f3n en pliego. Esta se realiza en una m\u00e1quina de 8 cuerpos, por lo que la impresi\u00f3n cuatric\u00f3mica resultante ser\u00e1 a doble cara.<\/p>\n<p>Se muestra el control de calidad sobre la mesa de control mediante la lectura para el dispositivo correspondiente de la tira de control del pliego impreso. El proceso finaliza con el guillotinado de la pila de papel de salida y el siguiente paletizado de las hojas impresas.<\/p>\n<p><iframe loading=\"lazy\" src=\"https:\/\/www.youtube.com\/embed\/7LyC9EazdcY\" width=\"560\" height=\"315\" frameborder=\"0\" allowfullscreen=\"allowfullscreen\"><\/iframe><\/p>\n<p>&nbsp;<\/p>\n<h4><strong>\u00d3fset pliego. La m\u00e1quina (una simulaci\u00f3n del interior de m\u00e1quina)<\/strong><\/h4>\n<p>V\u00eddeo animado (sin m\u00fasica ni voz) de una Heidelberg Speedmaster XL de 7 cuerpos.<\/p>\n<p>La animaci\u00f3n muestra la estructura completa de la m\u00e1quina. Presenta el dispositivo de entrada y una simulaci\u00f3n del interior de los cuerpos impresores, as\u00ed como de los tambores de transferencia del pliego impreso entre cada cuerpo. Finalmente se muestra la pila de salida que incluye secador asistido.<\/p>\n<p><iframe loading=\"lazy\" src=\"https:\/\/www.youtube.com\/embed\/7OCeFHr1W3g\" width=\"560\" height=\"315\" frameborder=\"0\" allowfullscreen=\"allowfullscreen\"><\/iframe><\/p>\n<p>&nbsp;<\/p>\n<h4><strong>\u00d3fset pliego. La m\u00e1quina (una impresi\u00f3n real)<\/strong><\/h4>\n<p>V\u00eddeo (en ingl\u00e9s) de una Roland de 10 cuerpos y una Heidelberg de 5 cuerpos. En este caso se muestran dos m\u00e1quinas en un proceso real de impresi\u00f3n. Cada operaci\u00f3n se acompa\u00f1a de una breve pero \u00fatil explicaci\u00f3n subtitulada. Adem\u00e1s, se presenta el control del trabajo desde la mesa de control y se aborda la composici\u00f3n de las tintas brevemente.<\/p>\n<p>Se explica el ajuste de color de la m\u00e1quina en funci\u00f3n de la tinta a transmitir.<\/p>\n<p>Finalmente podemos observar el guillotinado y la encuadernaci\u00f3n en este caso de una revista.<\/p>\n<p><iframe loading=\"lazy\" src=\"https:\/\/www.youtube.com\/embed\/RW1HJdW5XLs\" width=\"560\" height=\"315\" frameborder=\"0\" allowfullscreen=\"allowfullscreen\"><\/iframe><\/p>\n<p>&nbsp;<\/p>\n<h4><strong>\u00d3fset pliego. Suministro de tinta a m\u00e1quina<\/strong><\/h4>\n<p>Animaci\u00f3n que muestra de forma t\u00e9cnica y detallada el proceso y circuito de alimentaci\u00f3n de tinta a los diferentes cuerpos impresores de una m\u00e1quina.<\/p>\n<p><iframe loading=\"lazy\" src=\"https:\/\/www.youtube.com\/embed\/Bf-b9n_27mo\" width=\"560\" height=\"315\" frameborder=\"0\" allowfullscreen=\"allowfullscreen\"><\/iframe><\/p>\n<p>&nbsp;<\/p>\n<h4><strong>\u00d3fset rotativa. El proceso y la m\u00e1quina<\/strong><\/h4>\n<p>V\u00eddeo introductorio en el \u00f3fset de rotativa (de diario). Explicaci\u00f3n de la generaci\u00f3n de las planchas \u00f3fset mediante CTP. Igualmente se explica la t\u00e9cnica del tramado y de la separaci\u00f3n cuatric\u00f3mica (CMYK) para poder imprimir im\u00e1genes moduladas crom\u00e1ticas (fotograf\u00edas).<\/p>\n<p><iframe loading=\"lazy\" src=\"https:\/\/www.youtube.com\/embed\/-0vNHOTToX4\" width=\"560\" height=\"315\" frameborder=\"0\" allowfullscreen=\"allowfullscreen\"><\/iframe><\/p>\n<p>&nbsp;<\/p>\n<h4><strong>\u00d3fset rotativa. Proceso de impresi\u00f3n de diarios<\/strong><\/h4>\n<p>V\u00eddeo divulgativo (en ingl\u00e9s) de presentaci\u00f3n y explicaci\u00f3n del proceso detallado de preimpresi\u00f3n, impresi\u00f3n y distribuci\u00f3n de un diario. Las m\u00e1quinas simulan conducir la presentaci\u00f3n.<\/p>\n<p>[https:\/\/www.youtube.com\/watch?v=yIOHeSNPUGY]<br \/>\n(v\u00eddeo no disponible)<\/p>\n<p>&nbsp;<\/p>\n<h4><strong>\u00d3fset rotativa. Suministro de tinta a m\u00e1quina<\/strong><\/h4>\n<p>Animaci\u00f3n que muestra de forma t\u00e9cnica y detallada el proceso y circuito de alimentaci\u00f3n de tinta a los diferentes cuerpos impresores de una m\u00e1quina.<\/p>\n<p><iframe loading=\"lazy\" src=\"https:\/\/www.youtube.com\/embed\/9e4rZTQ-bis\" width=\"560\" height=\"315\" frameborder=\"0\" allowfullscreen=\"allowfullscreen\"><\/iframe><\/p>\n<p>&nbsp;<\/p>\n<h4><strong>\u00d3fset pliego frente a rotativa<\/strong><\/h4>\n<p>V\u00eddeo introductorio y demostrativo (en ingl\u00e9s) donde a partir de dos revistas un profesional explica las diferencias entre ambos sistemas visualizables en la impresi\u00f3n.<\/p>\n<p><iframe loading=\"lazy\" src=\"https:\/\/www.youtube.com\/embed\/1JlWklEngvY\" width=\"560\" height=\"315\" frameborder=\"0\" allowfullscreen=\"allowfullscreen\"><\/iframe><\/p>\n<p>&nbsp;<\/p>\n<h4><strong>Rotograbado. El proceso<\/strong><\/h4>\n<p>Animaci\u00f3n sencilla pero que ilustra claramente el cuerpo y sistema de impresi\u00f3n por rotograbado.<\/p>\n<p><iframe loading=\"lazy\" src=\"https:\/\/www.youtube.com\/embed\/wsX6uaKNZ2k\" width=\"560\" height=\"315\" frameborder=\"0\" allowfullscreen=\"allowfullscreen\"><\/iframe><\/p>\n<p>Pase de diapositivas introductorio del proceso de impresi\u00f3n rotograbado. Muestra partes animadas con generaci\u00f3n de cilindros y en la parte final aborda ventajas y limitaciones de este sistema.<\/p>\n<p><iframe loading=\"lazy\" src=\"https:\/\/www.youtube.com\/embed\/4OcXX3ueDQQ\" width=\"560\" height=\"315\" frameborder=\"0\" allowfullscreen=\"allowfullscreen\"><\/iframe><\/p>\n<p>V\u00eddeo de una m\u00e1quina de un cuerpo imprimiendo. Permite visualizar la sencillez del cuerpo impresor y constatar la impresi\u00f3n sobre pel\u00edculas pl\u00e1sticas en continuo.<\/p>\n<p><iframe loading=\"lazy\" src=\"https:\/\/www.youtube.com\/embed\/videoseries?list=PLBLPkApqYYRgh_4uGDsJyFkjy4UZOMzhe\" width=\"560\" height=\"315\" frameborder=\"0\" allowfullscreen=\"allowfullscreen\"><\/iframe><\/p>\n<p>&nbsp;<\/p>\n<h4><strong>Rotograbado. Generaci\u00f3n del cilindros rotogr\u00e1ficos y grabado<\/strong><\/h4>\n<p>V\u00eddeo muy completo que muestra los diferentes tipos de generaci\u00f3n de los cilindros de rotograbado. La presentaci\u00f3n aborda tanto im\u00e1genes como simulaciones; el propio fabricante detalla el proceso de fabricaci\u00f3n y grabado de los cilindros.<\/p>\n<p><iframe loading=\"lazy\" src=\"https:\/\/www.youtube.com\/embed\/2oUoXL0Xh9I\" width=\"560\" height=\"315\" frameborder=\"0\" allowfullscreen=\"allowfullscreen\"><\/iframe><br \/>\n(cast.)<\/p>\n<p><iframe loading=\"lazy\" src=\"https:\/\/www.youtube.com\/embed\/5hb3EKQv4ic\" width=\"560\" height=\"315\" frameborder=\"0\" allowfullscreen=\"allowfullscreen\"><\/iframe><br \/>\n(ingl\u00e9s)<\/p>\n<p>&nbsp;<\/p>\n<h4><strong>Flexograf\u00eda. Generaci\u00f3n de la forma impresora flexogr\u00e1fica<\/strong><\/h4>\n<p>Introducci\u00f3n (en ingl\u00e9s pero subtitulado en castellano) de la flexograf\u00eda por uno de los fabricantes l\u00edderes de software de dise\u00f1o de <em>packaging<\/em> por flexo y de dispositivos de filmaci\u00f3n de planchas flexo ESKO. El v\u00eddeo muestra una simulaci\u00f3n de la generaci\u00f3n digital del fotopol\u00edmero flexogr\u00e1fico (en plancha o en continuo) mediante un dispositivo CDI del fabricante. Igualmente se presentan los productos de <em>packaging<\/em> imprimibles con esta tecnolog\u00eda.<\/p>\n<p><iframe loading=\"lazy\" src=\"https:\/\/www.youtube.com\/embed\/ViqM1EDLifQ\" width=\"560\" height=\"315\" frameborder=\"0\" allowfullscreen=\"allowfullscreen\"><\/iframe><\/p>\n<p>V\u00eddeo (en ingl\u00e9s) no tan detallado de un fabricante de dispositivo de filmaci\u00f3n directa de formas impresoras por flexograf\u00eda.<\/p>\n<p><iframe loading=\"lazy\" src=\"https:\/\/www.youtube.com\/embed\/47QXsITe1rE\" width=\"560\" height=\"315\" frameborder=\"0\" allowfullscreen=\"allowfullscreen\"><\/iframe><\/p>\n<p>&nbsp;<\/p>\n<h4><strong>Flexograf\u00eda. La m\u00e1quina de impresi\u00f3n<\/strong><\/h4>\n<p>V\u00eddeo (en ingl\u00e9s) avanzado de una m\u00e1quina muy especializada del fabricante l\u00edder para <em>packaging<\/em> BOBST. Muestra varios par\u00e1metros t\u00e9cnicos bastante interesantes que pueden ayudar a complementar los conocimientos sobre este sistema de impresi\u00f3n.<\/p>\n<p>Especialmente interesante resulta la apelaci\u00f3n a la reproducci\u00f3n completa del gamut crom\u00e1tico de Pantone, especialmente importante para el <em>packaging<\/em>. T\u00e9cnicamente puede ser ilustrativo el acercamiento que hace el v\u00eddeo en la parte final del capital par\u00e1metro de la presi\u00f3n en la impresi\u00f3n flexogr\u00e1fica.<\/p>\n<p><iframe loading=\"lazy\" src=\"https:\/\/www.youtube.com\/embed\/I9iJmTgPy-w\" width=\"560\" height=\"315\" frameborder=\"0\" allowfullscreen=\"allowfullscreen\"><\/iframe><\/p>\n<p>&nbsp;<\/p>\n<h4><strong>Serigraf\u00eda. Curso de serigraf\u00eda completo<\/strong><\/h4>\n<p>Curso largo pero bastante ilustrativo y detallado del proceso completo serigr\u00e1fico con diversas variaciones.<\/p>\n<p><iframe loading=\"lazy\" src=\"https:\/\/www.youtube.com\/embed\/videoseries?list=PL5OcBItDro5Rp3ZvjC3Wv_Z1SoAy8dlye\" width=\"560\" height=\"315\" frameborder=\"0\" allowfullscreen=\"allowfullscreen\"><\/iframe><\/p>\n<p><strong>8 cap\u00edtulos de 26 minutos <\/strong>(solo los 20 primeros se refieren a serigraf\u00eda, los siguientes minutos son otros sistemas)<\/p>\n<p>cap\u00edtulo 1. Introducci\u00f3n a la serigraf\u00eda y explicaci\u00f3n del marco<\/p>\n<p><iframe loading=\"lazy\" src=\"https:\/\/www.youtube.com\/embed\/2T-duPg-TTU\" width=\"560\" height=\"315\" frameborder=\"0\" allowfullscreen=\"allowfullscreen\"><\/iframe><\/p>\n<p>cap\u00edtulo 2. La rasqueta o raedera y primera impresi\u00f3n (<em>stencil<\/em>)<\/p>\n<p><iframe loading=\"lazy\" src=\"https:\/\/www.youtube.com\/embed\/1rqWIxRMPFw\" width=\"560\" height=\"315\" frameborder=\"0\" allowfullscreen=\"allowfullscreen\"><\/iframe><\/p>\n<p>cap\u00edtulo 3. Emulsionado e impresi\u00f3n<\/p>\n<p><iframe loading=\"lazy\" src=\"https:\/\/www.youtube.com\/embed\/yZU2Oa11q4k\" width=\"560\" height=\"315\" frameborder=\"0\" allowfullscreen=\"allowfullscreen\"><\/iframe><\/p>\n<p>cap\u00edtulo 4. Impresi\u00f3n en m\u00e1quina (1 tinta y varias tintas)<\/p>\n<p><iframe loading=\"lazy\" src=\"https:\/\/www.youtube.com\/embed\/1GK2zZRhgLI\" width=\"560\" height=\"315\" frameborder=\"0\" allowfullscreen=\"allowfullscreen\"><\/iframe><\/p>\n<p>cap\u00edtulo 5. Impresi\u00f3n en m\u00e1quina (1 tinta y varias tintas)<\/p>\n<p><iframe loading=\"lazy\" src=\"https:\/\/www.youtube.com\/embed\/qcFMvE9vSSo\" width=\"560\" height=\"315\" frameborder=\"0\" allowfullscreen=\"allowfullscreen\"><\/iframe><\/p>\n<p>cap\u00edtulo 6. Recuperaci\u00f3n del marco<\/p>\n<p><iframe loading=\"lazy\" src=\"https:\/\/www.youtube.com\/embed\/hpv02X3O__k\" width=\"560\" height=\"315\" frameborder=\"0\" allowfullscreen=\"allowfullscreen\"><\/iframe><\/p>\n<p>cap\u00edtulo 7. La impresi\u00f3n textil<\/p>\n<p><iframe loading=\"lazy\" src=\"https:\/\/www.youtube.com\/embed\/sRUPreDXCE8\" width=\"560\" height=\"315\" frameborder=\"0\" allowfullscreen=\"allowfullscreen\"><\/iframe><\/p>\n<p>cap\u00edtulo 8. Tintas convencionales de serigraf\u00eda (acr\u00edlicas o vin\u00edlicas = base solvente = secado por evaporaci\u00f3n)<\/p>\n<p><iframe loading=\"lazy\" src=\"https:\/\/www.youtube.com\/embed\/pkj6K_oOveQ\" width=\"560\" height=\"315\" frameborder=\"0\" allowfullscreen=\"allowfullscreen\"><\/iframe><\/p>\n<p>&nbsp;<\/p>\n<h4><strong>Serigraf\u00eda. Impresi\u00f3n de gran formato<\/strong><\/h4>\n<p>V\u00eddeo donde se muestra generaci\u00f3n de la pantalla e impresi\u00f3n sobre grandes formatos para serigraf\u00eda industrial.<\/p>\n<p><iframe loading=\"lazy\" src=\"https:\/\/www.youtube.com\/embed\/k3QbyGpg7Aw\" width=\"560\" height=\"315\" frameborder=\"0\" allowfullscreen=\"allowfullscreen\"><\/iframe><\/p>\n<p>&nbsp;<\/p>\n<h4><strong>Tampograf\u00eda<\/strong><\/h4>\n<p>V\u00eddeo (en castellano) de un impresor tampogr\u00e1fico que explica posibilidades de impresi\u00f3n de la tampograf\u00eda.<\/p>\n<p><iframe loading=\"lazy\" src=\"https:\/\/www.youtube.com\/embed\/L1hj8rYCtL0\" width=\"560\" height=\"315\" frameborder=\"0\" allowfullscreen=\"allowfullscreen\"><\/iframe><\/p>\n<p>V\u00eddeo (con titulaciones en portugu\u00e9s) que muestra las diferentes fases desde la creaci\u00f3n del arte final digital hasta la impresi\u00f3n tampogr\u00e1fica del producto final.<\/p>\n<p><iframe loading=\"lazy\" src=\"https:\/\/www.youtube.com\/embed\/cPx_DgOEfio\" width=\"560\" height=\"315\" frameborder=\"0\" allowfullscreen=\"allowfullscreen\"><\/iframe><\/p>\n<p>&nbsp;<\/p>\n<h4><strong>Tipograf\u00eda (<em>letterset<\/em>) actual por impresi\u00f3n con efecto <em>vintage<\/em><\/strong><\/h4>\n<p>V\u00eddeo musicado de presentaci\u00f3n de una tipograf\u00eda donde de forma pr\u00e1cticamente artesanal se producen productos gr\u00e1ficos muy concretos pero interesantes por el efecto caracter\u00edstico de la tipograf\u00eda.<\/p>\n<p><iframe loading=\"lazy\" src=\"https:\/\/www.youtube.com\/embed\/xM8FN0-M_LU\" width=\"560\" height=\"315\" frameborder=\"0\" allowfullscreen=\"allowfullscreen\"><\/iframe><\/p>\n<p>V\u00eddeo en ingl\u00e9s de presentaci\u00f3n m\u00e1s detallado de una tipograf\u00eda donde de forma pr\u00e1cticamente artesanal se producen productos gr\u00e1ficos muy concretos pero interesantes por el efecto caracter\u00edstico de la tipograf\u00eda.<\/p>\n<p><iframe loading=\"lazy\" src=\"https:\/\/www.youtube.com\/embed\/JJa5anhdmYs\" width=\"560\" height=\"315\" frameborder=\"0\" allowfullscreen=\"allowfullscreen\"><\/iframe><\/p>\n<p>&nbsp;<\/p>","protected":false},"excerpt":{"rendered":"<p>1.2. V\u00eddeos de inter\u00e9s &nbsp; Flujo de trabajo Flujo introductorio por completo con grafismos (cast.) Una introducci\u00f3n al flujo de trabajo. Habr\u00eda que matizar algunos par\u00e1metros, pero la aproximaci\u00f3n puede ser \u00fatil como visi\u00f3n panor\u00e1mica del proceso. Explica el proceso de creaci\u00f3n gr\u00e1fica desde la autoedici\u00f3n digital hasta la obtenci\u00f3n del producto gr\u00e1fico f\u00edsico final. [&hellip;]<\/p>\n","protected":false},"author":1,"featured_media":0,"parent":0,"menu_order":0,"comment_status":"closed","ping_status":"closed","template":"","meta":[],"acf":[],"_links":{"self":[{"href":"http:\/\/disseny-test.uoc.edu\/recursos\/prod-graf\/wp-json\/wp\/v2\/pages\/8"}],"collection":[{"href":"http:\/\/disseny-test.uoc.edu\/recursos\/prod-graf\/wp-json\/wp\/v2\/pages"}],"about":[{"href":"http:\/\/disseny-test.uoc.edu\/recursos\/prod-graf\/wp-json\/wp\/v2\/types\/page"}],"author":[{"embeddable":true,"href":"http:\/\/disseny-test.uoc.edu\/recursos\/prod-graf\/wp-json\/wp\/v2\/users\/1"}],"replies":[{"embeddable":true,"href":"http:\/\/disseny-test.uoc.edu\/recursos\/prod-graf\/wp-json\/wp\/v2\/comments?post=8"}],"version-history":[{"count":11,"href":"http:\/\/disseny-test.uoc.edu\/recursos\/prod-graf\/wp-json\/wp\/v2\/pages\/8\/revisions"}],"predecessor-version":[{"id":102,"href":"http:\/\/disseny-test.uoc.edu\/recursos\/prod-graf\/wp-json\/wp\/v2\/pages\/8\/revisions\/102"}],"wp:attachment":[{"href":"http:\/\/disseny-test.uoc.edu\/recursos\/prod-graf\/wp-json\/wp\/v2\/media?parent=8"}],"curies":[{"name":"wp","href":"https:\/\/api.w.org\/{rel}","templated":true}]}}