{"id":102,"date":"2017-01-25T15:40:52","date_gmt":"2017-01-25T15:40:52","guid":{"rendered":"http:\/\/disseny-test.uoc.edu\/recursos\/tipo\/?page_id=102"},"modified":"2021-09-09T14:57:04","modified_gmt":"2021-09-09T14:57:04","slug":"1-lletres-7","status":"publish","type":"page","link":"http:\/\/disseny-test.uoc.edu\/recursos\/tipo\/es\/1-lletres-7\/","title":{"rendered":"1. Letras"},"content":{"rendered":"<p><\/p>\n<h3><strong>1.6. Anatom\u00eda del tipo<\/strong><\/h3>\n<h4><strong>1.6.2. L\u00edneas de referencia<\/strong><\/h4>\n<p>La <strong>l\u00ednea base<\/strong> (4) es el punto de partida sobre el que yace el cuerpo principal de los caracteres. La <strong>l\u00ednea media<\/strong> (3) delimita la altura de las min\u00fasculas y tambi\u00e9n se conoce como <strong>altura de la x<\/strong> u <strong>ojo medio<\/strong> (6). Por encima de estas dos l\u00edneas est\u00e1 la l\u00ednea de <strong>altura de may\u00fasculas<\/strong> (2) y la <strong>l\u00ednea<\/strong> <strong>de ascendentes<\/strong> (1), que en algunas familias coinciden y en otras no. Finalmente, tambi\u00e9n tenemos la <strong>l\u00ednea de descendentes<\/strong> (5), que no tiene por qu\u00e9 guardar una relaci\u00f3n de simetr\u00eda con la l\u00ednea de ascendentes.<\/p>\n<div id=\"attachment_22\" style=\"width: 460px\" class=\"wp-caption alignnone\"><img aria-describedby=\"caption-attachment-22\" loading=\"lazy\" class=\"img-responsive wp-image-22 size-full\" src=\"http:\/\/disseny-test.uoc.edu\/recursos\/tipo\/wp-content\/uploads\/sites\/18\/2017\/01\/1.6.2.linies-referencia.png\" alt=\"Figura 16. Tipografia: Futura Heavy\" width=\"450\" height=\"165\" srcset=\"http:\/\/disseny-test.uoc.edu\/recursos\/tipo\/wp-content\/uploads\/sites\/18\/2017\/01\/1.6.2.linies-referencia.png 450w, http:\/\/disseny-test.uoc.edu\/recursos\/tipo\/wp-content\/uploads\/sites\/18\/2017\/01\/1.6.2.linies-referencia-300x110.png 300w\" sizes=\"(max-width: 450px) 100vw, 450px\" \/><p id=\"caption-attachment-22\" class=\"wp-caption-text\">Figura 21. Tipograf\u00eda: Futura Heavy<\/p><\/div>\n<p>&nbsp;<\/p>\n<h4><strong>Conclusiones<\/strong><\/h4>\n<p>Las l\u00edneas de referencia de una tipograf\u00eda marcan los l\u00edmites sobre los que descansan los caracteres. El juego de distancias entre las l\u00edneas de referencia determina en buena medida el aspecto final de una familia.<\/p>","protected":false},"excerpt":{"rendered":"<p>1.6. Anatom\u00eda del tipo 1.6.2. L\u00edneas de referencia La l\u00ednea base (4) es el punto de partida sobre el que yace el cuerpo principal de los caracteres. La l\u00ednea media (3) delimita la altura de las min\u00fasculas y tambi\u00e9n se conoce como altura de la x u ojo medio (6). Por encima de estas dos [&hellip;]<\/p>\n","protected":false},"author":1,"featured_media":0,"parent":0,"menu_order":0,"comment_status":"closed","ping_status":"closed","template":"","meta":[],"acf":[],"_links":{"self":[{"href":"http:\/\/disseny-test.uoc.edu\/recursos\/tipo\/es\/wp-json\/wp\/v2\/pages\/102"}],"collection":[{"href":"http:\/\/disseny-test.uoc.edu\/recursos\/tipo\/es\/wp-json\/wp\/v2\/pages"}],"about":[{"href":"http:\/\/disseny-test.uoc.edu\/recursos\/tipo\/es\/wp-json\/wp\/v2\/types\/page"}],"author":[{"embeddable":true,"href":"http:\/\/disseny-test.uoc.edu\/recursos\/tipo\/es\/wp-json\/wp\/v2\/users\/1"}],"replies":[{"embeddable":true,"href":"http:\/\/disseny-test.uoc.edu\/recursos\/tipo\/es\/wp-json\/wp\/v2\/comments?post=102"}],"version-history":[{"count":19,"href":"http:\/\/disseny-test.uoc.edu\/recursos\/tipo\/es\/wp-json\/wp\/v2\/pages\/102\/revisions"}],"predecessor-version":[{"id":968,"href":"http:\/\/disseny-test.uoc.edu\/recursos\/tipo\/es\/wp-json\/wp\/v2\/pages\/102\/revisions\/968"}],"wp:attachment":[{"href":"http:\/\/disseny-test.uoc.edu\/recursos\/tipo\/es\/wp-json\/wp\/v2\/media?parent=102"}],"curies":[{"name":"wp","href":"https:\/\/api.w.org\/{rel}","templated":true}]}}