{"id":112,"date":"2017-01-25T15:56:23","date_gmt":"2017-01-25T15:56:23","guid":{"rendered":"http:\/\/disseny-test.uoc.edu\/recursos\/tipo\/?page_id=112"},"modified":"2021-07-19T11:29:12","modified_gmt":"2021-07-19T11:29:12","slug":"1-lletres-10","status":"publish","type":"page","link":"http:\/\/disseny-test.uoc.edu\/recursos\/tipo\/es\/1-lletres-10\/","title":{"rendered":"1. Letras"},"content":{"rendered":"<p><\/p>\n<h3><strong>1.6. Anatom\u00eda del tipo<\/strong><\/h3>\n<h4><strong>1.6.5. Componentes de la fuente: letras, n\u00fameros y caracteres especiales<\/strong><\/h4>\n<p>Una fuente contiene distintos grupos de caracteres, como letras (caracteres de sonido), n\u00fameros (caracteres de cantidad) y una cantidad variable de caracteres que se utilizan para controlar el texto imponiendo estructura, orden y valor a la escritura (puntos, par\u00e9ntesis, comillas, interrogantes, guiones, etc.).<\/p>\n<p>Los tres principales conjuntos de caracteres de una fuente son la <strong>caja<\/strong> <strong>baja<\/strong> (min\u00fasculas), la <strong>caja<\/strong> <strong>alta<\/strong> (may\u00fasculas) y las <strong>versalitas<\/strong>. El origen de la denominaci\u00f3n <em>caja baja <\/em>y <em>caja<\/em> <em>alta <\/em>lo encontramos en la manera en la que se distribu\u00edan los tipos m\u00f3viles en los cajetines de los talleres de impresi\u00f3n destinados a almacenar el abundante material tipogr\u00e1fico que era necesario para componer un texto.<\/p>\n<div id=\"attachment_675\" style=\"width: 782px\" class=\"wp-caption alignnone\"><img aria-describedby=\"caption-attachment-675\" loading=\"lazy\" class=\"img-responsive wp-image-675 size-full\" src=\"http:\/\/disseny-test.uoc.edu\/recursos\/tipo\/wp-content\/uploads\/sites\/18\/2017\/01\/1.6.5.componentes-mayusculas.jpg\" alt=\"Figura 21. La caja alta o may\u00fascula incluye vocales, consonantes, vocales acentuadas, la cedilla (\u00c7), la n con tilde (\u00d1) y las ligaduras entre las vocales A\/E y O\/E.\" width=\"772\" height=\"315\" srcset=\"http:\/\/disseny-test.uoc.edu\/recursos\/tipo\/wp-content\/uploads\/sites\/18\/2017\/01\/1.6.5.componentes-mayusculas.jpg 772w, http:\/\/disseny-test.uoc.edu\/recursos\/tipo\/wp-content\/uploads\/sites\/18\/2017\/01\/1.6.5.componentes-mayusculas-300x122.jpg 300w, http:\/\/disseny-test.uoc.edu\/recursos\/tipo\/wp-content\/uploads\/sites\/18\/2017\/01\/1.6.5.componentes-mayusculas-768x313.jpg 768w\" sizes=\"(max-width: 772px) 100vw, 772px\" \/><p id=\"caption-attachment-675\" class=\"wp-caption-text\">Figura 26. La caja alta o may\u00fascula incluye vocales, consonantes, vocales acentuadas, la cedilla (\u00c7), la n con tilde (\u00d1) y las ligaduras entre las vocales A\/E y O\/E<\/p><\/div>\n<div id=\"attachment_676\" style=\"width: 682px\" class=\"wp-caption alignnone\"><img aria-describedby=\"caption-attachment-676\" loading=\"lazy\" class=\"img-responsive wp-image-676 size-full\" src=\"http:\/\/disseny-test.uoc.edu\/recursos\/tipo\/wp-content\/uploads\/sites\/18\/2017\/01\/1.6.5.componentes-minusculas.jpg\" alt=\"Figura 22. La caja baja o min\u00fascula incluye los mismos caracteres que las cajas altas, m\u00e1s las ligaduras dobles f\/i, f\/l, f\/f, las ligaduras triples f\/f\/i y f\/f\/l y la esset (la doble s alemana).\" width=\"672\" height=\"357\" srcset=\"http:\/\/disseny-test.uoc.edu\/recursos\/tipo\/wp-content\/uploads\/sites\/18\/2017\/01\/1.6.5.componentes-minusculas.jpg 672w, http:\/\/disseny-test.uoc.edu\/recursos\/tipo\/wp-content\/uploads\/sites\/18\/2017\/01\/1.6.5.componentes-minusculas-300x159.jpg 300w\" sizes=\"(max-width: 672px) 100vw, 672px\" \/><p id=\"caption-attachment-676\" class=\"wp-caption-text\">Figura 27. La caja baja o min\u00fascula incluye los mismos caracteres que las cajas altas, m\u00e1s las ligaduras dobles f\/i, f\/l, f\/f, las ligaduras triples f\/f\/i y f\/f\/l y la <em>esset<\/em> (la doble s alemana)<\/p><\/div>\n<div id=\"attachment_677\" style=\"width: 716px\" class=\"wp-caption alignnone\"><img aria-describedby=\"caption-attachment-677\" loading=\"lazy\" class=\"img-responsive wp-image-677 size-full\" src=\"http:\/\/disseny-test.uoc.edu\/recursos\/tipo\/wp-content\/uploads\/sites\/18\/2017\/01\/1.6.5.componentes-versalitas.jpg\" alt=\"Figura 23. Las versalitas son letras de caja alta, pero reducidas a la altura de \u00abx\u00bb. Se encuentran sobre todo en las fuentes con serifa. T\u00e9cnicamente, se suelen denominar &lt;em&gt;caracteres expertos&lt;\/em&gt;.\" width=\"706\" height=\"337\" srcset=\"http:\/\/disseny-test.uoc.edu\/recursos\/tipo\/wp-content\/uploads\/sites\/18\/2017\/01\/1.6.5.componentes-versalitas.jpg 706w, http:\/\/disseny-test.uoc.edu\/recursos\/tipo\/wp-content\/uploads\/sites\/18\/2017\/01\/1.6.5.componentes-versalitas-300x143.jpg 300w\" sizes=\"(max-width: 706px) 100vw, 706px\" \/><p id=\"caption-attachment-677\" class=\"wp-caption-text\">Figura 28. Las versalitas son letras de caja alta, pero reducidas a la altura de \u00abx\u00bb. Se encuentran sobre todo en las fuentes con serifa. T\u00e9cnicamente, se suelen denominar <em>caracteres expertos<\/em><\/p><\/div>\n<p>Ya hemos visto que las letras de caja alta derivan de las capitales romanas y que las de caja baja son originarias de la caligraf\u00eda medieval. A estos dos conjuntos muy conocidos por todo el mundo tenemos que sumar las versalitas (<em>small caps<\/em> en ingl\u00e9s), que son una versi\u00f3n especial y m\u00e1s peque\u00f1a de los caracteres may\u00fasculos, que tienen la altura x del tipo. Pero no se trata de may\u00fasculas reducidas a escala, sino que son resultado de un redise\u00f1o integral del car\u00e1cter. A menudo se comete el error en tipograf\u00eda digital de reducir el cuerpo de las may\u00fasculas cuando queremos usar versalitas y la fuente no tiene, pero esto nos da como resultado un color tipogr\u00e1fico desigual.<\/p>\n<div id=\"attachment_28\" style=\"width: 460px\" class=\"wp-caption alignnone\"><img aria-describedby=\"caption-attachment-28\" loading=\"lazy\" class=\"img-responsive wp-image-28 size-full\" src=\"http:\/\/disseny-test.uoc.edu\/recursos\/tipo\/wp-content\/uploads\/sites\/18\/2017\/01\/1.6.5.versaletes1.png\" alt=\"Figura 24. Comparaci\u00f3n entre caja alta (1), caja baja (2), versalita real (3) y versalita falsa o may\u00fascula reducida (4). Tipograf\u00eda: Mrs Eaves de Zuzana Licko (1996)\" width=\"450\" height=\"173\" srcset=\"http:\/\/disseny-test.uoc.edu\/recursos\/tipo\/wp-content\/uploads\/sites\/18\/2017\/01\/1.6.5.versaletes1.png 450w, http:\/\/disseny-test.uoc.edu\/recursos\/tipo\/wp-content\/uploads\/sites\/18\/2017\/01\/1.6.5.versaletes1-300x115.png 300w\" sizes=\"(max-width: 450px) 100vw, 450px\" \/><p id=\"caption-attachment-28\" class=\"wp-caption-text\">Figura 29. Comparaci\u00f3n entre caja alta (1), caja baja (2), versalita real (3) y versalita falsa o may\u00fascula reducida (4). Tipograf\u00eda: Mrs Eaves de Zuzana Licko (1996)<\/p><\/div>\n<p>Las versalitas se usan habitualmente cuando en un texto debemos aplicar may\u00fasculas pero no queremos que destaquen en exceso, como cuando hacemos referencia a un siglo dentro de un texto corrido.<\/p>\n<div id=\"attachment_29\" style=\"width: 760px\" class=\"wp-caption alignnone\"><img aria-describedby=\"caption-attachment-29\" loading=\"lazy\" class=\"img-responsive wp-image-29 size-full\" src=\"http:\/\/disseny-test.uoc.edu\/recursos\/tipo\/wp-content\/uploads\/sites\/18\/2017\/01\/1.6.5.versaletes2.png\" alt=\"Figura 25. Versalitas\" width=\"750\" height=\"163\" srcset=\"http:\/\/disseny-test.uoc.edu\/recursos\/tipo\/wp-content\/uploads\/sites\/18\/2017\/01\/1.6.5.versaletes2.png 750w, http:\/\/disseny-test.uoc.edu\/recursos\/tipo\/wp-content\/uploads\/sites\/18\/2017\/01\/1.6.5.versaletes2-300x65.png 300w\" sizes=\"(max-width: 750px) 100vw, 750px\" \/><p id=\"caption-attachment-29\" class=\"wp-caption-text\">Figura 30. Versalitas<\/p><\/div>\n<p>En una fuente tambi\u00e9n solemos encontrar n\u00fameros ar\u00e1bigos de caja alta o cifras capitales, n\u00fameros ar\u00e1bigos de caja baja o cifras <em>old style<\/em> y caracteres de puntuaci\u00f3n y destinados a otros usos.<\/p>\n<p>Los n\u00fameros de caja alta est\u00e1n alineados a la base y todos son de la misma altura, mientras que los n\u00fameros de caja baja est\u00e1n dise\u00f1ados y compuestos con ascendentes y descendentes, como las letras de caja baja de la fuente.<\/p>\n<div id=\"attachment_27\" style=\"width: 760px\" class=\"wp-caption alignnone\"><img aria-describedby=\"caption-attachment-27\" loading=\"lazy\" class=\"img-responsive wp-image-27 size-full\" src=\"http:\/\/disseny-test.uoc.edu\/recursos\/tipo\/wp-content\/uploads\/sites\/18\/2017\/01\/1.6.5.numeros.png\" alt=\"Figura 26. Comparaci\u00f3n entre n\u00fameros capitales (izquierda) y old style (derecha) en Adobe Garamond Pro\" width=\"750\" height=\"106\" srcset=\"http:\/\/disseny-test.uoc.edu\/recursos\/tipo\/wp-content\/uploads\/sites\/18\/2017\/01\/1.6.5.numeros.png 750w, http:\/\/disseny-test.uoc.edu\/recursos\/tipo\/wp-content\/uploads\/sites\/18\/2017\/01\/1.6.5.numeros-300x42.png 300w\" sizes=\"(max-width: 750px) 100vw, 750px\" \/><p id=\"caption-attachment-27\" class=\"wp-caption-text\">Figura 31. Comparaci\u00f3n entre n\u00fameros capitales (izquierda) y <em>old style<\/em> (derecha) en Adobe Garamond Pro<\/p><\/div>\n<p>&nbsp;<\/p>\n<h4><strong>Conclusiones<\/strong><\/h4>\n<p>Una fuente contiene grupos distintos de caracteres, como letras (caracteres de sonido), n\u00fameros (caracteres de cantidad) y una cantidad variable de caracteres que se utilizan para controlar el texto imponiendo estructura, orden y valor a la escritura (puntos, par\u00e9ntesis, comillas, interrogantes, guiones, etc.).<\/p>","protected":false},"excerpt":{"rendered":"<p>1.6. Anatom\u00eda del tipo 1.6.5. Componentes de la fuente: letras, n\u00fameros y caracteres especiales Una fuente contiene distintos grupos de caracteres, como letras (caracteres de sonido), n\u00fameros (caracteres de cantidad) y una cantidad variable de caracteres que se utilizan para controlar el texto imponiendo estructura, orden y valor a la escritura (puntos, par\u00e9ntesis, comillas, interrogantes, [&hellip;]<\/p>\n","protected":false},"author":1,"featured_media":0,"parent":0,"menu_order":0,"comment_status":"closed","ping_status":"closed","template":"","meta":[],"acf":[],"_links":{"self":[{"href":"http:\/\/disseny-test.uoc.edu\/recursos\/tipo\/es\/wp-json\/wp\/v2\/pages\/112"}],"collection":[{"href":"http:\/\/disseny-test.uoc.edu\/recursos\/tipo\/es\/wp-json\/wp\/v2\/pages"}],"about":[{"href":"http:\/\/disseny-test.uoc.edu\/recursos\/tipo\/es\/wp-json\/wp\/v2\/types\/page"}],"author":[{"embeddable":true,"href":"http:\/\/disseny-test.uoc.edu\/recursos\/tipo\/es\/wp-json\/wp\/v2\/users\/1"}],"replies":[{"embeddable":true,"href":"http:\/\/disseny-test.uoc.edu\/recursos\/tipo\/es\/wp-json\/wp\/v2\/comments?post=112"}],"version-history":[{"count":19,"href":"http:\/\/disseny-test.uoc.edu\/recursos\/tipo\/es\/wp-json\/wp\/v2\/pages\/112\/revisions"}],"predecessor-version":[{"id":888,"href":"http:\/\/disseny-test.uoc.edu\/recursos\/tipo\/es\/wp-json\/wp\/v2\/pages\/112\/revisions\/888"}],"wp:attachment":[{"href":"http:\/\/disseny-test.uoc.edu\/recursos\/tipo\/es\/wp-json\/wp\/v2\/media?parent=112"}],"curies":[{"name":"wp","href":"https:\/\/api.w.org\/{rel}","templated":true}]}}