{"id":115,"date":"2017-01-25T15:58:53","date_gmt":"2017-01-25T15:58:53","guid":{"rendered":"http:\/\/disseny-test.uoc.edu\/recursos\/tipo\/?page_id=115"},"modified":"2019-03-04T13:22:46","modified_gmt":"2019-03-04T13:22:46","slug":"1-lletres-11","status":"publish","type":"page","link":"http:\/\/disseny-test.uoc.edu\/recursos\/tipo\/es\/1-lletres-11\/","title":{"rendered":"1. Letras"},"content":{"rendered":"<p><\/p>\n<h3><strong>1.6. Anatom\u00eda del tipo<\/strong><\/h3>\n<h4><strong>1.6.6. Variaciones y estilos<\/strong><\/h4>\n<p>Ya hemos visto que una familia tipogr\u00e1fica puede incluir diferentes series, pesos o estilos atendiendo al ancho del car\u00e1cter (comprimida, regular y ancha), el grueso de sus trazos (extrafina, fina, normal, seminegra, negra, etc.) y su inclinaci\u00f3n (redonda o cursiva). Todos estos atributos pueden presentarse en m\u00faltiples combinaciones y gradaciones.<\/p>\n<div id=\"attachment_30\" style=\"width: 760px\" class=\"wp-caption alignnone\"><img aria-describedby=\"caption-attachment-30\" loading=\"lazy\" class=\"img-responsive wp-image-30 size-full\" src=\"http:\/\/disseny-test.uoc.edu\/recursos\/tipo\/wp-content\/uploads\/sites\/18\/2017\/01\/1.6.6.helvetica-familia.png\" alt=\"Figura 27. Fam\u00edlia Helvetica Neue (linotip)\" width=\"750\" height=\"420\" srcset=\"http:\/\/disseny-test.uoc.edu\/recursos\/tipo\/wp-content\/uploads\/sites\/18\/2017\/01\/1.6.6.helvetica-familia.png 750w, http:\/\/disseny-test.uoc.edu\/recursos\/tipo\/wp-content\/uploads\/sites\/18\/2017\/01\/1.6.6.helvetica-familia-300x168.png 300w\" sizes=\"(max-width: 750px) 100vw, 750px\" \/><p id=\"caption-attachment-30\" class=\"wp-caption-text\">Figura 27. Familia Helvetica Neue<\/p><\/div>\n<p>Adem\u00e1s de estas variaciones, puede haber varios dise\u00f1os de una misma letra que se hacen con el objetivo de asignarles una tonalidad espec\u00edfica en funci\u00f3n de si se usar\u00e1n en texto corrido o en titulares. Hablamos de las versiones <em>text<\/em> y <em>display<\/em>, respectivamente. Por regla general, una letra pensada para cuerpos peque\u00f1os probablemente no funcionar\u00e1 bien del todo en cuerpos grandes, y al contrario.<\/p>\n<div id=\"attachment_31\" style=\"width: 460px\" class=\"wp-caption alignnone\"><img aria-describedby=\"caption-attachment-31\" loading=\"lazy\" class=\"img-responsive wp-image-31 size-full\" src=\"http:\/\/disseny-test.uoc.edu\/recursos\/tipo\/wp-content\/uploads\/sites\/18\/2017\/01\/1.6.6.text-display.png\" alt=\"Figura 28\" width=\"450\" height=\"141\" srcset=\"http:\/\/disseny-test.uoc.edu\/recursos\/tipo\/wp-content\/uploads\/sites\/18\/2017\/01\/1.6.6.text-display.png 450w, http:\/\/disseny-test.uoc.edu\/recursos\/tipo\/wp-content\/uploads\/sites\/18\/2017\/01\/1.6.6.text-display-300x94.png 300w\" sizes=\"(max-width: 450px) 100vw, 450px\" \/><p id=\"caption-attachment-31\" class=\"wp-caption-text\">Figura 28<\/p><\/div>\n<p>Es conveniente trabajar con familias que tengan, como m\u00ednimo, las cuatro series b\u00e1sicas: <strong>redonda, cursiva, negrita y negrita cursiva<\/strong>. Con estos cuatro estilos fundamentales podremos resolver la gran mayor\u00eda de proyectos que se nos presenten. Si la tipograf\u00eda que escogemos no los incluyen, tendremos problemas a la hora de destacar alguna parte del texto o jerarquizar el contenido.<\/p>\n<p>&nbsp;<\/p>\n<h4><strong>Conclusiones<\/strong><\/h4>\n<p>La familia tipogr\u00e1fica puede incluir diferentes series, pesos o estilos atendiendo al ancho del car\u00e1cter, el grueso de sus trazos y su inclinaci\u00f3n. Todos estos atributos pueden presentarse en m\u00faltiples combinaciones y gradaciones.<\/p>\n<p>Adem\u00e1s de estas variaciones, puede haber varios dise\u00f1os de una misma letra que se hacen con el objetivo de asignarles una tonalidad espec\u00edfica en funci\u00f3n de si se usar\u00e1n en texto corrido o en titulares. Hablamos de las versiones <em>text<\/em> y <em>display<\/em>, respectivamente.<\/p>\n<p>Es conveniente trabajar con familias que tengan, como m\u00ednimo, las cuatro series b\u00e1sicas: redonda, cursiva, negrita y negrita cursiva. Con estos cuatro estilos fundamentales podremos resolver la gran mayor\u00eda de proyectos que se nos presenten. Si la tipograf\u00eda que escogemos no los incluyen, tendremos problemas a la hora de destacar alguna parte del texto o jerarquizar el contenido.<\/p>","protected":false},"excerpt":{"rendered":"<p>1.6. Anatom\u00eda del tipo 1.6.6. Variaciones y estilos Ya hemos visto que una familia tipogr\u00e1fica puede incluir diferentes series, pesos o estilos atendiendo al ancho del car\u00e1cter (comprimida, regular y ancha), el grueso de sus trazos (extrafina, fina, normal, seminegra, negra, etc.) y su inclinaci\u00f3n (redonda o cursiva). Todos estos atributos pueden presentarse en m\u00faltiples [&hellip;]<\/p>\n","protected":false},"author":1,"featured_media":0,"parent":0,"menu_order":0,"comment_status":"closed","ping_status":"closed","template":"","meta":[],"acf":[],"_links":{"self":[{"href":"http:\/\/disseny-test.uoc.edu\/recursos\/tipo\/es\/wp-json\/wp\/v2\/pages\/115"}],"collection":[{"href":"http:\/\/disseny-test.uoc.edu\/recursos\/tipo\/es\/wp-json\/wp\/v2\/pages"}],"about":[{"href":"http:\/\/disseny-test.uoc.edu\/recursos\/tipo\/es\/wp-json\/wp\/v2\/types\/page"}],"author":[{"embeddable":true,"href":"http:\/\/disseny-test.uoc.edu\/recursos\/tipo\/es\/wp-json\/wp\/v2\/users\/1"}],"replies":[{"embeddable":true,"href":"http:\/\/disseny-test.uoc.edu\/recursos\/tipo\/es\/wp-json\/wp\/v2\/comments?post=115"}],"version-history":[{"count":15,"href":"http:\/\/disseny-test.uoc.edu\/recursos\/tipo\/es\/wp-json\/wp\/v2\/pages\/115\/revisions"}],"predecessor-version":[{"id":720,"href":"http:\/\/disseny-test.uoc.edu\/recursos\/tipo\/es\/wp-json\/wp\/v2\/pages\/115\/revisions\/720"}],"wp:attachment":[{"href":"http:\/\/disseny-test.uoc.edu\/recursos\/tipo\/es\/wp-json\/wp\/v2\/media?parent=115"}],"curies":[{"name":"wp","href":"https:\/\/api.w.org\/{rel}","templated":true}]}}