{"id":121,"date":"2017-01-25T16:06:25","date_gmt":"2017-01-25T16:06:25","guid":{"rendered":"http:\/\/disseny-test.uoc.edu\/recursos\/tipo\/?page_id=121"},"modified":"2021-07-19T11:37:25","modified_gmt":"2021-07-19T11:37:25","slug":"1-lletres-13","status":"publish","type":"page","link":"http:\/\/disseny-test.uoc.edu\/recursos\/tipo\/es\/1-lletres-13\/","title":{"rendered":"1. Letras"},"content":{"rendered":"<p><\/p>\n<h3><strong>1.7. Clasificaci\u00f3n tipogr\u00e1fica<\/strong><\/h3>\n<p>Se han llevado a cabo diferentes intentos de organizar la enorme variedad de tipos en categor\u00edas cerradas, y aunque han surgido varios modelos de clasificaci\u00f3n interesantes, ninguno ha proporcionado una visi\u00f3n completa. De hecho, existen casi tantas clasificaciones de familias de tipos como manuales de tipograf\u00eda. Es importante conocer la existencia de estos modelos y estudiarlos, pero no para poder encasillar y etiquetar las tipolog\u00edas de letra, sino m\u00e1s bien con la finalidad de optimizar su uso, impulsar la investigaci\u00f3n y creaci\u00f3n de nuevos dise\u00f1os y facilitar su selecci\u00f3n en entornos comerciales y profesionales.<\/p>\n<p>Las clasificaciones m\u00e1s importantes se basan en la hecha por el dise\u00f1ador e historiador franc\u00e9s Maximilien Vox (1894-1974), que fue adoptada despu\u00e9s por la Asociaci\u00f3n Tipogr\u00e1fica Internacional (ATYPI). Vox establece los grupos bas\u00e1ndose en su evoluci\u00f3n a lo largo del tiempo y en el tratamiento diferenciado de algunos elementos de los caracteres.<\/p>\n<p>&nbsp;<\/p>\n<p>&nbsp;<\/p>\n<h4><strong>1.7.1. Cl\u00e1sicas<\/strong><\/h4>\n<p>&nbsp;<\/p>\n<h4><strong>Humanas o venecianas\u00a0<\/strong>(ej. Berkeley Old Style, Centaur y Jenson)<\/h4>\n<p>Primeras romanas con influencia directa de la escritura human\u00edstica. Modulaci\u00f3n oblicua y contraste suave entre trazos gruesos y finos.<\/p>\n<div id=\"attachment_32\" style=\"width: 460px\" class=\"wp-caption alignnone\"><img aria-describedby=\"caption-attachment-32\" loading=\"lazy\" class=\"img-responsive wp-image-32 size-full\" src=\"http:\/\/disseny-test.uoc.edu\/recursos\/tipo\/wp-content\/uploads\/sites\/18\/2017\/01\/1.7.1.01-humanes.png\" alt=\"Figura 29. Humanes o venecianes\" width=\"450\" height=\"170\" srcset=\"http:\/\/disseny-test.uoc.edu\/recursos\/tipo\/wp-content\/uploads\/sites\/18\/2017\/01\/1.7.1.01-humanes.png 450w, http:\/\/disseny-test.uoc.edu\/recursos\/tipo\/wp-content\/uploads\/sites\/18\/2017\/01\/1.7.1.01-humanes-300x113.png 300w\" sizes=\"(max-width: 450px) 100vw, 450px\" \/><p id=\"caption-attachment-32\" class=\"wp-caption-text\">Figura 32. Tipograf\u00eda Adobe Jenson (1996), dise\u00f1ada por Robert Slimbach para <i>Adobe<\/i><\/p><\/div>\n<p>&nbsp;<\/p>\n<h4><strong>Garaldas (por Garamond y Aldo)\u00a0<\/strong>(ej. Garamond, Minion y Weiss)<\/h4>\n<p>Romanas renacentistas y sucesoras. Modulaci\u00f3n oblicua y contraste medio entre trazos gruesos y finos. Mejor proporci\u00f3n general y elementos m\u00e1s integrados en el conjunto que en la tipolog\u00eda veneciana.<\/p>\n<div id=\"attachment_33\" style=\"width: 460px\" class=\"wp-caption alignnone\"><img aria-describedby=\"caption-attachment-33\" loading=\"lazy\" class=\"img-responsive wp-image-33 size-full\" src=\"http:\/\/disseny-test.uoc.edu\/recursos\/tipo\/wp-content\/uploads\/sites\/18\/2017\/01\/1.7.1.02-garaldes.png\" alt=\"Figura 30. Garaldes\" width=\"450\" height=\"165\" srcset=\"http:\/\/disseny-test.uoc.edu\/recursos\/tipo\/wp-content\/uploads\/sites\/18\/2017\/01\/1.7.1.02-garaldes.png 450w, http:\/\/disseny-test.uoc.edu\/recursos\/tipo\/wp-content\/uploads\/sites\/18\/2017\/01\/1.7.1.02-garaldes-300x110.png 300w\" sizes=\"(max-width: 450px) 100vw, 450px\" \/><p id=\"caption-attachment-33\" class=\"wp-caption-text\">Figura 33. Tipograf\u00eda Adobe Garamond (1989), dise\u00f1ada por Robert Slimbach para <i>Adobe<\/i><\/p><\/div>\n<p>&nbsp;<\/p>\n<h4><strong>Reales\u00a0<\/strong>(ej. Baskerville, Century Old Style y Times New Roman)<\/h4>\n<p>Romanas de transici\u00f3n hacia la letra moderna. Modulaci\u00f3n vertical o casi vertical y contraste medio o alto entre trazos gruesos y finos.<\/p>\n<div id=\"attachment_34\" style=\"width: 460px\" class=\"wp-caption alignnone\"><img aria-describedby=\"caption-attachment-34\" loading=\"lazy\" class=\"img-responsive wp-image-34 size-full\" src=\"http:\/\/disseny-test.uoc.edu\/recursos\/tipo\/wp-content\/uploads\/sites\/18\/2017\/01\/1.7.1.03-reials.png\" alt=\"Figura 31. Reials\" width=\"450\" height=\"158\" srcset=\"http:\/\/disseny-test.uoc.edu\/recursos\/tipo\/wp-content\/uploads\/sites\/18\/2017\/01\/1.7.1.03-reials.png 450w, http:\/\/disseny-test.uoc.edu\/recursos\/tipo\/wp-content\/uploads\/sites\/18\/2017\/01\/1.7.1.03-reials-300x105.png 300w\" sizes=\"(max-width: 450px) 100vw, 450px\" \/><p id=\"caption-attachment-34\" class=\"wp-caption-text\">Figura 34. Tipograf\u00eda Baskerville, dise\u00f1ada por John Baskerville en 1757 y reeditada por Bruce Rogers para <i>Monotype<\/i> (1924) y <i>Linotype<\/i> (1931)<\/p><\/div>\n<p>&nbsp;<\/p>\n<h4><strong>Conclusiones<\/strong><\/h4>\n<p>Dentro de las cl\u00e1sicas encontramos las humanas o venecianas, las garaldas y las reales.<\/p>","protected":false},"excerpt":{"rendered":"<p>1.7. Clasificaci\u00f3n tipogr\u00e1fica Se han llevado a cabo diferentes intentos de organizar la enorme variedad de tipos en categor\u00edas cerradas, y aunque han surgido varios modelos de clasificaci\u00f3n interesantes, ninguno ha proporcionado una visi\u00f3n completa. De hecho, existen casi tantas clasificaciones de familias de tipos como manuales de tipograf\u00eda. Es importante conocer la existencia de [&hellip;]<\/p>\n","protected":false},"author":1,"featured_media":0,"parent":0,"menu_order":0,"comment_status":"closed","ping_status":"closed","template":"","meta":[],"acf":[],"_links":{"self":[{"href":"http:\/\/disseny-test.uoc.edu\/recursos\/tipo\/es\/wp-json\/wp\/v2\/pages\/121"}],"collection":[{"href":"http:\/\/disseny-test.uoc.edu\/recursos\/tipo\/es\/wp-json\/wp\/v2\/pages"}],"about":[{"href":"http:\/\/disseny-test.uoc.edu\/recursos\/tipo\/es\/wp-json\/wp\/v2\/types\/page"}],"author":[{"embeddable":true,"href":"http:\/\/disseny-test.uoc.edu\/recursos\/tipo\/es\/wp-json\/wp\/v2\/users\/1"}],"replies":[{"embeddable":true,"href":"http:\/\/disseny-test.uoc.edu\/recursos\/tipo\/es\/wp-json\/wp\/v2\/comments?post=121"}],"version-history":[{"count":20,"href":"http:\/\/disseny-test.uoc.edu\/recursos\/tipo\/es\/wp-json\/wp\/v2\/pages\/121\/revisions"}],"predecessor-version":[{"id":889,"href":"http:\/\/disseny-test.uoc.edu\/recursos\/tipo\/es\/wp-json\/wp\/v2\/pages\/121\/revisions\/889"}],"wp:attachment":[{"href":"http:\/\/disseny-test.uoc.edu\/recursos\/tipo\/es\/wp-json\/wp\/v2\/media?parent=121"}],"curies":[{"name":"wp","href":"https:\/\/api.w.org\/{rel}","templated":true}]}}