{"id":125,"date":"2017-01-26T08:50:00","date_gmt":"2017-01-26T08:50:00","guid":{"rendered":"http:\/\/disseny-test.uoc.edu\/recursos\/tipo\/?page_id=125"},"modified":"2021-07-19T11:41:22","modified_gmt":"2021-07-19T11:41:22","slug":"1-lletres-14","status":"publish","type":"page","link":"http:\/\/disseny-test.uoc.edu\/recursos\/tipo\/es\/1-lletres-14\/","title":{"rendered":"1. Letras"},"content":{"rendered":"<p><\/p>\n<h3><strong>1.7. Clasificaci\u00f3n tipogr\u00e1fica<\/strong><\/h3>\n<h4><strong>1.7.2. Modernas<\/strong><\/h4>\n<p>&nbsp;<\/p>\n<h4><strong>Didonas\u00a0<\/strong>(ej. Bodoni, New Baskerville y Walbaum)<\/h4>\n<p>Uso de recursos plenamente tipogr\u00e1ficos, como las gotas. Modulaci\u00f3n vertical y contraste muy alto entre trazos gruesos y finos. Actualmente estas letras han quedado como las ideales para transmitir moda, elegancia y feminidad.<\/p>\n<div id=\"attachment_35\" style=\"width: 460px\" class=\"wp-caption alignnone\"><img aria-describedby=\"caption-attachment-35\" loading=\"lazy\" class=\"img-responsive wp-image-35 size-full\" src=\"http:\/\/disseny-test.uoc.edu\/recursos\/tipo\/wp-content\/uploads\/sites\/18\/2017\/01\/1.7.1.04-didones.png\" alt=\"Figura 32. Didonas\" width=\"450\" height=\"158\" srcset=\"http:\/\/disseny-test.uoc.edu\/recursos\/tipo\/wp-content\/uploads\/sites\/18\/2017\/01\/1.7.1.04-didones.png 450w, http:\/\/disseny-test.uoc.edu\/recursos\/tipo\/wp-content\/uploads\/sites\/18\/2017\/01\/1.7.1.04-didones-300x105.png 300w\" sizes=\"(max-width: 450px) 100vw, 450px\" \/><p id=\"caption-attachment-35\" class=\"wp-caption-text\">Figura 35. Tipograf\u00eda Bauer Bodoni (1924), dise\u00f1ada por Louis Hell para <i>Linotype<\/i><\/p><\/div>\n<p>&nbsp;<\/p>\n<h4><strong>Mec\u00e1nica o egipcia\u00a0<\/strong>(ej. Clarendon, New Century Schoolbook y Rockwell)<\/h4>\n<p>Sin contraste en los trazos y modulaci\u00f3n vertical. Terminales horizontales y del mismo grueso que las astas.<\/p>\n<div id=\"attachment_36\" style=\"width: 460px\" class=\"wp-caption alignnone\"><img aria-describedby=\"caption-attachment-36\" loading=\"lazy\" class=\"img-responsive wp-image-36 size-full\" src=\"http:\/\/disseny-test.uoc.edu\/recursos\/tipo\/wp-content\/uploads\/sites\/18\/2017\/01\/1.7.1.05-mecanes.png\" alt=\"Figura 33. Mec\u00e1nica\" width=\"450\" height=\"116\" srcset=\"http:\/\/disseny-test.uoc.edu\/recursos\/tipo\/wp-content\/uploads\/sites\/18\/2017\/01\/1.7.1.05-mecanes.png 450w, http:\/\/disseny-test.uoc.edu\/recursos\/tipo\/wp-content\/uploads\/sites\/18\/2017\/01\/1.7.1.05-mecanes-300x77.png 300w\" sizes=\"(max-width: 450px) 100vw, 450px\" \/><p id=\"caption-attachment-36\" class=\"wp-caption-text\">Figura 36. Tipograf\u00eda Rockwell, <i>Monotype<\/i> (1934)<\/p><\/div>\n<p>&nbsp;<\/p>\n<h4><strong>Lineales grotescas\u00a0<\/strong>(ej. Franklin Gothic, Impact y Trade Gothic)<\/h4>\n<p>Imitan los primeros caracteres de palo seco del siglo <span class=\"versalita\">xix<\/span>. Presentan un peque\u00f1o contraste de la modulaci\u00f3n.<\/p>\n<div id=\"attachment_37\" style=\"width: 460px\" class=\"wp-caption alignnone\"><img aria-describedby=\"caption-attachment-37\" loading=\"lazy\" class=\"img-responsive wp-image-37 size-full\" src=\"http:\/\/disseny-test.uoc.edu\/recursos\/tipo\/wp-content\/uploads\/sites\/18\/2017\/01\/1.7.1.06-lineal-grotesq.png\" alt=\"Figura 34. Lineales grotescas\" width=\"450\" height=\"133\" srcset=\"http:\/\/disseny-test.uoc.edu\/recursos\/tipo\/wp-content\/uploads\/sites\/18\/2017\/01\/1.7.1.06-lineal-grotesq.png 450w, http:\/\/disseny-test.uoc.edu\/recursos\/tipo\/wp-content\/uploads\/sites\/18\/2017\/01\/1.7.1.06-lineal-grotesq-300x89.png 300w\" sizes=\"(max-width: 450px) 100vw, 450px\" \/><p id=\"caption-attachment-37\" class=\"wp-caption-text\">Figura 37. Tipograf\u00eda Franklin Gothic (1904), dise\u00f1ada por Morris Fuller Benton para <i>ATF<\/i><\/p><\/div>\n<p>&nbsp;<\/p>\n<h4><strong>Lineales neogrotescas\u00a0<\/strong>(ej. Arial, Helvetica y Univers)<\/h4>\n<p>Interpretaci\u00f3n lineal del car\u00e1cter. Contraste menor que el de las grotescas. La <em>g<\/em> de caja baja tiene el trazo inferior abierto.<\/p>\n<div id=\"attachment_38\" style=\"width: 460px\" class=\"wp-caption alignnone\"><img aria-describedby=\"caption-attachment-38\" loading=\"lazy\" class=\"img-responsive wp-image-38 size-full\" src=\"http:\/\/disseny-test.uoc.edu\/recursos\/tipo\/wp-content\/uploads\/sites\/18\/2017\/01\/1.7.1.07-neogrotsq.png\" alt=\"Figura 35. Lineals neogrotesques\" width=\"450\" height=\"133\" srcset=\"http:\/\/disseny-test.uoc.edu\/recursos\/tipo\/wp-content\/uploads\/sites\/18\/2017\/01\/1.7.1.07-neogrotsq.png 450w, http:\/\/disseny-test.uoc.edu\/recursos\/tipo\/wp-content\/uploads\/sites\/18\/2017\/01\/1.7.1.07-neogrotsq-300x89.png 300w\" sizes=\"(max-width: 450px) 100vw, 450px\" \/><p id=\"caption-attachment-38\" class=\"wp-caption-text\">Figura 38. Tipograf\u00eda Helvetica Neue (1983), dise\u00f1ada por Max Miedinger para <i>Linotype<\/i><\/p><\/div>\n<p>&nbsp;<\/p>\n<h4><strong>Lineales geom\u00e9tricas\u00a0<\/strong>(ej. Avenir, Eurostile y Futura)<\/h4>\n<p>Car\u00e1cter lineal a partir de formas geom\u00e9tricas b\u00e1sicas. El grueso de los trazos tiende a ser muy constante y regular.<\/p>\n<div id=\"attachment_39\" style=\"width: 460px\" class=\"wp-caption alignnone\"><img aria-describedby=\"caption-attachment-39\" loading=\"lazy\" class=\"img-responsive wp-image-39 size-full\" src=\"http:\/\/disseny-test.uoc.edu\/recursos\/tipo\/wp-content\/uploads\/sites\/18\/2017\/01\/1.7.1.08-linea-geometr.png\" alt=\"Figura 36. Lineals geom\u00e8triques\" width=\"450\" height=\"148\" srcset=\"http:\/\/disseny-test.uoc.edu\/recursos\/tipo\/wp-content\/uploads\/sites\/18\/2017\/01\/1.7.1.08-linea-geometr.png 450w, http:\/\/disseny-test.uoc.edu\/recursos\/tipo\/wp-content\/uploads\/sites\/18\/2017\/01\/1.7.1.08-linea-geometr-300x99.png 300w\" sizes=\"(max-width: 450px) 100vw, 450px\" \/><p id=\"caption-attachment-39\" class=\"wp-caption-text\">Figura 39. Tipograf\u00eda Futura (1927), dise\u00f1ada por Paul Renner para <i>Bauer<\/i><\/p><\/div>\n<p>&nbsp;<\/p>\n<h4><strong>Lineales human\u00edsticas\u00a0<\/strong>(ej. Frutiger, Gill Sans y Optima)<\/h4>\n<p>En esta tipolog\u00eda resurge la concepci\u00f3n humanista del tipo. Se inspiran en las inscripciones romanas y las caligraf\u00edas del Renacimiento. L\u00edneas de nuevo con cierta modulaci\u00f3n.<\/p>\n<div id=\"attachment_40\" style=\"width: 460px\" class=\"wp-caption alignnone\"><img aria-describedby=\"caption-attachment-40\" loading=\"lazy\" class=\"img-responsive wp-image-40 size-full\" src=\"http:\/\/disseny-test.uoc.edu\/recursos\/tipo\/wp-content\/uploads\/sites\/18\/2017\/01\/1.7.1.09-lineal-humanista.png\" alt=\"Figura 37. Lineals human\u00edstiques\" width=\"450\" height=\"142\" srcset=\"http:\/\/disseny-test.uoc.edu\/recursos\/tipo\/wp-content\/uploads\/sites\/18\/2017\/01\/1.7.1.09-lineal-humanista.png 450w, http:\/\/disseny-test.uoc.edu\/recursos\/tipo\/wp-content\/uploads\/sites\/18\/2017\/01\/1.7.1.09-lineal-humanista-300x95.png 300w\" sizes=\"(max-width: 450px) 100vw, 450px\" \/><p id=\"caption-attachment-40\" class=\"wp-caption-text\">Figura 40. Tipograf\u00eda Gill Sans (1928-1930), dise\u00f1ada por Eric Gill para <i>Monotype<\/i><\/p><\/div>\n<p>&nbsp;<\/p>\n<h4><strong>Conclusiones<\/strong><\/h4>\n<p>Dentro de las modernas encontramos las didonas, la mec\u00e1nica o egipcia, las lineales grotescas, las lineales neogrotescas, las lineales geom\u00e9tricas y las lineales human\u00edsticas.<\/p>","protected":false},"excerpt":{"rendered":"<p>1.7. Clasificaci\u00f3n tipogr\u00e1fica 1.7.2. Modernas &nbsp; Didonas\u00a0(ej. Bodoni, New Baskerville y Walbaum) Uso de recursos plenamente tipogr\u00e1ficos, como las gotas. Modulaci\u00f3n vertical y contraste muy alto entre trazos gruesos y finos. Actualmente estas letras han quedado como las ideales para transmitir moda, elegancia y feminidad. &nbsp; Mec\u00e1nica o egipcia\u00a0(ej. Clarendon, New Century Schoolbook y Rockwell) [&hellip;]<\/p>\n","protected":false},"author":1,"featured_media":0,"parent":0,"menu_order":0,"comment_status":"closed","ping_status":"closed","template":"","meta":[],"acf":[],"_links":{"self":[{"href":"http:\/\/disseny-test.uoc.edu\/recursos\/tipo\/es\/wp-json\/wp\/v2\/pages\/125"}],"collection":[{"href":"http:\/\/disseny-test.uoc.edu\/recursos\/tipo\/es\/wp-json\/wp\/v2\/pages"}],"about":[{"href":"http:\/\/disseny-test.uoc.edu\/recursos\/tipo\/es\/wp-json\/wp\/v2\/types\/page"}],"author":[{"embeddable":true,"href":"http:\/\/disseny-test.uoc.edu\/recursos\/tipo\/es\/wp-json\/wp\/v2\/users\/1"}],"replies":[{"embeddable":true,"href":"http:\/\/disseny-test.uoc.edu\/recursos\/tipo\/es\/wp-json\/wp\/v2\/comments?post=125"}],"version-history":[{"count":13,"href":"http:\/\/disseny-test.uoc.edu\/recursos\/tipo\/es\/wp-json\/wp\/v2\/pages\/125\/revisions"}],"predecessor-version":[{"id":890,"href":"http:\/\/disseny-test.uoc.edu\/recursos\/tipo\/es\/wp-json\/wp\/v2\/pages\/125\/revisions\/890"}],"wp:attachment":[{"href":"http:\/\/disseny-test.uoc.edu\/recursos\/tipo\/es\/wp-json\/wp\/v2\/media?parent=125"}],"curies":[{"name":"wp","href":"https:\/\/api.w.org\/{rel}","templated":true}]}}