{"id":134,"date":"2017-01-26T09:04:19","date_gmt":"2017-01-26T09:04:19","guid":{"rendered":"http:\/\/disseny-test.uoc.edu\/recursos\/tipo\/?page_id=134"},"modified":"2021-10-28T11:13:13","modified_gmt":"2021-10-28T11:13:13","slug":"1-lletres-17","status":"publish","type":"page","link":"http:\/\/disseny-test.uoc.edu\/recursos\/tipo\/es\/1-lletres-17\/","title":{"rendered":"1. Letras"},"content":{"rendered":"<p><\/p>\n<h3><strong>1.8. Medidas tipogr\u00e1ficas<\/strong><\/h3>\n<p>La tipograf\u00eda usa sus propios sistemas de medida y sus propias unidades. En composici\u00f3n con tipos met\u00e1licos, el cuerpo hac\u00eda referencia a la cara completa que conten\u00eda el car\u00e1cter y era el valor que determinaba en \u00faltima instancia el tama\u00f1o de la letra. El punto tipogr\u00e1fico (pt) es la unidad m\u00e1s peque\u00f1a y tambi\u00e9n la m\u00e1s utilizada hoy en d\u00eda para concretar el tama\u00f1o, el espaciado y la interl\u00ednea de los textos. Los fabricantes modernos de tipos de letras, que ya son todas digitales, todav\u00eda conservan este sistema de dimensiones tradicional, el est\u00e1ndar actualmente. As\u00ed pues, cuando decimos que un texto est\u00e1 a 8 puntos, en realidad nos referimos a la altura de una de las caras del bloque de metal donde figurar\u00eda el car\u00e1cter si se hubiera fabricado con el antiguo sistema de tipos m\u00f3viles de imprenta.<\/p>\n<div id=\"attachment_45\" style=\"width: 460px\" class=\"wp-caption alignnone\"><img aria-describedby=\"caption-attachment-45\" loading=\"lazy\" class=\"img-responsive wp-image-45 size-full\" src=\"http:\/\/disseny-test.uoc.edu\/recursos\/tipo\/wp-content\/uploads\/sites\/18\/2017\/01\/1.8.cos_.png\" alt=\"Figura 42. La altura de la cara del tipo donde figura la letra se denomina cuerpo\" width=\"450\" height=\"552\" srcset=\"http:\/\/disseny-test.uoc.edu\/recursos\/tipo\/wp-content\/uploads\/sites\/18\/2017\/01\/1.8.cos_.png 450w, http:\/\/disseny-test.uoc.edu\/recursos\/tipo\/wp-content\/uploads\/sites\/18\/2017\/01\/1.8.cos_-245x300.png 245w\" sizes=\"(max-width: 450px) 100vw, 450px\" \/><p id=\"caption-attachment-45\" class=\"wp-caption-text\">Figura 45. La altura de la cara del tipo donde figura la letra se denomina cuerpo<\/p><\/div>\n<p>El punto DTP (<em>desktop publishing<\/em>) o punto PostScript corresponde a 1\/72 de pulgada, y puesto que una pulgada equivale a 25,4 mm, el punto DTP representa 0,352 mm. Otra medida importante, utilizada por los impresores, es la pica (tambi\u00e9n llamada c\u00edcero en algunos pa\u00edses europeos), que equivale a 12 puntos. Sin embargo, en sistemas electr\u00f3nicos de composici\u00f3n tipogr\u00e1fica es recomendable usar el sistema m\u00e9trico decimal para las dimensiones de los objetos y el tama\u00f1o de la p\u00e1gina y reservar los puntos para el tratamiento del texto.<\/p>\n<p>A grandes rasgos, podemos distinguir tres grupos de tama\u00f1os de tipos con diferentes finalidades de uso:<\/p>\n<ul>\n<li>Tama\u00f1os de referencia, entre 5 y 8 puntos aproximadamente: se usan en notas al margen y notas al pie, listines telef\u00f3nicos, diccionarios, etc.<\/li>\n<li>Tama\u00f1os de texto, entre 8 y 12 puntos aproximadamente: se usan habitualmente para texto corrido, como en el caso de los libros.<\/li>\n<li>Tama\u00f1os de visualizaci\u00f3n o <em>display<\/em>, a partir de 14 puntos: se emplean en elementos que tienen que ser le\u00eddos a distancia, como titulares, letreros, carteles, se\u00f1ales, etc.<\/li>\n<\/ul>\n<p>&nbsp;<\/p>\n<h4><strong>Conclusiones<\/strong><\/h4>\n<p>La tipograf\u00eda usa sus propios sistemas de medida y sus propias unidades. En composici\u00f3n con tipos met\u00e1licos, el cuerpo hac\u00eda referencia a la cara completa que conten\u00eda el car\u00e1cter y era el valor que determinaba en \u00faltima instancia el tama\u00f1o de la letra. El punto tipogr\u00e1fico (pt) es la unidad m\u00e1s peque\u00f1a y tambi\u00e9n la m\u00e1s utilizada hoy en d\u00eda para concretar el tama\u00f1o, el espaciado y la interl\u00ednea de los textos.<\/p>","protected":false},"excerpt":{"rendered":"<p>1.8. Medidas tipogr\u00e1ficas La tipograf\u00eda usa sus propios sistemas de medida y sus propias unidades. En composici\u00f3n con tipos met\u00e1licos, el cuerpo hac\u00eda referencia a la cara completa que conten\u00eda el car\u00e1cter y era el valor que determinaba en \u00faltima instancia el tama\u00f1o de la letra. El punto tipogr\u00e1fico (pt) es la unidad m\u00e1s peque\u00f1a [&hellip;]<\/p>\n","protected":false},"author":1,"featured_media":0,"parent":0,"menu_order":0,"comment_status":"closed","ping_status":"closed","template":"","meta":[],"acf":[],"_links":{"self":[{"href":"http:\/\/disseny-test.uoc.edu\/recursos\/tipo\/es\/wp-json\/wp\/v2\/pages\/134"}],"collection":[{"href":"http:\/\/disseny-test.uoc.edu\/recursos\/tipo\/es\/wp-json\/wp\/v2\/pages"}],"about":[{"href":"http:\/\/disseny-test.uoc.edu\/recursos\/tipo\/es\/wp-json\/wp\/v2\/types\/page"}],"author":[{"embeddable":true,"href":"http:\/\/disseny-test.uoc.edu\/recursos\/tipo\/es\/wp-json\/wp\/v2\/users\/1"}],"replies":[{"embeddable":true,"href":"http:\/\/disseny-test.uoc.edu\/recursos\/tipo\/es\/wp-json\/wp\/v2\/comments?post=134"}],"version-history":[{"count":13,"href":"http:\/\/disseny-test.uoc.edu\/recursos\/tipo\/es\/wp-json\/wp\/v2\/pages\/134\/revisions"}],"predecessor-version":[{"id":981,"href":"http:\/\/disseny-test.uoc.edu\/recursos\/tipo\/es\/wp-json\/wp\/v2\/pages\/134\/revisions\/981"}],"wp:attachment":[{"href":"http:\/\/disseny-test.uoc.edu\/recursos\/tipo\/es\/wp-json\/wp\/v2\/media?parent=134"}],"curies":[{"name":"wp","href":"https:\/\/api.w.org\/{rel}","templated":true}]}}