{"id":221,"date":"2017-01-26T11:54:21","date_gmt":"2017-01-26T11:54:21","guid":{"rendered":"http:\/\/disseny-test.uoc.edu\/recursos\/tipo\/?page_id=221"},"modified":"2021-07-20T06:09:01","modified_gmt":"2021-07-20T06:09:01","slug":"3-textos-1","status":"publish","type":"page","link":"http:\/\/disseny-test.uoc.edu\/recursos\/tipo\/es\/3-textos-1\/","title":{"rendered":"3. Textos"},"content":{"rendered":"<p><\/p>\n<h3><strong>3.1. Composici\u00f3n de car\u00e1cter y composici\u00f3n de p\u00e1rrafo<\/strong><\/h3>\n<p>La asignatura de Tipograf\u00eda se divide en cuatro m\u00f3dulos: letras, palabras, frases y textos. La letra es la unidad m\u00ednima de cualquier contenido textual. A partir de la combinaci\u00f3n de letras generamos palabras, cuya sucesi\u00f3n dar\u00e1 lugar a frases. Si la frase se extiende m\u00e1s all\u00e1 de una l\u00ednea, generar\u00e1 una ordenaci\u00f3n consecutiva de estas, hasta que la \u00faltima l\u00ednea se encuentre con un punto y aparte. Este signo marcar\u00e1 el final del conjunto de frases, que denominamos p\u00e1rrafo. Un texto puede estar formado por un p\u00e1rrafo o m\u00e1s que guardan relaci\u00f3n entre s\u00ed. Cada p\u00e1rrafo expresa, normalmente, una idea. Los textos expresan mensajes completos de forma clara y ordenada.<\/p>\n<p>Las aplicaciones de maquetaci\u00f3n suelen diferenciar la composici\u00f3n de textos en dos apartados: la <strong>composici\u00f3n<\/strong> <strong>de car\u00e1cter<\/strong> y la <strong>composici\u00f3n<\/strong> <strong>de p\u00e1rrafo<\/strong>. El primero agrupa par\u00e1metros como la fuente, la serie, el cuerpo, el interlineado, el <em>tracking<\/em>, el <em>kerning<\/em>, etc. La composici\u00f3n de p\u00e1rrafo, por su parte, permite editar par\u00e1metros como, por ejemplo, la alineaci\u00f3n de p\u00e1rrafo, la sangr\u00eda, la asignaci\u00f3n de espacios entre p\u00e1rrafos y otros factores.<\/p>\n<div id=\"attachment_166\" style=\"width: 760px\" class=\"wp-caption alignnone\"><img aria-describedby=\"caption-attachment-166\" loading=\"lazy\" class=\"img-responsive wp-image-166 size-full\" src=\"http:\/\/disseny-test.uoc.edu\/recursos\/tipo\/wp-content\/uploads\/sites\/18\/2017\/01\/Tipografia_Materiales-M4_Pagina_02_Imagen_0001.png\" alt=\"Figura 79. Panells de car\u00e0cter i par\u00e0graf d\u2019InDesign (Adobe)\" width=\"750\" height=\"308\" srcset=\"http:\/\/disseny-test.uoc.edu\/recursos\/tipo\/wp-content\/uploads\/sites\/18\/2017\/01\/Tipografia_Materiales-M4_Pagina_02_Imagen_0001.png 750w, http:\/\/disseny-test.uoc.edu\/recursos\/tipo\/wp-content\/uploads\/sites\/18\/2017\/01\/Tipografia_Materiales-M4_Pagina_02_Imagen_0001-300x123.png 300w\" sizes=\"(max-width: 750px) 100vw, 750px\" \/><p id=\"caption-attachment-166\" class=\"wp-caption-text\">Figura 86. Paneles de car\u00e1cter y p\u00e1rrafo de InDesign (Adobe)<\/p><\/div>\n<p>&nbsp;<\/p>\n<p>Para maquetaciones m\u00e1s complejas son \u00fatiles los paneles de estilos de car\u00e1cter y p\u00e1rrafo. El panel de estilos de car\u00e1cter permite crear, denominar y aplicar estilos de car\u00e1cter al texto dentro de un p\u00e1rrafo, mientras que el de p\u00e1rrafo, a p\u00e1rrafos completos. Los estilos se guardan en un documento y se muestran en el panel cada vez que se abre el documento. Permiten aplicar un conjunto de atributos de formato a un texto en un solo paso. A veces, los estilos de p\u00e1rrafo y de car\u00e1cter se denominan estilos de texto. Al cambiar el formato de un estilo, se actualiza todo el texto al que se haya aplicado con el nuevo formato.<\/p>\n<p>&nbsp;<\/p>\n<h4><strong>Conclusiones<\/strong><\/h4>\n<p>Los textos expresan de forma clara y ordenada mensajes completos. Las aplicaciones de maquetaci\u00f3n suelen diferenciar la composici\u00f3n de textos en dos apartados: la composici\u00f3n de car\u00e1cter y la composici\u00f3n de p\u00e1rrafo.<\/p>","protected":false},"excerpt":{"rendered":"<p>3.1. Composici\u00f3n de car\u00e1cter y composici\u00f3n de p\u00e1rrafo La asignatura de Tipograf\u00eda se divide en cuatro m\u00f3dulos: letras, palabras, frases y textos. La letra es la unidad m\u00ednima de cualquier contenido textual. A partir de la combinaci\u00f3n de letras generamos palabras, cuya sucesi\u00f3n dar\u00e1 lugar a frases. Si la frase se extiende m\u00e1s all\u00e1 de [&hellip;]<\/p>\n","protected":false},"author":1,"featured_media":0,"parent":0,"menu_order":0,"comment_status":"closed","ping_status":"closed","template":"","meta":[],"acf":[],"_links":{"self":[{"href":"http:\/\/disseny-test.uoc.edu\/recursos\/tipo\/es\/wp-json\/wp\/v2\/pages\/221"}],"collection":[{"href":"http:\/\/disseny-test.uoc.edu\/recursos\/tipo\/es\/wp-json\/wp\/v2\/pages"}],"about":[{"href":"http:\/\/disseny-test.uoc.edu\/recursos\/tipo\/es\/wp-json\/wp\/v2\/types\/page"}],"author":[{"embeddable":true,"href":"http:\/\/disseny-test.uoc.edu\/recursos\/tipo\/es\/wp-json\/wp\/v2\/users\/1"}],"replies":[{"embeddable":true,"href":"http:\/\/disseny-test.uoc.edu\/recursos\/tipo\/es\/wp-json\/wp\/v2\/comments?post=221"}],"version-history":[{"count":12,"href":"http:\/\/disseny-test.uoc.edu\/recursos\/tipo\/es\/wp-json\/wp\/v2\/pages\/221\/revisions"}],"predecessor-version":[{"id":907,"href":"http:\/\/disseny-test.uoc.edu\/recursos\/tipo\/es\/wp-json\/wp\/v2\/pages\/221\/revisions\/907"}],"wp:attachment":[{"href":"http:\/\/disseny-test.uoc.edu\/recursos\/tipo\/es\/wp-json\/wp\/v2\/media?parent=221"}],"curies":[{"name":"wp","href":"https:\/\/api.w.org\/{rel}","templated":true}]}}