{"id":230,"date":"2017-01-26T12:24:23","date_gmt":"2017-01-26T12:24:23","guid":{"rendered":"http:\/\/disseny-test.uoc.edu\/recursos\/tipo\/?page_id=230"},"modified":"2021-07-20T06:12:12","modified_gmt":"2021-07-20T06:12:12","slug":"3-textos-4","status":"publish","type":"page","link":"http:\/\/disseny-test.uoc.edu\/recursos\/tipo\/es\/3-textos-4\/","title":{"rendered":"3. Textos"},"content":{"rendered":"<p><\/p>\n<h3><strong>3.4. Interlineado<\/strong><\/h3>\n<p>El espacio vertical entre l\u00edneas de texto se denomina <strong>interlineado<\/strong>. Se mide desde la l\u00ednea de base de una l\u00ednea de texto hasta la l\u00ednea de base de la l\u00ednea siguiente. Originalmente se hac\u00eda colocando tiras de plomo entre las l\u00edneas de tipos met\u00e1licos. La configuraci\u00f3n de un interlineado adecuado es primordial para conseguir una distinci\u00f3n clara en la lectura de l\u00edneas de texto consecutivas. Conviene que las ascendentes y descendentes de l\u00edneas sucesivas no lleguen a tocarse para evitar una apariencia compacta de dif\u00edcil lectura. Al contrario, un texto que se compone con una distancia entre l\u00edneas demasiado grande crea una estructura de franjas que distraen al lector.<\/p>\n<div id=\"attachment_176\" style=\"width: 760px\" class=\"wp-caption alignnone\"><img aria-describedby=\"caption-attachment-176\" loading=\"lazy\" class=\"img-responsive wp-image-176 size-full\" src=\"http:\/\/disseny-test.uoc.edu\/recursos\/tipo\/wp-content\/uploads\/sites\/18\/2017\/01\/Tipografia_Materiales-M4_Pagina_07_Imagen_0001.png\" alt=\"Figura 89. Ejemplo de interlineado\" width=\"750\" height=\"65\" srcset=\"http:\/\/disseny-test.uoc.edu\/recursos\/tipo\/wp-content\/uploads\/sites\/18\/2017\/01\/Tipografia_Materiales-M4_Pagina_07_Imagen_0001.png 750w, http:\/\/disseny-test.uoc.edu\/recursos\/tipo\/wp-content\/uploads\/sites\/18\/2017\/01\/Tipografia_Materiales-M4_Pagina_07_Imagen_0001-300x26.png 300w\" sizes=\"(max-width: 750px) 100vw, 750px\" \/><p id=\"caption-attachment-176\" class=\"wp-caption-text\">Figura 96. Ejemplo de interlineado<\/p><\/div>\n<p>&nbsp;<\/p>\n<p>A m\u00e1s cuerpo, menos interlineado, especialmente si solo se usan may\u00fasculas. Del mismo modo que conviene reducir el espacio entre caracteres en cuerpos grandes para que los espacios blancos entre las letras no distraigan la atenci\u00f3n, interesa tambi\u00e9n cerrar el interlineado. Las may\u00fasculas, como no tienen ascendentes ni descendentes (excepto la <em>q<\/em> o la <em>j<\/em> de algunos tipos), hacen m\u00e1s evidente el espacio entre l\u00edneas.<\/p>\n<p>El valor del interlineado se configura en relaci\u00f3n directa con el valor del cuerpo. De modo que los valores de cuerpo y de interlineado se especifican conjuntamente utilizando una barra entre ambos n\u00fameros. Por ejemplo, un cuerpo de 8 pt y una interl\u00ednea de 1 pt se indica como 8\/9 pt. Si no se inserta espacio entre las l\u00edneas, se dice que la composici\u00f3n es s\u00f3lida; por ejemplo, 8\/8 pt.<\/p>\n<p>Las aplicaciones de maquetaci\u00f3n suelen tener una opci\u00f3n de interlineado autom\u00e1tico predeterminada que define el interlineado en el 120\u00a0% del tama\u00f1o del texto (por ejemplo, asigna un interlineado de 12 pt para texto de 10 pt). Sin embargo, para conseguir un interlineado \u00f3ptimo deber\u00e1n tenerse en cuenta los siguientes par\u00e1metros: <strong>cuerpo<\/strong>, <strong>altura de la x<\/strong>, <strong>ancho de columna<\/strong> y <strong>longitud<\/strong> <strong>de ascendentes y descendentes.<\/strong> Hay que tener en cuenta que el cambio de cualquiera de estos par\u00e1metros obligar\u00e1 a ajustar el resto hasta conseguir el equilibrio entre ellos para conseguir la m\u00e1xima legibilidad. Igualmente, hace falta considerar que muchas veces se tratar\u00e1 de ajustes muy sutiles que tendr\u00e1n que ser revisados en la medida y soporte final, sea papel o pantalla.<\/p>\n<p>&nbsp;<\/p>\n<h4><strong>Conclusiones<\/strong><\/h4>\n<p>El espacio vertical entre l\u00edneas de texto se denomina interlineado. Se mide desde la l\u00ednea de base de una l\u00ednea de texto hasta la l\u00ednea de base de la l\u00ednea siguiente.<\/p>\n<p>La configuraci\u00f3n de un interlineado adecuado es primordial para conseguir una distinci\u00f3n clara en la lectura de l\u00edneas de texto consecutivas.<\/p>\n<p>El valor del interlineado se configura en relaci\u00f3n directa con el valor del cuerpo. Sin embargo, para conseguir un interlineado \u00f3ptimo deber\u00e1n tenerse en cuenta los siguientes par\u00e1metros: cuerpo, altura de la x, ancho de columna y longitud de ascendentes y descendentes.<\/p>\n<p>&nbsp;<\/p>","protected":false},"excerpt":{"rendered":"<p>3.4. Interlineado El espacio vertical entre l\u00edneas de texto se denomina interlineado. Se mide desde la l\u00ednea de base de una l\u00ednea de texto hasta la l\u00ednea de base de la l\u00ednea siguiente. Originalmente se hac\u00eda colocando tiras de plomo entre las l\u00edneas de tipos met\u00e1licos. La configuraci\u00f3n de un interlineado adecuado es primordial para [&hellip;]<\/p>\n","protected":false},"author":1,"featured_media":0,"parent":0,"menu_order":0,"comment_status":"closed","ping_status":"closed","template":"","meta":[],"acf":[],"_links":{"self":[{"href":"http:\/\/disseny-test.uoc.edu\/recursos\/tipo\/es\/wp-json\/wp\/v2\/pages\/230"}],"collection":[{"href":"http:\/\/disseny-test.uoc.edu\/recursos\/tipo\/es\/wp-json\/wp\/v2\/pages"}],"about":[{"href":"http:\/\/disseny-test.uoc.edu\/recursos\/tipo\/es\/wp-json\/wp\/v2\/types\/page"}],"author":[{"embeddable":true,"href":"http:\/\/disseny-test.uoc.edu\/recursos\/tipo\/es\/wp-json\/wp\/v2\/users\/1"}],"replies":[{"embeddable":true,"href":"http:\/\/disseny-test.uoc.edu\/recursos\/tipo\/es\/wp-json\/wp\/v2\/comments?post=230"}],"version-history":[{"count":13,"href":"http:\/\/disseny-test.uoc.edu\/recursos\/tipo\/es\/wp-json\/wp\/v2\/pages\/230\/revisions"}],"predecessor-version":[{"id":910,"href":"http:\/\/disseny-test.uoc.edu\/recursos\/tipo\/es\/wp-json\/wp\/v2\/pages\/230\/revisions\/910"}],"wp:attachment":[{"href":"http:\/\/disseny-test.uoc.edu\/recursos\/tipo\/es\/wp-json\/wp\/v2\/media?parent=230"}],"curies":[{"name":"wp","href":"https:\/\/api.w.org\/{rel}","templated":true}]}}