{"id":233,"date":"2017-01-26T12:26:48","date_gmt":"2017-01-26T12:26:48","guid":{"rendered":"http:\/\/disseny-test.uoc.edu\/recursos\/tipo\/?page_id=233"},"modified":"2021-07-20T06:12:37","modified_gmt":"2021-07-20T06:12:37","slug":"3-textos-5","status":"publish","type":"page","link":"http:\/\/disseny-test.uoc.edu\/recursos\/tipo\/es\/3-textos-5\/","title":{"rendered":"3. Textos"},"content":{"rendered":"<p><\/p>\n<h3><strong>3.5. Longitud de l\u00ednea o ancho de columna<\/strong><\/h3>\n<p>Para decidir el <strong>ancho de columna<\/strong> correcto es esencial considerar el <strong>cuerpo del tipo<\/strong> y el <strong>interlineado<\/strong>. De nuevo, habr\u00e1 que llegar al equilibrio perfecto entre estos factores para obtener textos con buena legibilidad.<\/p>\n<p>Los dise\u00f1os que integran gran cantidad de texto a menudo optan por una ret\u00edcula de columnas. Esta estructura divide el ancho de la caja de composici\u00f3n en columnas y, por lo tanto, en l\u00edneas de texto m\u00e1s cortas. Esta partici\u00f3n del espacio compositivo facilita la lectura y ayuda a dar cabida a todo el texto en el espacio disponible. En la composici\u00f3n de textos en general una buena regla consiste en hacer que la longitud de l\u00ednea se mantenga <strong>entre los 35 y los 65 espacios<a href=\"#\" class=\"pop\" data-html=\"true\" data-toggle=\"popover\" data-content=\"Espacios = car\u00e1cteres + puntuaci\u00f3n + espacios entre palabras\" data-placement=\"top\">[1]<\/a>, nunca m\u00e1s de 75<\/strong>.<\/p>\n<div id=\"attachment_177\" style=\"width: 760px\" class=\"wp-caption alignnone\"><img aria-describedby=\"caption-attachment-177\" loading=\"lazy\" class=\"img-responsive wp-image-177 size-full\" src=\"http:\/\/disseny-test.uoc.edu\/recursos\/tipo\/wp-content\/uploads\/sites\/18\/2017\/01\/Tipografia_Materiales-M4_Pagina_08_Imagen_0001.png\" alt=\"Figura 90. Muestra de ancho de columnas\" width=\"750\" height=\"316\" srcset=\"http:\/\/disseny-test.uoc.edu\/recursos\/tipo\/wp-content\/uploads\/sites\/18\/2017\/01\/Tipografia_Materiales-M4_Pagina_08_Imagen_0001.png 750w, http:\/\/disseny-test.uoc.edu\/recursos\/tipo\/wp-content\/uploads\/sites\/18\/2017\/01\/Tipografia_Materiales-M4_Pagina_08_Imagen_0001-300x126.png 300w\" sizes=\"(max-width: 750px) 100vw, 750px\" \/><p id=\"caption-attachment-177\" class=\"wp-caption-text\">Figura 97. Muestra de ancho de columnas<\/p><\/div>\n<p>&nbsp;<\/p>\n<p>Se pueden hacer columnas de menos de 35 espacios, especialmente si se trata de pies de foto, titulares, notas al margen o cualquier texto breve en general. Pero en este caso no conviene hacer textos justificados, puesto que los espacios quedar\u00e1n demasiado forzados.<\/p>\n<p>&nbsp;<\/p>\n<h4><strong>Conclusiones<\/strong><\/h4>\n<p>Para decidir el ancho de columna correcto es esencial considerar el cuerpo del tipo y el interlineado. Habr\u00e1 que llegar al equilibrio perfecto entre estos factores para obtener textos con buena legibilidad.<\/p>","protected":false},"excerpt":{"rendered":"<p>3.5. Longitud de l\u00ednea o ancho de columna Para decidir el ancho de columna correcto es esencial considerar el cuerpo del tipo y el interlineado. De nuevo, habr\u00e1 que llegar al equilibrio perfecto entre estos factores para obtener textos con buena legibilidad. Los dise\u00f1os que integran gran cantidad de texto a menudo optan por una [&hellip;]<\/p>\n","protected":false},"author":1,"featured_media":0,"parent":0,"menu_order":0,"comment_status":"closed","ping_status":"closed","template":"","meta":[],"acf":[],"_links":{"self":[{"href":"http:\/\/disseny-test.uoc.edu\/recursos\/tipo\/es\/wp-json\/wp\/v2\/pages\/233"}],"collection":[{"href":"http:\/\/disseny-test.uoc.edu\/recursos\/tipo\/es\/wp-json\/wp\/v2\/pages"}],"about":[{"href":"http:\/\/disseny-test.uoc.edu\/recursos\/tipo\/es\/wp-json\/wp\/v2\/types\/page"}],"author":[{"embeddable":true,"href":"http:\/\/disseny-test.uoc.edu\/recursos\/tipo\/es\/wp-json\/wp\/v2\/users\/1"}],"replies":[{"embeddable":true,"href":"http:\/\/disseny-test.uoc.edu\/recursos\/tipo\/es\/wp-json\/wp\/v2\/comments?post=233"}],"version-history":[{"count":18,"href":"http:\/\/disseny-test.uoc.edu\/recursos\/tipo\/es\/wp-json\/wp\/v2\/pages\/233\/revisions"}],"predecessor-version":[{"id":911,"href":"http:\/\/disseny-test.uoc.edu\/recursos\/tipo\/es\/wp-json\/wp\/v2\/pages\/233\/revisions\/911"}],"wp:attachment":[{"href":"http:\/\/disseny-test.uoc.edu\/recursos\/tipo\/es\/wp-json\/wp\/v2\/media?parent=233"}],"curies":[{"name":"wp","href":"https:\/\/api.w.org\/{rel}","templated":true}]}}