{"id":237,"date":"2017-01-26T12:30:02","date_gmt":"2017-01-26T12:30:02","guid":{"rendered":"http:\/\/disseny-test.uoc.edu\/recursos\/tipo\/?page_id=237"},"modified":"2021-07-20T06:13:14","modified_gmt":"2021-07-20T06:13:14","slug":"3-textos-6","status":"publish","type":"page","link":"http:\/\/disseny-test.uoc.edu\/recursos\/tipo\/es\/3-textos-6\/","title":{"rendered":"3. Textos"},"content":{"rendered":"<p><\/p>\n<h3><strong>3.6. Ajustes de partici\u00f3n y justificaci\u00f3n<\/strong><\/h3>\n<p>Para componer un bloque de texto justificado las aplicaciones de maquetaci\u00f3n siguen la siguiente rutina: en primer lugar van llenando las l\u00edneas de izquierda a derecha con los sucesivos caracteres hasta llegar al final de la columna. Si la \u00faltima palabra no cabe, pueden cortarla o no, dependiendo de si se lo hemos indicado y de si las reglas de partici\u00f3n del idioma con el que estemos trabajando lo permiten. Despu\u00e9s acomodan los espacios para que la l\u00ednea llegue exactamente hasta el extremo derecho de la columna. En primer lugar modifican los espacios entre palabras y despu\u00e9s, los espacios entre letras seg\u00fan los par\u00e1metros indicados en la tabla de justificaci\u00f3n.<\/p>\n<p>Los <strong>ajustes de partici\u00f3n<\/strong> permiten determinar la relaci\u00f3n entre un mejor espaciado y una menor cantidad de partici\u00f3n de palabras. En InDesign se encuentran en la tabla de configuraci\u00f3n de \u00abseparaci\u00f3n por s\u00edlabas\u00bb y tambi\u00e9n puede evitarse que se separen las palabras en may\u00fascula y la \u00faltima palabra de un p\u00e1rrafo. Es importante limitar el m\u00e1ximo de guiones seguidos en hilera (l\u00edmite de separaci\u00f3n); lo ideal ser\u00eda limitarlos a uno o dos, siempre que se mantenga un espaciado correcto.<\/p>\n<div id=\"attachment_178\" style=\"width: 585px\" class=\"wp-caption alignnone\"><img aria-describedby=\"caption-attachment-178\" loading=\"lazy\" class=\"img-responsive wp-image-178 size-full\" src=\"http:\/\/disseny-test.uoc.edu\/recursos\/tipo\/wp-content\/uploads\/sites\/18\/2017\/01\/Tipografia_Materiales-M4_Pagina_09_Imagen_0001.png\" alt=\"Figura 91\" width=\"575\" height=\"260\" srcset=\"http:\/\/disseny-test.uoc.edu\/recursos\/tipo\/wp-content\/uploads\/sites\/18\/2017\/01\/Tipografia_Materiales-M4_Pagina_09_Imagen_0001.png 575w, http:\/\/disseny-test.uoc.edu\/recursos\/tipo\/wp-content\/uploads\/sites\/18\/2017\/01\/Tipografia_Materiales-M4_Pagina_09_Imagen_0001-300x136.png 300w\" sizes=\"(max-width: 575px) 100vw, 575px\" \/><p id=\"caption-attachment-178\" class=\"wp-caption-text\">Figura 98<\/p><\/div>\n<p>&nbsp;<\/p>\n<p>Los <strong>ajustes de justificaci\u00f3n<\/strong> son las especificaciones que se dan a un texto para determinar los espacios m\u00e1ximos, m\u00ednimos y \u00f3ptimos entre palabras y letras. Los valores por defecto de InDesign son 80\u00a0%, 100\u00a0% y 133\u00a0% para el espaciado entre palabras y 0\u00a0%, 0\u00a0% y 0\u00a0% para el espaciado entre letras.<\/p>\n<div id=\"attachment_179\" style=\"width: 585px\" class=\"wp-caption alignnone\"><img aria-describedby=\"caption-attachment-179\" loading=\"lazy\" class=\"img-responsive wp-image-179 size-full\" src=\"http:\/\/disseny-test.uoc.edu\/recursos\/tipo\/wp-content\/uploads\/sites\/18\/2017\/01\/Tipografia_Materiales-M4_Pagina_09_Imagen_0002.png\" alt=\"Figura 92\" width=\"575\" height=\"209\" srcset=\"http:\/\/disseny-test.uoc.edu\/recursos\/tipo\/wp-content\/uploads\/sites\/18\/2017\/01\/Tipografia_Materiales-M4_Pagina_09_Imagen_0002.png 575w, http:\/\/disseny-test.uoc.edu\/recursos\/tipo\/wp-content\/uploads\/sites\/18\/2017\/01\/Tipografia_Materiales-M4_Pagina_09_Imagen_0002-300x109.png 300w\" sizes=\"(max-width: 575px) 100vw, 575px\" \/><p id=\"caption-attachment-179\" class=\"wp-caption-text\">Figura 99<\/p><\/div>\n<p>&nbsp;<\/p>\n<p>Un buen punto de partida para empezar a probar valores es adjudicar 90\u00a0%, 100\u00a0% y 110\u00a0% para el espaciado entre palabras y \u20135\u00a0%, 0\u00a0% y 5\u00a0% para el espaciado entre letras, aunque no hay f\u00f3rmulas m\u00e1gicas para los par\u00e1metros de partici\u00f3n y justificaci\u00f3n. Es m\u00e1s, se necesitan diferentes tablas dependiendo del tipo de letra, del cuerpo y, sobre todo, del ancho de columna. Es importante entender c\u00f3mo funcionan y probar los diferentes efectos que tienen sobre la columna de texto.<\/p>\n<div id=\"attachment_298\" style=\"width: 760px\" class=\"wp-caption alignnone\"><img aria-describedby=\"caption-attachment-298\" loading=\"lazy\" class=\"img-responsive wp-image-298 size-full\" src=\"http:\/\/disseny-test.uoc.edu\/recursos\/tipo\/wp-content\/uploads\/sites\/18\/2017\/01\/Tipografia_Materiales-M4_Pagina_10_Imagen_0001-1.png\" alt=\"Figura 93\" width=\"750\" height=\"730\" srcset=\"http:\/\/disseny-test.uoc.edu\/recursos\/tipo\/wp-content\/uploads\/sites\/18\/2017\/01\/Tipografia_Materiales-M4_Pagina_10_Imagen_0001-1.png 750w, http:\/\/disseny-test.uoc.edu\/recursos\/tipo\/wp-content\/uploads\/sites\/18\/2017\/01\/Tipografia_Materiales-M4_Pagina_10_Imagen_0001-1-300x292.png 300w\" sizes=\"(max-width: 750px) 100vw, 750px\" \/><p id=\"caption-attachment-298\" class=\"wp-caption-text\">Figura\u00a0100<\/p><\/div>\n<p>&nbsp;<\/p>\n<h4><strong>Conclusiones<\/strong><\/h4>\n<p>Los ajustes de partici\u00f3n permiten determinar la relaci\u00f3n entre un mejor espaciado y una menor cantidad de partici\u00f3n de palabras.<\/p>\n<p>Los ajustes de justificaci\u00f3n son las especificaciones que se dan a un texto para determinar los espacios m\u00e1ximos, m\u00ednimos y \u00f3ptimos entre palabras y letras.<\/p>\n<p>&nbsp;<\/p>","protected":false},"excerpt":{"rendered":"<p>3.6. Ajustes de partici\u00f3n y justificaci\u00f3n Para componer un bloque de texto justificado las aplicaciones de maquetaci\u00f3n siguen la siguiente rutina: en primer lugar van llenando las l\u00edneas de izquierda a derecha con los sucesivos caracteres hasta llegar al final de la columna. Si la \u00faltima palabra no cabe, pueden cortarla o no, dependiendo de [&hellip;]<\/p>\n","protected":false},"author":1,"featured_media":0,"parent":0,"menu_order":0,"comment_status":"closed","ping_status":"closed","template":"","meta":[],"acf":[],"_links":{"self":[{"href":"http:\/\/disseny-test.uoc.edu\/recursos\/tipo\/es\/wp-json\/wp\/v2\/pages\/237"}],"collection":[{"href":"http:\/\/disseny-test.uoc.edu\/recursos\/tipo\/es\/wp-json\/wp\/v2\/pages"}],"about":[{"href":"http:\/\/disseny-test.uoc.edu\/recursos\/tipo\/es\/wp-json\/wp\/v2\/types\/page"}],"author":[{"embeddable":true,"href":"http:\/\/disseny-test.uoc.edu\/recursos\/tipo\/es\/wp-json\/wp\/v2\/users\/1"}],"replies":[{"embeddable":true,"href":"http:\/\/disseny-test.uoc.edu\/recursos\/tipo\/es\/wp-json\/wp\/v2\/comments?post=237"}],"version-history":[{"count":13,"href":"http:\/\/disseny-test.uoc.edu\/recursos\/tipo\/es\/wp-json\/wp\/v2\/pages\/237\/revisions"}],"predecessor-version":[{"id":912,"href":"http:\/\/disseny-test.uoc.edu\/recursos\/tipo\/es\/wp-json\/wp\/v2\/pages\/237\/revisions\/912"}],"wp:attachment":[{"href":"http:\/\/disseny-test.uoc.edu\/recursos\/tipo\/es\/wp-json\/wp\/v2\/media?parent=237"}],"curies":[{"name":"wp","href":"https:\/\/api.w.org\/{rel}","templated":true}]}}