{"id":243,"date":"2017-01-26T12:38:20","date_gmt":"2017-01-26T12:38:20","guid":{"rendered":"http:\/\/disseny-test.uoc.edu\/recursos\/tipo\/?page_id=243"},"modified":"2021-07-22T07:40:27","modified_gmt":"2021-07-22T07:40:27","slug":"3-textos-8","status":"publish","type":"page","link":"http:\/\/disseny-test.uoc.edu\/recursos\/tipo\/es\/3-textos-8\/","title":{"rendered":"3. Textos"},"content":{"rendered":"<p><\/p>\n<h3><strong>3.8. Ortotipograf\u00eda<\/strong><\/h3>\n<p>La ortotipograf\u00eda es el conjunto de pautas por las que se rige la escritura con signos tipogr\u00e1ficos. Se trata de un campo que se encuentra entre la ortograf\u00eda y la tipograf\u00eda y que, por lo tanto, var\u00eda seg\u00fan la lengua. Un texto con errores de ortotipograf\u00eda es incorrecto y puede llevar a malentendidos.<\/p>\n<p>Aunque corresponde al corrector o al editor decidir si hay que utilizar un signo u otro, el dise\u00f1ador gr\u00e1fico tendr\u00eda que conocer las normas b\u00e1sicas. Todos los caracteres que componen una fuente tienen un significado y siguen unas normas determinadas.<\/p>\n<div id=\"attachment_182\" style=\"width: 460px\" class=\"wp-caption alignnone\"><img aria-describedby=\"caption-attachment-182\" loading=\"lazy\" class=\"img-responsive wp-image-182 size-full\" src=\"http:\/\/disseny-test.uoc.edu\/recursos\/tipo\/wp-content\/uploads\/sites\/18\/2017\/01\/Tipografia_Materiales-M4_Pagina_12_Imagen_0001.png\" alt=\"Figura 95. No es lo mismo el car\u00e1cter ' (&lt;strong&gt;1&lt;\/strong&gt;, minuto), que \u00b4 (&lt;strong&gt;2&lt;\/strong&gt;, acento) o que \u2019 (&lt;strong&gt;3&lt;\/strong&gt;, ap\u00f3strofo o, tambi\u00e9n, comilla simple)\" width=\"450\" height=\"92\" srcset=\"http:\/\/disseny-test.uoc.edu\/recursos\/tipo\/wp-content\/uploads\/sites\/18\/2017\/01\/Tipografia_Materiales-M4_Pagina_12_Imagen_0001.png 450w, http:\/\/disseny-test.uoc.edu\/recursos\/tipo\/wp-content\/uploads\/sites\/18\/2017\/01\/Tipografia_Materiales-M4_Pagina_12_Imagen_0001-300x61.png 300w\" sizes=\"(max-width: 450px) 100vw, 450px\" \/><p id=\"caption-attachment-182\" class=\"wp-caption-text\">Figura 102. No es lo mismo el car\u00e1cter &#8216; (<strong>1<\/strong>, minuto), que \u00b4 (<strong>2<\/strong>, acento) o que \u2019 (<strong>3<\/strong>, ap\u00f3strofo o, tambi\u00e9n, comilla simple)<\/p><\/div>\n<p>&nbsp;<\/p>\n<div id=\"attachment_183\" style=\"width: 760px\" class=\"wp-caption alignnone\"><img aria-describedby=\"caption-attachment-183\" loading=\"lazy\" class=\"img-responsive wp-image-183 size-full\" src=\"http:\/\/disseny-test.uoc.edu\/recursos\/tipo\/wp-content\/uploads\/sites\/18\/2017\/01\/Tipografia_Materiales-M4_Pagina_12_Imagen_0002.png\" alt=\"Figura 96. El primer p\u00e1rrafo contiene algunos de los errores m\u00e1s comunes en ortotipograf\u00eda, el segundo es la versi\u00f3n corregida y el tercero incorpora algunas mejoras\" width=\"750\" height=\"863\" srcset=\"http:\/\/disseny-test.uoc.edu\/recursos\/tipo\/wp-content\/uploads\/sites\/18\/2017\/01\/Tipografia_Materiales-M4_Pagina_12_Imagen_0002.png 750w, http:\/\/disseny-test.uoc.edu\/recursos\/tipo\/wp-content\/uploads\/sites\/18\/2017\/01\/Tipografia_Materiales-M4_Pagina_12_Imagen_0002-261x300.png 261w\" sizes=\"(max-width: 750px) 100vw, 750px\" \/><p id=\"caption-attachment-183\" class=\"wp-caption-text\">Figura 103. El primer p\u00e1rrafo contiene algunos de los errores m\u00e1s comunes en ortotipograf\u00eda, el segundo es la versi\u00f3n corregida y el tercero incorpora algunas mejoras<\/p><\/div>\n<h6>Fuente: Enric Jard\u00ed (2007). <em>Veintid\u00f3s consejos sobre tipograf\u00eda<\/em>\u2026 Editorial Actar.<\/h6>\n<p>&nbsp;<\/p>\n<div id=\"attachment_184\" style=\"width: 760px\" class=\"wp-caption alignnone\"><img aria-describedby=\"caption-attachment-184\" loading=\"lazy\" class=\"img-responsive wp-image-184 size-full\" src=\"http:\/\/disseny-test.uoc.edu\/recursos\/tipo\/wp-content\/uploads\/sites\/18\/2017\/01\/Tipografia_Materiales-M4_Pagina_13_Imagen_0001.png\" alt=\"Figura 97. Estos son los caracteres que t\u00edpicamente aparecen en una fuente TrueType o Type 1 ordenados seg\u00fan categor\u00edas\" width=\"750\" height=\"881\" srcset=\"http:\/\/disseny-test.uoc.edu\/recursos\/tipo\/wp-content\/uploads\/sites\/18\/2017\/01\/Tipografia_Materiales-M4_Pagina_13_Imagen_0001.png 750w, http:\/\/disseny-test.uoc.edu\/recursos\/tipo\/wp-content\/uploads\/sites\/18\/2017\/01\/Tipografia_Materiales-M4_Pagina_13_Imagen_0001-255x300.png 255w\" sizes=\"(max-width: 750px) 100vw, 750px\" \/><p id=\"caption-attachment-184\" class=\"wp-caption-text\">Figura 104. Estos son los caracteres que t\u00edpicamente aparecen en una fuente TrueType o Type 1 ordenados seg\u00fan categor\u00edas<\/p><\/div>\n<h6>Fuente: Enric Jard\u00ed (2007). <em>Veintid\u00f3s consejos sobre tipograf\u00eda<\/em>&#8230; Editorial Actar.<\/h6>\n<p>&nbsp;<\/p>\n<div id=\"attachment_299\" style=\"width: 460px\" class=\"wp-caption alignnone\"><img aria-describedby=\"caption-attachment-299\" loading=\"lazy\" class=\"img-responsive wp-image-299 size-full\" src=\"http:\/\/disseny-test.uoc.edu\/recursos\/tipo\/wp-content\/uploads\/sites\/18\/2017\/01\/Tipografia_Materiales-M4_Pagina_13_Imagen_0002-1.png\" alt=\"Figura 98. Algunos ejemplos de los s\u00edmbolos que se utilizan para la correcci\u00f3n de estilo\" width=\"450\" height=\"189\" srcset=\"http:\/\/disseny-test.uoc.edu\/recursos\/tipo\/wp-content\/uploads\/sites\/18\/2017\/01\/Tipografia_Materiales-M4_Pagina_13_Imagen_0002-1.png 450w, http:\/\/disseny-test.uoc.edu\/recursos\/tipo\/wp-content\/uploads\/sites\/18\/2017\/01\/Tipografia_Materiales-M4_Pagina_13_Imagen_0002-1-300x126.png 300w\" sizes=\"(max-width: 450px) 100vw, 450px\" \/><p id=\"caption-attachment-299\" class=\"wp-caption-text\">Figura 105. Algunos ejemplos de los s\u00edmbolos que se utilizan para la correcci\u00f3n de estilo<\/p><\/div>\n<h6>Fuente: <a href=\"http:\/\/www.arttra.es\/la-correccion\/\" target=\"_blank\" rel=\"noopener noreferrer\">http:\/\/www.arttra.es\/la-correccion<\/a><\/h6>\n<p>&nbsp;<\/p>\n<h4><strong>Conclusiones<\/strong><\/h4>\n<p>La ortotipograf\u00eda es el conjunto de pautas por las que se rige la escritura con signos tipogr\u00e1ficos. Se trata de un campo que se encuentra entre la ortograf\u00eda y la tipograf\u00eda y que, por lo tanto, var\u00eda seg\u00fan la lengua.<\/p>","protected":false},"excerpt":{"rendered":"<p>3.8. Ortotipograf\u00eda La ortotipograf\u00eda es el conjunto de pautas por las que se rige la escritura con signos tipogr\u00e1ficos. Se trata de un campo que se encuentra entre la ortograf\u00eda y la tipograf\u00eda y que, por lo tanto, var\u00eda seg\u00fan la lengua. Un texto con errores de ortotipograf\u00eda es incorrecto y puede llevar a malentendidos. [&hellip;]<\/p>\n","protected":false},"author":1,"featured_media":0,"parent":0,"menu_order":0,"comment_status":"closed","ping_status":"closed","template":"","meta":[],"acf":[],"_links":{"self":[{"href":"http:\/\/disseny-test.uoc.edu\/recursos\/tipo\/es\/wp-json\/wp\/v2\/pages\/243"}],"collection":[{"href":"http:\/\/disseny-test.uoc.edu\/recursos\/tipo\/es\/wp-json\/wp\/v2\/pages"}],"about":[{"href":"http:\/\/disseny-test.uoc.edu\/recursos\/tipo\/es\/wp-json\/wp\/v2\/types\/page"}],"author":[{"embeddable":true,"href":"http:\/\/disseny-test.uoc.edu\/recursos\/tipo\/es\/wp-json\/wp\/v2\/users\/1"}],"replies":[{"embeddable":true,"href":"http:\/\/disseny-test.uoc.edu\/recursos\/tipo\/es\/wp-json\/wp\/v2\/comments?post=243"}],"version-history":[{"count":17,"href":"http:\/\/disseny-test.uoc.edu\/recursos\/tipo\/es\/wp-json\/wp\/v2\/pages\/243\/revisions"}],"predecessor-version":[{"id":933,"href":"http:\/\/disseny-test.uoc.edu\/recursos\/tipo\/es\/wp-json\/wp\/v2\/pages\/243\/revisions\/933"}],"wp:attachment":[{"href":"http:\/\/disseny-test.uoc.edu\/recursos\/tipo\/es\/wp-json\/wp\/v2\/media?parent=243"}],"curies":[{"name":"wp","href":"https:\/\/api.w.org\/{rel}","templated":true}]}}