{"id":246,"date":"2017-01-26T12:39:58","date_gmt":"2017-01-26T12:39:58","guid":{"rendered":"http:\/\/disseny-test.uoc.edu\/recursos\/tipo\/?page_id=246"},"modified":"2021-07-20T06:15:34","modified_gmt":"2021-07-20T06:15:34","slug":"3-textos-9","status":"publish","type":"page","link":"http:\/\/disseny-test.uoc.edu\/recursos\/tipo\/es\/3-textos-9\/","title":{"rendered":"3. Textos"},"content":{"rendered":"<p><\/p>\n<h3><strong>3.9. Est\u00e9tica tipogr\u00e1fica<\/strong><\/h3>\n<p>No permitir que en un texto aparezcan viudas y hu\u00e9rfanas es simplemente una cuesti\u00f3n de est\u00e9tica. Se denomina <strong>viuda <\/strong>(1 de la figura 106) a la \u00faltima l\u00ednea de un p\u00e1rrafo que aparece como la primera en la siguiente columna, mientras que la <strong>hu\u00e9rfana<\/strong> (2 de la figura 106) es la l\u00ednea que aparece al final de una columna y que es el principio de un p\u00e1rrafo que tiene su continuaci\u00f3n en la siguiente columna.<\/p>\n<p>Es conveniente tambi\u00e9n evitar <strong>part\u00edculas<\/strong> (art\u00edculos, pronombres, palabras muy cortas, letras sueltas, etc.) al final de l\u00ednea y, especialmente, de p\u00e1rrafo (3 de la figura 106) o partici\u00f3n de palabras al final de una columna (4 de la figura 106).<\/p>\n<div id=\"attachment_186\" style=\"width: 760px\" class=\"wp-caption alignnone\"><img aria-describedby=\"caption-attachment-186\" loading=\"lazy\" class=\"img-responsive wp-image-186 size-full\" src=\"http:\/\/disseny-test.uoc.edu\/recursos\/tipo\/wp-content\/uploads\/sites\/18\/2017\/01\/Tipografia_Materiales-M4_Pagina_14_Imagen_0001.png\" alt=\"Figura 99\" width=\"750\" height=\"323\" srcset=\"http:\/\/disseny-test.uoc.edu\/recursos\/tipo\/wp-content\/uploads\/sites\/18\/2017\/01\/Tipografia_Materiales-M4_Pagina_14_Imagen_0001.png 750w, http:\/\/disseny-test.uoc.edu\/recursos\/tipo\/wp-content\/uploads\/sites\/18\/2017\/01\/Tipografia_Materiales-M4_Pagina_14_Imagen_0001-300x129.png 300w\" sizes=\"(max-width: 750px) 100vw, 750px\" \/><p id=\"caption-attachment-186\" class=\"wp-caption-text\">Figura 106<\/p><\/div>\n<p>&nbsp;<\/p>\n<h4><strong>Conclusiones<\/strong><\/h4>\n<p>No permitir que en un texto aparezcan viudas y hu\u00e9rfanas es simplemente una cuesti\u00f3n de est\u00e9tica.<\/p>","protected":false},"excerpt":{"rendered":"<p>3.9. Est\u00e9tica tipogr\u00e1fica No permitir que en un texto aparezcan viudas y hu\u00e9rfanas es simplemente una cuesti\u00f3n de est\u00e9tica. Se denomina viuda (1 de la figura 106) a la \u00faltima l\u00ednea de un p\u00e1rrafo que aparece como la primera en la siguiente columna, mientras que la hu\u00e9rfana (2 de la figura 106) es la l\u00ednea [&hellip;]<\/p>\n","protected":false},"author":1,"featured_media":0,"parent":0,"menu_order":0,"comment_status":"closed","ping_status":"closed","template":"","meta":[],"acf":[],"_links":{"self":[{"href":"http:\/\/disseny-test.uoc.edu\/recursos\/tipo\/es\/wp-json\/wp\/v2\/pages\/246"}],"collection":[{"href":"http:\/\/disseny-test.uoc.edu\/recursos\/tipo\/es\/wp-json\/wp\/v2\/pages"}],"about":[{"href":"http:\/\/disseny-test.uoc.edu\/recursos\/tipo\/es\/wp-json\/wp\/v2\/types\/page"}],"author":[{"embeddable":true,"href":"http:\/\/disseny-test.uoc.edu\/recursos\/tipo\/es\/wp-json\/wp\/v2\/users\/1"}],"replies":[{"embeddable":true,"href":"http:\/\/disseny-test.uoc.edu\/recursos\/tipo\/es\/wp-json\/wp\/v2\/comments?post=246"}],"version-history":[{"count":15,"href":"http:\/\/disseny-test.uoc.edu\/recursos\/tipo\/es\/wp-json\/wp\/v2\/pages\/246\/revisions"}],"predecessor-version":[{"id":916,"href":"http:\/\/disseny-test.uoc.edu\/recursos\/tipo\/es\/wp-json\/wp\/v2\/pages\/246\/revisions\/916"}],"wp:attachment":[{"href":"http:\/\/disseny-test.uoc.edu\/recursos\/tipo\/es\/wp-json\/wp\/v2\/media?parent=246"}],"curies":[{"name":"wp","href":"https:\/\/api.w.org\/{rel}","templated":true}]}}