{"id":249,"date":"2017-01-26T15:28:24","date_gmt":"2017-01-26T15:28:24","guid":{"rendered":"http:\/\/disseny-test.uoc.edu\/recursos\/tipo\/?page_id=249"},"modified":"2021-07-22T07:43:47","modified_gmt":"2021-07-22T07:43:47","slug":"3-textos-10","status":"publish","type":"page","link":"http:\/\/disseny-test.uoc.edu\/recursos\/tipo\/es\/3-textos-10\/","title":{"rendered":"3. Textos"},"content":{"rendered":"<p><\/p>\n<h3><strong>3.10. Estructura de la p\u00e1gina<\/strong><\/h3>\n<p>Una de las primeras decisiones en un proyecto gr\u00e1fico es el tama\u00f1o y la forma de la p\u00e1gina, es decir, la <strong>proporci\u00f3n<\/strong>, aunque las limitaciones pr\u00e1cticas, especialmente el ahorro del papel, suelen limitar las opciones. Cualquier material que deba adaptarse a fotocopiadoras o impresoras deber\u00e1 tener un formato adaptado al sistema DIN. La impresi\u00f3n de libros permite m\u00e1s libertad en la elecci\u00f3n del formato de p\u00e1gina, pero tambi\u00e9n hay que tener en cuenta el ahorro de papel y los formatos de las m\u00e1quinas de impresi\u00f3n.<\/p>\n<p>En los proyectos editoriales se tiene que trabajar siempre en dobles p\u00e1ginas, tal como se ver\u00eda el dise\u00f1o final. La p\u00e1gina izquierda siempre ser\u00e1 la par y la derecha la impar, puesto que una publicaci\u00f3n empieza siempre con una p\u00e1gina suelta (p\u00e1gina 1) y contin\u00faa con una doble.<\/p>\n<div id=\"attachment_187\" style=\"width: 760px\" class=\"wp-caption alignnone\"><img aria-describedby=\"caption-attachment-187\" loading=\"lazy\" class=\"img-responsive wp-image-187 size-full\" src=\"http:\/\/disseny-test.uoc.edu\/recursos\/tipo\/wp-content\/uploads\/sites\/18\/2017\/01\/Tipografia_Materiales-M4_Pagina_14_Imagen_0002.png\" alt=\"Figura 100\" width=\"750\" height=\"330\" srcset=\"http:\/\/disseny-test.uoc.edu\/recursos\/tipo\/wp-content\/uploads\/sites\/18\/2017\/01\/Tipografia_Materiales-M4_Pagina_14_Imagen_0002.png 750w, http:\/\/disseny-test.uoc.edu\/recursos\/tipo\/wp-content\/uploads\/sites\/18\/2017\/01\/Tipografia_Materiales-M4_Pagina_14_Imagen_0002-300x132.png 300w\" sizes=\"(max-width: 750px) 100vw, 750px\" \/><p id=\"caption-attachment-187\" class=\"wp-caption-text\">Figura 107<\/p><\/div>\n<p>&nbsp;<\/p>\n<p>La estructura de p\u00e1gina b\u00e1sica es la pauta; define los m\u00e1rgenes y las columnas de la p\u00e1gina y determina, as\u00ed, la disposici\u00f3n y las dimensiones de la mancha. <strong>Es esencial tener en cuenta que los blancos de la p\u00e1gina son tan importantes como la mancha<\/strong>.<\/p>\n<p>Los <strong>m\u00e1rgenes<\/strong> regulan el peso visual de la mancha tipogr\u00e1fica en la p\u00e1gina y tienen la finalidad de evitar que sus elementos se pierdan con el guillotinado o con la encuadernaci\u00f3n, as\u00ed como asegurar una buena legibilidad del texto. Igualmente, deben tener el espacio suficiente para manipular con comodidad la p\u00e1gina.<\/p>\n<p>En la figura 108 se muestran los nombres que reciben los m\u00e1rgenes de la p\u00e1gina en lenguaje t\u00e9cnico:<\/p>\n<div id=\"attachment_188\" style=\"width: 760px\" class=\"wp-caption alignnone\"><img aria-describedby=\"caption-attachment-188\" loading=\"lazy\" class=\"img-responsive wp-image-188 size-full\" src=\"http:\/\/disseny-test.uoc.edu\/recursos\/tipo\/wp-content\/uploads\/sites\/18\/2017\/01\/Tipografia_Materiales-M4_Pagina_15_Imagen_0001.png\" alt=\"Figura 101. a) Margen de lomo \/ interior. b) Margen de corte \/ exterior. c) Margen de cabeza \/ superior. d) Margen de pie \/ inferior\" width=\"750\" height=\"528\" srcset=\"http:\/\/disseny-test.uoc.edu\/recursos\/tipo\/wp-content\/uploads\/sites\/18\/2017\/01\/Tipografia_Materiales-M4_Pagina_15_Imagen_0001.png 750w, http:\/\/disseny-test.uoc.edu\/recursos\/tipo\/wp-content\/uploads\/sites\/18\/2017\/01\/Tipografia_Materiales-M4_Pagina_15_Imagen_0001-300x211.png 300w\" sizes=\"(max-width: 750px) 100vw, 750px\" \/><p id=\"caption-attachment-188\" class=\"wp-caption-text\">Figura 108. a) Margen de lomo \/ interior. b) Margen de corte \/ exterior. c) Margen de cabeza \/ superior. d) Margen de pie \/ inferior<\/p><\/div>\n<p>&nbsp;<\/p>\n<p>La maquetaci\u00f3n en <strong>columnas<\/strong> ayuda a mantener una longitud de l\u00ednea manejable y permite que el espacio blanco de la p\u00e1gina no se limite a los m\u00e1rgenes. Es importante la relaci\u00f3n din\u00e1mica entre el formato de la p\u00e1gina, el interlineado y el ancho de columna. Del mismo modo que para decidir el ancho de columna correcto es esencial considerar el cuerpo de la tipograf\u00eda y el interlineado.<\/p>\n<p>El <strong>medianil<\/strong> es la separaci\u00f3n entre columnas y viene determinado por la relaci\u00f3n entre el cuerpo de la tipograf\u00eda, el interlineado y el ancho de columna. Su finalidad es indicar al lector que tiene que saltar a la l\u00ednea siguiente evitando que contin\u00fae la lectura en la l\u00ednea de la columna contigua. Por lo tanto, el ancho del medianil tendr\u00e1 que ser mayor que el espacio entre palabras.<\/p>\n<div id=\"attachment_189\" style=\"width: 760px\" class=\"wp-caption alignnone\"><img aria-describedby=\"caption-attachment-189\" loading=\"lazy\" class=\"img-responsive wp-image-189 size-full\" src=\"http:\/\/disseny-test.uoc.edu\/recursos\/tipo\/wp-content\/uploads\/sites\/18\/2017\/01\/Tipografia_Materiales-M4_Pagina_15_Imagen_0002.png\" alt=\"Figura 102\" width=\"750\" height=\"118\" srcset=\"http:\/\/disseny-test.uoc.edu\/recursos\/tipo\/wp-content\/uploads\/sites\/18\/2017\/01\/Tipografia_Materiales-M4_Pagina_15_Imagen_0002.png 750w, http:\/\/disseny-test.uoc.edu\/recursos\/tipo\/wp-content\/uploads\/sites\/18\/2017\/01\/Tipografia_Materiales-M4_Pagina_15_Imagen_0002-300x47.png 300w\" sizes=\"(max-width: 750px) 100vw, 750px\" \/><p id=\"caption-attachment-189\" class=\"wp-caption-text\">Figura 109<\/p><\/div>\n<p>&nbsp;<\/p>\n<p>La <strong>ret\u00edcula<\/strong> es una estructura subyacente que permite organizar y situar los diferentes elementos. Se aplica especialmente en documentos de varias p\u00e1ginas para agilizar la maquetaci\u00f3n y garantizar la coherencia visual entre las p\u00e1ginas. Sin embargo, para llevar a cabo cualquier dise\u00f1o, ya sea de un libro, un folleto, un cartel, un envase, un sitio web o una marca, habr\u00e1 que trabajar con una ret\u00edcula.<\/p>\n<p>Para construir la ret\u00edcula es necesario conocer bien el contenido y hacer previsi\u00f3n de posibles problemas (por ejemplo, titulares muy largos). Es importante que la ret\u00edcula, a pesar de que es una gu\u00eda, nunca se imponga a los elementos que se maquetan. Su finalidad es proporcionar una unidad visual sin perder vitalidad en la composici\u00f3n. Normalmente una misma ret\u00edcula ofrece multitud de soluciones para maquetar una p\u00e1gina, pero, incluso as\u00ed, es recomendable romperla en algunos casos.<\/p>\n<p>La ret\u00edcula divide una superficie en campos, a modo de rejilla, que pueden tener las mismas dimensiones o variar, aunque generalmente son proporcionales entre ellos. La altura de los campos corresponde a un n\u00famero determinado de l\u00edneas de texto y su anchura corresponde al ancho de la columna m\u00e1s estrecha. Se puede componer el texto en anchos de columnas diferentes uniendo uno o varios campos.<\/p>\n<h4><strong>Hay diferentes sistemas reticulares<\/strong><\/h4>\n<ul>\n<li><strong>Ret\u00edcula de manuscrito<\/strong>: es la estructura m\u00e1s sencilla, define los m\u00e1rgenes y una columna. Se suele usar en libros de novela en los que el formato y el cuerpo de la tipograf\u00eda permiten una composici\u00f3n de columna \u00fanica.<\/li>\n<\/ul>\n<div id=\"attachment_300\" style=\"width: 760px\" class=\"wp-caption alignnone\"><img aria-describedby=\"caption-attachment-300\" loading=\"lazy\" class=\"img-responsive wp-image-300 size-full\" src=\"http:\/\/disseny-test.uoc.edu\/recursos\/tipo\/wp-content\/uploads\/sites\/18\/2017\/01\/Tipografia_Materiales-M4_Pagina_16_Imagen_0001-1.png\" alt=\"Figura 103. Ret\u00edcula de manuscrito\" width=\"750\" height=\"530\" srcset=\"http:\/\/disseny-test.uoc.edu\/recursos\/tipo\/wp-content\/uploads\/sites\/18\/2017\/01\/Tipografia_Materiales-M4_Pagina_16_Imagen_0001-1.png 750w, http:\/\/disseny-test.uoc.edu\/recursos\/tipo\/wp-content\/uploads\/sites\/18\/2017\/01\/Tipografia_Materiales-M4_Pagina_16_Imagen_0001-1-300x212.png 300w\" sizes=\"(max-width: 750px) 100vw, 750px\" \/><p id=\"caption-attachment-300\" class=\"wp-caption-text\">Figura 110. Ret\u00edcula de manuscrito<\/p><\/div>\n<p>&nbsp;<\/p>\n<ul>\n<li><strong>Ret\u00edcula de columnas<\/strong>: ofrece bastante flexibilidad y versatilidad, dado que la divisi\u00f3n en columnas permite situar diferentes tipos de contenido (texto, titulares, im\u00e1genes, pies de foto, etc.). En funci\u00f3n del tipo de contenido, el medio y la finalidad del proyecto ser\u00e1 conveniente un mayor o menor n\u00famero de columnas.<\/li>\n<\/ul>\n<div id=\"attachment_191\" style=\"width: 760px\" class=\"wp-caption alignnone\"><img aria-describedby=\"caption-attachment-191\" loading=\"lazy\" class=\"img-responsive wp-image-191 size-full\" src=\"http:\/\/disseny-test.uoc.edu\/recursos\/tipo\/wp-content\/uploads\/sites\/18\/2017\/01\/Tipografia_Materiales-M4_Pagina_16_Imagen_0002.png\" alt=\"Figura 104. Ret\u00edcula de columnes\" width=\"750\" height=\"533\" srcset=\"http:\/\/disseny-test.uoc.edu\/recursos\/tipo\/wp-content\/uploads\/sites\/18\/2017\/01\/Tipografia_Materiales-M4_Pagina_16_Imagen_0002.png 750w, http:\/\/disseny-test.uoc.edu\/recursos\/tipo\/wp-content\/uploads\/sites\/18\/2017\/01\/Tipografia_Materiales-M4_Pagina_16_Imagen_0002-300x213.png 300w\" sizes=\"(max-width: 750px) 100vw, 750px\" \/><p id=\"caption-attachment-191\" class=\"wp-caption-text\">Figura 111. Ret\u00edcula de columnas<\/p><\/div>\n<p>&nbsp;<\/p>\n<ul>\n<li><strong>Ret\u00edcula modular<\/strong>: como su propio nombre indica, est\u00e1 compuesta por m\u00f3dulos del mismo tama\u00f1o. Aunque, en cierto modo, es una modalidad bastante m\u00e1s compleja, aporta una maquetaci\u00f3n m\u00e1s f\u00e1cil y flexible para estructurar los contenidos. Ofrece posibilidades ilimitadas y es muy adecuada en formatos de p\u00e1gina complejos, como revistas o peri\u00f3dicos.<\/li>\n<\/ul>\n<div id=\"attachment_192\" style=\"width: 760px\" class=\"wp-caption alignnone\"><img aria-describedby=\"caption-attachment-192\" loading=\"lazy\" class=\"img-responsive wp-image-192 size-full\" src=\"http:\/\/disseny-test.uoc.edu\/recursos\/tipo\/wp-content\/uploads\/sites\/18\/2017\/01\/Tipografia_Materiales-M4_Pagina_17_Imagen_0001.png\" alt=\"Figura 105. Ret\u00edcula modular\" width=\"750\" height=\"527\" srcset=\"http:\/\/disseny-test.uoc.edu\/recursos\/tipo\/wp-content\/uploads\/sites\/18\/2017\/01\/Tipografia_Materiales-M4_Pagina_17_Imagen_0001.png 750w, http:\/\/disseny-test.uoc.edu\/recursos\/tipo\/wp-content\/uploads\/sites\/18\/2017\/01\/Tipografia_Materiales-M4_Pagina_17_Imagen_0001-300x211.png 300w\" sizes=\"(max-width: 750px) 100vw, 750px\" \/><p id=\"caption-attachment-192\" class=\"wp-caption-text\">Figura 112. Ret\u00edcula modular<\/p><\/div>\n<p>&nbsp;<\/p>\n<ul>\n<li><strong>Ret\u00edcula jer\u00e1rquica<\/strong>: su estructura se construye sobre la base de una organizaci\u00f3n que se adapta a la relevancia y funcionalidad de una mayor diversidad de contenidos. Un ejemplo de formatos que utilizan esta estructura son los proyectos de p\u00e1ginas web.<\/li>\n<\/ul>\n<div id=\"attachment_193\" style=\"width: 760px\" class=\"wp-caption alignnone\"><img aria-describedby=\"caption-attachment-193\" loading=\"lazy\" class=\"img-responsive wp-image-193 size-full\" src=\"http:\/\/disseny-test.uoc.edu\/recursos\/tipo\/wp-content\/uploads\/sites\/18\/2017\/01\/Tipografia_Materiales-M4_Pagina_17_Imagen_0002.png\" alt=\"Figura 106. Ret\u00edcula jer\u00e0rquica\" width=\"750\" height=\"623\" srcset=\"http:\/\/disseny-test.uoc.edu\/recursos\/tipo\/wp-content\/uploads\/sites\/18\/2017\/01\/Tipografia_Materiales-M4_Pagina_17_Imagen_0002.png 750w, http:\/\/disseny-test.uoc.edu\/recursos\/tipo\/wp-content\/uploads\/sites\/18\/2017\/01\/Tipografia_Materiales-M4_Pagina_17_Imagen_0002-300x249.png 300w\" sizes=\"(max-width: 750px) 100vw, 750px\" \/><p id=\"caption-attachment-193\" class=\"wp-caption-text\">Figura 113. Ret\u00edcula jer\u00e1rquica<\/p><\/div>\n<h6>Fuente: <a href=\"http:\/\/www.afxdesign.com\/web-design-blog\/ipad-web-design\/responsive-web-design-example\/\" target=\"_blank\" rel=\"noopener noreferrer\">http:\/\/www.afxdesign.com\/web-design-blog\/ipad-web-design\/responsive-web-design-example<\/a><\/h6>\n<p>Josef M\u00fcller-Brockmann, dise\u00f1ador gr\u00e1fico y profesor universitario de origen suizo, caracteriz\u00f3 su trabajo por la sencillez, la l\u00f3gica compositiva y el uso de la ret\u00edcula. Escribi\u00f3 <em>Sistemas de ret\u00edculas<\/em>, una obra cl\u00e1sica de referencia sobre el dise\u00f1o y la composici\u00f3n rigurosa y sistematizada en cualquiera de sus formas.<\/p>\n<div id=\"attachment_194\" style=\"width: 760px\" class=\"wp-caption alignnone\"><img aria-describedby=\"caption-attachment-194\" loading=\"lazy\" class=\"img-responsive wp-image-194 size-full\" src=\"http:\/\/disseny-test.uoc.edu\/recursos\/tipo\/wp-content\/uploads\/sites\/18\/2017\/01\/Tipografia_Materiales-M4_Pagina_17_Imagen_0003.png\" alt=\"Figura 107. Josef M\u00fcller-Brockmann (2016). &lt;em&gt;Sistemas de ret\u00edculas&lt;\/em&gt; (3.\u00aa edici\u00f3n, 4.\u00aa tirada). Editorial Gustavo Gili\" width=\"750\" height=\"208\" srcset=\"http:\/\/disseny-test.uoc.edu\/recursos\/tipo\/wp-content\/uploads\/sites\/18\/2017\/01\/Tipografia_Materiales-M4_Pagina_17_Imagen_0003.png 750w, http:\/\/disseny-test.uoc.edu\/recursos\/tipo\/wp-content\/uploads\/sites\/18\/2017\/01\/Tipografia_Materiales-M4_Pagina_17_Imagen_0003-300x83.png 300w\" sizes=\"(max-width: 750px) 100vw, 750px\" \/><p id=\"caption-attachment-194\" class=\"wp-caption-text\">Figura 114. Josef M\u00fcller-Brockmann (2016). <em>Sistemas de ret\u00edculas<\/em> (3.\u00aa edici\u00f3n, 4.\u00aa tirada). Editorial Gustavo Gili<\/p><\/div>\n<h6>Fuente: <a href=\"http:\/\/ggili.com\/es\/tienda\/productos\/sistemas-de-reticulas-1\" target=\"_blank\" rel=\"noopener noreferrer\">http:\/\/ggili.com\/es\/tienda\/productos\/sistemas-de-reticulas-1<\/a><\/h6>\n<p>&nbsp;<\/p>\n<div class=\"cita\">\n<p>\u00abEl sistema de ret\u00edcula es una ayuda, no una garant\u00eda. Permite un n\u00famero de usos posibles y cada dise\u00f1ador puede buscar una soluci\u00f3n adecuada a su estilo personal. Pero hay que aprender a utilizar la ret\u00edcula, este es un arte que requiere pr\u00e1ctica\u00bb (Josef M\u00fcller-Brockmann, 1914-1996).<\/p>\n<\/div>\n<div id=\"attachment_195\" style=\"width: 460px\" class=\"wp-caption alignnone\"><img aria-describedby=\"caption-attachment-195\" loading=\"lazy\" class=\"img-responsive wp-image-195 size-full\" src=\"http:\/\/disseny-test.uoc.edu\/recursos\/tipo\/wp-content\/uploads\/sites\/18\/2017\/01\/Tipografia_Materiales-M4_Pagina_18_Imagen_0001.png\" alt=\"Figura 108. Josef M\u00fcller-Brockmann\" width=\"450\" height=\"234\" srcset=\"http:\/\/disseny-test.uoc.edu\/recursos\/tipo\/wp-content\/uploads\/sites\/18\/2017\/01\/Tipografia_Materiales-M4_Pagina_18_Imagen_0001.png 450w, http:\/\/disseny-test.uoc.edu\/recursos\/tipo\/wp-content\/uploads\/sites\/18\/2017\/01\/Tipografia_Materiales-M4_Pagina_18_Imagen_0001-300x156.png 300w\" sizes=\"(max-width: 450px) 100vw, 450px\" \/><p id=\"caption-attachment-195\" class=\"wp-caption-text\">Figura 115. Josef M\u00fcller-Brockmann<\/p><\/div>\n<h6>Fuente: <a href=\"http:\/\/sd11a2d.tumblr.com\/post\/42355658035\/josef-m%C3%BCller-brockmanns-swiss-style\" target=\"_blank\" rel=\"noopener noreferrer\">http:\/\/sd11a2d.tumblr.com\/post\/42355658035\/josef-m\u00fcller-brockmanns-swiss-style<\/a><\/h6>\n<p>&nbsp;<\/p>\n<h4><strong>Conclusiones<\/strong><\/h4>\n<p>Una de las primeras decisiones en un proyecto gr\u00e1fico es el tama\u00f1o y la forma de la p\u00e1gina, es decir, la proporci\u00f3n.<\/p>\n<p>La estructura de p\u00e1gina b\u00e1sica es la pauta; define los m\u00e1rgenes y las columnas de la p\u00e1gina y determina, de este modo, la disposici\u00f3n y las dimensiones de la mancha. Es esencial tener en cuenta que los blancos de la p\u00e1gina son tan importantes como la mancha.<\/p>\n<p>Es importante la relaci\u00f3n din\u00e1mica entre el formato de la p\u00e1gina, el interlineado y el ancho de columna.<\/p>\n<p>La ret\u00edcula es una estructura subyacente que permite organizar y situar los diferentes elementos. La ret\u00edcula divide una superficie en campos, a modo de rejilla, que pueden tener las mismas dimensiones o variar, aunque generalmente son proporcionales entre ellos.<\/p>\n<p>&nbsp;<\/p>","protected":false},"excerpt":{"rendered":"<p>3.10. Estructura de la p\u00e1gina Una de las primeras decisiones en un proyecto gr\u00e1fico es el tama\u00f1o y la forma de la p\u00e1gina, es decir, la proporci\u00f3n, aunque las limitaciones pr\u00e1cticas, especialmente el ahorro del papel, suelen limitar las opciones. Cualquier material que deba adaptarse a fotocopiadoras o impresoras deber\u00e1 tener un formato adaptado al [&hellip;]<\/p>\n","protected":false},"author":1,"featured_media":0,"parent":0,"menu_order":0,"comment_status":"closed","ping_status":"closed","template":"","meta":[],"acf":[],"_links":{"self":[{"href":"http:\/\/disseny-test.uoc.edu\/recursos\/tipo\/es\/wp-json\/wp\/v2\/pages\/249"}],"collection":[{"href":"http:\/\/disseny-test.uoc.edu\/recursos\/tipo\/es\/wp-json\/wp\/v2\/pages"}],"about":[{"href":"http:\/\/disseny-test.uoc.edu\/recursos\/tipo\/es\/wp-json\/wp\/v2\/types\/page"}],"author":[{"embeddable":true,"href":"http:\/\/disseny-test.uoc.edu\/recursos\/tipo\/es\/wp-json\/wp\/v2\/users\/1"}],"replies":[{"embeddable":true,"href":"http:\/\/disseny-test.uoc.edu\/recursos\/tipo\/es\/wp-json\/wp\/v2\/comments?post=249"}],"version-history":[{"count":26,"href":"http:\/\/disseny-test.uoc.edu\/recursos\/tipo\/es\/wp-json\/wp\/v2\/pages\/249\/revisions"}],"predecessor-version":[{"id":937,"href":"http:\/\/disseny-test.uoc.edu\/recursos\/tipo\/es\/wp-json\/wp\/v2\/pages\/249\/revisions\/937"}],"wp:attachment":[{"href":"http:\/\/disseny-test.uoc.edu\/recursos\/tipo\/es\/wp-json\/wp\/v2\/media?parent=249"}],"curies":[{"name":"wp","href":"https:\/\/api.w.org\/{rel}","templated":true}]}}