{"id":328,"date":"2017-02-09T13:14:42","date_gmt":"2017-02-09T13:14:42","guid":{"rendered":"http:\/\/disseny-test.uoc.edu\/recursos\/tipo\/?page_id=328"},"modified":"2021-07-19T12:04:29","modified_gmt":"2021-07-19T12:04:29","slug":"1-lletres-18","status":"publish","type":"page","link":"http:\/\/disseny-test.uoc.edu\/recursos\/tipo\/es\/1-lletres-18\/","title":{"rendered":"1. Letras"},"content":{"rendered":"<p><\/p>\n<h3><strong>1.9. Tipograf\u00eda digital<\/strong><\/h3>\n<p>Una definici\u00f3n muy completa de <em>fuente digital<\/em> es la que propone el profesor Daniel Rodr\u00edguez-Valero en su libro <em>Manual de tipograf\u00eda digital<\/em> (Campgr\u00e0fic, 2016):<\/p>\n<div class=\"cita\">\n<p>\u00abConjunto de glifos pertenecientes a un alfabeto tipogr\u00e1fico, ordenados en una base de datos y almacenados en uno o m\u00e1s archivos inform\u00e1ticos junto con la informaci\u00f3n necesaria para relacionarse entre s\u00ed y ser dispuestos correctamente en cualquier dispositivo de salida\u00bb (Daniel Rodr\u00edguez-Valero, 2016).<\/p>\n<\/div>\n<p>El origen de las tipograf\u00edas electr\u00f3nicas se remonta a 1965, momento en que se introduce el tubo de rayos cat\u00f3dicos como fuente de iluminaci\u00f3n y el escalado de las letras pasa de ser \u00f3ptico a electr\u00f3nico. Este sistema, que no serv\u00eda para la integraci\u00f3n de imagen y texto, qued\u00f3 obsoleto pronto porque no permit\u00eda ver en pantalla lo que saldr\u00eda por la impresora o la filmadora.<\/p>\n<p>El a\u00f1o 1985 supuso una revoluci\u00f3n en el mundo gr\u00e1fico y tipogr\u00e1fico al aparecer, casi simult\u00e1neamente, el lenguaje PostScript de Adobe, el ordenador personal con interfaz gr\u00e1fica Macintosh, la impresora LaserWriter de Apple y la aplicaci\u00f3n PageMaker de Aldus. Este hecho marcar\u00eda el comienzo de lo que llamamos <strong>autoedici\u00f3n<\/strong>, tambi\u00e9n conocida como <em>edici\u00f3n electr\u00f3nica<\/em> o <em>edici\u00f3n<\/em> <em>de escritorio<\/em>, consistente en la utilizaci\u00f3n conjunta de un ordenador personal, un programa, un lenguaje y una impresora.<\/p>\n<p><strong>PostScript<\/strong> es un lenguaje de descripci\u00f3n de p\u00e1gina para la creaci\u00f3n de gr\u00e1ficos vectoriales en autoedici\u00f3n. Est\u00e1 dise\u00f1ado para transportar cualquier tipo de informaci\u00f3n gr\u00e1fica a un dispositivo de salida, puesto que trata el texto, los gr\u00e1ficos vectoriales y las im\u00e1genes fotogr\u00e1ficas como datos del mismo tipo. Dicho de otro modo, PostScript es la tecnolog\u00eda que permite que todo el software que interviene en el proceso de autoedici\u00f3n hable el mismo lenguaje y llegue a entenderse. La clave de su \u00e9xito radica en que no fue ideado para un tipo concreto de ordenador o impresora, sino que es universal e independiente del hardware.<\/p>\n<p>A pesar de que las primeras tipograf\u00edas digitales eran <em>bitmap<\/em>, es decir, matrices de p\u00edxeles o im\u00e1genes <em>raster<\/em>, las fuentes actuales son todas vectoriales. Hoy en d\u00eda en el mercado conviven los siguientes formatos de fuentes digitales:<\/p>\n<ul>\n<li><strong>PostScript Type 1<\/strong> (Adobe). Esta supone la primera tecnolog\u00eda tipogr\u00e1fica vectorial y describe los caracteres como un contorno matem\u00e1tico abstracto por medio de curvas B\u00e9zier c\u00fabicas. Las fuentes PostScript de tipo 1 est\u00e1n formadas por dos archivos relacionados, uno dedicado a la visualizaci\u00f3n en pantalla y el otro, a la impresi\u00f3n. La introducci\u00f3n del formato Type 1 incluy\u00f3 como novedad la posibilidad de representar los tipos a cualquier tama\u00f1o.<\/li>\n<\/ul>\n<ul>\n<li><strong>TrueType<\/strong> (Apple). A finales de la d\u00e9cada de 1980, y ante el predominio tipogr\u00e1fico de Adobe, Apple presenta el formato TrueType, que, a diferencia del PostScript, usa una \u00fanica descripci\u00f3n para la visualizaci\u00f3n en pantalla y para la impresi\u00f3n. Posteriormente Apple concedi\u00f3 la licencia de esta tecnolog\u00eda a Microsoft, y esto hizo que se convirtiera en la opci\u00f3n m\u00e1s habitual en los ordenadores personales de las plataformas Mac y PC en todo el mundo. En la d\u00e9cada de 1990, TrueType se convirti\u00f3 en el est\u00e1ndar de la industria multimedia, mientras que las tipo 1 siguieron us\u00e1ndose principalmente en la industria gr\u00e1fica.<\/li>\n<\/ul>\n<ul>\n<li><strong>OpenType<\/strong> (Adobe y Microsoft). Nacido a finales de la d\u00e9cada de 1990 y consolidado algunos a\u00f1os despu\u00e9s, OpenType supone el primer formato multiplataforma real y el que acab\u00f3 con las llamadas <strong><em>font wars<\/em><\/strong> (\u2018guerras tipogr\u00e1ficas\u2019). Este nuevo formato dispone de una arquitectura autocontenida (un \u00fanico archivo por cada fuente), una rasterizaci\u00f3n PostScript \u00f3ptima y es admitido por todos los sistemas operativos actuales sin necesidad de software adicional, lo que simplifica enormemente la gesti\u00f3n de las fuentes. OpenType se basa en la codificaci\u00f3n internacional Unicode, que asigna 2 bytes por car\u00e1cter, hecho que permite tener m\u00e1s de 65.000 glifos por fuente (las tecnolog\u00edas PS1 y TrueType estaban restringidas a 256 glifos). Esta caracter\u00edstica hace que las fuentes OTF (OpenType Font) ampl\u00eden el anterior abanico convencional de caracteres alfanum\u00e9ricos y sean capaces de representar en una misma fuente un gran n\u00famero de signos especiales: versalitas, n\u00fameros de caja baja, ligaduras, letras decorativas alternativas, caracteres no latinos, fracciones, ornamentos, etc. Las fuentes OpenType tambi\u00e9n admiten las funciones tipogr\u00e1ficas inteligentes de los programas de maquetaci\u00f3n modernos, como la sustituci\u00f3n autom\u00e1tica de caracteres por ligaduras o la elecci\u00f3n autom\u00e1tica de una variante para texto corrido o <em>display<\/em> en funci\u00f3n de si estamos maquetando una caja de texto a 8 o a 72 puntos.<\/li>\n<li>\n<p class=\"p1\"><b>Variables OpenType<\/b> (Google, Apple, Microsoft y Adobe). <a href=\"http:\/\/disseny-test.uoc.edu\/recursos\/tipo\/es\/1-lletres-6\/\" target=\"_blank\" rel=\"noopener noreferrer\">Ver apartado 1.6.1.<\/a><\/p>\n<\/li>\n<\/ul>\n<p>&nbsp;<\/p>\n<p>&nbsp;<\/p>\n<h4><strong>Conclusiones<\/strong><\/h4>\n<p>El a\u00f1o 1985 supuso una revoluci\u00f3n en el mundo gr\u00e1fico y tipogr\u00e1fico al aparecer, casi simult\u00e1neamente, el lenguaje PostScript de Adobe, el ordenador personal con interfaz gr\u00e1fica Macintosh, la impresora LaserWriter de Apple y la aplicaci\u00f3n PageMaker de Aldus. Este hecho marcar\u00eda el comienzo de lo que llamamos autoedici\u00f3n.<\/p>\n<p>PostScript es la tecnolog\u00eda que permite que todo el software que interviene en el proceso de autoedici\u00f3n hable el mismo lenguaje y llegue a entenderse.<\/p>\n<p>Actualmente en el mercado conviven las PostScript Type 1, TrueType y OpenType.<\/p>\n<p>&nbsp;<\/p>\n<p>&nbsp;<\/p>","protected":false},"excerpt":{"rendered":"<p>1.9. Tipograf\u00eda digital Una definici\u00f3n muy completa de fuente digital es la que propone el profesor Daniel Rodr\u00edguez-Valero en su libro Manual de tipograf\u00eda digital (Campgr\u00e0fic, 2016): \u00abConjunto de glifos pertenecientes a un alfabeto tipogr\u00e1fico, ordenados en una base de datos y almacenados en uno o m\u00e1s archivos inform\u00e1ticos junto con la informaci\u00f3n necesaria para [&hellip;]<\/p>\n","protected":false},"author":1,"featured_media":0,"parent":0,"menu_order":0,"comment_status":"closed","ping_status":"closed","template":"","meta":[],"acf":[],"_links":{"self":[{"href":"http:\/\/disseny-test.uoc.edu\/recursos\/tipo\/es\/wp-json\/wp\/v2\/pages\/328"}],"collection":[{"href":"http:\/\/disseny-test.uoc.edu\/recursos\/tipo\/es\/wp-json\/wp\/v2\/pages"}],"about":[{"href":"http:\/\/disseny-test.uoc.edu\/recursos\/tipo\/es\/wp-json\/wp\/v2\/types\/page"}],"author":[{"embeddable":true,"href":"http:\/\/disseny-test.uoc.edu\/recursos\/tipo\/es\/wp-json\/wp\/v2\/users\/1"}],"replies":[{"embeddable":true,"href":"http:\/\/disseny-test.uoc.edu\/recursos\/tipo\/es\/wp-json\/wp\/v2\/comments?post=328"}],"version-history":[{"count":12,"href":"http:\/\/disseny-test.uoc.edu\/recursos\/tipo\/es\/wp-json\/wp\/v2\/pages\/328\/revisions"}],"predecessor-version":[{"id":896,"href":"http:\/\/disseny-test.uoc.edu\/recursos\/tipo\/es\/wp-json\/wp\/v2\/pages\/328\/revisions\/896"}],"wp:attachment":[{"href":"http:\/\/disseny-test.uoc.edu\/recursos\/tipo\/es\/wp-json\/wp\/v2\/media?parent=328"}],"curies":[{"name":"wp","href":"https:\/\/api.w.org\/{rel}","templated":true}]}}