{"id":331,"date":"2017-02-09T13:20:05","date_gmt":"2017-02-09T13:20:05","guid":{"rendered":"http:\/\/disseny-test.uoc.edu\/recursos\/tipo\/?page_id=331"},"modified":"2019-03-04T13:31:14","modified_gmt":"2019-03-04T13:31:14","slug":"1-lletres-19","status":"publish","type":"page","link":"http:\/\/disseny-test.uoc.edu\/recursos\/tipo\/es\/1-lletres-19\/","title":{"rendered":"1. Letras"},"content":{"rendered":"<p><\/p>\n<h3><strong>1.10. Adquisici\u00f3n y gesti\u00f3n de tipograf\u00edas de escritorio<\/strong><\/h3>\n<p>Las tipograf\u00edas digitales que hemos visto hasta ahora (PS1, TrueType y OpenType) son las que denominamos <strong><em>desktop<\/em><\/strong> o de escritorio. Estas fuentes son las que vienen incluidas en el sistema operativo y tambi\u00e9n las que instalamos posteriormente en el disco duro del ordenador. Es frecuente que un usuario medio disponga inicialmente de las fuentes que vengan preinstaladas en el sistema operativo y que, adem\u00e1s, tenga disponibles las tipograf\u00edas que se licencian en los programas como la Suite de Adobe u Office de Microsoft. Estas letras suelen utilizarse en trabajos de autoedici\u00f3n cl\u00e1sica: logotipos, libros, revistas, folletos, carteles, se\u00f1ales, etiquetas, etc.<\/p>\n<p>Existen empresas dedicadas a la creaci\u00f3n y venta de fuentes digitales, que denominamos <strong>fundiciones<\/strong>. Algunas de las compa\u00f1\u00edas m\u00e1s reconocidas del sector son <a href=\"http:\/\/linotype.com\" target=\"_blank\" rel=\"noopener noreferrer\">Linotype<\/a>, <a href=\"https:\/\/www.fontfont.com\/\" target=\"_blank\" rel=\"noopener noreferrer\">FontFont<\/a>, <a href=\"http:\/\/www.adobe.com\/products\/type.html\" target=\"_blank\" rel=\"noopener noreferrer\">Adobe<\/a> y <a href=\"http:\/\/www.typography.com\/\" target=\"_blank\" rel=\"noopener noreferrer\">Hoefler&amp;Co<\/a>. Tambi\u00e9n encontramos distribuidoras con un perfil m\u00e1s cercano al de mayorista, como es el caso de <a href=\"https:\/\/vllg.com\/\">Village<\/a> o <a href=\"https:\/\/www.fontshop.com\/\">Fontshop<\/a>. Entre los distribuidores hay que destacar <a href=\"http:\/\/www.myfonts.com\/\" target=\"_blank\" rel=\"noopener noreferrer\">MyFonts<\/a>, que adem\u00e1s de tener a la venta una enorme cantidad de fuentes disponibles de fundiciones de todo tipo, est\u00e1 estructurada como una base de datos muy completa con informaci\u00f3n detallada de cada tipograf\u00eda, con nombres de los autores, ejemplos de uso, etiquetas, espacio para componer textos de prueba, etc.<\/p>\n<p>Tanto en MacOS como en Windows tenemos formas sencillas de instalar fuentes sin software adicional. En el caso de Mac existe la aplicaci\u00f3n Cat\u00e1logo Tipogr\u00e1fico, y en Windows la instalaci\u00f3n se lleva a cabo mediante la opci\u00f3n <em>Panel de control \/ Apariencia y personalizaci\u00f3n<\/em>. Sin embargo, a\u00f1adir fuentes directamente en la carpeta original del sistema operativo provocar\u00e1 una sobrecarga en el ordenador y su rendimiento se ver\u00e1 resentido. Si trabajaremos con muchas fuentes, que ser\u00e1 el caso m\u00e1s habitual entre dise\u00f1adores, es aconsejable usar alguna aplicaci\u00f3n espec\u00edfica de gesti\u00f3n tipogr\u00e1fica como <a href=\"http:\/\/www.extensis.com\/font-management\/suitcase-fusion\/\" target=\"_blank\" rel=\"noopener noreferrer\">Suitcase Fusion<\/a>, <a href=\"https:\/\/www.fontexplorerx.com\" target=\"_blank\" rel=\"noopener noreferrer\">Fontexplorer<\/a> o <a href=\"https:\/\/www.insidersoftware.com\/font-managers\/fontagent-mac\/\" target=\"_blank\" rel=\"noopener noreferrer\">FontAgent<\/a>. El uso de un gestor de fuentes nos permitir\u00e1 liberar memoria del sistema activando y desactivando las fuentes en funci\u00f3n del trabajo que hagamos y tambi\u00e9n nos ayudar\u00e1 a tener una tipoteca ordenada y limpia.<\/p>\n<p>Algunas de las tipograf\u00edas comunes que est\u00e1n presentes de f\u00e1brica en los sistemas operativos m\u00e1s utilizados, Macintosh y Windows, son Times New Roman, Arial, Courier, Verdana, Trebuchet, Comic Sans, Impact, Georgia, Tahoma, Palatino, Lucida, etc.<\/p>\n<p>&nbsp;<\/p>\n<h4><strong>Conclusiones<\/strong><\/h4>\n<p>Las tipograf\u00edas de escritorio son las que vienen incluidas en el sistema operativo y tambi\u00e9n las que instalamos posteriormente en el disco duro del ordenador.<\/p>\n<p>Existen empresas dedicadas a la creaci\u00f3n y venta de fuentes digitales, que denominamos fundiciones.<\/p>\n<p>El uso de un gestor de fuentes nos permitir\u00e1 liberar memoria del sistema activando y desactivando las fuentes en funci\u00f3n del trabajo que hagamos y tambi\u00e9n nos ayudar\u00e1 a tener una tipoteca ordenada y limpia.<\/p>\n<p>&nbsp;<\/p>","protected":false},"excerpt":{"rendered":"<p>1.10. Adquisici\u00f3n y gesti\u00f3n de tipograf\u00edas de escritorio Las tipograf\u00edas digitales que hemos visto hasta ahora (PS1, TrueType y OpenType) son las que denominamos desktop o de escritorio. Estas fuentes son las que vienen incluidas en el sistema operativo y tambi\u00e9n las que instalamos posteriormente en el disco duro del ordenador. Es frecuente que un [&hellip;]<\/p>\n","protected":false},"author":1,"featured_media":0,"parent":0,"menu_order":0,"comment_status":"closed","ping_status":"closed","template":"","meta":[],"acf":[],"_links":{"self":[{"href":"http:\/\/disseny-test.uoc.edu\/recursos\/tipo\/es\/wp-json\/wp\/v2\/pages\/331"}],"collection":[{"href":"http:\/\/disseny-test.uoc.edu\/recursos\/tipo\/es\/wp-json\/wp\/v2\/pages"}],"about":[{"href":"http:\/\/disseny-test.uoc.edu\/recursos\/tipo\/es\/wp-json\/wp\/v2\/types\/page"}],"author":[{"embeddable":true,"href":"http:\/\/disseny-test.uoc.edu\/recursos\/tipo\/es\/wp-json\/wp\/v2\/users\/1"}],"replies":[{"embeddable":true,"href":"http:\/\/disseny-test.uoc.edu\/recursos\/tipo\/es\/wp-json\/wp\/v2\/comments?post=331"}],"version-history":[{"count":8,"href":"http:\/\/disseny-test.uoc.edu\/recursos\/tipo\/es\/wp-json\/wp\/v2\/pages\/331\/revisions"}],"predecessor-version":[{"id":728,"href":"http:\/\/disseny-test.uoc.edu\/recursos\/tipo\/es\/wp-json\/wp\/v2\/pages\/331\/revisions\/728"}],"wp:attachment":[{"href":"http:\/\/disseny-test.uoc.edu\/recursos\/tipo\/es\/wp-json\/wp\/v2\/media?parent=331"}],"curies":[{"name":"wp","href":"https:\/\/api.w.org\/{rel}","templated":true}]}}