{"id":112,"date":"2017-01-25T15:56:23","date_gmt":"2017-01-25T15:56:23","guid":{"rendered":"http:\/\/disseny-test.uoc.edu\/recursos\/tipo\/?page_id=112"},"modified":"2021-07-19T11:29:12","modified_gmt":"2021-07-19T11:29:12","slug":"1-lletres-10","status":"publish","type":"page","link":"http:\/\/disseny-test.uoc.edu\/recursos\/tipo\/1-lletres-10\/","title":{"rendered":"1. Lletres"},"content":{"rendered":"<p><\/p>\n<h3><strong>1.6. Anatomia del tipus<\/strong><\/h3>\n<h4><strong>1.6.5. Components de la font: lletres, nombres i car\u00e0cters especials<\/strong><\/h4>\n<p>Una font cont\u00e9 grups distints de car\u00e0cters, com lletres (car\u00e0cters de so), nombres (car\u00e0cters de quantitat) i una quantitat variable de car\u00e0cters que s\u2019utilitzen per a controlar el text imposant estructura, ordre i valor a l\u2019escriptura (punts, par\u00e8ntesis, cometes, interrogants, guionets, etc.).<\/p>\n<p>Els tres conjunts principals de car\u00e0cters d\u2019una font s\u00f3n la <strong>caixa baixa<\/strong> (min\u00fascules), la <strong>caixa alta<\/strong> (maj\u00fascules) i les <strong>versaletes<\/strong>. L\u2019origen de la denominaci\u00f3 <em>caixa baixa <\/em>i <em>caixa alta <\/em>el trobem en la manera com es distribu\u00efen els tipus m\u00f2bils en els caixetins dels tallers d\u2019impressi\u00f3 destinats a emmagatzemar l\u2019abundant material tipogr\u00e0fic que era necessari per a compondre un text.<\/p>\n<div id=\"attachment_675\" style=\"width: 782px\" class=\"wp-caption alignnone\"><img aria-describedby=\"caption-attachment-675\" loading=\"lazy\" class=\"img-responsive wp-image-675 size-full\" src=\"http:\/\/disseny-test.uoc.edu\/recursos\/tipo\/wp-content\/uploads\/sites\/18\/2017\/01\/1.6.5.componentes-mayusculas.jpg\" alt=\"Figura 21. La caixa alta o maj\u00fascula inclou vocals, consonants, vocals accentuades, la ce trencada (\u00c7), la n amb titlla (\u00d1) i les lligadures entre les vocals A\/I i O\/I.\" width=\"772\" height=\"315\" srcset=\"http:\/\/disseny-test.uoc.edu\/recursos\/tipo\/wp-content\/uploads\/sites\/18\/2017\/01\/1.6.5.componentes-mayusculas.jpg 772w, http:\/\/disseny-test.uoc.edu\/recursos\/tipo\/wp-content\/uploads\/sites\/18\/2017\/01\/1.6.5.componentes-mayusculas-300x122.jpg 300w, http:\/\/disseny-test.uoc.edu\/recursos\/tipo\/wp-content\/uploads\/sites\/18\/2017\/01\/1.6.5.componentes-mayusculas-768x313.jpg 768w\" sizes=\"(max-width: 772px) 100vw, 772px\" \/><p id=\"caption-attachment-675\" class=\"wp-caption-text\">Figura 26. La caixa alta o maj\u00fascula inclou vocals, consonants, vocals accentuades, la ce trencada (\u00c7), la n amb titlla (\u00d1) i les lligadures entre les vocals A\/I i O\/I<\/p><\/div>\n<div id=\"attachment_676\" style=\"width: 682px\" class=\"wp-caption alignnone\"><img aria-describedby=\"caption-attachment-676\" loading=\"lazy\" class=\"img-responsive wp-image-676 size-full\" src=\"http:\/\/disseny-test.uoc.edu\/recursos\/tipo\/wp-content\/uploads\/sites\/18\/2017\/01\/1.6.5.componentes-minusculas.jpg\" alt=\"Figura 22. La caixa baixa o min\u00fascula inclou els mateixos car\u00e0cters que les caixes altes, m\u00e9s les lligadures dobles f\/i, f\/l, f\/f, les lligadures triples f\/f\/i i f\/f\/l i l\u2019&lt;em&gt;esset&lt;\/em&gt; (la doble s alemanya).\" width=\"672\" height=\"357\" srcset=\"http:\/\/disseny-test.uoc.edu\/recursos\/tipo\/wp-content\/uploads\/sites\/18\/2017\/01\/1.6.5.componentes-minusculas.jpg 672w, http:\/\/disseny-test.uoc.edu\/recursos\/tipo\/wp-content\/uploads\/sites\/18\/2017\/01\/1.6.5.componentes-minusculas-300x159.jpg 300w\" sizes=\"(max-width: 672px) 100vw, 672px\" \/><p id=\"caption-attachment-676\" class=\"wp-caption-text\">Figura 27. La caixa baixa o min\u00fascula inclou els mateixos car\u00e0cters que les caixes altes, m\u00e9s les lligadures dobles f\/i, f\/l, f\/f, les lligadures triples f\/f\/i i f\/f\/l i l\u2019<em>esset<\/em> (la doble s alemanya)<\/p><\/div>\n<div id=\"attachment_677\" style=\"width: 716px\" class=\"wp-caption alignnone\"><img aria-describedby=\"caption-attachment-677\" loading=\"lazy\" class=\"img-responsive wp-image-677 size-full\" src=\"http:\/\/disseny-test.uoc.edu\/recursos\/tipo\/wp-content\/uploads\/sites\/18\/2017\/01\/1.6.5.componentes-versalitas.jpg\" alt=\"Figura 23. Les versaletes s\u00f3n lletres de caixa alta, per\u00f2 redu\u00efdes a l\u2019altura de \u00abx\u00bb. Es troben sobretot en les fonts amb serif. T\u00e8cnicament, se solen anomenar &lt;em&gt;car\u00e0cters experts&lt;\/em&gt;.\" width=\"706\" height=\"337\" srcset=\"http:\/\/disseny-test.uoc.edu\/recursos\/tipo\/wp-content\/uploads\/sites\/18\/2017\/01\/1.6.5.componentes-versalitas.jpg 706w, http:\/\/disseny-test.uoc.edu\/recursos\/tipo\/wp-content\/uploads\/sites\/18\/2017\/01\/1.6.5.componentes-versalitas-300x143.jpg 300w\" sizes=\"(max-width: 706px) 100vw, 706px\" \/><p id=\"caption-attachment-677\" class=\"wp-caption-text\">Figura 28. Les versaletes s\u00f3n lletres de caixa alta, per\u00f2 redu\u00efdes a l\u2019altura de \u00abx\u00bb. Es troben sobretot en les fonts amb serif. T\u00e8cnicament, se solen anomenar <em>car\u00e0cters experts<\/em><\/p><\/div>\n<p>Ja hem vist que les lletres de caixa alta deriven de les capitals romanes i que les de caixa baixa s\u00f3n origin\u00e0ries de la cal\u00b7ligrafia medieval. A aquests dos conjunts ben coneguts per tothom hem de sumar les versaletes (<em>small caps<\/em> en angl\u00e8s), que s\u00f3n una versi\u00f3 especial i m\u00e9s petita dels car\u00e0cters maj\u00fasculs, que tenen l\u2019al\u00e7\u00e0ria x del tipus. Per\u00f2 no es tracta de maj\u00fascules redu\u00efdes a escala, sin\u00f3 que s\u00f3n resultat d\u2019un redisseny integral del car\u00e0cter. Sovint es comet l\u2019error en tipografia digital de reduir el cos de les maj\u00fascules quan volem fer servir versaletes i la font no en t\u00e9, per\u00f2 aix\u00f2 ens d\u00f3na com a resultat un color tipogr\u00e0fic desigual.<\/p>\n<div id=\"attachment_28\" style=\"width: 460px\" class=\"wp-caption alignnone\"><img aria-describedby=\"caption-attachment-28\" loading=\"lazy\" class=\"img-responsive wp-image-28 size-full\" src=\"http:\/\/disseny-test.uoc.edu\/recursos\/tipo\/wp-content\/uploads\/sites\/18\/2017\/01\/1.6.5.versaletes1.png\" alt=\"Figura 24. Comparaci\u00f3 entre caixa alta (1), caixa baixa (2), versaleta real (3) i versaleta falsa o maj\u00fascula redu\u00efda (4). Tipografia: Mrs Eaves de Zuzana Licko (1996)\" width=\"450\" height=\"173\" srcset=\"http:\/\/disseny-test.uoc.edu\/recursos\/tipo\/wp-content\/uploads\/sites\/18\/2017\/01\/1.6.5.versaletes1.png 450w, http:\/\/disseny-test.uoc.edu\/recursos\/tipo\/wp-content\/uploads\/sites\/18\/2017\/01\/1.6.5.versaletes1-300x115.png 300w\" sizes=\"(max-width: 450px) 100vw, 450px\" \/><p id=\"caption-attachment-28\" class=\"wp-caption-text\">Figura 29. Comparaci\u00f3 entre caixa alta (1), caixa baixa (2), versaleta real (3) i versaleta falsa o maj\u00fascula redu\u00efda (4). Tipografia: Mrs Eaves de Zuzana Licko (1996)<\/p><\/div>\n<p>Les versaletes es fan servir habitualment quan en un text hem d\u2019aplicar maj\u00fascules per\u00f2 no volem que destaquin en exc\u00e9s, com quan fem refer\u00e8ncia a un segle dins d\u2019un text corregut.<\/p>\n<div id=\"attachment_29\" style=\"width: 760px\" class=\"wp-caption alignnone\"><img aria-describedby=\"caption-attachment-29\" loading=\"lazy\" class=\"img-responsive wp-image-29 size-full\" src=\"http:\/\/disseny-test.uoc.edu\/recursos\/tipo\/wp-content\/uploads\/sites\/18\/2017\/01\/1.6.5.versaletes2.png\" alt=\"Figura 25. Versaletes\" width=\"750\" height=\"163\" srcset=\"http:\/\/disseny-test.uoc.edu\/recursos\/tipo\/wp-content\/uploads\/sites\/18\/2017\/01\/1.6.5.versaletes2.png 750w, http:\/\/disseny-test.uoc.edu\/recursos\/tipo\/wp-content\/uploads\/sites\/18\/2017\/01\/1.6.5.versaletes2-300x65.png 300w\" sizes=\"(max-width: 750px) 100vw, 750px\" \/><p id=\"caption-attachment-29\" class=\"wp-caption-text\">Figura 30. Versaletes<\/p><\/div>\n<p>En una font tamb\u00e9 solem trobar nombres ar\u00e0bics de caixa alta o xifres capitals, nombres ar\u00e0bics de caixa baixa o xifres <em>old style<\/em> i car\u00e0cters de puntuaci\u00f3 i destinats a altres usos.<\/p>\n<p>Els nombres de caixa alta estan alineats a la base i tots s\u00f3n de la mateixa al\u00e7\u00e0ria, mentre que els nombres de caixa baixa estan dissenyats i compostos amb ascendents i descendents, com les lletres de caixa baixa de la font.<\/p>\n<div id=\"attachment_27\" style=\"width: 760px\" class=\"wp-caption alignnone\"><img aria-describedby=\"caption-attachment-27\" loading=\"lazy\" class=\"img-responsive wp-image-27 size-full\" src=\"http:\/\/disseny-test.uoc.edu\/recursos\/tipo\/wp-content\/uploads\/sites\/18\/2017\/01\/1.6.5.numeros.png\" alt=\"Figura 26. Comparaci\u00f3 entre nombres capitals (esquerra) i old style (dreta) en Adobe Garamond Pro\" width=\"750\" height=\"106\" srcset=\"http:\/\/disseny-test.uoc.edu\/recursos\/tipo\/wp-content\/uploads\/sites\/18\/2017\/01\/1.6.5.numeros.png 750w, http:\/\/disseny-test.uoc.edu\/recursos\/tipo\/wp-content\/uploads\/sites\/18\/2017\/01\/1.6.5.numeros-300x42.png 300w\" sizes=\"(max-width: 750px) 100vw, 750px\" \/><p id=\"caption-attachment-27\" class=\"wp-caption-text\">Figura 31. Comparaci\u00f3 entre nombres capitals (esquerra) i <em>old style<\/em> (dreta) en Adobe Garamond Pro<\/p><\/div>\n<p>&nbsp;<\/p>\n<h4><strong>Conclusions<\/strong><\/h4>\n<p>Una font cont\u00e9 grups distints de car\u00e0cters, com lletres (car\u00e0cters de so), nombres (car\u00e0cters de quantitat) i una quantitat variable de car\u00e0cters que s\u2019utilitzen per a controlar el text imposant estructura, ordre i valor a l\u2019escriptura (punts, par\u00e8ntesis, cometes, interrogants, guionets, etc.).<\/p>","protected":false},"excerpt":{"rendered":"<p>1.6. Anatomia del tipus 1.6.5. Components de la font: lletres, nombres i car\u00e0cters especials Una font cont\u00e9 grups distints de car\u00e0cters, com lletres (car\u00e0cters de so), nombres (car\u00e0cters de quantitat) i una quantitat variable de car\u00e0cters que s\u2019utilitzen per a controlar el text imposant estructura, ordre i valor a l\u2019escriptura (punts, par\u00e8ntesis, cometes, interrogants, guionets, [&hellip;]<\/p>\n","protected":false},"author":1,"featured_media":0,"parent":0,"menu_order":0,"comment_status":"closed","ping_status":"closed","template":"","meta":[],"acf":[],"_links":{"self":[{"href":"http:\/\/disseny-test.uoc.edu\/recursos\/tipo\/wp-json\/wp\/v2\/pages\/112"}],"collection":[{"href":"http:\/\/disseny-test.uoc.edu\/recursos\/tipo\/wp-json\/wp\/v2\/pages"}],"about":[{"href":"http:\/\/disseny-test.uoc.edu\/recursos\/tipo\/wp-json\/wp\/v2\/types\/page"}],"author":[{"embeddable":true,"href":"http:\/\/disseny-test.uoc.edu\/recursos\/tipo\/wp-json\/wp\/v2\/users\/1"}],"replies":[{"embeddable":true,"href":"http:\/\/disseny-test.uoc.edu\/recursos\/tipo\/wp-json\/wp\/v2\/comments?post=112"}],"version-history":[{"count":19,"href":"http:\/\/disseny-test.uoc.edu\/recursos\/tipo\/wp-json\/wp\/v2\/pages\/112\/revisions"}],"predecessor-version":[{"id":888,"href":"http:\/\/disseny-test.uoc.edu\/recursos\/tipo\/wp-json\/wp\/v2\/pages\/112\/revisions\/888"}],"wp:attachment":[{"href":"http:\/\/disseny-test.uoc.edu\/recursos\/tipo\/wp-json\/wp\/v2\/media?parent=112"}],"curies":[{"name":"wp","href":"https:\/\/api.w.org\/{rel}","templated":true}]}}