{"id":115,"date":"2017-01-25T15:58:53","date_gmt":"2017-01-25T15:58:53","guid":{"rendered":"http:\/\/disseny-test.uoc.edu\/recursos\/tipo\/?page_id=115"},"modified":"2019-03-04T13:22:46","modified_gmt":"2019-03-04T13:22:46","slug":"1-lletres-11","status":"publish","type":"page","link":"http:\/\/disseny-test.uoc.edu\/recursos\/tipo\/1-lletres-11\/","title":{"rendered":"1. Lletres"},"content":{"rendered":"<p><\/p>\n<h3><strong>1.6. Anatomia del tipus<\/strong><\/h3>\n<h4><strong>1.6.6. Variacions i estils<\/strong><\/h4>\n<p>Ja hem vist que una fam\u00edlia tipogr\u00e0fica pot incloure diferents s\u00e8ries, pesos o estils atenent l\u2019ampl\u00e0ria del car\u00e0cter (comprimida, regular i ampla), el gruix dels seus tra\u00e7os (extraprima, prima, normal, seminegra, negra, etc.) i la seva inclinaci\u00f3 (rodona o cursiva). Tots aquests atributs es poden presentar en m\u00faltiples combinacions i gradacions.<\/p>\n<div id=\"attachment_30\" style=\"width: 760px\" class=\"wp-caption alignnone\"><img aria-describedby=\"caption-attachment-30\" loading=\"lazy\" class=\"img-responsive wp-image-30 size-full\" src=\"http:\/\/disseny-test.uoc.edu\/recursos\/tipo\/wp-content\/uploads\/sites\/18\/2017\/01\/1.6.6.helvetica-familia.png\" alt=\"Figura 27. Fam\u00edlia Helvetica Neue (linotip)\" width=\"750\" height=\"420\" srcset=\"http:\/\/disseny-test.uoc.edu\/recursos\/tipo\/wp-content\/uploads\/sites\/18\/2017\/01\/1.6.6.helvetica-familia.png 750w, http:\/\/disseny-test.uoc.edu\/recursos\/tipo\/wp-content\/uploads\/sites\/18\/2017\/01\/1.6.6.helvetica-familia-300x168.png 300w\" sizes=\"(max-width: 750px) 100vw, 750px\" \/><p id=\"caption-attachment-30\" class=\"wp-caption-text\">Figura 27. Fam\u00edlia Helvetica Neue<\/p><\/div>\n<p>A m\u00e9s d\u2019aquestes variacions, hi pot haver diversos dissenys d\u2019una mateixa lletra que es fan amb l\u2019objectiu d\u2019assignar-los una tonalitat espec\u00edfica en funci\u00f3 de si es faran servir en text corregut o en titulars. Parlem de les versions <em>text<\/em> i <em>display<\/em>, respectivament. Per regla general, una lletra pensada per a cossos petits probablement no funcionar\u00e0 b\u00e9 del tot en cossos grans, i al contrari.<\/p>\n<div id=\"attachment_31\" style=\"width: 460px\" class=\"wp-caption alignnone\"><img aria-describedby=\"caption-attachment-31\" loading=\"lazy\" class=\"img-responsive wp-image-31 size-full\" src=\"http:\/\/disseny-test.uoc.edu\/recursos\/tipo\/wp-content\/uploads\/sites\/18\/2017\/01\/1.6.6.text-display.png\" alt=\"Figura 28\" width=\"450\" height=\"141\" srcset=\"http:\/\/disseny-test.uoc.edu\/recursos\/tipo\/wp-content\/uploads\/sites\/18\/2017\/01\/1.6.6.text-display.png 450w, http:\/\/disseny-test.uoc.edu\/recursos\/tipo\/wp-content\/uploads\/sites\/18\/2017\/01\/1.6.6.text-display-300x94.png 300w\" sizes=\"(max-width: 450px) 100vw, 450px\" \/><p id=\"caption-attachment-31\" class=\"wp-caption-text\">Figura 28<\/p><\/div>\n<p>\u00c9s convenient treballar amb fam\u00edlies que tinguin, com a m\u00ednim, les quatre s\u00e8ries b\u00e0siques: <strong>rodona, cursiva, negreta i cursiva negreta<\/strong>. Amb aquests quatre estils fonamentals podrem resoldre la gran majoria de projectes que se\u2019ns presentin. Si la tipografia que triem no els inclouen, tindrem problemes a l\u2019hora de destacar alguna part del text o jerarquitzar-ne el contingut.<\/p>\n<p>&nbsp;<\/p>\n<h4><strong>Conclusions<\/strong><\/h4>\n<p>La fam\u00edlia tipogr\u00e0fica pot incloure diferents s\u00e8ries, pesos o estils atenent l\u2019ampl\u00e0ria del car\u00e0cter, el gruix dels seus tra\u00e7os i la seva inclinaci\u00f3. Tots aquests atributs es poden presentar en m\u00faltiples combinacions i gradacions.<\/p>\n<p>A m\u00e9s d\u2019aquestes variacions, hi pot haver diversos dissenys d\u2019una mateixa lletra que es fan amb l\u2019objectiu d\u2019assignar-los una tonalitat espec\u00edfica en funci\u00f3 de si es faran servir en text corregut o en titulars. Parlem de les versions <em>text<\/em> i <em>display<\/em>, respectivament.<\/p>\n<p>\u00c9s convenient treballar amb fam\u00edlies que tinguin, com a m\u00ednim, les quatre s\u00e8ries b\u00e0siques: rodona, cursiva, negreta i cursiva negreta. Amb aquests quatre estils fonamentals podrem resoldre la gran majoria de projectes que se&#8217;ns presentin. Si la tipografia que escollim no els inclouen, tindrem problemes a l&#8217;hora de destacar alguna part del text o jerarquitzar el contingut.<\/p>","protected":false},"excerpt":{"rendered":"<p>1.6. Anatomia del tipus 1.6.6. Variacions i estils Ja hem vist que una fam\u00edlia tipogr\u00e0fica pot incloure diferents s\u00e8ries, pesos o estils atenent l\u2019ampl\u00e0ria del car\u00e0cter (comprimida, regular i ampla), el gruix dels seus tra\u00e7os (extraprima, prima, normal, seminegra, negra, etc.) i la seva inclinaci\u00f3 (rodona o cursiva). Tots aquests atributs es poden presentar en [&hellip;]<\/p>\n","protected":false},"author":1,"featured_media":0,"parent":0,"menu_order":0,"comment_status":"closed","ping_status":"closed","template":"","meta":[],"acf":[],"_links":{"self":[{"href":"http:\/\/disseny-test.uoc.edu\/recursos\/tipo\/wp-json\/wp\/v2\/pages\/115"}],"collection":[{"href":"http:\/\/disseny-test.uoc.edu\/recursos\/tipo\/wp-json\/wp\/v2\/pages"}],"about":[{"href":"http:\/\/disseny-test.uoc.edu\/recursos\/tipo\/wp-json\/wp\/v2\/types\/page"}],"author":[{"embeddable":true,"href":"http:\/\/disseny-test.uoc.edu\/recursos\/tipo\/wp-json\/wp\/v2\/users\/1"}],"replies":[{"embeddable":true,"href":"http:\/\/disseny-test.uoc.edu\/recursos\/tipo\/wp-json\/wp\/v2\/comments?post=115"}],"version-history":[{"count":15,"href":"http:\/\/disseny-test.uoc.edu\/recursos\/tipo\/wp-json\/wp\/v2\/pages\/115\/revisions"}],"predecessor-version":[{"id":720,"href":"http:\/\/disseny-test.uoc.edu\/recursos\/tipo\/wp-json\/wp\/v2\/pages\/115\/revisions\/720"}],"wp:attachment":[{"href":"http:\/\/disseny-test.uoc.edu\/recursos\/tipo\/wp-json\/wp\/v2\/media?parent=115"}],"curies":[{"name":"wp","href":"https:\/\/api.w.org\/{rel}","templated":true}]}}