{"id":134,"date":"2017-01-26T09:04:19","date_gmt":"2017-01-26T09:04:19","guid":{"rendered":"http:\/\/disseny-test.uoc.edu\/recursos\/tipo\/?page_id=134"},"modified":"2021-10-28T11:13:13","modified_gmt":"2021-10-28T11:13:13","slug":"1-lletres-17","status":"publish","type":"page","link":"http:\/\/disseny-test.uoc.edu\/recursos\/tipo\/1-lletres-17\/","title":{"rendered":"1. Lletres"},"content":{"rendered":"<p><\/p>\n<h3><strong>1.8. Mesures tipogr\u00e0fiques<\/strong><\/h3>\n<p>La tipografia fa servir els seus propis sistemes de mesura i les seves pr\u00f2pies unitats. En composici\u00f3 amb tipus met\u00e0l\u00b7lics, el cos feia refer\u00e8ncia a la cara completa que contenia el car\u00e0cter i era el valor que determinava en \u00faltima inst\u00e0ncia la grand\u00e0ria de la lletra. El punt tipogr\u00e0fic (pt) \u00e9s la unitat m\u00e9s petita i tamb\u00e9 la m\u00e9s utilitzada avui dia per a concretar la grand\u00e0ria, l\u2019espaiat i la interl\u00ednia dels textos. Els fabricants moderns de tipus de lletres, que ja s\u00f3n totes digitals, encara conserven aquest sistema de dimensions tradicional, l\u2019est\u00e0ndard actualment. Aix\u00ed doncs, quan diem que un text est\u00e0 a 8 punts, en realitat ens referim a l\u2019al\u00e7\u00e0ria d\u2019una de les cares del bloc de metall on figuraria el car\u00e0cter si s\u2019hagu\u00e9s fabricat amb l\u2019antic sistema de tipus m\u00f2bils d\u2019impremta.<\/p>\n<div id=\"attachment_45\" style=\"width: 460px\" class=\"wp-caption alignnone\"><img aria-describedby=\"caption-attachment-45\" loading=\"lazy\" class=\"img-responsive wp-image-45 size-full\" src=\"http:\/\/disseny-test.uoc.edu\/recursos\/tipo\/wp-content\/uploads\/sites\/18\/2017\/01\/1.8.cos_.png\" alt=\"Figura 42. L\u2019al\u00e7\u00e0ria de la cara del tipus on figura la lletra s\u2019anomena cos\" width=\"450\" height=\"552\" srcset=\"http:\/\/disseny-test.uoc.edu\/recursos\/tipo\/wp-content\/uploads\/sites\/18\/2017\/01\/1.8.cos_.png 450w, http:\/\/disseny-test.uoc.edu\/recursos\/tipo\/wp-content\/uploads\/sites\/18\/2017\/01\/1.8.cos_-245x300.png 245w\" sizes=\"(max-width: 450px) 100vw, 450px\" \/><p id=\"caption-attachment-45\" class=\"wp-caption-text\">Figura 45. L\u2019al\u00e7\u00e0ria de la cara del tipus on figura la lletra s\u2019anomena cos<\/p><\/div>\n<p>El punt DTP (<em>desktop publishing<\/em>) o punt PostScript correspon a 1\/72 de polzada, i ja que una polzada equival a 25,4 mm, el punt DTP representa 0,352 mm. Una altra mesura important, utilitzada pels impressors, \u00e9s la pica (tamb\u00e9 anomenada c\u00edcero en alguns pa\u00efsos europeus), que equival a 12 punts. No obstant aix\u00f2, en sistemes electr\u00f2nics de composici\u00f3 tipogr\u00e0fica \u00e9s recomanable fer servir el sistema m\u00e8tric decimal per a les dimensions dels objectes i la grand\u00e0ria de la p\u00e0gina i reservar els punts per al tractament del text.<\/p>\n<p>A grans trets, podem distingir tres grups de grand\u00e0ries de tipus amb diferents finalitats d\u2019\u00fas:<\/p>\n<ul>\n<li>Grand\u00e0ries de refer\u00e8ncia, entre 5 i 8 punts aproximadament: es fan servir en notes al marge i notes al peu, guies telef\u00f2niques, diccionaris, etc.<\/li>\n<li>Grand\u00e0ries de text, entre 8 i 12 punts aproximadament: s\u2019usen habitualment per a text corregut, com en el cas dels llibres.<\/li>\n<li>Grand\u00e0ries de visualitzaci\u00f3 o <em>display<\/em>, a partir de 14 punts: s\u2019empren en elements que han de ser llegits a dist\u00e0ncia, com titulars, r\u00e8tols, cartells, senyals, etc.<\/li>\n<\/ul>\n<p>&nbsp;<\/p>\n<h4><strong>Conclusions<\/strong><\/h4>\n<p>La tipografia fa servir els seus propis sistemes de mesura i les seves pr\u00f2pies unitats. En composici\u00f3 amb tipus met\u00e0l\u00b7lics, el cos feia refer\u00e8ncia a la cara completa que contenia el car\u00e0cter i era el valor que determinava en \u00faltima inst\u00e0ncia la grand\u00e0ria de la lletra. El punt tipogr\u00e0fic (pt) \u00e9s la unitat m\u00e9s petita i tamb\u00e9 la m\u00e9s utilitzada avui dia per a concretar la grand\u00e0ria, l\u2019espaiat i la interl\u00ednia dels textos.<\/p>","protected":false},"excerpt":{"rendered":"<p>1.8. Mesures tipogr\u00e0fiques La tipografia fa servir els seus propis sistemes de mesura i les seves pr\u00f2pies unitats. En composici\u00f3 amb tipus met\u00e0l\u00b7lics, el cos feia refer\u00e8ncia a la cara completa que contenia el car\u00e0cter i era el valor que determinava en \u00faltima inst\u00e0ncia la grand\u00e0ria de la lletra. El punt tipogr\u00e0fic (pt) \u00e9s la [&hellip;]<\/p>\n","protected":false},"author":1,"featured_media":0,"parent":0,"menu_order":0,"comment_status":"closed","ping_status":"closed","template":"","meta":[],"acf":[],"_links":{"self":[{"href":"http:\/\/disseny-test.uoc.edu\/recursos\/tipo\/wp-json\/wp\/v2\/pages\/134"}],"collection":[{"href":"http:\/\/disseny-test.uoc.edu\/recursos\/tipo\/wp-json\/wp\/v2\/pages"}],"about":[{"href":"http:\/\/disseny-test.uoc.edu\/recursos\/tipo\/wp-json\/wp\/v2\/types\/page"}],"author":[{"embeddable":true,"href":"http:\/\/disseny-test.uoc.edu\/recursos\/tipo\/wp-json\/wp\/v2\/users\/1"}],"replies":[{"embeddable":true,"href":"http:\/\/disseny-test.uoc.edu\/recursos\/tipo\/wp-json\/wp\/v2\/comments?post=134"}],"version-history":[{"count":13,"href":"http:\/\/disseny-test.uoc.edu\/recursos\/tipo\/wp-json\/wp\/v2\/pages\/134\/revisions"}],"predecessor-version":[{"id":981,"href":"http:\/\/disseny-test.uoc.edu\/recursos\/tipo\/wp-json\/wp\/v2\/pages\/134\/revisions\/981"}],"wp:attachment":[{"href":"http:\/\/disseny-test.uoc.edu\/recursos\/tipo\/wp-json\/wp\/v2\/media?parent=134"}],"curies":[{"name":"wp","href":"https:\/\/api.w.org\/{rel}","templated":true}]}}