{"id":139,"date":"2017-01-26T09:53:35","date_gmt":"2017-01-26T09:53:35","guid":{"rendered":"http:\/\/disseny-test.uoc.edu\/recursos\/tipo\/?page_id=139"},"modified":"2021-07-19T13:22:16","modified_gmt":"2021-07-19T13:22:16","slug":"2-paraules-1","status":"publish","type":"page","link":"http:\/\/disseny-test.uoc.edu\/recursos\/tipo\/2-paraules-1\/","title":{"rendered":"2. Paraules"},"content":{"rendered":"<p><\/p>\n<h3><strong>2.1. L\u2019espaiat del tipus i el quadrat\u00ed<\/strong><\/h3>\n<p>&nbsp;<\/p>\n<p>Fins al moment hem estudiat les mesures tipogr\u00e0fiques en l\u2019eix vertical (ascendents, al\u00e7\u00e0ria x i descendents), per\u00f2 tamb\u00e9 hem de tenir en compte les mides horitzontals, que determinaran l\u2019espai d\u2019ampl\u00e0ria i l\u2019espaiat del tipus.<\/p>\n<p>El <strong>quadrat\u00ed<\/strong> \u00e9s una unitat de mesura no absoluta que equival a un quadrat que t\u00e9 per cada costat tants punts com el cos al qual pertany. Aquesta unitat relativa de mesura \u00e9s una her\u00e8ncia tipogr\u00e0fica anterior a la digitalitzaci\u00f3 de les lletres. Als inicis de la tipografia la lletra <em>m<\/em> ocupava tota la pe\u00e7a de metall i formava un quadrat perfecte dins del tipus (<em>em<\/em> en angl\u00e8s), i la lletra <em>n<\/em> equivalia al mig quadrat\u00ed (<em>en<\/em>). \u00c9s a dir, quan componem en un tipus de 12 punts, el quadrat\u00ed \u00e9s un quadrat de 12 punts de costat i el mig quadrat\u00ed \u00e9s un rectangle de 6 x 12 punts.<\/p>\n<div id=\"attachment_46\" style=\"width: 760px\" class=\"wp-caption alignnone\"><img aria-describedby=\"caption-attachment-46\" loading=\"lazy\" class=\"img-responsive wp-image-46 size-full\" src=\"http:\/\/disseny-test.uoc.edu\/recursos\/tipo\/wp-content\/uploads\/sites\/18\/2017\/01\/2.1.quadratins.png\" alt=\"Figura 43. Proporcions del quadrat\u00ed, mig quadrat\u00ed, un ter\u00e7 de quadrat\u00ed, un quart de quadrat\u00ed i un vuit\u00e8 de quadrat\u00ed\" width=\"750\" height=\"201\" srcset=\"http:\/\/disseny-test.uoc.edu\/recursos\/tipo\/wp-content\/uploads\/sites\/18\/2017\/01\/2.1.quadratins.png 750w, http:\/\/disseny-test.uoc.edu\/recursos\/tipo\/wp-content\/uploads\/sites\/18\/2017\/01\/2.1.quadratins-300x80.png 300w\" sizes=\"(max-width: 750px) 100vw, 750px\" \/><p id=\"caption-attachment-46\" class=\"wp-caption-text\">Figura 46. Proporcions del quadrat\u00ed, mig quadrat\u00ed, un ter\u00e7 de quadrat\u00ed, un quart de quadrat\u00ed i un vuit\u00e8 de quadrat\u00ed<\/p><\/div>\n<p>El quadrat\u00ed s\u2019utilitza com a base per a establir la separaci\u00f3 entre paraules, que oscil\u00b7la generalment entre un ter\u00e7 i un quart de quadrat\u00ed, i tamb\u00e9 per a determinar la sagnia de par\u00e0graf. Per tant, l\u2019espaiat del tipus \u00e9s un factor que en \u00faltima inst\u00e0ncia dep\u00e8n de la seva grand\u00e0ria.<\/p>\n<p>&nbsp;<\/p>\n<h4><strong>Conclusions<\/strong><\/h4>\n<p>El <strong>quadrat\u00ed<\/strong> \u00e9s una unitat de mesura no absoluta que equival a un quadrat que t\u00e9 per cada costat tants punts com el cos al qual pertany. Per tant, l\u2019espaiat del tipus \u00e9s un factor que en \u00faltima inst\u00e0ncia dep\u00e8n de la seva grand\u00e0ria.<\/p>","protected":false},"excerpt":{"rendered":"<p>2.1. L\u2019espaiat del tipus i el quadrat\u00ed &nbsp; Fins al moment hem estudiat les mesures tipogr\u00e0fiques en l\u2019eix vertical (ascendents, al\u00e7\u00e0ria x i descendents), per\u00f2 tamb\u00e9 hem de tenir en compte les mides horitzontals, que determinaran l\u2019espai d\u2019ampl\u00e0ria i l\u2019espaiat del tipus. El quadrat\u00ed \u00e9s una unitat de mesura no absoluta que equival a un [&hellip;]<\/p>\n","protected":false},"author":1,"featured_media":0,"parent":0,"menu_order":0,"comment_status":"closed","ping_status":"closed","template":"","meta":[],"acf":[],"_links":{"self":[{"href":"http:\/\/disseny-test.uoc.edu\/recursos\/tipo\/wp-json\/wp\/v2\/pages\/139"}],"collection":[{"href":"http:\/\/disseny-test.uoc.edu\/recursos\/tipo\/wp-json\/wp\/v2\/pages"}],"about":[{"href":"http:\/\/disseny-test.uoc.edu\/recursos\/tipo\/wp-json\/wp\/v2\/types\/page"}],"author":[{"embeddable":true,"href":"http:\/\/disseny-test.uoc.edu\/recursos\/tipo\/wp-json\/wp\/v2\/users\/1"}],"replies":[{"embeddable":true,"href":"http:\/\/disseny-test.uoc.edu\/recursos\/tipo\/wp-json\/wp\/v2\/comments?post=139"}],"version-history":[{"count":11,"href":"http:\/\/disseny-test.uoc.edu\/recursos\/tipo\/wp-json\/wp\/v2\/pages\/139\/revisions"}],"predecessor-version":[{"id":897,"href":"http:\/\/disseny-test.uoc.edu\/recursos\/tipo\/wp-json\/wp\/v2\/pages\/139\/revisions\/897"}],"wp:attachment":[{"href":"http:\/\/disseny-test.uoc.edu\/recursos\/tipo\/wp-json\/wp\/v2\/media?parent=139"}],"curies":[{"name":"wp","href":"https:\/\/api.w.org\/{rel}","templated":true}]}}